{"id":9743,"date":"2016-08-29T10:16:44","date_gmt":"2016-08-29T08:16:44","guid":{"rendered":"https:\/\/www.annaps.com\/?post_type=product&#038;p=9743"},"modified":"2025-06-24T14:27:51","modified_gmt":"2025-06-24T12:27:51","slug":"bok-om-diabetes","status":"publish","type":"product","link":"https:\/\/annaps.com\/sv\/product\/bok-om-diabetes\/","title":{"rendered":"Bok om diabetes"},"content":{"rendered":"<p>Ge inte upp dina dr\u00f6mmar. \u00d6ppna ist\u00e4llet boken, l\u00e4r k\u00e4nna ett g\u00e4ng inspirerande personer, och st\u00e4ng den med ny motivation.<\/p>\n<p>\u201c<i>Vi vill, kan och v\u00e5gar &#8230;och vi har typ 1-diabetes<\/i>\u201d v\u00e4nder sig till dig som just har f\u00e5tt diagnosen, till dig som har levt med den en tid, till dig som \u00e4r anh\u00f6rig &#8211; eller till dig som bara vill l\u00e4ra dig mer.<\/p>\n<p><span style=\"font-weight: 400;\">Det h\u00e4r \u00e4r ingen vanlig faktabok. <\/span><span style=\"font-weight: 400;\">Den h\u00e4r boken skildrar verkligheten. Att leva med en kronisk sjukdom \u00e4r inte l\u00e4tt alla g\u00e5nger &#8211; men det \u00e4r inte ett om\u00f6jligt hinder. Du tar dig \u00f6ver precis som vem som helst, men det kan komma att ta lite l\u00e4ngre tid. H\u00e4r har vi samlat tjejer och killar, i blandade \u00e5ldrar, med olika intressen och ambitioner, fr\u00e5n alla v\u00e4rldens h\u00f6rn och kanter. Vad s\u00e4gs om en stj\u00e4rnkock fr\u00e5n New York, en elitsprinter fr\u00e5n Wales, en radiopersonlighet fr\u00e5n Stockholm eller en bloggare fr\u00e5n Australien? Alla har de en gemensam n\u00e4mnare: typ 1-diabetes.<\/span><\/p>\n<p><span style=\"font-weight: 400;\">Anna Sj\u00f6berg, diagnos \u00e5r 1998 och Sofia Larsson-Stern (Diabetesia), d<\/span><span style=\"font-weight: 400;\">iagnos \u00e5r 2008 har skrivit boken f\u00f6r att ingen ska k\u00e4nna sig hindrad av sin diabetes. Antal sidor: 112.<\/span><\/p>\n<p>Vi st\u00f6der diabetesforskningen, f\u00f6r varje s\u00e5ld bok g\u00e5r 10 kr till Diabetesfonden.<\/p>\n<p>ISBN: 978-91-639-2585-6<\/p>\n","protected":false},"excerpt":{"rendered":"<p>F\u00e5 inspiration att hantera T1D<\/p>\n<p>&nbsp;<\/p>\n","protected":false},"featured_media":10567,"comment_status":"open","ping_status":"closed","template":"","meta":{"_acf_changed":false},"product_brand":[],"product_cat":[46,309],"product_tag":[],"class_list":{"0":"post-9743","1":"product","2":"type-product","3":"status-publish","4":"has-post-thumbnail","6":"product_cat-accessoarer","7":"product_cat-outlet","9":"first","10":"instock","11":"sale","12":"taxable","13":"shipping-taxable","14":"purchasable","15":"product-type-simple"},"acf":[],"yoast_head":"<!-- This site is optimized with the Yoast SEO plugin v27.1.1 - https:\/\/yoast.com\/product\/yoast-seo-wordpress\/ -->\n<title>Bok om diabetes - AnnaPS<\/title>\n<meta name=\"description\" content=\"AnnaPS makes clothes with integrated pockets to carry your diabetes devices such as insulin pump, pen and glucose meter. Stylish, high quality, functional and environmental focus.\" \/>\n<meta name=\"robots\" content=\"index, follow, max-snippet:-1, max-image-preview:large, max-video-preview:-1\" \/>\n<link rel=\"canonical\" href=\"https:\/\/annaps.com\/sv\/product\/bok-om-diabetes\/\" \/>\n<meta property=\"og:locale\" content=\"sv_SE\" \/>\n<meta property=\"og:type\" content=\"article\" \/>\n<meta property=\"og:title\" content=\"Bok om diabetes - AnnaPS\" \/>\n<meta property=\"og:description\" content=\"AnnaPS makes clothes with integrated pockets to carry your diabetes devices such as insulin pump, pen and glucose meter. Stylish, high quality, functional and environmental focus.\" \/>\n<meta property=\"og:url\" content=\"https:\/\/annaps.com\/sv\/product\/bok-om-diabetes\/\" \/>\n<meta property=\"og:site_name\" content=\"AnnaPS\" \/>\n<meta property=\"article:publisher\" content=\"https:\/\/www.facebook.com\/annaps.scandinavia\/\" \/>\n<meta property=\"article:modified_time\" content=\"2025-06-24T12:27:51+00:00\" \/>\n<meta property=\"og:image\" content=\"https:\/\/annaps.com\/content\/uploads\/2016\/08\/Vikanvillochvagarframsida.jpg\" \/>\n\t<meta property=\"og:image:width\" content=\"2002\" \/>\n\t<meta property=\"og:image:height\" content=\"2358\" \/>\n\t<meta property=\"og:image:type\" content=\"image\/jpeg\" \/>\n<meta name=\"twitter:card\" content=\"summary_large_image\" \/>\n<meta name=\"twitter:label1\" content=\"Ber\u00e4knad l\u00e4stid\" \/>\n\t<meta name=\"twitter:data1\" content=\"1 minut\" \/>\n<script type=\"application\/ld+json\" class=\"yoast-schema-graph\">{\"@context\":\"https:\/\/schema.org\",\"@graph\":[{\"@type\":\"WebPage\",\"@id\":\"https:\/\/annaps.com\/sv\/product\/bok-om-diabetes\/\",\"url\":\"https:\/\/annaps.com\/sv\/product\/bok-om-diabetes\/\",\"name\":\"Bok om diabetes - AnnaPS\",\"isPartOf\":{\"@id\":\"https:\/\/annaps.com\/de\/#website\"},\"primaryImageOfPage\":{\"@id\":\"https:\/\/annaps.com\/sv\/product\/bok-om-diabetes\/#primaryimage\"},\"image\":{\"@id\":\"https:\/\/annaps.com\/sv\/product\/bok-om-diabetes\/#primaryimage\"},\"thumbnailUrl\":\"https:\/\/annaps.com\/content\/uploads\/2016\/08\/Vikanvillochvagarframsida.jpg\",\"datePublished\":\"2016-08-29T08:16:44+00:00\",\"dateModified\":\"2025-06-24T12:27:51+00:00\",\"description\":\"AnnaPS makes clothes with integrated pockets to carry your diabetes devices such as insulin pump, pen and glucose meter. Stylish, high quality, functional and environmental focus.\",\"breadcrumb\":{\"@id\":\"https:\/\/annaps.com\/sv\/product\/bok-om-diabetes\/#breadcrumb\"},\"inLanguage\":\"sv-SE\",\"potentialAction\":[{\"@type\":\"ReadAction\",\"target\":[\"https:\/\/annaps.com\/sv\/product\/bok-om-diabetes\/\"]}]},{\"@type\":\"ImageObject\",\"inLanguage\":\"sv-SE\",\"@id\":\"https:\/\/annaps.com\/sv\/product\/bok-om-diabetes\/#primaryimage\",\"url\":\"https:\/\/annaps.com\/content\/uploads\/2016\/08\/Vikanvillochvagarframsida.jpg\",\"contentUrl\":\"https:\/\/annaps.com\/content\/uploads\/2016\/08\/Vikanvillochvagarframsida.jpg\",\"width\":2002,\"height\":2358,\"caption\":\"l\u00e4ttl\u00e4st f\u00e4rgig bok om diabetes vi kan vill och vagar\"},{\"@type\":\"BreadcrumbList\",\"@id\":\"https:\/\/annaps.com\/sv\/product\/bok-om-diabetes\/#breadcrumb\",\"itemListElement\":[{\"@type\":\"ListItem\",\"position\":1,\"name\":\"Hem\",\"item\":\"https:\/\/annaps.com\/sv\/\"},{\"@type\":\"ListItem\",\"position\":2,\"name\":\"Webbshop\",\"item\":\"https:\/\/annaps.com\/sv\/webbshop\/\"},{\"@type\":\"ListItem\",\"position\":3,\"name\":\"Bok om diabetes\"}]},{\"@type\":\"WebSite\",\"@id\":\"https:\/\/annaps.com\/de\/#website\",\"url\":\"https:\/\/annaps.com\/de\/\",\"name\":\"AnnaPS\",\"description\":\"Det skall vara enkelt att b\u00e4ra!\",\"potentialAction\":[{\"@type\":\"SearchAction\",\"target\":{\"@type\":\"EntryPoint\",\"urlTemplate\":\"https:\/\/annaps.com\/de\/?s={search_term_string}\"},\"query-input\":{\"@type\":\"PropertyValueSpecification\",\"valueRequired\":true,\"valueName\":\"search_term_string\"}}],\"inLanguage\":\"sv-SE\"}]}<\/script>\n<!-- \/ Yoast SEO plugin. -->","yoast_head_json":{"title":"Bok om diabetes - AnnaPS","description":"AnnaPS makes clothes with integrated pockets to carry your diabetes devices such as insulin pump, pen and glucose meter. Stylish, high quality, functional and environmental focus.","robots":{"index":"index","follow":"follow","max-snippet":"max-snippet:-1","max-image-preview":"max-image-preview:large","max-video-preview":"max-video-preview:-1"},"canonical":"https:\/\/annaps.com\/sv\/product\/bok-om-diabetes\/","og_locale":"sv_SE","og_type":"article","og_title":"Bok om diabetes - AnnaPS","og_description":"AnnaPS makes clothes with integrated pockets to carry your diabetes devices such as insulin pump, pen and glucose meter. Stylish, high quality, functional and environmental focus.","og_url":"https:\/\/annaps.com\/sv\/product\/bok-om-diabetes\/","og_site_name":"AnnaPS","article_publisher":"https:\/\/www.facebook.com\/annaps.scandinavia\/","article_modified_time":"2025-06-24T12:27:51+00:00","og_image":[{"width":2002,"height":2358,"url":"https:\/\/annaps.com\/content\/uploads\/2016\/08\/Vikanvillochvagarframsida.jpg","type":"image\/jpeg"}],"twitter_card":"summary_large_image","twitter_misc":{"Ber\u00e4knad l\u00e4stid":"1 minut"},"schema":{"@context":"https:\/\/schema.org","@graph":[{"@type":"WebPage","@id":"https:\/\/annaps.com\/sv\/product\/bok-om-diabetes\/","url":"https:\/\/annaps.com\/sv\/product\/bok-om-diabetes\/","name":"Bok om diabetes - AnnaPS","isPartOf":{"@id":"https:\/\/annaps.com\/de\/#website"},"primaryImageOfPage":{"@id":"https:\/\/annaps.com\/sv\/product\/bok-om-diabetes\/#primaryimage"},"image":{"@id":"https:\/\/annaps.com\/sv\/product\/bok-om-diabetes\/#primaryimage"},"thumbnailUrl":"https:\/\/annaps.com\/content\/uploads\/2016\/08\/Vikanvillochvagarframsida.jpg","datePublished":"2016-08-29T08:16:44+00:00","dateModified":"2025-06-24T12:27:51+00:00","description":"AnnaPS makes clothes with integrated pockets to carry your diabetes devices such as insulin pump, pen and glucose meter. Stylish, high quality, functional and environmental focus.","breadcrumb":{"@id":"https:\/\/annaps.com\/sv\/product\/bok-om-diabetes\/#breadcrumb"},"inLanguage":"sv-SE","potentialAction":[{"@type":"ReadAction","target":["https:\/\/annaps.com\/sv\/product\/bok-om-diabetes\/"]}]},{"@type":"ImageObject","inLanguage":"sv-SE","@id":"https:\/\/annaps.com\/sv\/product\/bok-om-diabetes\/#primaryimage","url":"https:\/\/annaps.com\/content\/uploads\/2016\/08\/Vikanvillochvagarframsida.jpg","contentUrl":"https:\/\/annaps.com\/content\/uploads\/2016\/08\/Vikanvillochvagarframsida.jpg","width":2002,"height":2358,"caption":"l\u00e4ttl\u00e4st f\u00e4rgig bok om diabetes vi kan vill och vagar"},{"@type":"BreadcrumbList","@id":"https:\/\/annaps.com\/sv\/product\/bok-om-diabetes\/#breadcrumb","itemListElement":[{"@type":"ListItem","position":1,"name":"Hem","item":"https:\/\/annaps.com\/sv\/"},{"@type":"ListItem","position":2,"name":"Webbshop","item":"https:\/\/annaps.com\/sv\/webbshop\/"},{"@type":"ListItem","position":3,"name":"Bok om diabetes"}]},{"@type":"WebSite","@id":"https:\/\/annaps.com\/de\/#website","url":"https:\/\/annaps.com\/de\/","name":"AnnaPS","description":"Det skall vara enkelt att b\u00e4ra!","potentialAction":[{"@type":"SearchAction","target":{"@type":"EntryPoint","urlTemplate":"https:\/\/annaps.com\/de\/?s={search_term_string}"},"query-input":{"@type":"PropertyValueSpecification","valueRequired":true,"valueName":"search_term_string"}}],"inLanguage":"sv-SE"}]}},"_links":{"self":[{"href":"https:\/\/annaps.com\/sv\/wp-json\/wp\/v2\/product\/9743","targetHints":{"allow":["GET"]}}],"collection":[{"href":"https:\/\/annaps.com\/sv\/wp-json\/wp\/v2\/product"}],"about":[{"href":"https:\/\/annaps.com\/sv\/wp-json\/wp\/v2\/types\/product"}],"replies":[{"embeddable":true,"href":"https:\/\/annaps.com\/sv\/wp-json\/wp\/v2\/comments?post=9743"}],"wp:featuredmedia":[{"embeddable":true,"href":"https:\/\/annaps.com\/sv\/wp-json\/wp\/v2\/media\/10567"}],"wp:attachment":[{"href":"https:\/\/annaps.com\/sv\/wp-json\/wp\/v2\/media?parent=9743"}],"wp:term":[{"taxonomy":"product_brand","embeddable":true,"href":"https:\/\/annaps.com\/sv\/wp-json\/wp\/v2\/product_brand?post=9743"},{"taxonomy":"product_cat","embeddable":true,"href":"https:\/\/annaps.com\/sv\/wp-json\/wp\/v2\/product_cat?post=9743"},{"taxonomy":"product_tag","embeddable":true,"href":"https:\/\/annaps.com\/sv\/wp-json\/wp\/v2\/product_tag?post=9743"}],"curies":[{"name":"wp","href":"https:\/\/api.w.org\/{rel}","templated":true}]}}