{"id":8349,"date":"2016-04-08T08:45:56","date_gmt":"2016-04-08T08:45:56","guid":{"rendered":"https:\/\/www.annaps.com\/?post_type=product&#038;p=8349"},"modified":"2026-02-15T19:30:07","modified_gmt":"2026-02-15T18:30:07","slug":"barn-7-pack-kalsongtrosa","status":"publish","type":"product","link":"https:\/\/annaps.com\/sv\/product\/barn-7-pack-kalsongtrosa\/","title":{"rendered":"Barn 7-pack Kalsong\/Trosa"},"content":{"rendered":"<p><span style=\"font-weight: 400;\">Extra f\u00f6rm\u00e5nligt pris d\u00e5 du handlar v\u00e5ra popul\u00e4ra trosor\/kalsonger f\u00f6r barn med ficka i 7-pack. Du sparar 516 kr. Pris blir endast 171 kr per trosa (ord. pris 245 kr\/st).<\/span><\/p>\n<p>Vi har m\u00f6jlighet att blanda f\u00e4rgerna vita eller svarta och modellerna i flerpacket som du \u00f6nskar. Har du andra \u00f6nskem\u00e5l p\u00e5 kombination \u00e4n de f\u00f6rval som finns s\u00e5 kan du skriva detta i kommentarsf\u00e4ltet i kassan innan du checkar ut. <strong>OBS:<\/strong> detta erbjudande innefattar bara vita och svarta kalsonger\/trosor.<\/p>\n<p>Beskrivning av produkt:\u00a0<span style=\"font-weight: 400;\">En trosa\/kalsong med l\u00e5nga ben alternativt korta ben, unisex-modell. Insydd stadig res\u00e5r i midjan.<\/span><span style=\"font-weight: 400;\">En integrerad ficka placerad p\u00e5 h\u00f6ger sida fram.\u00a0<\/span><span style=\"font-weight: 400;\">Ficka \u00f6ppnas\/st\u00e4ngs med en tryckknapp. Fickmodell: Boxi.<\/span><\/p>\n<p><span style=\"font-weight: 400;\">Ficka har \u00e4ven en \u00f6ppning fr\u00e5n insidan d\u00e4r pump kan l\u00e4ggas i. Slang kan enkelt placeras p\u00e5 insida av plagg.<\/span><\/p>\n<p><span style=\"font-weight: 400;\">Storlek p\u00e5 ficka \u00e4r: L\u00e4ngd=125mm \u00a0Bredd= 67mm \u00a0Djup= ca 30mm.<\/span><\/p>\n","protected":false},"excerpt":{"rendered":"<p>En ficka Boxi<\/p>\n","protected":false},"featured_media":7134,"comment_status":"open","ping_status":"closed","template":"","meta":{"_acf_changed":false},"product_brand":[],"product_cat":[45,53],"product_tag":[],"class_list":{"0":"post-8349","1":"product","2":"type-product","3":"status-publish","4":"has-post-thumbnail","6":"product_cat-barn","7":"product_cat-barn-underklaeder-med-fickor","9":"first","10":"instock","11":"taxable","12":"shipping-taxable","13":"purchasable","14":"product-type-variable"},"acf":[],"yoast_head":"<!-- This site is optimized with the Yoast SEO plugin v27.1.1 - https:\/\/yoast.com\/product\/yoast-seo-wordpress\/ -->\n<title>Barn 7-pack Kalsong\/Trosa - AnnaPS<\/title>\n<meta name=\"description\" content=\"AnnaPS makes clothes with integrated pockets to carry your diabetes devices such as insulin pump, pen and glucose meter. Stylish, high quality, functional and environmental focus.\" \/>\n<meta name=\"robots\" content=\"index, follow, max-snippet:-1, max-image-preview:large, max-video-preview:-1\" \/>\n<link rel=\"canonical\" href=\"https:\/\/annaps.com\/sv\/product\/barn-7-pack-kalsongtrosa\/\" \/>\n<meta property=\"og:locale\" content=\"sv_SE\" \/>\n<meta property=\"og:type\" content=\"article\" \/>\n<meta property=\"og:title\" content=\"Barn 7-pack Kalsong\/Trosa - AnnaPS\" \/>\n<meta property=\"og:description\" content=\"AnnaPS makes clothes with integrated pockets to carry your diabetes devices such as insulin pump, pen and glucose meter. Stylish, high quality, functional and environmental focus.\" \/>\n<meta property=\"og:url\" content=\"https:\/\/annaps.com\/sv\/product\/barn-7-pack-kalsongtrosa\/\" \/>\n<meta property=\"og:site_name\" content=\"AnnaPS\" \/>\n<meta property=\"article:publisher\" content=\"https:\/\/www.facebook.com\/annaps.scandinavia\/\" \/>\n<meta property=\"article:modified_time\" content=\"2026-02-15T18:30:07+00:00\" \/>\n<meta property=\"og:image\" content=\"https:\/\/annaps.com\/content\/uploads\/2016\/03\/3-Mangderbjudande-LJUSGUL-kids-7-pack.jpg\" \/>\n\t<meta property=\"og:image:width\" content=\"709\" \/>\n\t<meta property=\"og:image:height\" content=\"945\" \/>\n\t<meta property=\"og:image:type\" content=\"image\/jpeg\" \/>\n<meta name=\"twitter:card\" content=\"summary_large_image\" \/>\n<meta name=\"twitter:label1\" content=\"Ber\u00e4knad l\u00e4stid\" \/>\n\t<meta name=\"twitter:data1\" content=\"1 minut\" \/>\n<script type=\"application\/ld+json\" class=\"yoast-schema-graph\">{\"@context\":\"https:\/\/schema.org\",\"@graph\":[{\"@type\":\"WebPage\",\"@id\":\"https:\/\/annaps.com\/sv\/product\/barn-7-pack-kalsongtrosa\/\",\"url\":\"https:\/\/annaps.com\/sv\/product\/barn-7-pack-kalsongtrosa\/\",\"name\":\"Barn 7-pack Kalsong\/Trosa - AnnaPS\",\"isPartOf\":{\"@id\":\"https:\/\/annaps.com\/de\/#website\"},\"primaryImageOfPage\":{\"@id\":\"https:\/\/annaps.com\/sv\/product\/barn-7-pack-kalsongtrosa\/#primaryimage\"},\"image\":{\"@id\":\"https:\/\/annaps.com\/sv\/product\/barn-7-pack-kalsongtrosa\/#primaryimage\"},\"thumbnailUrl\":\"https:\/\/annaps.com\/content\/uploads\/2016\/03\/3-Mangderbjudande-LJUSGUL-kids-7-pack.jpg\",\"datePublished\":\"2016-04-08T08:45:56+00:00\",\"dateModified\":\"2026-02-15T18:30:07+00:00\",\"description\":\"AnnaPS makes clothes with integrated pockets to carry your diabetes devices such as insulin pump, pen and glucose meter. Stylish, high quality, functional and environmental focus.\",\"breadcrumb\":{\"@id\":\"https:\/\/annaps.com\/sv\/product\/barn-7-pack-kalsongtrosa\/#breadcrumb\"},\"inLanguage\":\"sv-SE\",\"potentialAction\":[{\"@type\":\"ReadAction\",\"target\":[\"https:\/\/annaps.com\/sv\/product\/barn-7-pack-kalsongtrosa\/\"]}]},{\"@type\":\"ImageObject\",\"inLanguage\":\"sv-SE\",\"@id\":\"https:\/\/annaps.com\/sv\/product\/barn-7-pack-kalsongtrosa\/#primaryimage\",\"url\":\"https:\/\/annaps.com\/content\/uploads\/2016\/03\/3-Mangderbjudande-LJUSGUL-kids-7-pack.jpg\",\"contentUrl\":\"https:\/\/annaps.com\/content\/uploads\/2016\/03\/3-Mangderbjudande-LJUSGUL-kids-7-pack.jpg\",\"width\":709,\"height\":945,\"caption\":\"Clothes to carry insulin pump and pen\"},{\"@type\":\"BreadcrumbList\",\"@id\":\"https:\/\/annaps.com\/sv\/product\/barn-7-pack-kalsongtrosa\/#breadcrumb\",\"itemListElement\":[{\"@type\":\"ListItem\",\"position\":1,\"name\":\"Hem\",\"item\":\"https:\/\/annaps.com\/sv\/\"},{\"@type\":\"ListItem\",\"position\":2,\"name\":\"Webbshop\",\"item\":\"https:\/\/annaps.com\/sv\/webbshop\/\"},{\"@type\":\"ListItem\",\"position\":3,\"name\":\"Barn 7-pack Kalsong\/Trosa\"}]},{\"@type\":\"WebSite\",\"@id\":\"https:\/\/annaps.com\/de\/#website\",\"url\":\"https:\/\/annaps.com\/de\/\",\"name\":\"AnnaPS\",\"description\":\"Det skall vara enkelt att b\u00e4ra!\",\"potentialAction\":[{\"@type\":\"SearchAction\",\"target\":{\"@type\":\"EntryPoint\",\"urlTemplate\":\"https:\/\/annaps.com\/de\/?s={search_term_string}\"},\"query-input\":{\"@type\":\"PropertyValueSpecification\",\"valueRequired\":true,\"valueName\":\"search_term_string\"}}],\"inLanguage\":\"sv-SE\"}]}<\/script>\n<!-- \/ Yoast SEO plugin. -->","yoast_head_json":{"title":"Barn 7-pack Kalsong\/Trosa - AnnaPS","description":"AnnaPS makes clothes with integrated pockets to carry your diabetes devices such as insulin pump, pen and glucose meter. Stylish, high quality, functional and environmental focus.","robots":{"index":"index","follow":"follow","max-snippet":"max-snippet:-1","max-image-preview":"max-image-preview:large","max-video-preview":"max-video-preview:-1"},"canonical":"https:\/\/annaps.com\/sv\/product\/barn-7-pack-kalsongtrosa\/","og_locale":"sv_SE","og_type":"article","og_title":"Barn 7-pack Kalsong\/Trosa - AnnaPS","og_description":"AnnaPS makes clothes with integrated pockets to carry your diabetes devices such as insulin pump, pen and glucose meter. Stylish, high quality, functional and environmental focus.","og_url":"https:\/\/annaps.com\/sv\/product\/barn-7-pack-kalsongtrosa\/","og_site_name":"AnnaPS","article_publisher":"https:\/\/www.facebook.com\/annaps.scandinavia\/","article_modified_time":"2026-02-15T18:30:07+00:00","og_image":[{"width":709,"height":945,"url":"https:\/\/annaps.com\/content\/uploads\/2016\/03\/3-Mangderbjudande-LJUSGUL-kids-7-pack.jpg","type":"image\/jpeg"}],"twitter_card":"summary_large_image","twitter_misc":{"Ber\u00e4knad l\u00e4stid":"1 minut"},"schema":{"@context":"https:\/\/schema.org","@graph":[{"@type":"WebPage","@id":"https:\/\/annaps.com\/sv\/product\/barn-7-pack-kalsongtrosa\/","url":"https:\/\/annaps.com\/sv\/product\/barn-7-pack-kalsongtrosa\/","name":"Barn 7-pack Kalsong\/Trosa - AnnaPS","isPartOf":{"@id":"https:\/\/annaps.com\/de\/#website"},"primaryImageOfPage":{"@id":"https:\/\/annaps.com\/sv\/product\/barn-7-pack-kalsongtrosa\/#primaryimage"},"image":{"@id":"https:\/\/annaps.com\/sv\/product\/barn-7-pack-kalsongtrosa\/#primaryimage"},"thumbnailUrl":"https:\/\/annaps.com\/content\/uploads\/2016\/03\/3-Mangderbjudande-LJUSGUL-kids-7-pack.jpg","datePublished":"2016-04-08T08:45:56+00:00","dateModified":"2026-02-15T18:30:07+00:00","description":"AnnaPS makes clothes with integrated pockets to carry your diabetes devices such as insulin pump, pen and glucose meter. Stylish, high quality, functional and environmental focus.","breadcrumb":{"@id":"https:\/\/annaps.com\/sv\/product\/barn-7-pack-kalsongtrosa\/#breadcrumb"},"inLanguage":"sv-SE","potentialAction":[{"@type":"ReadAction","target":["https:\/\/annaps.com\/sv\/product\/barn-7-pack-kalsongtrosa\/"]}]},{"@type":"ImageObject","inLanguage":"sv-SE","@id":"https:\/\/annaps.com\/sv\/product\/barn-7-pack-kalsongtrosa\/#primaryimage","url":"https:\/\/annaps.com\/content\/uploads\/2016\/03\/3-Mangderbjudande-LJUSGUL-kids-7-pack.jpg","contentUrl":"https:\/\/annaps.com\/content\/uploads\/2016\/03\/3-Mangderbjudande-LJUSGUL-kids-7-pack.jpg","width":709,"height":945,"caption":"Clothes to carry insulin pump and pen"},{"@type":"BreadcrumbList","@id":"https:\/\/annaps.com\/sv\/product\/barn-7-pack-kalsongtrosa\/#breadcrumb","itemListElement":[{"@type":"ListItem","position":1,"name":"Hem","item":"https:\/\/annaps.com\/sv\/"},{"@type":"ListItem","position":2,"name":"Webbshop","item":"https:\/\/annaps.com\/sv\/webbshop\/"},{"@type":"ListItem","position":3,"name":"Barn 7-pack Kalsong\/Trosa"}]},{"@type":"WebSite","@id":"https:\/\/annaps.com\/de\/#website","url":"https:\/\/annaps.com\/de\/","name":"AnnaPS","description":"Det skall vara enkelt att b\u00e4ra!","potentialAction":[{"@type":"SearchAction","target":{"@type":"EntryPoint","urlTemplate":"https:\/\/annaps.com\/de\/?s={search_term_string}"},"query-input":{"@type":"PropertyValueSpecification","valueRequired":true,"valueName":"search_term_string"}}],"inLanguage":"sv-SE"}]}},"_links":{"self":[{"href":"https:\/\/annaps.com\/sv\/wp-json\/wp\/v2\/product\/8349","targetHints":{"allow":["GET"]}}],"collection":[{"href":"https:\/\/annaps.com\/sv\/wp-json\/wp\/v2\/product"}],"about":[{"href":"https:\/\/annaps.com\/sv\/wp-json\/wp\/v2\/types\/product"}],"replies":[{"embeddable":true,"href":"https:\/\/annaps.com\/sv\/wp-json\/wp\/v2\/comments?post=8349"}],"wp:featuredmedia":[{"embeddable":true,"href":"https:\/\/annaps.com\/sv\/wp-json\/wp\/v2\/media\/7134"}],"wp:attachment":[{"href":"https:\/\/annaps.com\/sv\/wp-json\/wp\/v2\/media?parent=8349"}],"wp:term":[{"taxonomy":"product_brand","embeddable":true,"href":"https:\/\/annaps.com\/sv\/wp-json\/wp\/v2\/product_brand?post=8349"},{"taxonomy":"product_cat","embeddable":true,"href":"https:\/\/annaps.com\/sv\/wp-json\/wp\/v2\/product_cat?post=8349"},{"taxonomy":"product_tag","embeddable":true,"href":"https:\/\/annaps.com\/sv\/wp-json\/wp\/v2\/product_tag?post=8349"}],"curies":[{"name":"wp","href":"https:\/\/api.w.org\/{rel}","templated":true}]}}