{"id":7415,"date":"2016-03-04T11:04:34","date_gmt":"2016-03-04T11:04:34","guid":{"rendered":"https:\/\/www.annaps.com\/produkt\/kvinna-flerpack-7-pack-trosa-boxer-boxi\/"},"modified":"2026-03-08T08:20:12","modified_gmt":"2026-03-08T07:20:12","slug":"kvinna-trosa-double-7-pack","status":"publish","type":"product","link":"https:\/\/annaps.com\/sv\/product\/kvinna-trosa-double-7-pack\/","title":{"rendered":"Kvinna Trosa Double 7-pack"},"content":{"rendered":"<p><span style=\"font-weight: 400;\">Extra f\u00f6rm\u00e5nligt pris d\u00e5 du handlar v\u00e5ra popul\u00e4ra trosor med 2 fickor i 7-pack. Du f\u00e5r 25% rabatt.<\/span><\/p>\n<p>Du har m\u00f6jlighet att blanda f\u00e4rgerna i flerpacket som du \u00f6nskar. Har du andra \u00f6nskem\u00e5l p\u00e5 f\u00e4rgkombination \u00e4n de f\u00f6rval som finns s\u00e5 kan du skriva detta i kommentarsf\u00e4ltet i kassan innan du checkar ut.<\/p>\n<p><strong>OBS:<\/strong> detta erbjudande g\u00e4ller Trosa Double i f\u00e4rgerna svart och vit. Blandat \u00e4r 4 svarta+3 vita.<\/p>\n<p>Beskrivning av produkt:<\/p>\n<div>\n<p>Tv\u00e5 integrerade fickor placerade p\u00e5 h\u00f6ger och v\u00e4nsters insida. Fickorna \u00e4r placerade snett f\u00f6r maximal f\u00f6ljsamhet till kroppens naturliga r\u00f6relser.<\/p>\n<p>Fickmodell: Boxi2 Double.\u00a0Fickan har omlott\u00f6ppning fr\u00e5n utsidan som anv\u00e4nds f\u00f6r att \u00f6ppna\/st\u00e4nga fickan. Fickan har en \u00f6ppning fr\u00e5n insidan f\u00f6r slangen. Slang kan enkelt placeras p\u00e5 insida av plagg.<\/p>\n<\/div>\n<div>\n<p>Storlek p\u00e5 fickan \u00e4r: L\u00e4ngd = 120 mm, bredd = 65 mm, djup = ca 30 mm.<\/p>\n<\/div>\n<div>\n<p>Denna produkt \u00e4r ett kl\u00e4desplagg som anv\u00e4nds som insulinpumpv\u00e4ska eller diabetesv\u00e4ska. Produkten \u00e4r speciellt framtagen f\u00f6r att b\u00e4ra insulinpump p\u00e5 ett enkelt och s\u00e4kert s\u00e4tt.<\/p>\n<\/div>\n","protected":false},"excerpt":{"rendered":"<p>En ficka Boxi<\/p>\n","protected":false},"featured_media":7125,"comment_status":"open","ping_status":"closed","template":"","meta":{"_acf_changed":false},"product_brand":[],"product_cat":[44,47],"product_tag":[],"class_list":{"0":"post-7415","1":"product","2":"type-product","3":"status-publish","4":"has-post-thumbnail","6":"product_cat-kvinna","7":"product_cat-underklaeder-med-fickor","9":"first","10":"instock","11":"taxable","12":"shipping-taxable","13":"purchasable","14":"product-type-variable"},"acf":[],"yoast_head":"<!-- This site is optimized with the Yoast SEO plugin v27.1.1 - https:\/\/yoast.com\/product\/yoast-seo-wordpress\/ -->\n<title>Kvinna Trosa Double 7-pack - AnnaPS<\/title>\n<meta name=\"description\" content=\"AnnaPS makes clothes with integrated pockets to carry your diabetes devices such as insulin pump, pen and glucose meter. Stylish, high quality, functional and environmental focus.\" \/>\n<meta name=\"robots\" content=\"index, follow, max-snippet:-1, max-image-preview:large, max-video-preview:-1\" \/>\n<link rel=\"canonical\" href=\"https:\/\/annaps.com\/sv\/product\/kvinna-trosa-double-7-pack\/\" \/>\n<meta property=\"og:locale\" content=\"sv_SE\" \/>\n<meta property=\"og:type\" content=\"article\" \/>\n<meta property=\"og:title\" content=\"Kvinna Trosa Double 7-pack - AnnaPS\" \/>\n<meta property=\"og:description\" content=\"AnnaPS makes clothes with integrated pockets to carry your diabetes devices such as insulin pump, pen and glucose meter. Stylish, high quality, functional and environmental focus.\" \/>\n<meta property=\"og:url\" content=\"https:\/\/annaps.com\/sv\/product\/kvinna-trosa-double-7-pack\/\" \/>\n<meta property=\"og:site_name\" content=\"AnnaPS\" \/>\n<meta property=\"article:publisher\" content=\"https:\/\/www.facebook.com\/annaps.scandinavia\/\" \/>\n<meta property=\"article:modified_time\" content=\"2026-03-08T07:20:12+00:00\" \/>\n<meta property=\"og:image\" content=\"https:\/\/annaps.com\/content\/uploads\/2016\/03\/1-Mangderbjudande-ROSAkvinna7-pack.jpg\" \/>\n\t<meta property=\"og:image:width\" content=\"709\" \/>\n\t<meta property=\"og:image:height\" content=\"945\" \/>\n\t<meta property=\"og:image:type\" content=\"image\/jpeg\" \/>\n<meta name=\"twitter:card\" content=\"summary_large_image\" \/>\n<meta name=\"twitter:label1\" content=\"Ber\u00e4knad l\u00e4stid\" \/>\n\t<meta name=\"twitter:data1\" content=\"2 minuter\" \/>\n<script type=\"application\/ld+json\" class=\"yoast-schema-graph\">{\"@context\":\"https:\/\/schema.org\",\"@graph\":[{\"@type\":\"WebPage\",\"@id\":\"https:\/\/annaps.com\/sv\/product\/kvinna-trosa-double-7-pack\/\",\"url\":\"https:\/\/annaps.com\/sv\/product\/kvinna-trosa-double-7-pack\/\",\"name\":\"Kvinna Trosa Double 7-pack - AnnaPS\",\"isPartOf\":{\"@id\":\"https:\/\/annaps.com\/de\/#website\"},\"primaryImageOfPage\":{\"@id\":\"https:\/\/annaps.com\/sv\/product\/kvinna-trosa-double-7-pack\/#primaryimage\"},\"image\":{\"@id\":\"https:\/\/annaps.com\/sv\/product\/kvinna-trosa-double-7-pack\/#primaryimage\"},\"thumbnailUrl\":\"https:\/\/annaps.com\/content\/uploads\/2016\/03\/1-Mangderbjudande-ROSAkvinna7-pack.jpg\",\"datePublished\":\"2016-03-04T11:04:34+00:00\",\"dateModified\":\"2026-03-08T07:20:12+00:00\",\"description\":\"AnnaPS makes clothes with integrated pockets to carry your diabetes devices such as insulin pump, pen and glucose meter. Stylish, high quality, functional and environmental focus.\",\"breadcrumb\":{\"@id\":\"https:\/\/annaps.com\/sv\/product\/kvinna-trosa-double-7-pack\/#breadcrumb\"},\"inLanguage\":\"sv-SE\",\"potentialAction\":[{\"@type\":\"ReadAction\",\"target\":[\"https:\/\/annaps.com\/sv\/product\/kvinna-trosa-double-7-pack\/\"]}]},{\"@type\":\"ImageObject\",\"inLanguage\":\"sv-SE\",\"@id\":\"https:\/\/annaps.com\/sv\/product\/kvinna-trosa-double-7-pack\/#primaryimage\",\"url\":\"https:\/\/annaps.com\/content\/uploads\/2016\/03\/1-Mangderbjudande-ROSAkvinna7-pack.jpg\",\"contentUrl\":\"https:\/\/annaps.com\/content\/uploads\/2016\/03\/1-Mangderbjudande-ROSAkvinna7-pack.jpg\",\"width\":709,\"height\":945,\"caption\":\"Clothes to carry insulin pump and pen\"},{\"@type\":\"BreadcrumbList\",\"@id\":\"https:\/\/annaps.com\/sv\/product\/kvinna-trosa-double-7-pack\/#breadcrumb\",\"itemListElement\":[{\"@type\":\"ListItem\",\"position\":1,\"name\":\"Hem\",\"item\":\"https:\/\/annaps.com\/sv\/\"},{\"@type\":\"ListItem\",\"position\":2,\"name\":\"Webbshop\",\"item\":\"https:\/\/annaps.com\/sv\/webbshop\/\"},{\"@type\":\"ListItem\",\"position\":3,\"name\":\"Kvinna Trosa Double 7-pack\"}]},{\"@type\":\"WebSite\",\"@id\":\"https:\/\/annaps.com\/de\/#website\",\"url\":\"https:\/\/annaps.com\/de\/\",\"name\":\"AnnaPS\",\"description\":\"Det skall vara enkelt att b\u00e4ra!\",\"potentialAction\":[{\"@type\":\"SearchAction\",\"target\":{\"@type\":\"EntryPoint\",\"urlTemplate\":\"https:\/\/annaps.com\/de\/?s={search_term_string}\"},\"query-input\":{\"@type\":\"PropertyValueSpecification\",\"valueRequired\":true,\"valueName\":\"search_term_string\"}}],\"inLanguage\":\"sv-SE\"}]}<\/script>\n<!-- \/ Yoast SEO plugin. -->","yoast_head_json":{"title":"Kvinna Trosa Double 7-pack - AnnaPS","description":"AnnaPS makes clothes with integrated pockets to carry your diabetes devices such as insulin pump, pen and glucose meter. Stylish, high quality, functional and environmental focus.","robots":{"index":"index","follow":"follow","max-snippet":"max-snippet:-1","max-image-preview":"max-image-preview:large","max-video-preview":"max-video-preview:-1"},"canonical":"https:\/\/annaps.com\/sv\/product\/kvinna-trosa-double-7-pack\/","og_locale":"sv_SE","og_type":"article","og_title":"Kvinna Trosa Double 7-pack - AnnaPS","og_description":"AnnaPS makes clothes with integrated pockets to carry your diabetes devices such as insulin pump, pen and glucose meter. Stylish, high quality, functional and environmental focus.","og_url":"https:\/\/annaps.com\/sv\/product\/kvinna-trosa-double-7-pack\/","og_site_name":"AnnaPS","article_publisher":"https:\/\/www.facebook.com\/annaps.scandinavia\/","article_modified_time":"2026-03-08T07:20:12+00:00","og_image":[{"width":709,"height":945,"url":"https:\/\/annaps.com\/content\/uploads\/2016\/03\/1-Mangderbjudande-ROSAkvinna7-pack.jpg","type":"image\/jpeg"}],"twitter_card":"summary_large_image","twitter_misc":{"Ber\u00e4knad l\u00e4stid":"2 minuter"},"schema":{"@context":"https:\/\/schema.org","@graph":[{"@type":"WebPage","@id":"https:\/\/annaps.com\/sv\/product\/kvinna-trosa-double-7-pack\/","url":"https:\/\/annaps.com\/sv\/product\/kvinna-trosa-double-7-pack\/","name":"Kvinna Trosa Double 7-pack - AnnaPS","isPartOf":{"@id":"https:\/\/annaps.com\/de\/#website"},"primaryImageOfPage":{"@id":"https:\/\/annaps.com\/sv\/product\/kvinna-trosa-double-7-pack\/#primaryimage"},"image":{"@id":"https:\/\/annaps.com\/sv\/product\/kvinna-trosa-double-7-pack\/#primaryimage"},"thumbnailUrl":"https:\/\/annaps.com\/content\/uploads\/2016\/03\/1-Mangderbjudande-ROSAkvinna7-pack.jpg","datePublished":"2016-03-04T11:04:34+00:00","dateModified":"2026-03-08T07:20:12+00:00","description":"AnnaPS makes clothes with integrated pockets to carry your diabetes devices such as insulin pump, pen and glucose meter. Stylish, high quality, functional and environmental focus.","breadcrumb":{"@id":"https:\/\/annaps.com\/sv\/product\/kvinna-trosa-double-7-pack\/#breadcrumb"},"inLanguage":"sv-SE","potentialAction":[{"@type":"ReadAction","target":["https:\/\/annaps.com\/sv\/product\/kvinna-trosa-double-7-pack\/"]}]},{"@type":"ImageObject","inLanguage":"sv-SE","@id":"https:\/\/annaps.com\/sv\/product\/kvinna-trosa-double-7-pack\/#primaryimage","url":"https:\/\/annaps.com\/content\/uploads\/2016\/03\/1-Mangderbjudande-ROSAkvinna7-pack.jpg","contentUrl":"https:\/\/annaps.com\/content\/uploads\/2016\/03\/1-Mangderbjudande-ROSAkvinna7-pack.jpg","width":709,"height":945,"caption":"Clothes to carry insulin pump and pen"},{"@type":"BreadcrumbList","@id":"https:\/\/annaps.com\/sv\/product\/kvinna-trosa-double-7-pack\/#breadcrumb","itemListElement":[{"@type":"ListItem","position":1,"name":"Hem","item":"https:\/\/annaps.com\/sv\/"},{"@type":"ListItem","position":2,"name":"Webbshop","item":"https:\/\/annaps.com\/sv\/webbshop\/"},{"@type":"ListItem","position":3,"name":"Kvinna Trosa Double 7-pack"}]},{"@type":"WebSite","@id":"https:\/\/annaps.com\/de\/#website","url":"https:\/\/annaps.com\/de\/","name":"AnnaPS","description":"Det skall vara enkelt att b\u00e4ra!","potentialAction":[{"@type":"SearchAction","target":{"@type":"EntryPoint","urlTemplate":"https:\/\/annaps.com\/de\/?s={search_term_string}"},"query-input":{"@type":"PropertyValueSpecification","valueRequired":true,"valueName":"search_term_string"}}],"inLanguage":"sv-SE"}]}},"_links":{"self":[{"href":"https:\/\/annaps.com\/sv\/wp-json\/wp\/v2\/product\/7415","targetHints":{"allow":["GET"]}}],"collection":[{"href":"https:\/\/annaps.com\/sv\/wp-json\/wp\/v2\/product"}],"about":[{"href":"https:\/\/annaps.com\/sv\/wp-json\/wp\/v2\/types\/product"}],"replies":[{"embeddable":true,"href":"https:\/\/annaps.com\/sv\/wp-json\/wp\/v2\/comments?post=7415"}],"wp:featuredmedia":[{"embeddable":true,"href":"https:\/\/annaps.com\/sv\/wp-json\/wp\/v2\/media\/7125"}],"wp:attachment":[{"href":"https:\/\/annaps.com\/sv\/wp-json\/wp\/v2\/media?parent=7415"}],"wp:term":[{"taxonomy":"product_brand","embeddable":true,"href":"https:\/\/annaps.com\/sv\/wp-json\/wp\/v2\/product_brand?post=7415"},{"taxonomy":"product_cat","embeddable":true,"href":"https:\/\/annaps.com\/sv\/wp-json\/wp\/v2\/product_cat?post=7415"},{"taxonomy":"product_tag","embeddable":true,"href":"https:\/\/annaps.com\/sv\/wp-json\/wp\/v2\/product_tag?post=7415"}],"curies":[{"name":"wp","href":"https:\/\/api.w.org\/{rel}","templated":true}]}}