{"id":39204,"date":"2020-07-25T10:09:27","date_gmt":"2020-07-25T08:09:27","guid":{"rendered":"https:\/\/www.annaps.com\/?post_type=product&#038;p=39204"},"modified":"2026-04-04T10:18:57","modified_gmt":"2026-04-04T08:18:57","slug":"barn-t-shirt-svart","status":"publish","type":"product","link":"https:\/\/annaps.com\/sv\/product\/barn-t-shirt-svart\/","title":{"rendered":"Barn T-shirt Svart"},"content":{"rendered":"<p>T-shirt i mjuk trik\u00e5. Kantad hals och arm.<br \/>\nF\u00e4rg: Svart<\/p>\n<p>Tv\u00e5 integrerade fickor placerade p\u00e5 h\u00f6ger och v\u00e4nster sida. Fickorna \u00e4r placerade vertikalt.\u00a0Fickan har omlott\u00f6ppning fr\u00e5n utsidan som anv\u00e4nds f\u00f6r att \u00f6ppna\/st\u00e4nga fickan.<br \/>\nFickmodell: Boxi2.\u00a0Fickan har \u00e4ven en \u00f6ppning fr\u00e5n insidan d\u00e4r pump kan l\u00e4ggas i. Nertill och inuti fickan finns ytterligare en liten \u00f6ppning f\u00f6r slang.\u00a0Slang kan enkelt placeras p\u00e5 insida av plagg.\u00a0Fickornas storlek \u00e4r: L\u00e4ngd = 115 mm, bredd = 67 mm, djup = ca 30 mm.<\/p>\n<p>Denna produkt \u00e4r ett kl\u00e4desplagg som anv\u00e4nds som insulinpumpv\u00e4ska eller diabetesv\u00e4ska. Produkten \u00e4r speciellt framtagen f\u00f6r att b\u00e4ra insulinpump p\u00e5 ett enkelt och s\u00e4kert s\u00e4tt.<\/p>\n","protected":false},"excerpt":{"rendered":"<p>Tv\u00e5 fickor Boxi2<\/p>\n","protected":false},"featured_media":39251,"comment_status":"closed","ping_status":"closed","template":"","meta":{"_acf_changed":false},"product_brand":[],"product_cat":[45,54],"product_tag":[],"class_list":{"0":"post-39204","1":"product","2":"type-product","3":"status-publish","4":"has-post-thumbnail","6":"product_cat-barn","7":"product_cat-barn-troejor-linnen-med-fickor","9":"first","10":"instock","11":"taxable","12":"shipping-taxable","13":"purchasable","14":"product-type-variable"},"acf":[],"yoast_head":"<!-- This site is optimized with the Yoast SEO plugin v27.1.1 - https:\/\/yoast.com\/product\/yoast-seo-wordpress\/ -->\n<title>Barn T-shirt Svart - AnnaPS<\/title>\n<meta name=\"description\" content=\"AnnaPS makes clothes with integrated pockets to carry your diabetes devices such as insulin pump, pen and glucose meter. Stylish, high quality, functional and environmental focus.\" \/>\n<meta name=\"robots\" content=\"index, follow, max-snippet:-1, max-image-preview:large, max-video-preview:-1\" \/>\n<link rel=\"canonical\" href=\"https:\/\/annaps.com\/sv\/product\/barn-t-shirt-svart\/\" \/>\n<meta property=\"og:locale\" content=\"sv_SE\" \/>\n<meta property=\"og:type\" content=\"article\" \/>\n<meta property=\"og:title\" content=\"Barn T-shirt Svart - AnnaPS\" \/>\n<meta property=\"og:description\" content=\"AnnaPS makes clothes with integrated pockets to carry your diabetes devices such as insulin pump, pen and glucose meter. Stylish, high quality, functional and environmental focus.\" \/>\n<meta property=\"og:url\" content=\"https:\/\/annaps.com\/sv\/product\/barn-t-shirt-svart\/\" \/>\n<meta property=\"og:site_name\" content=\"AnnaPS\" \/>\n<meta property=\"article:publisher\" content=\"https:\/\/www.facebook.com\/annaps.scandinavia\/\" \/>\n<meta property=\"article:modified_time\" content=\"2026-04-04T08:18:57+00:00\" \/>\n<meta property=\"og:image\" content=\"https:\/\/annaps.com\/content\/uploads\/2020\/07\/T-shirt-for-insulinpump-1.jpg\" \/>\n\t<meta property=\"og:image:width\" content=\"951\" \/>\n\t<meta property=\"og:image:height\" content=\"1267\" \/>\n\t<meta property=\"og:image:type\" content=\"image\/jpeg\" \/>\n<meta name=\"twitter:card\" content=\"summary_large_image\" \/>\n<meta name=\"twitter:label1\" content=\"Ber\u00e4knad l\u00e4stid\" \/>\n\t<meta name=\"twitter:data1\" content=\"1 minut\" \/>\n<script type=\"application\/ld+json\" class=\"yoast-schema-graph\">{\"@context\":\"https:\/\/schema.org\",\"@graph\":[{\"@type\":\"WebPage\",\"@id\":\"https:\/\/annaps.com\/sv\/product\/barn-t-shirt-svart\/\",\"url\":\"https:\/\/annaps.com\/sv\/product\/barn-t-shirt-svart\/\",\"name\":\"Barn T-shirt Svart - AnnaPS\",\"isPartOf\":{\"@id\":\"https:\/\/annaps.com\/de\/#website\"},\"primaryImageOfPage\":{\"@id\":\"https:\/\/annaps.com\/sv\/product\/barn-t-shirt-svart\/#primaryimage\"},\"image\":{\"@id\":\"https:\/\/annaps.com\/sv\/product\/barn-t-shirt-svart\/#primaryimage\"},\"thumbnailUrl\":\"https:\/\/annaps.com\/content\/uploads\/2020\/07\/T-shirt-for-insulinpump-1.jpg\",\"datePublished\":\"2020-07-25T08:09:27+00:00\",\"dateModified\":\"2026-04-04T08:18:57+00:00\",\"description\":\"AnnaPS makes clothes with integrated pockets to carry your diabetes devices such as insulin pump, pen and glucose meter. Stylish, high quality, functional and environmental focus.\",\"breadcrumb\":{\"@id\":\"https:\/\/annaps.com\/sv\/product\/barn-t-shirt-svart\/#breadcrumb\"},\"inLanguage\":\"sv-SE\",\"potentialAction\":[{\"@type\":\"ReadAction\",\"target\":[\"https:\/\/annaps.com\/sv\/product\/barn-t-shirt-svart\/\"]}]},{\"@type\":\"ImageObject\",\"inLanguage\":\"sv-SE\",\"@id\":\"https:\/\/annaps.com\/sv\/product\/barn-t-shirt-svart\/#primaryimage\",\"url\":\"https:\/\/annaps.com\/content\/uploads\/2020\/07\/T-shirt-for-insulinpump-1.jpg\",\"contentUrl\":\"https:\/\/annaps.com\/content\/uploads\/2020\/07\/T-shirt-for-insulinpump-1.jpg\",\"width\":951,\"height\":1267},{\"@type\":\"BreadcrumbList\",\"@id\":\"https:\/\/annaps.com\/sv\/product\/barn-t-shirt-svart\/#breadcrumb\",\"itemListElement\":[{\"@type\":\"ListItem\",\"position\":1,\"name\":\"Hem\",\"item\":\"https:\/\/annaps.com\/sv\/\"},{\"@type\":\"ListItem\",\"position\":2,\"name\":\"Webbshop\",\"item\":\"https:\/\/annaps.com\/sv\/webbshop\/\"},{\"@type\":\"ListItem\",\"position\":3,\"name\":\"Barn T-shirt Svart\"}]},{\"@type\":\"WebSite\",\"@id\":\"https:\/\/annaps.com\/de\/#website\",\"url\":\"https:\/\/annaps.com\/de\/\",\"name\":\"AnnaPS\",\"description\":\"Det skall vara enkelt att b\u00e4ra!\",\"potentialAction\":[{\"@type\":\"SearchAction\",\"target\":{\"@type\":\"EntryPoint\",\"urlTemplate\":\"https:\/\/annaps.com\/de\/?s={search_term_string}\"},\"query-input\":{\"@type\":\"PropertyValueSpecification\",\"valueRequired\":true,\"valueName\":\"search_term_string\"}}],\"inLanguage\":\"sv-SE\"}]}<\/script>\n<!-- \/ Yoast SEO plugin. -->","yoast_head_json":{"title":"Barn T-shirt Svart - AnnaPS","description":"AnnaPS makes clothes with integrated pockets to carry your diabetes devices such as insulin pump, pen and glucose meter. Stylish, high quality, functional and environmental focus.","robots":{"index":"index","follow":"follow","max-snippet":"max-snippet:-1","max-image-preview":"max-image-preview:large","max-video-preview":"max-video-preview:-1"},"canonical":"https:\/\/annaps.com\/sv\/product\/barn-t-shirt-svart\/","og_locale":"sv_SE","og_type":"article","og_title":"Barn T-shirt Svart - AnnaPS","og_description":"AnnaPS makes clothes with integrated pockets to carry your diabetes devices such as insulin pump, pen and glucose meter. Stylish, high quality, functional and environmental focus.","og_url":"https:\/\/annaps.com\/sv\/product\/barn-t-shirt-svart\/","og_site_name":"AnnaPS","article_publisher":"https:\/\/www.facebook.com\/annaps.scandinavia\/","article_modified_time":"2026-04-04T08:18:57+00:00","og_image":[{"width":951,"height":1267,"url":"https:\/\/annaps.com\/content\/uploads\/2020\/07\/T-shirt-for-insulinpump-1.jpg","type":"image\/jpeg"}],"twitter_card":"summary_large_image","twitter_misc":{"Ber\u00e4knad l\u00e4stid":"1 minut"},"schema":{"@context":"https:\/\/schema.org","@graph":[{"@type":"WebPage","@id":"https:\/\/annaps.com\/sv\/product\/barn-t-shirt-svart\/","url":"https:\/\/annaps.com\/sv\/product\/barn-t-shirt-svart\/","name":"Barn T-shirt Svart - AnnaPS","isPartOf":{"@id":"https:\/\/annaps.com\/de\/#website"},"primaryImageOfPage":{"@id":"https:\/\/annaps.com\/sv\/product\/barn-t-shirt-svart\/#primaryimage"},"image":{"@id":"https:\/\/annaps.com\/sv\/product\/barn-t-shirt-svart\/#primaryimage"},"thumbnailUrl":"https:\/\/annaps.com\/content\/uploads\/2020\/07\/T-shirt-for-insulinpump-1.jpg","datePublished":"2020-07-25T08:09:27+00:00","dateModified":"2026-04-04T08:18:57+00:00","description":"AnnaPS makes clothes with integrated pockets to carry your diabetes devices such as insulin pump, pen and glucose meter. Stylish, high quality, functional and environmental focus.","breadcrumb":{"@id":"https:\/\/annaps.com\/sv\/product\/barn-t-shirt-svart\/#breadcrumb"},"inLanguage":"sv-SE","potentialAction":[{"@type":"ReadAction","target":["https:\/\/annaps.com\/sv\/product\/barn-t-shirt-svart\/"]}]},{"@type":"ImageObject","inLanguage":"sv-SE","@id":"https:\/\/annaps.com\/sv\/product\/barn-t-shirt-svart\/#primaryimage","url":"https:\/\/annaps.com\/content\/uploads\/2020\/07\/T-shirt-for-insulinpump-1.jpg","contentUrl":"https:\/\/annaps.com\/content\/uploads\/2020\/07\/T-shirt-for-insulinpump-1.jpg","width":951,"height":1267},{"@type":"BreadcrumbList","@id":"https:\/\/annaps.com\/sv\/product\/barn-t-shirt-svart\/#breadcrumb","itemListElement":[{"@type":"ListItem","position":1,"name":"Hem","item":"https:\/\/annaps.com\/sv\/"},{"@type":"ListItem","position":2,"name":"Webbshop","item":"https:\/\/annaps.com\/sv\/webbshop\/"},{"@type":"ListItem","position":3,"name":"Barn T-shirt Svart"}]},{"@type":"WebSite","@id":"https:\/\/annaps.com\/de\/#website","url":"https:\/\/annaps.com\/de\/","name":"AnnaPS","description":"Det skall vara enkelt att b\u00e4ra!","potentialAction":[{"@type":"SearchAction","target":{"@type":"EntryPoint","urlTemplate":"https:\/\/annaps.com\/de\/?s={search_term_string}"},"query-input":{"@type":"PropertyValueSpecification","valueRequired":true,"valueName":"search_term_string"}}],"inLanguage":"sv-SE"}]}},"_links":{"self":[{"href":"https:\/\/annaps.com\/sv\/wp-json\/wp\/v2\/product\/39204","targetHints":{"allow":["GET"]}}],"collection":[{"href":"https:\/\/annaps.com\/sv\/wp-json\/wp\/v2\/product"}],"about":[{"href":"https:\/\/annaps.com\/sv\/wp-json\/wp\/v2\/types\/product"}],"replies":[{"embeddable":true,"href":"https:\/\/annaps.com\/sv\/wp-json\/wp\/v2\/comments?post=39204"}],"wp:featuredmedia":[{"embeddable":true,"href":"https:\/\/annaps.com\/sv\/wp-json\/wp\/v2\/media\/39251"}],"wp:attachment":[{"href":"https:\/\/annaps.com\/sv\/wp-json\/wp\/v2\/media?parent=39204"}],"wp:term":[{"taxonomy":"product_brand","embeddable":true,"href":"https:\/\/annaps.com\/sv\/wp-json\/wp\/v2\/product_brand?post=39204"},{"taxonomy":"product_cat","embeddable":true,"href":"https:\/\/annaps.com\/sv\/wp-json\/wp\/v2\/product_cat?post=39204"},{"taxonomy":"product_tag","embeddable":true,"href":"https:\/\/annaps.com\/sv\/wp-json\/wp\/v2\/product_tag?post=39204"}],"curies":[{"name":"wp","href":"https:\/\/api.w.org\/{rel}","templated":true}]}}