{"id":29887,"date":"2018-07-15T14:03:51","date_gmt":"2018-07-15T12:03:51","guid":{"rendered":"https:\/\/www.annaps.com\/?post_type=product&#038;p=29887"},"modified":"2026-01-25T11:42:15","modified_gmt":"2026-01-25T10:42:15","slug":"armbindel-bla","status":"publish","type":"product","link":"https:\/\/annaps.com\/sv\/product\/armbindel-bla\/","title":{"rendered":"Armbindel Bl\u00e5"},"content":{"rendered":"<p><span style=\"font-weight: 400;\">En elastisk armbindel f\u00f6r att skydda sensorer eller pump. Passar f\u00f6r att skydda Omnipodpumpen fr\u00e5n att lossna samt glukosm\u00e4taren Freestyle Libres sensorer.<\/span><\/p>\n<p>P\u00e5 insidan finns ett anti slip res\u00e5rband som g\u00f6r att armbandet inte glider ner.<\/p>\n<p><span style=\"font-weight: 400;\">Storlek p\u00e5 armband :<\/span><\/p>\n<p><span style=\"font-weight: 400;\">XS: h\u00f6jd= 9,5cm, bredd= 8,5cm \u00a0 \u00a0Passar armomkrets 17-23 cm<br \/>\n<\/span><\/p>\n<p><span style=\"font-weight: 400;\">S: h\u00f6jd= 9,5cm, bredd= 9,5cm \u00a0 \u00a0\u00a0Passar armomkrets 22-28 cm<br \/>\n<\/span><\/p>\n<p><span style=\"font-weight: 400;\">M: h\u00f6jd= 10cm, bredd= 11cm \u00a0 \u00a0\u00a0Passar armomkrets 27-33 cm<\/span><\/p>\n<p class=\"tw-data-text tw-ta tw-text-small\" dir=\"ltr\" data-placeholder=\"\u00d6vers\u00e4ttning\"><span lang=\"en\">L: <span style=\"font-weight: 400;\">h\u00f6jd= 10cm, bredd=<\/span>\u00a012cm. <span style=\"font-weight: 400;\">Passar armomkrets<\/span> 32-38 cm<\/span><\/p>\n<p class=\"tw-data-text tw-ta tw-text-small\" dir=\"ltr\" data-placeholder=\"\u00d6vers\u00e4ttning\"><span lang=\"en\">XL: <span style=\"font-weight: 400;\">h\u00f6jd= 10cm, bredd=<\/span> 13cm. <span style=\"font-weight: 400;\">Passar armomkrets<\/span> 37-41 cm<\/span><\/p>\n","protected":false},"excerpt":{"rendered":"<p>Ingen ficka<\/p>\n","protected":false},"featured_media":29861,"comment_status":"open","ping_status":"closed","template":"","meta":{"_acf_changed":false},"product_brand":[],"product_cat":[44,49,43,52,45,55,46],"product_tag":[],"class_list":{"0":"post-29887","1":"product","2":"type-product","3":"status-publish","4":"has-post-thumbnail","6":"product_cat-kvinna","7":"product_cat-badklaeder-med-ficka","8":"product_cat-man","9":"product_cat-man-badklaeder-med-ficka","10":"product_cat-barn","11":"product_cat-barn-badklaeder-med-ficka","12":"product_cat-accessoarer","14":"first","15":"instock","16":"taxable","17":"shipping-taxable","18":"purchasable","19":"product-type-variable"},"acf":[],"yoast_head":"<!-- This site is optimized with the Yoast SEO plugin v27.1.1 - https:\/\/yoast.com\/product\/yoast-seo-wordpress\/ -->\n<title>Armbindel Bl\u00e5 - AnnaPS<\/title>\n<meta name=\"description\" content=\"AnnaPS makes clothes with integrated pockets to carry your diabetes devices such as insulin pump, pen and glucose meter. Stylish, high quality, functional and environmental focus.\" \/>\n<meta name=\"robots\" content=\"index, follow, max-snippet:-1, max-image-preview:large, max-video-preview:-1\" \/>\n<link rel=\"canonical\" href=\"https:\/\/annaps.com\/sv\/product\/armbindel-bla\/\" \/>\n<meta property=\"og:locale\" content=\"sv_SE\" \/>\n<meta property=\"og:type\" content=\"article\" \/>\n<meta property=\"og:title\" content=\"Armbindel Bl\u00e5 - AnnaPS\" \/>\n<meta property=\"og:description\" content=\"AnnaPS makes clothes with integrated pockets to carry your diabetes devices such as insulin pump, pen and glucose meter. Stylish, high quality, functional and environmental focus.\" \/>\n<meta property=\"og:url\" content=\"https:\/\/annaps.com\/sv\/product\/armbindel-bla\/\" \/>\n<meta property=\"og:site_name\" content=\"AnnaPS\" \/>\n<meta property=\"article:publisher\" content=\"https:\/\/www.facebook.com\/annaps.scandinavia\/\" \/>\n<meta property=\"article:modified_time\" content=\"2026-01-25T10:42:15+00:00\" \/>\n<meta property=\"og:image\" content=\"https:\/\/annaps.com\/content\/uploads\/2018\/07\/bla-armband_1.jpg\" \/>\n\t<meta property=\"og:image:width\" content=\"733\" \/>\n\t<meta property=\"og:image:height\" content=\"977\" \/>\n\t<meta property=\"og:image:type\" content=\"image\/jpeg\" \/>\n<meta name=\"twitter:card\" content=\"summary_large_image\" \/>\n<script type=\"application\/ld+json\" class=\"yoast-schema-graph\">{\"@context\":\"https:\/\/schema.org\",\"@graph\":[{\"@type\":\"WebPage\",\"@id\":\"https:\/\/annaps.com\/sv\/product\/armbindel-bla\/\",\"url\":\"https:\/\/annaps.com\/sv\/product\/armbindel-bla\/\",\"name\":\"Armbindel Bl\u00e5 - AnnaPS\",\"isPartOf\":{\"@id\":\"https:\/\/annaps.com\/de\/#website\"},\"primaryImageOfPage\":{\"@id\":\"https:\/\/annaps.com\/sv\/product\/armbindel-bla\/#primaryimage\"},\"image\":{\"@id\":\"https:\/\/annaps.com\/sv\/product\/armbindel-bla\/#primaryimage\"},\"thumbnailUrl\":\"https:\/\/annaps.com\/content\/uploads\/2018\/07\/bla-armband_1.jpg\",\"datePublished\":\"2018-07-15T12:03:51+00:00\",\"dateModified\":\"2026-01-25T10:42:15+00:00\",\"description\":\"AnnaPS makes clothes with integrated pockets to carry your diabetes devices such as insulin pump, pen and glucose meter. Stylish, high quality, functional and environmental focus.\",\"breadcrumb\":{\"@id\":\"https:\/\/annaps.com\/sv\/product\/armbindel-bla\/#breadcrumb\"},\"inLanguage\":\"sv-SE\",\"potentialAction\":[{\"@type\":\"ReadAction\",\"target\":[\"https:\/\/annaps.com\/sv\/product\/armbindel-bla\/\"]}]},{\"@type\":\"ImageObject\",\"inLanguage\":\"sv-SE\",\"@id\":\"https:\/\/annaps.com\/sv\/product\/armbindel-bla\/#primaryimage\",\"url\":\"https:\/\/annaps.com\/content\/uploads\/2018\/07\/bla-armband_1.jpg\",\"contentUrl\":\"https:\/\/annaps.com\/content\/uploads\/2018\/07\/bla-armband_1.jpg\",\"width\":733,\"height\":977,\"caption\":\"Tjej p\u00e5 stranden b\u00e4ra en bl\u00e5 armbindel f\u00f6r att skydda hennes blodsockerm\u00e4tare sensor\"},{\"@type\":\"BreadcrumbList\",\"@id\":\"https:\/\/annaps.com\/sv\/product\/armbindel-bla\/#breadcrumb\",\"itemListElement\":[{\"@type\":\"ListItem\",\"position\":1,\"name\":\"Hem\",\"item\":\"https:\/\/annaps.com\/sv\/\"},{\"@type\":\"ListItem\",\"position\":2,\"name\":\"Webbshop\",\"item\":\"https:\/\/annaps.com\/sv\/webbshop\/\"},{\"@type\":\"ListItem\",\"position\":3,\"name\":\"Armbindel Bl\u00e5\"}]},{\"@type\":\"WebSite\",\"@id\":\"https:\/\/annaps.com\/de\/#website\",\"url\":\"https:\/\/annaps.com\/de\/\",\"name\":\"AnnaPS\",\"description\":\"Det skall vara enkelt att b\u00e4ra!\",\"potentialAction\":[{\"@type\":\"SearchAction\",\"target\":{\"@type\":\"EntryPoint\",\"urlTemplate\":\"https:\/\/annaps.com\/de\/?s={search_term_string}\"},\"query-input\":{\"@type\":\"PropertyValueSpecification\",\"valueRequired\":true,\"valueName\":\"search_term_string\"}}],\"inLanguage\":\"sv-SE\"}]}<\/script>\n<!-- \/ Yoast SEO plugin. -->","yoast_head_json":{"title":"Armbindel Bl\u00e5 - AnnaPS","description":"AnnaPS makes clothes with integrated pockets to carry your diabetes devices such as insulin pump, pen and glucose meter. Stylish, high quality, functional and environmental focus.","robots":{"index":"index","follow":"follow","max-snippet":"max-snippet:-1","max-image-preview":"max-image-preview:large","max-video-preview":"max-video-preview:-1"},"canonical":"https:\/\/annaps.com\/sv\/product\/armbindel-bla\/","og_locale":"sv_SE","og_type":"article","og_title":"Armbindel Bl\u00e5 - AnnaPS","og_description":"AnnaPS makes clothes with integrated pockets to carry your diabetes devices such as insulin pump, pen and glucose meter. Stylish, high quality, functional and environmental focus.","og_url":"https:\/\/annaps.com\/sv\/product\/armbindel-bla\/","og_site_name":"AnnaPS","article_publisher":"https:\/\/www.facebook.com\/annaps.scandinavia\/","article_modified_time":"2026-01-25T10:42:15+00:00","og_image":[{"width":733,"height":977,"url":"https:\/\/annaps.com\/content\/uploads\/2018\/07\/bla-armband_1.jpg","type":"image\/jpeg"}],"twitter_card":"summary_large_image","schema":{"@context":"https:\/\/schema.org","@graph":[{"@type":"WebPage","@id":"https:\/\/annaps.com\/sv\/product\/armbindel-bla\/","url":"https:\/\/annaps.com\/sv\/product\/armbindel-bla\/","name":"Armbindel Bl\u00e5 - AnnaPS","isPartOf":{"@id":"https:\/\/annaps.com\/de\/#website"},"primaryImageOfPage":{"@id":"https:\/\/annaps.com\/sv\/product\/armbindel-bla\/#primaryimage"},"image":{"@id":"https:\/\/annaps.com\/sv\/product\/armbindel-bla\/#primaryimage"},"thumbnailUrl":"https:\/\/annaps.com\/content\/uploads\/2018\/07\/bla-armband_1.jpg","datePublished":"2018-07-15T12:03:51+00:00","dateModified":"2026-01-25T10:42:15+00:00","description":"AnnaPS makes clothes with integrated pockets to carry your diabetes devices such as insulin pump, pen and glucose meter. Stylish, high quality, functional and environmental focus.","breadcrumb":{"@id":"https:\/\/annaps.com\/sv\/product\/armbindel-bla\/#breadcrumb"},"inLanguage":"sv-SE","potentialAction":[{"@type":"ReadAction","target":["https:\/\/annaps.com\/sv\/product\/armbindel-bla\/"]}]},{"@type":"ImageObject","inLanguage":"sv-SE","@id":"https:\/\/annaps.com\/sv\/product\/armbindel-bla\/#primaryimage","url":"https:\/\/annaps.com\/content\/uploads\/2018\/07\/bla-armband_1.jpg","contentUrl":"https:\/\/annaps.com\/content\/uploads\/2018\/07\/bla-armband_1.jpg","width":733,"height":977,"caption":"Tjej p\u00e5 stranden b\u00e4ra en bl\u00e5 armbindel f\u00f6r att skydda hennes blodsockerm\u00e4tare sensor"},{"@type":"BreadcrumbList","@id":"https:\/\/annaps.com\/sv\/product\/armbindel-bla\/#breadcrumb","itemListElement":[{"@type":"ListItem","position":1,"name":"Hem","item":"https:\/\/annaps.com\/sv\/"},{"@type":"ListItem","position":2,"name":"Webbshop","item":"https:\/\/annaps.com\/sv\/webbshop\/"},{"@type":"ListItem","position":3,"name":"Armbindel Bl\u00e5"}]},{"@type":"WebSite","@id":"https:\/\/annaps.com\/de\/#website","url":"https:\/\/annaps.com\/de\/","name":"AnnaPS","description":"Det skall vara enkelt att b\u00e4ra!","potentialAction":[{"@type":"SearchAction","target":{"@type":"EntryPoint","urlTemplate":"https:\/\/annaps.com\/de\/?s={search_term_string}"},"query-input":{"@type":"PropertyValueSpecification","valueRequired":true,"valueName":"search_term_string"}}],"inLanguage":"sv-SE"}]}},"_links":{"self":[{"href":"https:\/\/annaps.com\/sv\/wp-json\/wp\/v2\/product\/29887","targetHints":{"allow":["GET"]}}],"collection":[{"href":"https:\/\/annaps.com\/sv\/wp-json\/wp\/v2\/product"}],"about":[{"href":"https:\/\/annaps.com\/sv\/wp-json\/wp\/v2\/types\/product"}],"replies":[{"embeddable":true,"href":"https:\/\/annaps.com\/sv\/wp-json\/wp\/v2\/comments?post=29887"}],"wp:featuredmedia":[{"embeddable":true,"href":"https:\/\/annaps.com\/sv\/wp-json\/wp\/v2\/media\/29861"}],"wp:attachment":[{"href":"https:\/\/annaps.com\/sv\/wp-json\/wp\/v2\/media?parent=29887"}],"wp:term":[{"taxonomy":"product_brand","embeddable":true,"href":"https:\/\/annaps.com\/sv\/wp-json\/wp\/v2\/product_brand?post=29887"},{"taxonomy":"product_cat","embeddable":true,"href":"https:\/\/annaps.com\/sv\/wp-json\/wp\/v2\/product_cat?post=29887"},{"taxonomy":"product_tag","embeddable":true,"href":"https:\/\/annaps.com\/sv\/wp-json\/wp\/v2\/product_tag?post=29887"}],"curies":[{"name":"wp","href":"https:\/\/api.w.org\/{rel}","templated":true}]}}