{"id":29363,"date":"2018-06-14T13:16:10","date_gmt":"2018-06-14T11:16:10","guid":{"rendered":"https:\/\/www.annaps.com\/?post_type=product&#038;p=29363"},"modified":"2025-05-23T08:17:37","modified_gmt":"2025-05-23T06:17:37","slug":"barn-badbyxa-rosa-3-4-ar","status":"publish","type":"product","link":"https:\/\/annaps.com\/sv\/product\/barn-badbyxa-rosa-3-4-ar\/","title":{"rendered":"Barn Badbyxa Rosa 3-4 \u00e5r"},"content":{"rendered":"<p><span style=\"font-weight: 400;\">En badbyxa f\u00f6r barn med korta ben. Insydd res\u00e5r i midjan. Bredd = 1,5 cm, band finns f\u00f6r att knyta i midjan.<br \/>\n<\/span><span style=\"font-weight: 400;\">F\u00e4rg: Rosa\/r\u00f6d<\/span><\/p>\n<p><span style=\"font-weight: 400;\">En integrerad ficka placerad p\u00e5 h\u00f6ger sida fram.\u00a0<\/span><span style=\"font-weight: 400;\">Fickan \u00f6ppnas\/st\u00e4ngs med en tryckknapp.<br \/>\nFickmodell: Boxi.\u00a0<\/span><span style=\"font-weight: 400;\">Fickan har en \u00f6ppning fr\u00e5n insidan. Slang kan placeras p\u00e5 insida av plagg. <\/span><\/p>\n<p><span style=\"font-weight: 400;\">Fickans storlek \u00e4r: L\u00e4ngd = 125 mm, bredd = 60 mm, djup = ca 30 mm.<\/span><\/p>\n<p><span style=\"font-weight: 400;\">Denna produkt \u00e4r ett kl\u00e4desplagg som anv\u00e4nds som insulinpumpv\u00e4ska eller diabetesv\u00e4ska. Produkten \u00e4r speciellt framtagen f\u00f6r att b\u00e4ra insulinpump p\u00e5 ett enkelt och s\u00e4kert s\u00e4tt.<\/span><\/p>\n","protected":false},"excerpt":{"rendered":"<p>En ficka Boxi<\/p>\n","protected":false},"featured_media":29645,"comment_status":"open","ping_status":"closed","template":"","meta":{"_acf_changed":false},"product_brand":[],"product_cat":[55],"product_tag":[],"class_list":{"0":"post-29363","1":"product","2":"type-product","3":"status-publish","4":"has-post-thumbnail","6":"product_cat-barn-badklaeder-med-ficka","8":"first","9":"instock","10":"taxable","11":"shipping-taxable","12":"purchasable","13":"product-type-variable"},"acf":[],"yoast_head":"<!-- This site is optimized with the Yoast SEO plugin v27.1.1 - https:\/\/yoast.com\/product\/yoast-seo-wordpress\/ -->\n<title>Barn Badbyxa Rosa 3-4 \u00e5r - AnnaPS<\/title>\n<meta name=\"description\" content=\"AnnaPS makes clothes with integrated pockets to carry your diabetes devices such as insulin pump, pen and glucose meter. Stylish, high quality, functional and environmental focus.\" \/>\n<meta name=\"robots\" content=\"index, follow, max-snippet:-1, max-image-preview:large, max-video-preview:-1\" \/>\n<link rel=\"canonical\" href=\"https:\/\/annaps.com\/sv\/product\/barn-badbyxa-rosa-3-4-ar\/\" \/>\n<meta property=\"og:locale\" content=\"sv_SE\" \/>\n<meta property=\"og:type\" content=\"article\" \/>\n<meta property=\"og:title\" content=\"Barn Badbyxa Rosa 3-4 \u00e5r - AnnaPS\" \/>\n<meta property=\"og:description\" content=\"AnnaPS makes clothes with integrated pockets to carry your diabetes devices such as insulin pump, pen and glucose meter. Stylish, high quality, functional and environmental focus.\" \/>\n<meta property=\"og:url\" content=\"https:\/\/annaps.com\/sv\/product\/barn-badbyxa-rosa-3-4-ar\/\" \/>\n<meta property=\"og:site_name\" content=\"AnnaPS\" \/>\n<meta property=\"article:publisher\" content=\"https:\/\/www.facebook.com\/annaps.scandinavia\/\" \/>\n<meta property=\"article:modified_time\" content=\"2025-05-23T06:17:37+00:00\" \/>\n<meta property=\"og:image\" content=\"https:\/\/annaps.com\/content\/uploads\/2018\/06\/SWK-longleg-boxi_1.jpg\" \/>\n\t<meta property=\"og:image:width\" content=\"709\" \/>\n\t<meta property=\"og:image:height\" content=\"945\" \/>\n\t<meta property=\"og:image:type\" content=\"image\/jpeg\" \/>\n<meta name=\"twitter:card\" content=\"summary_large_image\" \/>\n<meta name=\"twitter:label1\" content=\"Ber\u00e4knad l\u00e4stid\" \/>\n\t<meta name=\"twitter:data1\" content=\"1 minut\" \/>\n<script type=\"application\/ld+json\" class=\"yoast-schema-graph\">{\"@context\":\"https:\/\/schema.org\",\"@graph\":[{\"@type\":\"WebPage\",\"@id\":\"https:\/\/annaps.com\/sv\/product\/barn-badbyxa-rosa-3-4-ar\/\",\"url\":\"https:\/\/annaps.com\/sv\/product\/barn-badbyxa-rosa-3-4-ar\/\",\"name\":\"Barn Badbyxa Rosa 3-4 \u00e5r - AnnaPS\",\"isPartOf\":{\"@id\":\"https:\/\/annaps.com\/de\/#website\"},\"primaryImageOfPage\":{\"@id\":\"https:\/\/annaps.com\/sv\/product\/barn-badbyxa-rosa-3-4-ar\/#primaryimage\"},\"image\":{\"@id\":\"https:\/\/annaps.com\/sv\/product\/barn-badbyxa-rosa-3-4-ar\/#primaryimage\"},\"thumbnailUrl\":\"https:\/\/annaps.com\/content\/uploads\/2018\/06\/SWK-longleg-boxi_1.jpg\",\"datePublished\":\"2018-06-14T11:16:10+00:00\",\"dateModified\":\"2025-05-23T06:17:37+00:00\",\"description\":\"AnnaPS makes clothes with integrated pockets to carry your diabetes devices such as insulin pump, pen and glucose meter. Stylish, high quality, functional and environmental focus.\",\"breadcrumb\":{\"@id\":\"https:\/\/annaps.com\/sv\/product\/barn-badbyxa-rosa-3-4-ar\/#breadcrumb\"},\"inLanguage\":\"sv-SE\",\"potentialAction\":[{\"@type\":\"ReadAction\",\"target\":[\"https:\/\/annaps.com\/sv\/product\/barn-badbyxa-rosa-3-4-ar\/\"]}]},{\"@type\":\"ImageObject\",\"inLanguage\":\"sv-SE\",\"@id\":\"https:\/\/annaps.com\/sv\/product\/barn-badbyxa-rosa-3-4-ar\/#primaryimage\",\"url\":\"https:\/\/annaps.com\/content\/uploads\/2018\/06\/SWK-longleg-boxi_1.jpg\",\"contentUrl\":\"https:\/\/annaps.com\/content\/uploads\/2018\/06\/SWK-longleg-boxi_1.jpg\",\"width\":709,\"height\":945,\"caption\":\"en rosa Swim kalsong f\u00f6r tjejer och killar som vill simma med diabetes\"},{\"@type\":\"BreadcrumbList\",\"@id\":\"https:\/\/annaps.com\/sv\/product\/barn-badbyxa-rosa-3-4-ar\/#breadcrumb\",\"itemListElement\":[{\"@type\":\"ListItem\",\"position\":1,\"name\":\"Hem\",\"item\":\"https:\/\/annaps.com\/sv\/\"},{\"@type\":\"ListItem\",\"position\":2,\"name\":\"Webbshop\",\"item\":\"https:\/\/annaps.com\/sv\/webbshop\/\"},{\"@type\":\"ListItem\",\"position\":3,\"name\":\"Barn Badbyxa Rosa 3-4 \u00e5r\"}]},{\"@type\":\"WebSite\",\"@id\":\"https:\/\/annaps.com\/de\/#website\",\"url\":\"https:\/\/annaps.com\/de\/\",\"name\":\"AnnaPS\",\"description\":\"Det skall vara enkelt att b\u00e4ra!\",\"potentialAction\":[{\"@type\":\"SearchAction\",\"target\":{\"@type\":\"EntryPoint\",\"urlTemplate\":\"https:\/\/annaps.com\/de\/?s={search_term_string}\"},\"query-input\":{\"@type\":\"PropertyValueSpecification\",\"valueRequired\":true,\"valueName\":\"search_term_string\"}}],\"inLanguage\":\"sv-SE\"}]}<\/script>\n<!-- \/ Yoast SEO plugin. -->","yoast_head_json":{"title":"Barn Badbyxa Rosa 3-4 \u00e5r - AnnaPS","description":"AnnaPS makes clothes with integrated pockets to carry your diabetes devices such as insulin pump, pen and glucose meter. Stylish, high quality, functional and environmental focus.","robots":{"index":"index","follow":"follow","max-snippet":"max-snippet:-1","max-image-preview":"max-image-preview:large","max-video-preview":"max-video-preview:-1"},"canonical":"https:\/\/annaps.com\/sv\/product\/barn-badbyxa-rosa-3-4-ar\/","og_locale":"sv_SE","og_type":"article","og_title":"Barn Badbyxa Rosa 3-4 \u00e5r - AnnaPS","og_description":"AnnaPS makes clothes with integrated pockets to carry your diabetes devices such as insulin pump, pen and glucose meter. Stylish, high quality, functional and environmental focus.","og_url":"https:\/\/annaps.com\/sv\/product\/barn-badbyxa-rosa-3-4-ar\/","og_site_name":"AnnaPS","article_publisher":"https:\/\/www.facebook.com\/annaps.scandinavia\/","article_modified_time":"2025-05-23T06:17:37+00:00","og_image":[{"width":709,"height":945,"url":"https:\/\/annaps.com\/content\/uploads\/2018\/06\/SWK-longleg-boxi_1.jpg","type":"image\/jpeg"}],"twitter_card":"summary_large_image","twitter_misc":{"Ber\u00e4knad l\u00e4stid":"1 minut"},"schema":{"@context":"https:\/\/schema.org","@graph":[{"@type":"WebPage","@id":"https:\/\/annaps.com\/sv\/product\/barn-badbyxa-rosa-3-4-ar\/","url":"https:\/\/annaps.com\/sv\/product\/barn-badbyxa-rosa-3-4-ar\/","name":"Barn Badbyxa Rosa 3-4 \u00e5r - AnnaPS","isPartOf":{"@id":"https:\/\/annaps.com\/de\/#website"},"primaryImageOfPage":{"@id":"https:\/\/annaps.com\/sv\/product\/barn-badbyxa-rosa-3-4-ar\/#primaryimage"},"image":{"@id":"https:\/\/annaps.com\/sv\/product\/barn-badbyxa-rosa-3-4-ar\/#primaryimage"},"thumbnailUrl":"https:\/\/annaps.com\/content\/uploads\/2018\/06\/SWK-longleg-boxi_1.jpg","datePublished":"2018-06-14T11:16:10+00:00","dateModified":"2025-05-23T06:17:37+00:00","description":"AnnaPS makes clothes with integrated pockets to carry your diabetes devices such as insulin pump, pen and glucose meter. Stylish, high quality, functional and environmental focus.","breadcrumb":{"@id":"https:\/\/annaps.com\/sv\/product\/barn-badbyxa-rosa-3-4-ar\/#breadcrumb"},"inLanguage":"sv-SE","potentialAction":[{"@type":"ReadAction","target":["https:\/\/annaps.com\/sv\/product\/barn-badbyxa-rosa-3-4-ar\/"]}]},{"@type":"ImageObject","inLanguage":"sv-SE","@id":"https:\/\/annaps.com\/sv\/product\/barn-badbyxa-rosa-3-4-ar\/#primaryimage","url":"https:\/\/annaps.com\/content\/uploads\/2018\/06\/SWK-longleg-boxi_1.jpg","contentUrl":"https:\/\/annaps.com\/content\/uploads\/2018\/06\/SWK-longleg-boxi_1.jpg","width":709,"height":945,"caption":"en rosa Swim kalsong f\u00f6r tjejer och killar som vill simma med diabetes"},{"@type":"BreadcrumbList","@id":"https:\/\/annaps.com\/sv\/product\/barn-badbyxa-rosa-3-4-ar\/#breadcrumb","itemListElement":[{"@type":"ListItem","position":1,"name":"Hem","item":"https:\/\/annaps.com\/sv\/"},{"@type":"ListItem","position":2,"name":"Webbshop","item":"https:\/\/annaps.com\/sv\/webbshop\/"},{"@type":"ListItem","position":3,"name":"Barn Badbyxa Rosa 3-4 \u00e5r"}]},{"@type":"WebSite","@id":"https:\/\/annaps.com\/de\/#website","url":"https:\/\/annaps.com\/de\/","name":"AnnaPS","description":"Det skall vara enkelt att b\u00e4ra!","potentialAction":[{"@type":"SearchAction","target":{"@type":"EntryPoint","urlTemplate":"https:\/\/annaps.com\/de\/?s={search_term_string}"},"query-input":{"@type":"PropertyValueSpecification","valueRequired":true,"valueName":"search_term_string"}}],"inLanguage":"sv-SE"}]}},"_links":{"self":[{"href":"https:\/\/annaps.com\/sv\/wp-json\/wp\/v2\/product\/29363","targetHints":{"allow":["GET"]}}],"collection":[{"href":"https:\/\/annaps.com\/sv\/wp-json\/wp\/v2\/product"}],"about":[{"href":"https:\/\/annaps.com\/sv\/wp-json\/wp\/v2\/types\/product"}],"replies":[{"embeddable":true,"href":"https:\/\/annaps.com\/sv\/wp-json\/wp\/v2\/comments?post=29363"}],"wp:featuredmedia":[{"embeddable":true,"href":"https:\/\/annaps.com\/sv\/wp-json\/wp\/v2\/media\/29645"}],"wp:attachment":[{"href":"https:\/\/annaps.com\/sv\/wp-json\/wp\/v2\/media?parent=29363"}],"wp:term":[{"taxonomy":"product_brand","embeddable":true,"href":"https:\/\/annaps.com\/sv\/wp-json\/wp\/v2\/product_brand?post=29363"},{"taxonomy":"product_cat","embeddable":true,"href":"https:\/\/annaps.com\/sv\/wp-json\/wp\/v2\/product_cat?post=29363"},{"taxonomy":"product_tag","embeddable":true,"href":"https:\/\/annaps.com\/sv\/wp-json\/wp\/v2\/product_tag?post=29363"}],"curies":[{"name":"wp","href":"https:\/\/api.w.org\/{rel}","templated":true}]}}