{"id":9940,"date":"2016-09-07T15:44:31","date_gmt":"2016-09-07T13:44:31","guid":{"rendered":"https:\/\/www.annaps.com\/?page_id=9940"},"modified":"2017-03-07T13:40:43","modified_gmt":"2017-03-07T12:40:43","slug":"fine-dining-pumpa-kaal-torsk","status":"publish","type":"page","link":"https:\/\/annaps.com\/sv\/fine-dining-pumpa-kaal-torsk\/","title":{"rendered":"Fine dining: Pumpa, k\u00e5l &#038; torsk"},"content":{"rendered":"<p><b><strong><a href=\"https:\/\/annaps.com\/wordpress\/content\/uploads\/2016\/09\/Pumpakaltorsk.jpg\"><img loading=\"lazy\" decoding=\"async\" class=\"alignleft wp-image-9954 size-full\" src=\"https:\/\/annaps.com\/wordpress\/content\/uploads\/2016\/09\/Pumpakaltorsk.jpg\" alt=\"Pumpakaltorsk\" width=\"960\" height=\"960\" srcset=\"https:\/\/annaps.com\/content\/uploads\/2016\/09\/Pumpakaltorsk.jpg 960w, https:\/\/annaps.com\/content\/uploads\/2016\/09\/Pumpakaltorsk-150x150.jpg 150w, https:\/\/annaps.com\/content\/uploads\/2016\/09\/Pumpakaltorsk-300x300.jpg 300w, https:\/\/annaps.com\/content\/uploads\/2016\/09\/Pumpakaltorsk-768x768.jpg 768w, https:\/\/annaps.com\/content\/uploads\/2016\/09\/Pumpakaltorsk-200x200.jpg 200w, https:\/\/annaps.com\/content\/uploads\/2016\/09\/Pumpakaltorsk-870x870.jpg 870w, https:\/\/annaps.com\/content\/uploads\/2016\/09\/Pumpakaltorsk-455x455.jpg 455w, https:\/\/annaps.com\/content\/uploads\/2016\/09\/Pumpakaltorsk-100x100.jpg 100w, https:\/\/annaps.com\/content\/uploads\/2016\/09\/Pumpakaltorsk-55x55.jpg 55w, https:\/\/annaps.com\/content\/uploads\/2016\/09\/Pumpakaltorsk-180x180.jpg 180w, https:\/\/annaps.com\/content\/uploads\/2016\/09\/Pumpakaltorsk-600x600.jpg 600w\" sizes=\"auto, (max-width: 960px) 100vw, 960px\" \/><\/a><\/strong><\/b><\/p>\n<p><b><strong>4 personer\u00a0<\/strong><\/b><\/p>\n<p><b>Bakad pumpa<\/b><\/p>\n<p>1 lite st\u00f6rre butternutpumpa<\/p>\n<p>kallpressad rapsolja<\/p>\n<p>flingsalt<\/p>\n<p><i>S\u00e4tt ugnen p\u00e5 175\u00b0. Sk\u00e4r bort \u00e4ndarna p\u00e5 pumpan, klyv den l\u00e4ngs med i mitten och gr\u00f6p ur k\u00e4rnorna med en sked. Droppa \u00f6ver rapsolja, salta och baka pumpan i en ugnss\u00e4ker form med skalsidan upp till den \u00e4r helt mjuk, ca 60 minuter beroende p\u00e5 storlek. L\u00e5t svalna n\u00e5got innan du skalar pumpan med hj\u00e4lp av en kniv och d\u00e4refter bryter den till rustika bitar.<\/i><\/p>\n<p><b>Pumpapur\u00e9<\/b><\/p>\n<p>h\u00e4lften av den bakade pumpan<\/p>\n<p>citronsaft<\/p>\n<p>salt<\/p>\n<p><i>Mixa pumpan ordentligt i en hush\u00e5llsmixer. Smaka av med citronsaft och salt. V\u00e4rm upp p\u00e5 l\u00e5g temperatur under st\u00e4ndig omr\u00f6rning d\u00e5 pur\u00e9n l\u00e4tt br\u00e4nner vid.\u00a0 \u00a0<\/i><\/p>\n<p><b>Blancherad svartk\u00e5l<\/b><\/p>\n<p>300 g svartk\u00e5l<\/p>\n<p>sm\u00f6r<\/p>\n<p>salt<\/p>\n<p><i>Ansa k\u00e5len genom att f\u00f6rsiktigt dra bladen fr\u00e5n stj\u00e4lkarna. Bryt ned i mindre bitar och tv\u00e4tta k\u00e5len ordentligt. Fyll en rymlig kastrull med vatten. Tills\u00e4tt en rej\u00e4l klick sm\u00f6r och salta vattnet ordentligt. L\u00e5t koka upp. Doppa svartk\u00e5len precis f\u00f6re servering i ca 30 sekunder. Detta kallas f\u00f6r att blanchera. \u00a0<\/i><\/p>\n<p><b>Stekt torskfil\u00e9<\/b><\/p>\n<p>600 g torskfil\u00e9 med skinn<\/p>\n<p>rapsolja<\/p>\n<p>sm\u00f6r<\/p>\n<p>flingsalt<\/p>\n<p><i>Portionera fisken till fyra lika stora bitar a 150 gram. Hetta upp en stekpanna. Salta fisken och stek den med skinnsidan ned\u00e5t p\u00e5 medelh\u00f6g v\u00e4rme tills den f\u00e5tt en fin stekyta, ca 2 minuter. V\u00e4nd fisken och stek ytterligare 1-2 minuter tills fisken \u00e4r f\u00e4rdig. Jag brukar f\u00f6rst steka i rapsolja d\u00e5 oljan t\u00e5l h\u00f6gre v\u00e4rme och mot slutet tills\u00e4tta en klick sm\u00f6r f\u00f6r den goda smakens skull.\u00a0<\/i><\/p>\n<p><b>Sm\u00f6rad kycklingbuljong<\/b><\/p>\n<p>1 kg kycklingvingar<\/p>\n<p>1 gul l\u00f6k<\/p>\n<p>1 morot<\/p>\n<p>1 lagerblad<\/p>\n<p>5 kvistar timjan<\/p>\n<p>sm\u00f6r<\/p>\n<p>\u00e4ppelcidervin\u00e4ger<\/p>\n<p><i>Sk\u00f6lj kycklingen ordentligt under rinnande vatten. Placera vingarna i en kastrull tillsammans med gr\u00f6nsaker och kryddor, t\u00e4ck med vatten. Koka upp och l\u00e5t sjuda 3 timmar utan lock. Skumma av ytan med j\u00e4mna mellanrum men r\u00f6r inte runt i kastrullen, d\u00e5 blir fonden l\u00e4tt grumlig. Sila av fonden och reducera tills cirka h\u00e4lften \u00e5terst\u00e5r. Tills\u00e4tt en rej\u00e4l klick sm\u00f6r i 2 dl reducerad kycklingbuljong precis f\u00f6re servering och smaka av med vin\u00e4ger. Mixa ihop s\u00e5sen med en stavmixer. \u00a0<\/i><\/p>\n<p><strong>Uppl\u00e4gg\u00a0<\/strong><\/p>\n<p><i>Jag serverar den h\u00e4r r\u00e4tten med nystekt svamp (jag anv\u00e4nde ostronskivling), krossade pumpafr\u00f6n och hackad kruspersilja. Har du inte tid att koka din egen fond funkar det n\u00e4stan lika bra med k\u00f6pt. Fast nej, det g\u00f6r det inte. Testa att koka egen s\u00e5 m\u00e4rker du skillnaden.<\/i><\/p>\n<p>&nbsp;<\/p>\n<p><strong>Peter Olsson, \u201dChefabetic\u201d<\/strong><\/p>\n<p>Recept publicerat 7 september 2016<\/p>\n","protected":false},"excerpt":{"rendered":"<p>4 personer\u00a0 Bakad pumpa 1 lite st\u00f6rre butternutpumpa kallpressad rapsolja flingsalt S\u00e4tt ugnen p\u00e5 175\u00b0. Sk\u00e4r bort \u00e4ndarna p\u00e5 pumpan, klyv den l\u00e4ngs med i mitten och gr\u00f6p ur k\u00e4rnorna med en sked. Droppa \u00f6ver rapsolja, salta och baka pumpan i en ugnss\u00e4ker form med skalsidan upp till den \u00e4r helt mjuk, ca 60 minuter [&hellip;]<\/p>\n","protected":false},"author":32,"featured_media":0,"parent":0,"menu_order":10,"comment_status":"closed","ping_status":"closed","template":"","meta":{"_acf_changed":false,"footnotes":""},"class_list":["post-9940","page","type-page","status-publish","hentry"],"acf":[],"yoast_head":"<!-- This site is optimized with the Yoast SEO plugin v27.1.1 - https:\/\/yoast.com\/product\/yoast-seo-wordpress\/ -->\n<title>Fine dining: Pumpa, k\u00e5l &amp; torsk - AnnaPS<\/title>\n<meta name=\"description\" content=\"AnnaPS makes clothes with integrated pockets to carry your diabetes devices such as insulin pump, pen and glucose meter. Stylish, high quality, functional and environmental focus.\" \/>\n<meta name=\"robots\" content=\"index, follow, max-snippet:-1, max-image-preview:large, max-video-preview:-1\" \/>\n<link rel=\"canonical\" href=\"https:\/\/annaps.com\/sv\/fine-dining-pumpa-kaal-torsk\/\" \/>\n<meta property=\"og:locale\" content=\"sv_SE\" \/>\n<meta property=\"og:type\" content=\"article\" \/>\n<meta property=\"og:title\" content=\"Fine dining: Pumpa, k\u00e5l &amp; torsk - AnnaPS\" \/>\n<meta property=\"og:description\" content=\"AnnaPS makes clothes with integrated pockets to carry your diabetes devices such as insulin pump, pen and glucose meter. Stylish, high quality, functional and environmental focus.\" \/>\n<meta property=\"og:url\" content=\"https:\/\/annaps.com\/sv\/fine-dining-pumpa-kaal-torsk\/\" \/>\n<meta property=\"og:site_name\" content=\"AnnaPS\" \/>\n<meta property=\"article:publisher\" content=\"https:\/\/www.facebook.com\/annaps.scandinavia\/\" \/>\n<meta property=\"article:modified_time\" content=\"2017-03-07T12:40:43+00:00\" \/>\n<meta property=\"og:image\" content=\"https:\/\/annaps.com\/wordpress\/content\/uploads\/2016\/09\/Pumpakaltorsk.jpg\" \/>\n<meta name=\"twitter:card\" content=\"summary_large_image\" \/>\n<meta name=\"twitter:label1\" content=\"Ber\u00e4knad l\u00e4stid\" \/>\n\t<meta name=\"twitter:data1\" content=\"2 minuter\" \/>\n<script type=\"application\/ld+json\" class=\"yoast-schema-graph\">{\"@context\":\"https:\/\/schema.org\",\"@graph\":[{\"@type\":\"WebPage\",\"@id\":\"https:\/\/annaps.com\/sv\/fine-dining-pumpa-kaal-torsk\/\",\"url\":\"https:\/\/annaps.com\/sv\/fine-dining-pumpa-kaal-torsk\/\",\"name\":\"Fine dining: Pumpa, k\u00e5l & torsk - AnnaPS\",\"isPartOf\":{\"@id\":\"https:\/\/annaps.com\/de\/#website\"},\"primaryImageOfPage\":{\"@id\":\"https:\/\/annaps.com\/sv\/fine-dining-pumpa-kaal-torsk\/#primaryimage\"},\"image\":{\"@id\":\"https:\/\/annaps.com\/sv\/fine-dining-pumpa-kaal-torsk\/#primaryimage\"},\"thumbnailUrl\":\"https:\/\/annaps.com\/wordpress\/content\/uploads\/2016\/09\/Pumpakaltorsk.jpg\",\"datePublished\":\"2016-09-07T13:44:31+00:00\",\"dateModified\":\"2017-03-07T12:40:43+00:00\",\"description\":\"AnnaPS makes clothes with integrated pockets to carry your diabetes devices such as insulin pump, pen and glucose meter. Stylish, high quality, functional and environmental focus.\",\"breadcrumb\":{\"@id\":\"https:\/\/annaps.com\/sv\/fine-dining-pumpa-kaal-torsk\/#breadcrumb\"},\"inLanguage\":\"sv-SE\",\"potentialAction\":[{\"@type\":\"ReadAction\",\"target\":[\"https:\/\/annaps.com\/sv\/fine-dining-pumpa-kaal-torsk\/\"]}]},{\"@type\":\"ImageObject\",\"inLanguage\":\"sv-SE\",\"@id\":\"https:\/\/annaps.com\/sv\/fine-dining-pumpa-kaal-torsk\/#primaryimage\",\"url\":\"https:\/\/annaps.com\/wordpress\/content\/uploads\/2016\/09\/Pumpakaltorsk.jpg\",\"contentUrl\":\"https:\/\/annaps.com\/wordpress\/content\/uploads\/2016\/09\/Pumpakaltorsk.jpg\"},{\"@type\":\"BreadcrumbList\",\"@id\":\"https:\/\/annaps.com\/sv\/fine-dining-pumpa-kaal-torsk\/#breadcrumb\",\"itemListElement\":[{\"@type\":\"ListItem\",\"position\":1,\"name\":\"Hem\",\"item\":\"https:\/\/annaps.com\/sv\/\"},{\"@type\":\"ListItem\",\"position\":2,\"name\":\"Fine dining: Pumpa, k\u00e5l &#038; torsk\"}]},{\"@type\":\"WebSite\",\"@id\":\"https:\/\/annaps.com\/de\/#website\",\"url\":\"https:\/\/annaps.com\/de\/\",\"name\":\"AnnaPS\",\"description\":\"Det skall vara enkelt att b\u00e4ra!\",\"potentialAction\":[{\"@type\":\"SearchAction\",\"target\":{\"@type\":\"EntryPoint\",\"urlTemplate\":\"https:\/\/annaps.com\/de\/?s={search_term_string}\"},\"query-input\":{\"@type\":\"PropertyValueSpecification\",\"valueRequired\":true,\"valueName\":\"search_term_string\"}}],\"inLanguage\":\"sv-SE\"}]}<\/script>\n<!-- \/ Yoast SEO plugin. -->","yoast_head_json":{"title":"Fine dining: Pumpa, k\u00e5l & torsk - AnnaPS","description":"AnnaPS makes clothes with integrated pockets to carry your diabetes devices such as insulin pump, pen and glucose meter. Stylish, high quality, functional and environmental focus.","robots":{"index":"index","follow":"follow","max-snippet":"max-snippet:-1","max-image-preview":"max-image-preview:large","max-video-preview":"max-video-preview:-1"},"canonical":"https:\/\/annaps.com\/sv\/fine-dining-pumpa-kaal-torsk\/","og_locale":"sv_SE","og_type":"article","og_title":"Fine dining: Pumpa, k\u00e5l & torsk - AnnaPS","og_description":"AnnaPS makes clothes with integrated pockets to carry your diabetes devices such as insulin pump, pen and glucose meter. Stylish, high quality, functional and environmental focus.","og_url":"https:\/\/annaps.com\/sv\/fine-dining-pumpa-kaal-torsk\/","og_site_name":"AnnaPS","article_publisher":"https:\/\/www.facebook.com\/annaps.scandinavia\/","article_modified_time":"2017-03-07T12:40:43+00:00","og_image":[{"url":"https:\/\/annaps.com\/wordpress\/content\/uploads\/2016\/09\/Pumpakaltorsk.jpg","type":"","width":"","height":""}],"twitter_card":"summary_large_image","twitter_misc":{"Ber\u00e4knad l\u00e4stid":"2 minuter"},"schema":{"@context":"https:\/\/schema.org","@graph":[{"@type":"WebPage","@id":"https:\/\/annaps.com\/sv\/fine-dining-pumpa-kaal-torsk\/","url":"https:\/\/annaps.com\/sv\/fine-dining-pumpa-kaal-torsk\/","name":"Fine dining: Pumpa, k\u00e5l & torsk - AnnaPS","isPartOf":{"@id":"https:\/\/annaps.com\/de\/#website"},"primaryImageOfPage":{"@id":"https:\/\/annaps.com\/sv\/fine-dining-pumpa-kaal-torsk\/#primaryimage"},"image":{"@id":"https:\/\/annaps.com\/sv\/fine-dining-pumpa-kaal-torsk\/#primaryimage"},"thumbnailUrl":"https:\/\/annaps.com\/wordpress\/content\/uploads\/2016\/09\/Pumpakaltorsk.jpg","datePublished":"2016-09-07T13:44:31+00:00","dateModified":"2017-03-07T12:40:43+00:00","description":"AnnaPS makes clothes with integrated pockets to carry your diabetes devices such as insulin pump, pen and glucose meter. Stylish, high quality, functional and environmental focus.","breadcrumb":{"@id":"https:\/\/annaps.com\/sv\/fine-dining-pumpa-kaal-torsk\/#breadcrumb"},"inLanguage":"sv-SE","potentialAction":[{"@type":"ReadAction","target":["https:\/\/annaps.com\/sv\/fine-dining-pumpa-kaal-torsk\/"]}]},{"@type":"ImageObject","inLanguage":"sv-SE","@id":"https:\/\/annaps.com\/sv\/fine-dining-pumpa-kaal-torsk\/#primaryimage","url":"https:\/\/annaps.com\/wordpress\/content\/uploads\/2016\/09\/Pumpakaltorsk.jpg","contentUrl":"https:\/\/annaps.com\/wordpress\/content\/uploads\/2016\/09\/Pumpakaltorsk.jpg"},{"@type":"BreadcrumbList","@id":"https:\/\/annaps.com\/sv\/fine-dining-pumpa-kaal-torsk\/#breadcrumb","itemListElement":[{"@type":"ListItem","position":1,"name":"Hem","item":"https:\/\/annaps.com\/sv\/"},{"@type":"ListItem","position":2,"name":"Fine dining: Pumpa, k\u00e5l &#038; torsk"}]},{"@type":"WebSite","@id":"https:\/\/annaps.com\/de\/#website","url":"https:\/\/annaps.com\/de\/","name":"AnnaPS","description":"Det skall vara enkelt att b\u00e4ra!","potentialAction":[{"@type":"SearchAction","target":{"@type":"EntryPoint","urlTemplate":"https:\/\/annaps.com\/de\/?s={search_term_string}"},"query-input":{"@type":"PropertyValueSpecification","valueRequired":true,"valueName":"search_term_string"}}],"inLanguage":"sv-SE"}]}},"_links":{"self":[{"href":"https:\/\/annaps.com\/sv\/wp-json\/wp\/v2\/pages\/9940","targetHints":{"allow":["GET"]}}],"collection":[{"href":"https:\/\/annaps.com\/sv\/wp-json\/wp\/v2\/pages"}],"about":[{"href":"https:\/\/annaps.com\/sv\/wp-json\/wp\/v2\/types\/page"}],"author":[{"embeddable":true,"href":"https:\/\/annaps.com\/sv\/wp-json\/wp\/v2\/users\/32"}],"replies":[{"embeddable":true,"href":"https:\/\/annaps.com\/sv\/wp-json\/wp\/v2\/comments?post=9940"}],"version-history":[{"count":0,"href":"https:\/\/annaps.com\/sv\/wp-json\/wp\/v2\/pages\/9940\/revisions"}],"wp:attachment":[{"href":"https:\/\/annaps.com\/sv\/wp-json\/wp\/v2\/media?parent=9940"}],"curies":[{"name":"wp","href":"https:\/\/api.w.org\/{rel}","templated":true}]}}