{"id":9482,"date":"2016-07-21T18:02:12","date_gmt":"2016-07-21T16:02:12","guid":{"rendered":"https:\/\/www.annaps.com\/?page_id=9482"},"modified":"2017-03-07T13:46:54","modified_gmt":"2017-03-07T12:46:54","slug":"breakfast-smoothiebowl-med-hallon-granola","status":"publish","type":"page","link":"https:\/\/annaps.com\/sv\/breakfast-smoothiebowl-med-hallon-granola\/","title":{"rendered":"Breakfast: Smoothiebowl med hallon &#038; granola"},"content":{"rendered":"<p><a href=\"https:\/\/annaps.com\/wordpress\/content\/uploads\/2016\/07\/Image.png.jpeg\"><img loading=\"lazy\" decoding=\"async\" class=\"aligncenter wp-image-9483 size-large\" src=\"https:\/\/annaps.com\/wordpress\/content\/uploads\/2016\/07\/Image.png-1024x1024.jpeg\" alt=\"Image.png\" width=\"1024\" height=\"1024\" srcset=\"https:\/\/annaps.com\/content\/uploads\/2016\/07\/Image.png-1024x1024.jpeg 1024w, https:\/\/annaps.com\/content\/uploads\/2016\/07\/Image.png-150x150.jpeg 150w, https:\/\/annaps.com\/content\/uploads\/2016\/07\/Image.png-300x300.jpeg 300w, https:\/\/annaps.com\/content\/uploads\/2016\/07\/Image.png-768x768.jpeg 768w, https:\/\/annaps.com\/content\/uploads\/2016\/07\/Image.png-200x200.jpeg 200w, https:\/\/annaps.com\/content\/uploads\/2016\/07\/Image.png-870x870.jpeg 870w, https:\/\/annaps.com\/content\/uploads\/2016\/07\/Image.png-455x455.jpeg 455w, https:\/\/annaps.com\/content\/uploads\/2016\/07\/Image.png-100x100.jpeg 100w, https:\/\/annaps.com\/content\/uploads\/2016\/07\/Image.png-55x55.jpeg 55w, https:\/\/annaps.com\/content\/uploads\/2016\/07\/Image.png-180x180.jpeg 180w, https:\/\/annaps.com\/content\/uploads\/2016\/07\/Image.png-600x600.jpeg 600w\" sizes=\"auto, (max-width: 1024px) 100vw, 1024px\" \/><\/a><\/p>\n<p><em>Detta \u00e4r den b\u00e4sta sommarfrukosten jag kan t\u00e4nka mig. Dessutom \u00e4r b\u00e5de smoothien och granolan l\u00e4tta att variera. L\u00e5t fantasin fl\u00f6da!\u00a0<\/em><\/p>\n<p>&nbsp;<\/p>\n<p><strong>Smoothiebowl\u00a0<\/strong><\/p>\n<p>1 banan<\/p>\n<p>2 dl frysta hallon<\/p>\n<p>1 dl frysta bl\u00e5b\u00e4r<\/p>\n<p>1 dl kokosmj\u00f6lk<\/p>\n<p><em>Mixa ihop allting i en kraftig blender tills smoothien har \u00f6nskad konsistens.\u00a0<\/em><\/p>\n<p>&nbsp;<\/p>\n<p><strong>Granola<\/strong><\/p>\n<p>2 dl havregryn<\/p>\n<p>2 dl r\u00e5gflingor<\/p>\n<p>2 dl solrosfr\u00f6n<\/p>\n<p>1 dl pumpak\u00e4rnor<\/p>\n<p>1 dl linfr\u00f6n<\/p>\n<p>1 dl mandel<\/p>\n<p>1 dl cashewn\u00f6tter<\/p>\n<p>1 dl valn\u00f6tter<\/p>\n<p>3 msk vatten<\/p>\n<p>2 msk rapsolja<\/p>\n<p>1 msk flytande honung<\/p>\n<p>1 msk kanel<\/p>\n<p><em>Hacka mandel, cashewn\u00f6tter och valn\u00f6tter grovt. Blanda alla torra ingredienser f\u00f6rutom kanel i en stor sk\u00e5l. I en annan sk\u00e5l, blanda vatten, olja, honung och kanel och h\u00e4ll blandningen \u00f6ver granolan och blanda. H\u00e4ll granolan i en ugnss\u00e4ker form och rosta p\u00e5 200\u00b0C\/392\u00b0F i 15 minuter. Blanda runt i granolan var femte minut s\u00e5 br\u00e4nns den inte.\u00a0<\/em><\/p>\n<p>Till servering beh\u00f6ver du \u00e4ven f\u00e4rsta hallon, mynta och jordn\u00f6tssm\u00f6r.<\/p>\n<p>&nbsp;<\/p>\n<p><strong>Peter Olsson, &#8221;Chefabetic&#8221;<\/strong><\/p>\n<p>Recept publicerat 21 juli 2016<\/p>\n","protected":false},"excerpt":{"rendered":"<p>Detta \u00e4r den b\u00e4sta sommarfrukosten jag kan t\u00e4nka mig. Dessutom \u00e4r b\u00e5de smoothien och granolan l\u00e4tta att variera. L\u00e5t fantasin fl\u00f6da!\u00a0 &nbsp; Smoothiebowl\u00a0 1 banan 2 dl frysta hallon 1 dl frysta bl\u00e5b\u00e4r 1 dl kokosmj\u00f6lk Mixa ihop allting i en kraftig blender tills smoothien har \u00f6nskad konsistens.\u00a0 &nbsp; Granola 2 dl havregryn 2 dl [&hellip;]<\/p>\n","protected":false},"author":5,"featured_media":0,"parent":0,"menu_order":3,"comment_status":"closed","ping_status":"closed","template":"","meta":{"_acf_changed":false,"footnotes":""},"class_list":["post-9482","page","type-page","status-publish","hentry"],"acf":[],"yoast_head":"<!-- This site is optimized with the Yoast SEO plugin v27.1.1 - https:\/\/yoast.com\/product\/yoast-seo-wordpress\/ -->\n<title>Breakfast: Smoothiebowl med hallon &amp; granola - AnnaPS<\/title>\n<meta name=\"description\" content=\"AnnaPS makes clothes with integrated pockets to carry your diabetes devices such as insulin pump, pen and glucose meter. Stylish, high quality, functional and environmental focus.\" \/>\n<meta name=\"robots\" content=\"index, follow, max-snippet:-1, max-image-preview:large, max-video-preview:-1\" \/>\n<link rel=\"canonical\" href=\"https:\/\/annaps.com\/sv\/breakfast-smoothiebowl-med-hallon-granola\/\" \/>\n<meta property=\"og:locale\" content=\"sv_SE\" \/>\n<meta property=\"og:type\" content=\"article\" \/>\n<meta property=\"og:title\" content=\"Breakfast: Smoothiebowl med hallon &amp; granola - AnnaPS\" \/>\n<meta property=\"og:description\" content=\"AnnaPS makes clothes with integrated pockets to carry your diabetes devices such as insulin pump, pen and glucose meter. Stylish, high quality, functional and environmental focus.\" \/>\n<meta property=\"og:url\" content=\"https:\/\/annaps.com\/sv\/breakfast-smoothiebowl-med-hallon-granola\/\" \/>\n<meta property=\"og:site_name\" content=\"AnnaPS\" \/>\n<meta property=\"article:publisher\" content=\"https:\/\/www.facebook.com\/annaps.scandinavia\/\" \/>\n<meta property=\"article:modified_time\" content=\"2017-03-07T12:46:54+00:00\" \/>\n<meta property=\"og:image\" content=\"https:\/\/annaps.com\/wordpress\/content\/uploads\/2016\/07\/Image.png-1024x1024.jpeg\" \/>\n<meta name=\"twitter:card\" content=\"summary_large_image\" \/>\n<meta name=\"twitter:label1\" content=\"Ber\u00e4knad l\u00e4stid\" \/>\n\t<meta name=\"twitter:data1\" content=\"1 minut\" \/>\n<script type=\"application\/ld+json\" class=\"yoast-schema-graph\">{\"@context\":\"https:\/\/schema.org\",\"@graph\":[{\"@type\":\"WebPage\",\"@id\":\"https:\/\/annaps.com\/sv\/breakfast-smoothiebowl-med-hallon-granola\/\",\"url\":\"https:\/\/annaps.com\/sv\/breakfast-smoothiebowl-med-hallon-granola\/\",\"name\":\"Breakfast: Smoothiebowl med hallon & granola - AnnaPS\",\"isPartOf\":{\"@id\":\"https:\/\/annaps.com\/de\/#website\"},\"primaryImageOfPage\":{\"@id\":\"https:\/\/annaps.com\/sv\/breakfast-smoothiebowl-med-hallon-granola\/#primaryimage\"},\"image\":{\"@id\":\"https:\/\/annaps.com\/sv\/breakfast-smoothiebowl-med-hallon-granola\/#primaryimage\"},\"thumbnailUrl\":\"https:\/\/annaps.com\/wordpress\/content\/uploads\/2016\/07\/Image.png-1024x1024.jpeg\",\"datePublished\":\"2016-07-21T16:02:12+00:00\",\"dateModified\":\"2017-03-07T12:46:54+00:00\",\"description\":\"AnnaPS makes clothes with integrated pockets to carry your diabetes devices such as insulin pump, pen and glucose meter. Stylish, high quality, functional and environmental focus.\",\"breadcrumb\":{\"@id\":\"https:\/\/annaps.com\/sv\/breakfast-smoothiebowl-med-hallon-granola\/#breadcrumb\"},\"inLanguage\":\"sv-SE\",\"potentialAction\":[{\"@type\":\"ReadAction\",\"target\":[\"https:\/\/annaps.com\/sv\/breakfast-smoothiebowl-med-hallon-granola\/\"]}]},{\"@type\":\"ImageObject\",\"inLanguage\":\"sv-SE\",\"@id\":\"https:\/\/annaps.com\/sv\/breakfast-smoothiebowl-med-hallon-granola\/#primaryimage\",\"url\":\"https:\/\/annaps.com\/wordpress\/content\/uploads\/2016\/07\/Image.png-1024x1024.jpeg\",\"contentUrl\":\"https:\/\/annaps.com\/wordpress\/content\/uploads\/2016\/07\/Image.png-1024x1024.jpeg\"},{\"@type\":\"BreadcrumbList\",\"@id\":\"https:\/\/annaps.com\/sv\/breakfast-smoothiebowl-med-hallon-granola\/#breadcrumb\",\"itemListElement\":[{\"@type\":\"ListItem\",\"position\":1,\"name\":\"Hem\",\"item\":\"https:\/\/annaps.com\/sv\/\"},{\"@type\":\"ListItem\",\"position\":2,\"name\":\"Breakfast: Smoothiebowl med hallon &#038; granola\"}]},{\"@type\":\"WebSite\",\"@id\":\"https:\/\/annaps.com\/de\/#website\",\"url\":\"https:\/\/annaps.com\/de\/\",\"name\":\"AnnaPS\",\"description\":\"Det skall vara enkelt att b\u00e4ra!\",\"potentialAction\":[{\"@type\":\"SearchAction\",\"target\":{\"@type\":\"EntryPoint\",\"urlTemplate\":\"https:\/\/annaps.com\/de\/?s={search_term_string}\"},\"query-input\":{\"@type\":\"PropertyValueSpecification\",\"valueRequired\":true,\"valueName\":\"search_term_string\"}}],\"inLanguage\":\"sv-SE\"}]}<\/script>\n<!-- \/ Yoast SEO plugin. -->","yoast_head_json":{"title":"Breakfast: Smoothiebowl med hallon & granola - AnnaPS","description":"AnnaPS makes clothes with integrated pockets to carry your diabetes devices such as insulin pump, pen and glucose meter. Stylish, high quality, functional and environmental focus.","robots":{"index":"index","follow":"follow","max-snippet":"max-snippet:-1","max-image-preview":"max-image-preview:large","max-video-preview":"max-video-preview:-1"},"canonical":"https:\/\/annaps.com\/sv\/breakfast-smoothiebowl-med-hallon-granola\/","og_locale":"sv_SE","og_type":"article","og_title":"Breakfast: Smoothiebowl med hallon & granola - AnnaPS","og_description":"AnnaPS makes clothes with integrated pockets to carry your diabetes devices such as insulin pump, pen and glucose meter. Stylish, high quality, functional and environmental focus.","og_url":"https:\/\/annaps.com\/sv\/breakfast-smoothiebowl-med-hallon-granola\/","og_site_name":"AnnaPS","article_publisher":"https:\/\/www.facebook.com\/annaps.scandinavia\/","article_modified_time":"2017-03-07T12:46:54+00:00","og_image":[{"url":"https:\/\/annaps.com\/wordpress\/content\/uploads\/2016\/07\/Image.png-1024x1024.jpeg","type":"","width":"","height":""}],"twitter_card":"summary_large_image","twitter_misc":{"Ber\u00e4knad l\u00e4stid":"1 minut"},"schema":{"@context":"https:\/\/schema.org","@graph":[{"@type":"WebPage","@id":"https:\/\/annaps.com\/sv\/breakfast-smoothiebowl-med-hallon-granola\/","url":"https:\/\/annaps.com\/sv\/breakfast-smoothiebowl-med-hallon-granola\/","name":"Breakfast: Smoothiebowl med hallon & granola - AnnaPS","isPartOf":{"@id":"https:\/\/annaps.com\/de\/#website"},"primaryImageOfPage":{"@id":"https:\/\/annaps.com\/sv\/breakfast-smoothiebowl-med-hallon-granola\/#primaryimage"},"image":{"@id":"https:\/\/annaps.com\/sv\/breakfast-smoothiebowl-med-hallon-granola\/#primaryimage"},"thumbnailUrl":"https:\/\/annaps.com\/wordpress\/content\/uploads\/2016\/07\/Image.png-1024x1024.jpeg","datePublished":"2016-07-21T16:02:12+00:00","dateModified":"2017-03-07T12:46:54+00:00","description":"AnnaPS makes clothes with integrated pockets to carry your diabetes devices such as insulin pump, pen and glucose meter. Stylish, high quality, functional and environmental focus.","breadcrumb":{"@id":"https:\/\/annaps.com\/sv\/breakfast-smoothiebowl-med-hallon-granola\/#breadcrumb"},"inLanguage":"sv-SE","potentialAction":[{"@type":"ReadAction","target":["https:\/\/annaps.com\/sv\/breakfast-smoothiebowl-med-hallon-granola\/"]}]},{"@type":"ImageObject","inLanguage":"sv-SE","@id":"https:\/\/annaps.com\/sv\/breakfast-smoothiebowl-med-hallon-granola\/#primaryimage","url":"https:\/\/annaps.com\/wordpress\/content\/uploads\/2016\/07\/Image.png-1024x1024.jpeg","contentUrl":"https:\/\/annaps.com\/wordpress\/content\/uploads\/2016\/07\/Image.png-1024x1024.jpeg"},{"@type":"BreadcrumbList","@id":"https:\/\/annaps.com\/sv\/breakfast-smoothiebowl-med-hallon-granola\/#breadcrumb","itemListElement":[{"@type":"ListItem","position":1,"name":"Hem","item":"https:\/\/annaps.com\/sv\/"},{"@type":"ListItem","position":2,"name":"Breakfast: Smoothiebowl med hallon &#038; granola"}]},{"@type":"WebSite","@id":"https:\/\/annaps.com\/de\/#website","url":"https:\/\/annaps.com\/de\/","name":"AnnaPS","description":"Det skall vara enkelt att b\u00e4ra!","potentialAction":[{"@type":"SearchAction","target":{"@type":"EntryPoint","urlTemplate":"https:\/\/annaps.com\/de\/?s={search_term_string}"},"query-input":{"@type":"PropertyValueSpecification","valueRequired":true,"valueName":"search_term_string"}}],"inLanguage":"sv-SE"}]}},"_links":{"self":[{"href":"https:\/\/annaps.com\/sv\/wp-json\/wp\/v2\/pages\/9482","targetHints":{"allow":["GET"]}}],"collection":[{"href":"https:\/\/annaps.com\/sv\/wp-json\/wp\/v2\/pages"}],"about":[{"href":"https:\/\/annaps.com\/sv\/wp-json\/wp\/v2\/types\/page"}],"author":[{"embeddable":true,"href":"https:\/\/annaps.com\/sv\/wp-json\/wp\/v2\/users\/5"}],"replies":[{"embeddable":true,"href":"https:\/\/annaps.com\/sv\/wp-json\/wp\/v2\/comments?post=9482"}],"version-history":[{"count":0,"href":"https:\/\/annaps.com\/sv\/wp-json\/wp\/v2\/pages\/9482\/revisions"}],"wp:attachment":[{"href":"https:\/\/annaps.com\/sv\/wp-json\/wp\/v2\/media?parent=9482"}],"curies":[{"name":"wp","href":"https:\/\/api.w.org\/{rel}","templated":true}]}}