{"id":9259,"date":"2016-06-16T14:26:39","date_gmt":"2016-06-16T12:26:39","guid":{"rendered":"https:\/\/www.annaps.com\/?page_id=9259"},"modified":"2017-03-07T13:40:44","modified_gmt":"2017-03-07T12:40:44","slug":"every-day-food-roeding-groena-aertor-picklad-loek","status":"publish","type":"page","link":"https:\/\/annaps.com\/sv\/every-day-food-roeding-groena-aertor-picklad-loek\/","title":{"rendered":"Fine dining: R\u00f6ding, gr\u00f6na \u00e4rtor &#038; picklad l\u00f6k"},"content":{"rendered":"<p><a href=\"https:\/\/annaps.com\/wordpress\/content\/uploads\/2016\/06\/Image.png-1.jpeg\" rel=\"attachment wp-att-9260\"><img loading=\"lazy\" decoding=\"async\" class=\"aligncenter wp-image-9260 size-full\" src=\"https:\/\/annaps.com\/wordpress\/content\/uploads\/2016\/06\/Image.png-1.jpeg\" alt=\"Image.png\" width=\"2448\" height=\"2448\" srcset=\"https:\/\/annaps.com\/content\/uploads\/2016\/06\/Image.png-1.jpeg 2448w, https:\/\/annaps.com\/content\/uploads\/2016\/06\/Image.png-1-150x150.jpeg 150w, https:\/\/annaps.com\/content\/uploads\/2016\/06\/Image.png-1-300x300.jpeg 300w, https:\/\/annaps.com\/content\/uploads\/2016\/06\/Image.png-1-768x768.jpeg 768w, https:\/\/annaps.com\/content\/uploads\/2016\/06\/Image.png-1-1024x1024.jpeg 1024w, https:\/\/annaps.com\/content\/uploads\/2016\/06\/Image.png-1-200x200.jpeg 200w, https:\/\/annaps.com\/content\/uploads\/2016\/06\/Image.png-1-870x870.jpeg 870w, https:\/\/annaps.com\/content\/uploads\/2016\/06\/Image.png-1-455x455.jpeg 455w, https:\/\/annaps.com\/content\/uploads\/2016\/06\/Image.png-1-100x100.jpeg 100w, https:\/\/annaps.com\/content\/uploads\/2016\/06\/Image.png-1-55x55.jpeg 55w, https:\/\/annaps.com\/content\/uploads\/2016\/06\/Image.png-1-180x180.jpeg 180w, https:\/\/annaps.com\/content\/uploads\/2016\/06\/Image.png-1-600x600.jpeg 600w\" sizes=\"auto, (max-width: 2448px) 100vw, 2448px\" \/><\/a><\/p>\n<p><em>Detta \u00e4r en riktigt fr\u00e4sch sommarr\u00e4tt. R\u00f6ding \u00e4r en av mina favoritfiskar d\u00e5 den \u00e4r v\u00e4ldigt god och samtidigt t\u00e4mligen enkel att arbeta med. Som vanligt n\u00e4r det g\u00e4ller fisk anv\u00e4nder jag f\u00e4rsk fisk. Recepten \u00e4r skrivna i den ordningen jag sj\u00e4lv hade valt att utf\u00f6ra dom. L\u00e4s noga igenom hela recepten innan ni s\u00e4tter ig\u00e5ng.\u00a0<\/em><\/p>\n<p>&nbsp;<\/p>\n<p><strong>4 personer<\/strong><\/p>\n<p>&nbsp;<\/p>\n<p><strong>Picklad r\u00f6dl\u00f6k\u00a0<\/strong><\/p>\n<p>4 sm\u00e5 r\u00f6dl\u00f6kar<\/p>\n<p>1 dl \u00e4ttika<\/p>\n<p>1 dl flytande honung eller annat s\u00f6tningsmedel (g\u00e5r att utesluta)<\/p>\n<p>3 dl vatten<\/p>\n<p><em>Blanda \u00e4ttika, s\u00f6tningsmedel och vatten i en kastrull och l\u00e5t koka upp. Skala l\u00f6ken och sk\u00e4r den i mitten, fr\u00e5n rot till topp. Plocka ned l\u00f6ken lager f\u00f6r lager och h\u00e4ll den varma lagen \u00f6ver l\u00f6ken. L\u00e5t st\u00e5 minst en timme, men g\u00e4rna \u00f6ver natten f\u00f6r en vackrare f\u00e4rg och mer intensiv smak.\u00a0<\/em><\/p>\n<p><strong>Crem\u00e9 p\u00e5 gr\u00f6na \u00e4rtor\u00a0<\/strong><\/p>\n<p>500 g frysta gr\u00f6na \u00e4rtor<\/p>\n<p>salt<\/p>\n<p><em>S\u00e4nk de frysta \u00e4rtorna hastigt i kokande vatten. Upprepa tv\u00e5 g\u00e5nger. Detta kallas f\u00f6r att blanchera. Mixa \u00e4rtorna i matberedare p\u00e5 h\u00f6gsta hastighet tills crem\u00e9n \u00e4r sl\u00e4t. Smaka av med salt. F\u00f6r en riktigt sl\u00e4t crem\u00e9, passera genom en finmaskig sil. V\u00e4rm f\u00f6rsiktigt upp crem\u00e9n precis f\u00f6re servering. Den fina gr\u00f6na f\u00e4rgen blir l\u00e4tt tr\u00e5kigt milit\u00e4rgr\u00f6n vid varmh\u00e5llning.\u00a0<\/em><\/p>\n<p><strong>Bakad r\u00f6ding\u00a0<\/strong><\/p>\n<p>4 sm\u00e5 r\u00f6dingfil\u00e9er<\/p>\n<p>olja till formen<\/p>\n<p>havssalt<\/p>\n<p><em>S\u00e4tt ugnen p\u00e5 150\u00b0C\/302\u00b0F. Droppa olja i en ugnss\u00e4ker form, salta f\u00f6rsiktigt r\u00f6dingfil\u00e9erna och placera dessa i formen med skinnsidan upp\u00e5t. Baka i cirka 9 minuter, eller till innertemperaturen \u00e4r 40\u00b0C\/104\u00b0C. Dra f\u00f6rsiktigt av skinnet fr\u00e5n fisken.<\/em><\/p>\n<p>&nbsp;<\/p>\n<p>Till servering beh\u00f6ver du hyvlad gurka (anv\u00e4nd osthyvel!), forellrom och f\u00e4rska \u00f6rter &#8211; i mitt fall dill, tr\u00e4dg\u00e5rdkrasse och buskkrasse.<\/p>\n<p>&nbsp;<\/p>\n<p><strong>Peter Olsson, \u201dChefabetic\u201d\u00a0<\/strong><\/p>\n<p>Recept publicerat 16 juni 2016<\/p>\n","protected":false},"excerpt":{"rendered":"<p>Detta \u00e4r en riktigt fr\u00e4sch sommarr\u00e4tt. R\u00f6ding \u00e4r en av mina favoritfiskar d\u00e5 den \u00e4r v\u00e4ldigt god och samtidigt t\u00e4mligen enkel att arbeta med. Som vanligt n\u00e4r det g\u00e4ller fisk anv\u00e4nder jag f\u00e4rsk fisk. Recepten \u00e4r skrivna i den ordningen jag sj\u00e4lv hade valt att utf\u00f6ra dom. L\u00e4s noga igenom hela recepten innan ni s\u00e4tter [&hellip;]<\/p>\n","protected":false},"author":5,"featured_media":0,"parent":0,"menu_order":18,"comment_status":"closed","ping_status":"closed","template":"","meta":{"_acf_changed":false,"footnotes":""},"class_list":["post-9259","page","type-page","status-publish","hentry"],"acf":[],"yoast_head":"<!-- This site is optimized with the Yoast SEO plugin v27.1.1 - https:\/\/yoast.com\/product\/yoast-seo-wordpress\/ -->\n<title>Fine dining: R\u00f6ding, gr\u00f6na \u00e4rtor &amp; picklad l\u00f6k - AnnaPS<\/title>\n<meta name=\"description\" content=\"AnnaPS makes clothes with integrated pockets to carry your diabetes devices such as insulin pump, pen and glucose meter. Stylish, high quality, functional and environmental focus.\" \/>\n<meta name=\"robots\" content=\"index, follow, max-snippet:-1, max-image-preview:large, max-video-preview:-1\" \/>\n<link rel=\"canonical\" href=\"https:\/\/annaps.com\/sv\/every-day-food-roeding-groena-aertor-picklad-loek\/\" \/>\n<meta property=\"og:locale\" content=\"sv_SE\" \/>\n<meta property=\"og:type\" content=\"article\" \/>\n<meta property=\"og:title\" content=\"Fine dining: R\u00f6ding, gr\u00f6na \u00e4rtor &amp; picklad l\u00f6k - AnnaPS\" \/>\n<meta property=\"og:description\" content=\"AnnaPS makes clothes with integrated pockets to carry your diabetes devices such as insulin pump, pen and glucose meter. Stylish, high quality, functional and environmental focus.\" \/>\n<meta property=\"og:url\" content=\"https:\/\/annaps.com\/sv\/every-day-food-roeding-groena-aertor-picklad-loek\/\" \/>\n<meta property=\"og:site_name\" content=\"AnnaPS\" \/>\n<meta property=\"article:publisher\" content=\"https:\/\/www.facebook.com\/annaps.scandinavia\/\" \/>\n<meta property=\"article:modified_time\" content=\"2017-03-07T12:40:44+00:00\" \/>\n<meta property=\"og:image\" content=\"https:\/\/annaps.com\/wordpress\/content\/uploads\/2016\/06\/Image.png-1.jpeg\" \/>\n<meta name=\"twitter:card\" content=\"summary_large_image\" \/>\n<meta name=\"twitter:label1\" content=\"Ber\u00e4knad l\u00e4stid\" \/>\n\t<meta name=\"twitter:data1\" content=\"2 minuter\" \/>\n<script type=\"application\/ld+json\" class=\"yoast-schema-graph\">{\"@context\":\"https:\/\/schema.org\",\"@graph\":[{\"@type\":\"WebPage\",\"@id\":\"https:\/\/annaps.com\/sv\/every-day-food-roeding-groena-aertor-picklad-loek\/\",\"url\":\"https:\/\/annaps.com\/sv\/every-day-food-roeding-groena-aertor-picklad-loek\/\",\"name\":\"Fine dining: R\u00f6ding, gr\u00f6na \u00e4rtor & picklad l\u00f6k - AnnaPS\",\"isPartOf\":{\"@id\":\"https:\/\/annaps.com\/de\/#website\"},\"primaryImageOfPage\":{\"@id\":\"https:\/\/annaps.com\/sv\/every-day-food-roeding-groena-aertor-picklad-loek\/#primaryimage\"},\"image\":{\"@id\":\"https:\/\/annaps.com\/sv\/every-day-food-roeding-groena-aertor-picklad-loek\/#primaryimage\"},\"thumbnailUrl\":\"https:\/\/annaps.com\/wordpress\/content\/uploads\/2016\/06\/Image.png-1.jpeg\",\"datePublished\":\"2016-06-16T12:26:39+00:00\",\"dateModified\":\"2017-03-07T12:40:44+00:00\",\"description\":\"AnnaPS makes clothes with integrated pockets to carry your diabetes devices such as insulin pump, pen and glucose meter. Stylish, high quality, functional and environmental focus.\",\"breadcrumb\":{\"@id\":\"https:\/\/annaps.com\/sv\/every-day-food-roeding-groena-aertor-picklad-loek\/#breadcrumb\"},\"inLanguage\":\"sv-SE\",\"potentialAction\":[{\"@type\":\"ReadAction\",\"target\":[\"https:\/\/annaps.com\/sv\/every-day-food-roeding-groena-aertor-picklad-loek\/\"]}]},{\"@type\":\"ImageObject\",\"inLanguage\":\"sv-SE\",\"@id\":\"https:\/\/annaps.com\/sv\/every-day-food-roeding-groena-aertor-picklad-loek\/#primaryimage\",\"url\":\"https:\/\/annaps.com\/wordpress\/content\/uploads\/2016\/06\/Image.png-1.jpeg\",\"contentUrl\":\"https:\/\/annaps.com\/wordpress\/content\/uploads\/2016\/06\/Image.png-1.jpeg\"},{\"@type\":\"BreadcrumbList\",\"@id\":\"https:\/\/annaps.com\/sv\/every-day-food-roeding-groena-aertor-picklad-loek\/#breadcrumb\",\"itemListElement\":[{\"@type\":\"ListItem\",\"position\":1,\"name\":\"Hem\",\"item\":\"https:\/\/annaps.com\/sv\/\"},{\"@type\":\"ListItem\",\"position\":2,\"name\":\"Fine dining: R\u00f6ding, gr\u00f6na \u00e4rtor &#038; picklad l\u00f6k\"}]},{\"@type\":\"WebSite\",\"@id\":\"https:\/\/annaps.com\/de\/#website\",\"url\":\"https:\/\/annaps.com\/de\/\",\"name\":\"AnnaPS\",\"description\":\"Det skall vara enkelt att b\u00e4ra!\",\"potentialAction\":[{\"@type\":\"SearchAction\",\"target\":{\"@type\":\"EntryPoint\",\"urlTemplate\":\"https:\/\/annaps.com\/de\/?s={search_term_string}\"},\"query-input\":{\"@type\":\"PropertyValueSpecification\",\"valueRequired\":true,\"valueName\":\"search_term_string\"}}],\"inLanguage\":\"sv-SE\"}]}<\/script>\n<!-- \/ Yoast SEO plugin. -->","yoast_head_json":{"title":"Fine dining: R\u00f6ding, gr\u00f6na \u00e4rtor & picklad l\u00f6k - AnnaPS","description":"AnnaPS makes clothes with integrated pockets to carry your diabetes devices such as insulin pump, pen and glucose meter. Stylish, high quality, functional and environmental focus.","robots":{"index":"index","follow":"follow","max-snippet":"max-snippet:-1","max-image-preview":"max-image-preview:large","max-video-preview":"max-video-preview:-1"},"canonical":"https:\/\/annaps.com\/sv\/every-day-food-roeding-groena-aertor-picklad-loek\/","og_locale":"sv_SE","og_type":"article","og_title":"Fine dining: R\u00f6ding, gr\u00f6na \u00e4rtor & picklad l\u00f6k - AnnaPS","og_description":"AnnaPS makes clothes with integrated pockets to carry your diabetes devices such as insulin pump, pen and glucose meter. Stylish, high quality, functional and environmental focus.","og_url":"https:\/\/annaps.com\/sv\/every-day-food-roeding-groena-aertor-picklad-loek\/","og_site_name":"AnnaPS","article_publisher":"https:\/\/www.facebook.com\/annaps.scandinavia\/","article_modified_time":"2017-03-07T12:40:44+00:00","og_image":[{"url":"https:\/\/annaps.com\/wordpress\/content\/uploads\/2016\/06\/Image.png-1.jpeg","type":"","width":"","height":""}],"twitter_card":"summary_large_image","twitter_misc":{"Ber\u00e4knad l\u00e4stid":"2 minuter"},"schema":{"@context":"https:\/\/schema.org","@graph":[{"@type":"WebPage","@id":"https:\/\/annaps.com\/sv\/every-day-food-roeding-groena-aertor-picklad-loek\/","url":"https:\/\/annaps.com\/sv\/every-day-food-roeding-groena-aertor-picklad-loek\/","name":"Fine dining: R\u00f6ding, gr\u00f6na \u00e4rtor & picklad l\u00f6k - AnnaPS","isPartOf":{"@id":"https:\/\/annaps.com\/de\/#website"},"primaryImageOfPage":{"@id":"https:\/\/annaps.com\/sv\/every-day-food-roeding-groena-aertor-picklad-loek\/#primaryimage"},"image":{"@id":"https:\/\/annaps.com\/sv\/every-day-food-roeding-groena-aertor-picklad-loek\/#primaryimage"},"thumbnailUrl":"https:\/\/annaps.com\/wordpress\/content\/uploads\/2016\/06\/Image.png-1.jpeg","datePublished":"2016-06-16T12:26:39+00:00","dateModified":"2017-03-07T12:40:44+00:00","description":"AnnaPS makes clothes with integrated pockets to carry your diabetes devices such as insulin pump, pen and glucose meter. Stylish, high quality, functional and environmental focus.","breadcrumb":{"@id":"https:\/\/annaps.com\/sv\/every-day-food-roeding-groena-aertor-picklad-loek\/#breadcrumb"},"inLanguage":"sv-SE","potentialAction":[{"@type":"ReadAction","target":["https:\/\/annaps.com\/sv\/every-day-food-roeding-groena-aertor-picklad-loek\/"]}]},{"@type":"ImageObject","inLanguage":"sv-SE","@id":"https:\/\/annaps.com\/sv\/every-day-food-roeding-groena-aertor-picklad-loek\/#primaryimage","url":"https:\/\/annaps.com\/wordpress\/content\/uploads\/2016\/06\/Image.png-1.jpeg","contentUrl":"https:\/\/annaps.com\/wordpress\/content\/uploads\/2016\/06\/Image.png-1.jpeg"},{"@type":"BreadcrumbList","@id":"https:\/\/annaps.com\/sv\/every-day-food-roeding-groena-aertor-picklad-loek\/#breadcrumb","itemListElement":[{"@type":"ListItem","position":1,"name":"Hem","item":"https:\/\/annaps.com\/sv\/"},{"@type":"ListItem","position":2,"name":"Fine dining: R\u00f6ding, gr\u00f6na \u00e4rtor &#038; picklad l\u00f6k"}]},{"@type":"WebSite","@id":"https:\/\/annaps.com\/de\/#website","url":"https:\/\/annaps.com\/de\/","name":"AnnaPS","description":"Det skall vara enkelt att b\u00e4ra!","potentialAction":[{"@type":"SearchAction","target":{"@type":"EntryPoint","urlTemplate":"https:\/\/annaps.com\/de\/?s={search_term_string}"},"query-input":{"@type":"PropertyValueSpecification","valueRequired":true,"valueName":"search_term_string"}}],"inLanguage":"sv-SE"}]}},"_links":{"self":[{"href":"https:\/\/annaps.com\/sv\/wp-json\/wp\/v2\/pages\/9259","targetHints":{"allow":["GET"]}}],"collection":[{"href":"https:\/\/annaps.com\/sv\/wp-json\/wp\/v2\/pages"}],"about":[{"href":"https:\/\/annaps.com\/sv\/wp-json\/wp\/v2\/types\/page"}],"author":[{"embeddable":true,"href":"https:\/\/annaps.com\/sv\/wp-json\/wp\/v2\/users\/5"}],"replies":[{"embeddable":true,"href":"https:\/\/annaps.com\/sv\/wp-json\/wp\/v2\/comments?post=9259"}],"version-history":[{"count":0,"href":"https:\/\/annaps.com\/sv\/wp-json\/wp\/v2\/pages\/9259\/revisions"}],"wp:attachment":[{"href":"https:\/\/annaps.com\/sv\/wp-json\/wp\/v2\/media?parent=9259"}],"curies":[{"name":"wp","href":"https:\/\/api.w.org\/{rel}","templated":true}]}}