{"id":9206,"date":"2016-06-09T16:47:05","date_gmt":"2016-06-09T14:47:05","guid":{"rendered":"https:\/\/www.annaps.com\/?page_id=9206"},"modified":"2017-03-07T13:40:42","modified_gmt":"2017-03-07T12:40:42","slug":"omelett-roedbeta-getost","status":"publish","type":"page","link":"https:\/\/annaps.com\/sv\/omelett-roedbeta-getost\/","title":{"rendered":"Every day food: Omelett, r\u00f6dbeta &#038; getost"},"content":{"rendered":"<p><a href=\"https:\/\/annaps.com\/wordpress\/content\/uploads\/2016\/06\/Image.png.jpeg\" rel=\"attachment wp-att-9207\"><img loading=\"lazy\" decoding=\"async\" class=\"aligncenter wp-image-9207 size-full\" src=\"https:\/\/annaps.com\/wordpress\/content\/uploads\/2016\/06\/Image.png.jpeg\" alt=\"Image.png\" width=\"2448\" height=\"2448\" srcset=\"https:\/\/annaps.com\/content\/uploads\/2016\/06\/Image.png.jpeg 2448w, https:\/\/annaps.com\/content\/uploads\/2016\/06\/Image.png-150x150.jpeg 150w, https:\/\/annaps.com\/content\/uploads\/2016\/06\/Image.png-300x300.jpeg 300w, https:\/\/annaps.com\/content\/uploads\/2016\/06\/Image.png-768x768.jpeg 768w, https:\/\/annaps.com\/content\/uploads\/2016\/06\/Image.png-1024x1024.jpeg 1024w, https:\/\/annaps.com\/content\/uploads\/2016\/06\/Image.png-200x200.jpeg 200w, https:\/\/annaps.com\/content\/uploads\/2016\/06\/Image.png-870x870.jpeg 870w, https:\/\/annaps.com\/content\/uploads\/2016\/06\/Image.png-455x455.jpeg 455w, https:\/\/annaps.com\/content\/uploads\/2016\/06\/Image.png-100x100.jpeg 100w, https:\/\/annaps.com\/content\/uploads\/2016\/06\/Image.png-55x55.jpeg 55w, https:\/\/annaps.com\/content\/uploads\/2016\/06\/Image.png-180x180.jpeg 180w, https:\/\/annaps.com\/content\/uploads\/2016\/06\/Image.png-600x600.jpeg 600w\" sizes=\"auto, (max-width: 2448px) 100vw, 2448px\" \/><\/a><\/p>\n<p><em>Detta \u00e4r en r\u00e4tt med klassiska smaker, men med en oklassisk twist. En av mina b\u00e4sta v\u00e4nner gifte sig f\u00f6rra sommaren och jag fick \u00e4ran att laga maten p\u00e5 hans br\u00f6llop. De ville ha r\u00f6dbetor, getost och valn\u00f6tter. Vid en upplagning av maten en m\u00e5nad f\u00f6re br\u00f6llopet r\u00e5kade jag av en slump ha jordgubbar hemma. Jag testade kombinationen och den var helgalen, men otroligt nog funkade den. H\u00e4r \u00e4r en r\u00e4tt med samma smaker men i ett helt annat utf\u00f6rande.\u00a0<\/em><\/p>\n<p><strong>4 personer<\/strong><\/p>\n<p><strong>Saltbakad r\u00f6dbeta\u00a0<\/strong><\/p>\n<p>6 stora r\u00f6dbetor<\/p>\n<p>grovt havssalt<\/p>\n<p><em>S\u00e4tt ugnen p\u00e5 200\u00b0C\/392\u00b0F. Ansa och borsta r\u00f6dbetorna, men skala dom inte. T\u00e4ck botten av en ugnss\u00e4ker form med grovt havssalt. Placera ut r\u00f6dbetorna \u00f6ver saltet s\u00e5 att de st\u00e5r stadigt i formen. Baka i ugnen i 45-60 minuter beroende p\u00e5 storlek. L\u00e5t svalna, skala och bryt betorna till \u00f6nskad storlek.\u00a0<\/em><\/p>\n<p><strong>Ugnsbakad omelett\u00a0<\/strong><\/p>\n<p>6 \u00e4gg<\/p>\n<p>3 dl mj\u00f6lk<\/p>\n<p>3 dl vispgr\u00e4dde<\/p>\n<p>salt<\/p>\n<p>nymalen svartpeppar<\/p>\n<p>kallpressad rapsolja till formen<\/p>\n<p><em>Vispa samman \u00e4gg, mj\u00f6lk och vispgr\u00e4dde i en bunke. Smaka av med salt och svartpeppar. Dela upp smeten i smorda ugnss\u00e4kra formar. Baka av p\u00e5 200\u00b0C\/392\u00b0F i 20 minuter, eller tills omeletten satt sig. Jag anv\u00e4nde h\u00e4r en silikonform av m\u00e4rket Silikomart, d\u00e4r varje omelett \u00e4r ca 0,5 dl. Jag ville ha sm\u00e5 men flera omeletter per portion, men det g\u00e5r lika bra att anv\u00e4nda st\u00f6rre portionsformar, men t\u00e4nk d\u00e5 p\u00e5 att tiden i ugnen kan beh\u00f6va f\u00f6rl\u00e4ngas.\u00a0<\/em><\/p>\n<p><strong>Getostcreme\u00a0<\/strong><\/p>\n<p>100 g getost<\/p>\n<p>100 g f\u00e4rskost<\/p>\n<p>salt<\/p>\n<p><em>Mixa samman getost och f\u00e4rskost i en mixer. Smaka av med salt.\u00a0<\/em><\/p>\n<p>&nbsp;<\/p>\n<p>Till servering beh\u00f6vs f\u00e4rska jordgubbar, hyvlade\/hackade valn\u00f6tter och din favorit\u00f6rt.<\/p>\n<p>&nbsp;<\/p>\n<p><strong>Peter Olsson, \u201dChefabetic\u201d\u00a0<\/strong><\/p>\n<p>Recept publicerat 9 juni 2016<\/p>\n","protected":false},"excerpt":{"rendered":"<p>Detta \u00e4r en r\u00e4tt med klassiska smaker, men med en oklassisk twist. En av mina b\u00e4sta v\u00e4nner gifte sig f\u00f6rra sommaren och jag fick \u00e4ran att laga maten p\u00e5 hans br\u00f6llop. De ville ha r\u00f6dbetor, getost och valn\u00f6tter. Vid en upplagning av maten en m\u00e5nad f\u00f6re br\u00f6llopet r\u00e5kade jag av en slump ha jordgubbar hemma. [&hellip;]<\/p>\n","protected":false},"author":5,"featured_media":0,"parent":0,"menu_order":7,"comment_status":"closed","ping_status":"closed","template":"","meta":{"_acf_changed":false,"footnotes":""},"class_list":["post-9206","page","type-page","status-publish","hentry"],"acf":[],"yoast_head":"<!-- This site is optimized with the Yoast SEO plugin v27.1.1 - https:\/\/yoast.com\/product\/yoast-seo-wordpress\/ -->\n<title>Every day food: Omelett, r\u00f6dbeta &amp; getost - AnnaPS<\/title>\n<meta name=\"description\" content=\"AnnaPS makes clothes with integrated pockets to carry your diabetes devices such as insulin pump, pen and glucose meter. Stylish, high quality, functional and environmental focus.\" \/>\n<meta name=\"robots\" content=\"index, follow, max-snippet:-1, max-image-preview:large, max-video-preview:-1\" \/>\n<link rel=\"canonical\" href=\"https:\/\/annaps.com\/sv\/omelett-roedbeta-getost\/\" \/>\n<meta property=\"og:locale\" content=\"sv_SE\" \/>\n<meta property=\"og:type\" content=\"article\" \/>\n<meta property=\"og:title\" content=\"Every day food: Omelett, r\u00f6dbeta &amp; getost - AnnaPS\" \/>\n<meta property=\"og:description\" content=\"AnnaPS makes clothes with integrated pockets to carry your diabetes devices such as insulin pump, pen and glucose meter. Stylish, high quality, functional and environmental focus.\" \/>\n<meta property=\"og:url\" content=\"https:\/\/annaps.com\/sv\/omelett-roedbeta-getost\/\" \/>\n<meta property=\"og:site_name\" content=\"AnnaPS\" \/>\n<meta property=\"article:publisher\" content=\"https:\/\/www.facebook.com\/annaps.scandinavia\/\" \/>\n<meta property=\"article:modified_time\" content=\"2017-03-07T12:40:42+00:00\" \/>\n<meta property=\"og:image\" content=\"https:\/\/annaps.com\/wordpress\/content\/uploads\/2016\/06\/Image.png.jpeg\" \/>\n<meta name=\"twitter:card\" content=\"summary_large_image\" \/>\n<meta name=\"twitter:label1\" content=\"Ber\u00e4knad l\u00e4stid\" \/>\n\t<meta name=\"twitter:data1\" content=\"2 minuter\" \/>\n<script type=\"application\/ld+json\" class=\"yoast-schema-graph\">{\"@context\":\"https:\/\/schema.org\",\"@graph\":[{\"@type\":\"WebPage\",\"@id\":\"https:\/\/annaps.com\/sv\/omelett-roedbeta-getost\/\",\"url\":\"https:\/\/annaps.com\/sv\/omelett-roedbeta-getost\/\",\"name\":\"Every day food: Omelett, r\u00f6dbeta & getost - AnnaPS\",\"isPartOf\":{\"@id\":\"https:\/\/annaps.com\/de\/#website\"},\"primaryImageOfPage\":{\"@id\":\"https:\/\/annaps.com\/sv\/omelett-roedbeta-getost\/#primaryimage\"},\"image\":{\"@id\":\"https:\/\/annaps.com\/sv\/omelett-roedbeta-getost\/#primaryimage\"},\"thumbnailUrl\":\"https:\/\/annaps.com\/wordpress\/content\/uploads\/2016\/06\/Image.png.jpeg\",\"datePublished\":\"2016-06-09T14:47:05+00:00\",\"dateModified\":\"2017-03-07T12:40:42+00:00\",\"description\":\"AnnaPS makes clothes with integrated pockets to carry your diabetes devices such as insulin pump, pen and glucose meter. Stylish, high quality, functional and environmental focus.\",\"breadcrumb\":{\"@id\":\"https:\/\/annaps.com\/sv\/omelett-roedbeta-getost\/#breadcrumb\"},\"inLanguage\":\"sv-SE\",\"potentialAction\":[{\"@type\":\"ReadAction\",\"target\":[\"https:\/\/annaps.com\/sv\/omelett-roedbeta-getost\/\"]}]},{\"@type\":\"ImageObject\",\"inLanguage\":\"sv-SE\",\"@id\":\"https:\/\/annaps.com\/sv\/omelett-roedbeta-getost\/#primaryimage\",\"url\":\"https:\/\/annaps.com\/wordpress\/content\/uploads\/2016\/06\/Image.png.jpeg\",\"contentUrl\":\"https:\/\/annaps.com\/wordpress\/content\/uploads\/2016\/06\/Image.png.jpeg\"},{\"@type\":\"BreadcrumbList\",\"@id\":\"https:\/\/annaps.com\/sv\/omelett-roedbeta-getost\/#breadcrumb\",\"itemListElement\":[{\"@type\":\"ListItem\",\"position\":1,\"name\":\"Hem\",\"item\":\"https:\/\/annaps.com\/sv\/\"},{\"@type\":\"ListItem\",\"position\":2,\"name\":\"Every day food: Omelett, r\u00f6dbeta &#038; getost\"}]},{\"@type\":\"WebSite\",\"@id\":\"https:\/\/annaps.com\/de\/#website\",\"url\":\"https:\/\/annaps.com\/de\/\",\"name\":\"AnnaPS\",\"description\":\"Det skall vara enkelt att b\u00e4ra!\",\"potentialAction\":[{\"@type\":\"SearchAction\",\"target\":{\"@type\":\"EntryPoint\",\"urlTemplate\":\"https:\/\/annaps.com\/de\/?s={search_term_string}\"},\"query-input\":{\"@type\":\"PropertyValueSpecification\",\"valueRequired\":true,\"valueName\":\"search_term_string\"}}],\"inLanguage\":\"sv-SE\"}]}<\/script>\n<!-- \/ Yoast SEO plugin. -->","yoast_head_json":{"title":"Every day food: Omelett, r\u00f6dbeta & getost - AnnaPS","description":"AnnaPS makes clothes with integrated pockets to carry your diabetes devices such as insulin pump, pen and glucose meter. Stylish, high quality, functional and environmental focus.","robots":{"index":"index","follow":"follow","max-snippet":"max-snippet:-1","max-image-preview":"max-image-preview:large","max-video-preview":"max-video-preview:-1"},"canonical":"https:\/\/annaps.com\/sv\/omelett-roedbeta-getost\/","og_locale":"sv_SE","og_type":"article","og_title":"Every day food: Omelett, r\u00f6dbeta & getost - AnnaPS","og_description":"AnnaPS makes clothes with integrated pockets to carry your diabetes devices such as insulin pump, pen and glucose meter. Stylish, high quality, functional and environmental focus.","og_url":"https:\/\/annaps.com\/sv\/omelett-roedbeta-getost\/","og_site_name":"AnnaPS","article_publisher":"https:\/\/www.facebook.com\/annaps.scandinavia\/","article_modified_time":"2017-03-07T12:40:42+00:00","og_image":[{"url":"https:\/\/annaps.com\/wordpress\/content\/uploads\/2016\/06\/Image.png.jpeg","type":"","width":"","height":""}],"twitter_card":"summary_large_image","twitter_misc":{"Ber\u00e4knad l\u00e4stid":"2 minuter"},"schema":{"@context":"https:\/\/schema.org","@graph":[{"@type":"WebPage","@id":"https:\/\/annaps.com\/sv\/omelett-roedbeta-getost\/","url":"https:\/\/annaps.com\/sv\/omelett-roedbeta-getost\/","name":"Every day food: Omelett, r\u00f6dbeta & getost - AnnaPS","isPartOf":{"@id":"https:\/\/annaps.com\/de\/#website"},"primaryImageOfPage":{"@id":"https:\/\/annaps.com\/sv\/omelett-roedbeta-getost\/#primaryimage"},"image":{"@id":"https:\/\/annaps.com\/sv\/omelett-roedbeta-getost\/#primaryimage"},"thumbnailUrl":"https:\/\/annaps.com\/wordpress\/content\/uploads\/2016\/06\/Image.png.jpeg","datePublished":"2016-06-09T14:47:05+00:00","dateModified":"2017-03-07T12:40:42+00:00","description":"AnnaPS makes clothes with integrated pockets to carry your diabetes devices such as insulin pump, pen and glucose meter. Stylish, high quality, functional and environmental focus.","breadcrumb":{"@id":"https:\/\/annaps.com\/sv\/omelett-roedbeta-getost\/#breadcrumb"},"inLanguage":"sv-SE","potentialAction":[{"@type":"ReadAction","target":["https:\/\/annaps.com\/sv\/omelett-roedbeta-getost\/"]}]},{"@type":"ImageObject","inLanguage":"sv-SE","@id":"https:\/\/annaps.com\/sv\/omelett-roedbeta-getost\/#primaryimage","url":"https:\/\/annaps.com\/wordpress\/content\/uploads\/2016\/06\/Image.png.jpeg","contentUrl":"https:\/\/annaps.com\/wordpress\/content\/uploads\/2016\/06\/Image.png.jpeg"},{"@type":"BreadcrumbList","@id":"https:\/\/annaps.com\/sv\/omelett-roedbeta-getost\/#breadcrumb","itemListElement":[{"@type":"ListItem","position":1,"name":"Hem","item":"https:\/\/annaps.com\/sv\/"},{"@type":"ListItem","position":2,"name":"Every day food: Omelett, r\u00f6dbeta &#038; getost"}]},{"@type":"WebSite","@id":"https:\/\/annaps.com\/de\/#website","url":"https:\/\/annaps.com\/de\/","name":"AnnaPS","description":"Det skall vara enkelt att b\u00e4ra!","potentialAction":[{"@type":"SearchAction","target":{"@type":"EntryPoint","urlTemplate":"https:\/\/annaps.com\/de\/?s={search_term_string}"},"query-input":{"@type":"PropertyValueSpecification","valueRequired":true,"valueName":"search_term_string"}}],"inLanguage":"sv-SE"}]}},"_links":{"self":[{"href":"https:\/\/annaps.com\/sv\/wp-json\/wp\/v2\/pages\/9206","targetHints":{"allow":["GET"]}}],"collection":[{"href":"https:\/\/annaps.com\/sv\/wp-json\/wp\/v2\/pages"}],"about":[{"href":"https:\/\/annaps.com\/sv\/wp-json\/wp\/v2\/types\/page"}],"author":[{"embeddable":true,"href":"https:\/\/annaps.com\/sv\/wp-json\/wp\/v2\/users\/5"}],"replies":[{"embeddable":true,"href":"https:\/\/annaps.com\/sv\/wp-json\/wp\/v2\/comments?post=9206"}],"version-history":[{"count":0,"href":"https:\/\/annaps.com\/sv\/wp-json\/wp\/v2\/pages\/9206\/revisions"}],"wp:attachment":[{"href":"https:\/\/annaps.com\/sv\/wp-json\/wp\/v2\/media?parent=9206"}],"curies":[{"name":"wp","href":"https:\/\/api.w.org\/{rel}","templated":true}]}}