{"id":9159,"date":"2016-06-02T13:22:18","date_gmt":"2016-06-02T11:22:18","guid":{"rendered":"https:\/\/www.annaps.com\/?page_id=9159"},"modified":"2017-03-07T13:40:44","modified_gmt":"2017-03-07T12:40:44","slug":"roedbeta-roedbeta-roedbeta","status":"publish","type":"page","link":"https:\/\/annaps.com\/sv\/roedbeta-roedbeta-roedbeta\/","title":{"rendered":"Fine dining: R\u00f6dbeta, r\u00f6dbeta &#038; r\u00f6dbeta"},"content":{"rendered":"<p><a href=\"https:\/\/annaps.com\/wordpress\/content\/uploads\/2016\/06\/rodbeta.jpg\" rel=\"attachment wp-att-9160\"><img loading=\"lazy\" decoding=\"async\" class=\"alignnone wp-image-9160 size-full\" src=\"https:\/\/annaps.com\/wordpress\/content\/uploads\/2016\/06\/rodbeta.jpg\" alt=\"rodbeta\" width=\"960\" height=\"960\" srcset=\"https:\/\/annaps.com\/content\/uploads\/2016\/06\/rodbeta.jpg 960w, https:\/\/annaps.com\/content\/uploads\/2016\/06\/rodbeta-150x150.jpg 150w, https:\/\/annaps.com\/content\/uploads\/2016\/06\/rodbeta-300x300.jpg 300w, https:\/\/annaps.com\/content\/uploads\/2016\/06\/rodbeta-768x768.jpg 768w, https:\/\/annaps.com\/content\/uploads\/2016\/06\/rodbeta-200x200.jpg 200w, https:\/\/annaps.com\/content\/uploads\/2016\/06\/rodbeta-870x870.jpg 870w, https:\/\/annaps.com\/content\/uploads\/2016\/06\/rodbeta-455x455.jpg 455w, https:\/\/annaps.com\/content\/uploads\/2016\/06\/rodbeta-100x100.jpg 100w, https:\/\/annaps.com\/content\/uploads\/2016\/06\/rodbeta-55x55.jpg 55w, https:\/\/annaps.com\/content\/uploads\/2016\/06\/rodbeta-180x180.jpg 180w, https:\/\/annaps.com\/content\/uploads\/2016\/06\/rodbeta-600x600.jpg 600w\" sizes=\"auto, (max-width: 960px) 100vw, 960px\" \/><\/a><\/p>\n<p><em>Som f\u00f6re detta fine dining-kock vill jag ibland s\u00e4tta en extra snygg finish p\u00e5 mina r\u00e4tter. Den h\u00e4r r\u00e4tten kan se sv\u00e5r ut vid f\u00f6rsta anblicken, men \u00e4r absolut inte det. Du kommer imponera ordentligt p\u00e5 dina g\u00e4ster! Detta var en av fem r\u00e4tter jag bj\u00f6d p\u00e5 n\u00e4r jag hade min Diabetics Dinner i mitt hemmak\u00f6k f\u00f6r en och en halv m\u00e5nad sedan.\u00a0<\/em><\/p>\n<p>&nbsp;<\/p>\n<p><strong>4 personer\u00a0<\/strong><\/p>\n<p><strong>\u201dR\u00e5biff\u201d p\u00e5 r\u00f6dbeta\u00a0<\/strong><\/p>\n<p>500 g r\u00f6dbeta<\/p>\n<p><em>Koka r\u00f6dbetorna f\u00f6rsiktigt i saltat vatten i ungef\u00e4r 45 minuter, beroende p\u00e5 storlek. De \u00e4r f\u00e4rdiga n\u00e4r de \u00e4r mjuka, men fortfarande har lite motst\u00e5nd. Du kan anv\u00e4nda en liten skalkniv f\u00f6r att k\u00e4nna efter. L\u00e5t betorna svalna n\u00e5got och skala de sedan. Mal i k\u00f6ttkvarn. Om du inte har n\u00e5gon k\u00f6ttkvarn, hacka grovt med kniv.\u00a0<\/em><\/p>\n<p><strong>R\u00e5svarvad r\u00f6dbeta\u00a0<\/strong><\/p>\n<p>2 r\u00e5a r\u00f6dbetor<\/p>\n<p><em>Skala r\u00f6dbetorna och svarva de sedan med hj\u00e4lp av en gr\u00f6nsakssvarv.\u00a0<\/em><\/p>\n<p><strong>R\u00f6dbetsmajonn\u00e4s\u00a0<\/strong><\/p>\n<p>3 \u00e4gg<\/p>\n<p>1 kokt r\u00f6dbeta (anv\u00e4nd lite fr\u00e5n de malda)<\/p>\n<p>1 tsk dijonsenap<\/p>\n<p>1 tsk vitvinsvin\u00f6ger<\/p>\n<p>3 dl rapsolja<\/p>\n<p>salt<\/p>\n<p><em>L\u00e4gg \u00e4ggulor, r\u00f6dbeta, senap och vin\u00e4ger i en matberedare. Mixa p\u00e5 mellan- till h\u00f6g hastighet och droppa f\u00f6rsiktigt i oljan. Smaka av med salt.\u00a0<\/em><\/p>\n<p><strong>Bakad l\u00f6k<\/strong><\/p>\n<p>4 sm\u00e5 gula l\u00f6kar<\/p>\n<p>rapsolja<\/p>\n<p>flingsalt<\/p>\n<p><em>Skala l\u00f6ken och sk\u00e4r dom p\u00e5 h\u00e4lften, fr\u00e5n roten till toppen. Droppa \u00f6ver rapsolja och salta och baka d\u00e4refter i ca 10 minuter p\u00e5 150\u00b0C\/302\u00b0F. L\u00e5t svalna n\u00e5got och \u201dskala\u201d ned l\u00f6ken, lager f\u00f6r lager.\u00a0<\/em><\/p>\n<p>Till servering beh\u00f6ver du nyklippt tr\u00e4dg\u00e5rdskrasse.<\/p>\n<p><strong>Uppl\u00e4gg\u00a0<\/strong><\/p>\n<p>L\u00e4gg upp majonn\u00e4sen lite slarvigt i botten p\u00e5 en rund tallrik. Toppa majonn\u00e4sen med mald r\u00f6dbeta och l\u00e4gg den svarvade r\u00f6dbetan ovanp\u00e5, g\u00e4rna med lite h\u00f6jd. Placera den bakade l\u00f6ken runt om och toppa med en handfull nyklippt krasse.<\/p>\n<p>&nbsp;<\/p>\n<p><strong>Peter Olsson, \u201dChefabetic\u201d<\/strong><\/p>\n<p>Recept publicerat 2 juni 2016<\/p>\n","protected":false},"excerpt":{"rendered":"<p>Som f\u00f6re detta fine dining-kock vill jag ibland s\u00e4tta en extra snygg finish p\u00e5 mina r\u00e4tter. Den h\u00e4r r\u00e4tten kan se sv\u00e5r ut vid f\u00f6rsta anblicken, men \u00e4r absolut inte det. Du kommer imponera ordentligt p\u00e5 dina g\u00e4ster! Detta var en av fem r\u00e4tter jag bj\u00f6d p\u00e5 n\u00e4r jag hade min Diabetics Dinner i mitt [&hellip;]<\/p>\n","protected":false},"author":5,"featured_media":0,"parent":0,"menu_order":15,"comment_status":"closed","ping_status":"closed","template":"","meta":{"_acf_changed":false,"footnotes":""},"class_list":["post-9159","page","type-page","status-publish","hentry"],"acf":[],"yoast_head":"<!-- This site is optimized with the Yoast SEO plugin v27.1.1 - https:\/\/yoast.com\/product\/yoast-seo-wordpress\/ -->\n<title>Fine dining: R\u00f6dbeta, r\u00f6dbeta &amp; r\u00f6dbeta - AnnaPS<\/title>\n<meta name=\"description\" content=\"AnnaPS makes clothes with integrated pockets to carry your diabetes devices such as insulin pump, pen and glucose meter. Stylish, high quality, functional and environmental focus.\" \/>\n<meta name=\"robots\" content=\"index, follow, max-snippet:-1, max-image-preview:large, max-video-preview:-1\" \/>\n<link rel=\"canonical\" href=\"https:\/\/annaps.com\/sv\/roedbeta-roedbeta-roedbeta\/\" \/>\n<meta property=\"og:locale\" content=\"sv_SE\" \/>\n<meta property=\"og:type\" content=\"article\" \/>\n<meta property=\"og:title\" content=\"Fine dining: R\u00f6dbeta, r\u00f6dbeta &amp; r\u00f6dbeta - AnnaPS\" \/>\n<meta property=\"og:description\" content=\"AnnaPS makes clothes with integrated pockets to carry your diabetes devices such as insulin pump, pen and glucose meter. Stylish, high quality, functional and environmental focus.\" \/>\n<meta property=\"og:url\" content=\"https:\/\/annaps.com\/sv\/roedbeta-roedbeta-roedbeta\/\" \/>\n<meta property=\"og:site_name\" content=\"AnnaPS\" \/>\n<meta property=\"article:publisher\" content=\"https:\/\/www.facebook.com\/annaps.scandinavia\/\" \/>\n<meta property=\"article:modified_time\" content=\"2017-03-07T12:40:44+00:00\" \/>\n<meta property=\"og:image\" content=\"https:\/\/annaps.com\/wordpress\/content\/uploads\/2016\/06\/rodbeta.jpg\" \/>\n<meta name=\"twitter:card\" content=\"summary_large_image\" \/>\n<meta name=\"twitter:label1\" content=\"Ber\u00e4knad l\u00e4stid\" \/>\n\t<meta name=\"twitter:data1\" content=\"2 minuter\" \/>\n<script type=\"application\/ld+json\" class=\"yoast-schema-graph\">{\"@context\":\"https:\/\/schema.org\",\"@graph\":[{\"@type\":\"WebPage\",\"@id\":\"https:\/\/annaps.com\/sv\/roedbeta-roedbeta-roedbeta\/\",\"url\":\"https:\/\/annaps.com\/sv\/roedbeta-roedbeta-roedbeta\/\",\"name\":\"Fine dining: R\u00f6dbeta, r\u00f6dbeta & r\u00f6dbeta - AnnaPS\",\"isPartOf\":{\"@id\":\"https:\/\/annaps.com\/de\/#website\"},\"primaryImageOfPage\":{\"@id\":\"https:\/\/annaps.com\/sv\/roedbeta-roedbeta-roedbeta\/#primaryimage\"},\"image\":{\"@id\":\"https:\/\/annaps.com\/sv\/roedbeta-roedbeta-roedbeta\/#primaryimage\"},\"thumbnailUrl\":\"https:\/\/annaps.com\/wordpress\/content\/uploads\/2016\/06\/rodbeta.jpg\",\"datePublished\":\"2016-06-02T11:22:18+00:00\",\"dateModified\":\"2017-03-07T12:40:44+00:00\",\"description\":\"AnnaPS makes clothes with integrated pockets to carry your diabetes devices such as insulin pump, pen and glucose meter. Stylish, high quality, functional and environmental focus.\",\"breadcrumb\":{\"@id\":\"https:\/\/annaps.com\/sv\/roedbeta-roedbeta-roedbeta\/#breadcrumb\"},\"inLanguage\":\"sv-SE\",\"potentialAction\":[{\"@type\":\"ReadAction\",\"target\":[\"https:\/\/annaps.com\/sv\/roedbeta-roedbeta-roedbeta\/\"]}]},{\"@type\":\"ImageObject\",\"inLanguage\":\"sv-SE\",\"@id\":\"https:\/\/annaps.com\/sv\/roedbeta-roedbeta-roedbeta\/#primaryimage\",\"url\":\"https:\/\/annaps.com\/wordpress\/content\/uploads\/2016\/06\/rodbeta.jpg\",\"contentUrl\":\"https:\/\/annaps.com\/wordpress\/content\/uploads\/2016\/06\/rodbeta.jpg\"},{\"@type\":\"BreadcrumbList\",\"@id\":\"https:\/\/annaps.com\/sv\/roedbeta-roedbeta-roedbeta\/#breadcrumb\",\"itemListElement\":[{\"@type\":\"ListItem\",\"position\":1,\"name\":\"Hem\",\"item\":\"https:\/\/annaps.com\/sv\/\"},{\"@type\":\"ListItem\",\"position\":2,\"name\":\"Fine dining: R\u00f6dbeta, r\u00f6dbeta &#038; r\u00f6dbeta\"}]},{\"@type\":\"WebSite\",\"@id\":\"https:\/\/annaps.com\/de\/#website\",\"url\":\"https:\/\/annaps.com\/de\/\",\"name\":\"AnnaPS\",\"description\":\"Det skall vara enkelt att b\u00e4ra!\",\"potentialAction\":[{\"@type\":\"SearchAction\",\"target\":{\"@type\":\"EntryPoint\",\"urlTemplate\":\"https:\/\/annaps.com\/de\/?s={search_term_string}\"},\"query-input\":{\"@type\":\"PropertyValueSpecification\",\"valueRequired\":true,\"valueName\":\"search_term_string\"}}],\"inLanguage\":\"sv-SE\"}]}<\/script>\n<!-- \/ Yoast SEO plugin. -->","yoast_head_json":{"title":"Fine dining: R\u00f6dbeta, r\u00f6dbeta & r\u00f6dbeta - AnnaPS","description":"AnnaPS makes clothes with integrated pockets to carry your diabetes devices such as insulin pump, pen and glucose meter. Stylish, high quality, functional and environmental focus.","robots":{"index":"index","follow":"follow","max-snippet":"max-snippet:-1","max-image-preview":"max-image-preview:large","max-video-preview":"max-video-preview:-1"},"canonical":"https:\/\/annaps.com\/sv\/roedbeta-roedbeta-roedbeta\/","og_locale":"sv_SE","og_type":"article","og_title":"Fine dining: R\u00f6dbeta, r\u00f6dbeta & r\u00f6dbeta - AnnaPS","og_description":"AnnaPS makes clothes with integrated pockets to carry your diabetes devices such as insulin pump, pen and glucose meter. Stylish, high quality, functional and environmental focus.","og_url":"https:\/\/annaps.com\/sv\/roedbeta-roedbeta-roedbeta\/","og_site_name":"AnnaPS","article_publisher":"https:\/\/www.facebook.com\/annaps.scandinavia\/","article_modified_time":"2017-03-07T12:40:44+00:00","og_image":[{"url":"https:\/\/annaps.com\/wordpress\/content\/uploads\/2016\/06\/rodbeta.jpg","type":"","width":"","height":""}],"twitter_card":"summary_large_image","twitter_misc":{"Ber\u00e4knad l\u00e4stid":"2 minuter"},"schema":{"@context":"https:\/\/schema.org","@graph":[{"@type":"WebPage","@id":"https:\/\/annaps.com\/sv\/roedbeta-roedbeta-roedbeta\/","url":"https:\/\/annaps.com\/sv\/roedbeta-roedbeta-roedbeta\/","name":"Fine dining: R\u00f6dbeta, r\u00f6dbeta & r\u00f6dbeta - AnnaPS","isPartOf":{"@id":"https:\/\/annaps.com\/de\/#website"},"primaryImageOfPage":{"@id":"https:\/\/annaps.com\/sv\/roedbeta-roedbeta-roedbeta\/#primaryimage"},"image":{"@id":"https:\/\/annaps.com\/sv\/roedbeta-roedbeta-roedbeta\/#primaryimage"},"thumbnailUrl":"https:\/\/annaps.com\/wordpress\/content\/uploads\/2016\/06\/rodbeta.jpg","datePublished":"2016-06-02T11:22:18+00:00","dateModified":"2017-03-07T12:40:44+00:00","description":"AnnaPS makes clothes with integrated pockets to carry your diabetes devices such as insulin pump, pen and glucose meter. Stylish, high quality, functional and environmental focus.","breadcrumb":{"@id":"https:\/\/annaps.com\/sv\/roedbeta-roedbeta-roedbeta\/#breadcrumb"},"inLanguage":"sv-SE","potentialAction":[{"@type":"ReadAction","target":["https:\/\/annaps.com\/sv\/roedbeta-roedbeta-roedbeta\/"]}]},{"@type":"ImageObject","inLanguage":"sv-SE","@id":"https:\/\/annaps.com\/sv\/roedbeta-roedbeta-roedbeta\/#primaryimage","url":"https:\/\/annaps.com\/wordpress\/content\/uploads\/2016\/06\/rodbeta.jpg","contentUrl":"https:\/\/annaps.com\/wordpress\/content\/uploads\/2016\/06\/rodbeta.jpg"},{"@type":"BreadcrumbList","@id":"https:\/\/annaps.com\/sv\/roedbeta-roedbeta-roedbeta\/#breadcrumb","itemListElement":[{"@type":"ListItem","position":1,"name":"Hem","item":"https:\/\/annaps.com\/sv\/"},{"@type":"ListItem","position":2,"name":"Fine dining: R\u00f6dbeta, r\u00f6dbeta &#038; r\u00f6dbeta"}]},{"@type":"WebSite","@id":"https:\/\/annaps.com\/de\/#website","url":"https:\/\/annaps.com\/de\/","name":"AnnaPS","description":"Det skall vara enkelt att b\u00e4ra!","potentialAction":[{"@type":"SearchAction","target":{"@type":"EntryPoint","urlTemplate":"https:\/\/annaps.com\/de\/?s={search_term_string}"},"query-input":{"@type":"PropertyValueSpecification","valueRequired":true,"valueName":"search_term_string"}}],"inLanguage":"sv-SE"}]}},"_links":{"self":[{"href":"https:\/\/annaps.com\/sv\/wp-json\/wp\/v2\/pages\/9159","targetHints":{"allow":["GET"]}}],"collection":[{"href":"https:\/\/annaps.com\/sv\/wp-json\/wp\/v2\/pages"}],"about":[{"href":"https:\/\/annaps.com\/sv\/wp-json\/wp\/v2\/types\/page"}],"author":[{"embeddable":true,"href":"https:\/\/annaps.com\/sv\/wp-json\/wp\/v2\/users\/5"}],"replies":[{"embeddable":true,"href":"https:\/\/annaps.com\/sv\/wp-json\/wp\/v2\/comments?post=9159"}],"version-history":[{"count":0,"href":"https:\/\/annaps.com\/sv\/wp-json\/wp\/v2\/pages\/9159\/revisions"}],"wp:attachment":[{"href":"https:\/\/annaps.com\/sv\/wp-json\/wp\/v2\/media?parent=9159"}],"curies":[{"name":"wp","href":"https:\/\/api.w.org\/{rel}","templated":true}]}}