{"id":9046,"date":"2016-05-19T10:51:44","date_gmt":"2016-05-19T08:51:44","guid":{"rendered":"https:\/\/www.annaps.com\/?page_id=9046"},"modified":"2017-03-07T13:40:46","modified_gmt":"2017-03-07T12:40:46","slug":"koettbullar-tomatsaas-svarvad-zucchini","status":"publish","type":"page","link":"https:\/\/annaps.com\/sv\/koettbullar-tomatsaas-svarvad-zucchini\/","title":{"rendered":"Every day food: K\u00f6ttbullar, tomats\u00e5s &#038; svarvad zucchini"},"content":{"rendered":"<p><a href=\"https:\/\/annaps.com\/wordpress\/content\/uploads\/2016\/05\/kottbullar.jpg\" rel=\"attachment wp-att-9042\"><img loading=\"lazy\" decoding=\"async\" class=\"aligncenter wp-image-9042 size-full\" src=\"https:\/\/annaps.com\/wordpress\/content\/uploads\/2016\/05\/kottbullar.jpg\" alt=\"kottbullar\" width=\"960\" height=\"960\" srcset=\"https:\/\/annaps.com\/content\/uploads\/2016\/05\/kottbullar.jpg 960w, https:\/\/annaps.com\/content\/uploads\/2016\/05\/kottbullar-150x150.jpg 150w, https:\/\/annaps.com\/content\/uploads\/2016\/05\/kottbullar-300x300.jpg 300w, https:\/\/annaps.com\/content\/uploads\/2016\/05\/kottbullar-768x768.jpg 768w, https:\/\/annaps.com\/content\/uploads\/2016\/05\/kottbullar-200x200.jpg 200w, https:\/\/annaps.com\/content\/uploads\/2016\/05\/kottbullar-870x870.jpg 870w, https:\/\/annaps.com\/content\/uploads\/2016\/05\/kottbullar-455x455.jpg 455w, https:\/\/annaps.com\/content\/uploads\/2016\/05\/kottbullar-100x100.jpg 100w, https:\/\/annaps.com\/content\/uploads\/2016\/05\/kottbullar-55x55.jpg 55w, https:\/\/annaps.com\/content\/uploads\/2016\/05\/kottbullar-180x180.jpg 180w, https:\/\/annaps.com\/content\/uploads\/2016\/05\/kottbullar-600x600.jpg 600w\" sizes=\"auto, (max-width: 960px) 100vw, 960px\" \/><\/a><\/p>\n<p><i>K\u00f6ttbullar \u00e4r kanske den svenskaste matr\u00e4tten som finns, traditionellt serverat med potatismos och r\u00e5r\u00f6rda lingon. H\u00e4r g\u00f6r jag k\u00f6ttbullar med en twist som doftar Italien.\u00a0<\/i><\/p>\n<p><i>B\u00f6npasta \u00e4r ett bra alternativ till vanlig pasta om man vill h\u00e5lla kolhydraterna nere. Var dock noga med att l\u00e4sa inneh\u00e5llsdeklarationen om du vill ha en pasta best\u00e5ende av 100 % b\u00f6nor. M\u00e5nga varianter best\u00e5r fortfarande av omkring 60 % vetemj\u00f6l.<\/i><\/p>\n<p><b>4 personer<\/b><\/p>\n<p><b>K\u00f6ttbullar<\/b><\/p>\n<p>500 g n\u00f6tf\u00e4rs<\/p>\n<p>10 g salt<\/p>\n<p>1 klyfta vitl\u00f6k<\/p>\n<p>1 dl vispgr\u00e4dde<\/p>\n<p>1 \u00e4gg<\/p>\n<p>50 g finriven parmesan<\/p>\n<p><i>S\u00e4tt ugnen p\u00e5 175\u00b0C\/347\u00b0F. Blanda samman samtliga ingredienser till en tjock smet. Rulla k\u00f6ttbullar som v\u00e4ger ungef\u00e4r 40 g styck. Det blir cirka 16 k\u00f6ttbullar. Placera k\u00f6ttbullarna i en ugnss\u00e4ker form och baka av till en innertemperatur av 67\u00b0C\/153\u00b0F, cirka 20 minuter.\u00a0 \u00a0<\/i><\/p>\n<p><b>Tomats\u00e5s<\/b><\/p>\n<p>1 gul l\u00f6k<\/p>\n<p>2 vitl\u00f6ksklyftor<\/p>\n<p>\u00bd morot<\/p>\n<p>1 tsk sambal oelek<\/p>\n<p>1 stor kvist f\u00e4rsk timjan<\/p>\n<p>olivolja till stekning<\/p>\n<p>400 g krossade tomater<\/p>\n<p>2 dl vatten<\/p>\n<p>2 msk r\u00f6dvinsvin\u00e4ger<\/p>\n<p>1 tsk torkad oregano<\/p>\n<p>salt<\/p>\n<p><i>Strimla l\u00f6k, vitl\u00f6k och morot. Fr\u00e4s i en kastrull, tillsammans med sambal oelek och timjan, p\u00e5 medelv\u00e4rme utan att det tar f\u00e4rg. Tills\u00e4tt \u00f6vriga ingredienser f\u00f6rutom salt och l\u00e5t koka ihop, ca 30 minuter. Mixa s\u00e5sen sl\u00e4t och smaka av med salt.\u00a0<\/i><\/p>\n<p><b>Pesto<\/b><\/p>\n<p>2 dl solrosfr\u00f6n<\/p>\n<p>1 dl parmesan<\/p>\n<p>1 vitl\u00f6ksklyfta<\/p>\n<p>1 kruka f\u00e4rsk basilika<\/p>\n<p>1 dl olivolja<\/p>\n<p>salt<\/p>\n<p><i>Rosta solrosfr\u00f6n i en het, torr stekpanna. L\u00e5t svalna. Riv parmesan och vitl\u00f6k och plocka bladen fr\u00e5n basilikan. Mixa samtliga ingredienser i matberedare till \u00f6nskad konsistens. Jag tycker om n\u00e4r den \u00e4r lite gr\u00f6vre mixad. Smaka av med salt.<\/i><\/p>\n<p><i>Till servering beh\u00f6vs nykokt b\u00f6npasta, svarvad zucchini (har du ingen gr\u00f6nsakssvarv g\u00e5r det n\u00e4stan lika bra att hyvla tunt med en potatisskalare) och torkade tomater. Torkade tomater g\u00f6r du enkelt sj\u00e4lv i ugn eller torkugn. Mer om det en annan g\u00e5ng.<\/i><\/p>\n<p><b>Uppl\u00e4gg<\/b><\/p>\n<p>Blanda den nykokta b\u00f6npastan med den varma tomats\u00e5sen och k\u00f6ttbullarna och l\u00e4gg upp fint i en djup sk\u00e5l. Garnera g\u00e4rna med n\u00e5gon fin gr\u00f6n \u00f6rt, i mitt fall f\u00e4rsk oregano. V\u00e4nd upp den svarvade zucchinin med peston och garnera med torkade tomater.<\/p>\n<p><b>Peter Olsson, \u201dChefabetic\u201d<\/b><\/p>\n<p>Recept publicerat 19 maj 2016<\/p>\n","protected":false},"excerpt":{"rendered":"<p>K\u00f6ttbullar \u00e4r kanske den svenskaste matr\u00e4tten som finns, traditionellt serverat med potatismos och r\u00e5r\u00f6rda lingon. H\u00e4r g\u00f6r jag k\u00f6ttbullar med en twist som doftar Italien.\u00a0 B\u00f6npasta \u00e4r ett bra alternativ till vanlig pasta om man vill h\u00e5lla kolhydraterna nere. Var dock noga med att l\u00e4sa inneh\u00e5llsdeklarationen om du vill ha en pasta best\u00e5ende av 100 [&hellip;]<\/p>\n","protected":false},"author":5,"featured_media":0,"parent":0,"menu_order":32,"comment_status":"closed","ping_status":"closed","template":"","meta":{"_acf_changed":false,"footnotes":""},"class_list":["post-9046","page","type-page","status-publish","hentry"],"acf":[],"yoast_head":"<!-- This site is optimized with the Yoast SEO plugin v27.1.1 - https:\/\/yoast.com\/product\/yoast-seo-wordpress\/ -->\n<title>Every day food: K\u00f6ttbullar, tomats\u00e5s &amp; svarvad zucchini - AnnaPS<\/title>\n<meta name=\"description\" content=\"AnnaPS makes clothes with integrated pockets to carry your diabetes devices such as insulin pump, pen and glucose meter. Stylish, high quality, functional and environmental focus.\" \/>\n<meta name=\"robots\" content=\"index, follow, max-snippet:-1, max-image-preview:large, max-video-preview:-1\" \/>\n<link rel=\"canonical\" href=\"https:\/\/annaps.com\/sv\/koettbullar-tomatsaas-svarvad-zucchini\/\" \/>\n<meta property=\"og:locale\" content=\"sv_SE\" \/>\n<meta property=\"og:type\" content=\"article\" \/>\n<meta property=\"og:title\" content=\"Every day food: K\u00f6ttbullar, tomats\u00e5s &amp; svarvad zucchini - AnnaPS\" \/>\n<meta property=\"og:description\" content=\"AnnaPS makes clothes with integrated pockets to carry your diabetes devices such as insulin pump, pen and glucose meter. Stylish, high quality, functional and environmental focus.\" \/>\n<meta property=\"og:url\" content=\"https:\/\/annaps.com\/sv\/koettbullar-tomatsaas-svarvad-zucchini\/\" \/>\n<meta property=\"og:site_name\" content=\"AnnaPS\" \/>\n<meta property=\"article:publisher\" content=\"https:\/\/www.facebook.com\/annaps.scandinavia\/\" \/>\n<meta property=\"article:modified_time\" content=\"2017-03-07T12:40:46+00:00\" \/>\n<meta property=\"og:image\" content=\"https:\/\/annaps.com\/wordpress\/content\/uploads\/2016\/05\/kottbullar.jpg\" \/>\n<meta name=\"twitter:card\" content=\"summary_large_image\" \/>\n<meta name=\"twitter:label1\" content=\"Ber\u00e4knad l\u00e4stid\" \/>\n\t<meta name=\"twitter:data1\" content=\"2 minuter\" \/>\n<script type=\"application\/ld+json\" class=\"yoast-schema-graph\">{\"@context\":\"https:\/\/schema.org\",\"@graph\":[{\"@type\":\"WebPage\",\"@id\":\"https:\/\/annaps.com\/sv\/koettbullar-tomatsaas-svarvad-zucchini\/\",\"url\":\"https:\/\/annaps.com\/sv\/koettbullar-tomatsaas-svarvad-zucchini\/\",\"name\":\"Every day food: K\u00f6ttbullar, tomats\u00e5s & svarvad zucchini - AnnaPS\",\"isPartOf\":{\"@id\":\"https:\/\/annaps.com\/de\/#website\"},\"primaryImageOfPage\":{\"@id\":\"https:\/\/annaps.com\/sv\/koettbullar-tomatsaas-svarvad-zucchini\/#primaryimage\"},\"image\":{\"@id\":\"https:\/\/annaps.com\/sv\/koettbullar-tomatsaas-svarvad-zucchini\/#primaryimage\"},\"thumbnailUrl\":\"https:\/\/annaps.com\/wordpress\/content\/uploads\/2016\/05\/kottbullar.jpg\",\"datePublished\":\"2016-05-19T08:51:44+00:00\",\"dateModified\":\"2017-03-07T12:40:46+00:00\",\"description\":\"AnnaPS makes clothes with integrated pockets to carry your diabetes devices such as insulin pump, pen and glucose meter. Stylish, high quality, functional and environmental focus.\",\"breadcrumb\":{\"@id\":\"https:\/\/annaps.com\/sv\/koettbullar-tomatsaas-svarvad-zucchini\/#breadcrumb\"},\"inLanguage\":\"sv-SE\",\"potentialAction\":[{\"@type\":\"ReadAction\",\"target\":[\"https:\/\/annaps.com\/sv\/koettbullar-tomatsaas-svarvad-zucchini\/\"]}]},{\"@type\":\"ImageObject\",\"inLanguage\":\"sv-SE\",\"@id\":\"https:\/\/annaps.com\/sv\/koettbullar-tomatsaas-svarvad-zucchini\/#primaryimage\",\"url\":\"https:\/\/annaps.com\/wordpress\/content\/uploads\/2016\/05\/kottbullar.jpg\",\"contentUrl\":\"https:\/\/annaps.com\/wordpress\/content\/uploads\/2016\/05\/kottbullar.jpg\"},{\"@type\":\"BreadcrumbList\",\"@id\":\"https:\/\/annaps.com\/sv\/koettbullar-tomatsaas-svarvad-zucchini\/#breadcrumb\",\"itemListElement\":[{\"@type\":\"ListItem\",\"position\":1,\"name\":\"Hem\",\"item\":\"https:\/\/annaps.com\/sv\/\"},{\"@type\":\"ListItem\",\"position\":2,\"name\":\"Every day food: K\u00f6ttbullar, tomats\u00e5s &#038; svarvad zucchini\"}]},{\"@type\":\"WebSite\",\"@id\":\"https:\/\/annaps.com\/de\/#website\",\"url\":\"https:\/\/annaps.com\/de\/\",\"name\":\"AnnaPS\",\"description\":\"Det skall vara enkelt att b\u00e4ra!\",\"potentialAction\":[{\"@type\":\"SearchAction\",\"target\":{\"@type\":\"EntryPoint\",\"urlTemplate\":\"https:\/\/annaps.com\/de\/?s={search_term_string}\"},\"query-input\":{\"@type\":\"PropertyValueSpecification\",\"valueRequired\":true,\"valueName\":\"search_term_string\"}}],\"inLanguage\":\"sv-SE\"}]}<\/script>\n<!-- \/ Yoast SEO plugin. -->","yoast_head_json":{"title":"Every day food: K\u00f6ttbullar, tomats\u00e5s & svarvad zucchini - AnnaPS","description":"AnnaPS makes clothes with integrated pockets to carry your diabetes devices such as insulin pump, pen and glucose meter. Stylish, high quality, functional and environmental focus.","robots":{"index":"index","follow":"follow","max-snippet":"max-snippet:-1","max-image-preview":"max-image-preview:large","max-video-preview":"max-video-preview:-1"},"canonical":"https:\/\/annaps.com\/sv\/koettbullar-tomatsaas-svarvad-zucchini\/","og_locale":"sv_SE","og_type":"article","og_title":"Every day food: K\u00f6ttbullar, tomats\u00e5s & svarvad zucchini - AnnaPS","og_description":"AnnaPS makes clothes with integrated pockets to carry your diabetes devices such as insulin pump, pen and glucose meter. Stylish, high quality, functional and environmental focus.","og_url":"https:\/\/annaps.com\/sv\/koettbullar-tomatsaas-svarvad-zucchini\/","og_site_name":"AnnaPS","article_publisher":"https:\/\/www.facebook.com\/annaps.scandinavia\/","article_modified_time":"2017-03-07T12:40:46+00:00","og_image":[{"url":"https:\/\/annaps.com\/wordpress\/content\/uploads\/2016\/05\/kottbullar.jpg","type":"","width":"","height":""}],"twitter_card":"summary_large_image","twitter_misc":{"Ber\u00e4knad l\u00e4stid":"2 minuter"},"schema":{"@context":"https:\/\/schema.org","@graph":[{"@type":"WebPage","@id":"https:\/\/annaps.com\/sv\/koettbullar-tomatsaas-svarvad-zucchini\/","url":"https:\/\/annaps.com\/sv\/koettbullar-tomatsaas-svarvad-zucchini\/","name":"Every day food: K\u00f6ttbullar, tomats\u00e5s & svarvad zucchini - AnnaPS","isPartOf":{"@id":"https:\/\/annaps.com\/de\/#website"},"primaryImageOfPage":{"@id":"https:\/\/annaps.com\/sv\/koettbullar-tomatsaas-svarvad-zucchini\/#primaryimage"},"image":{"@id":"https:\/\/annaps.com\/sv\/koettbullar-tomatsaas-svarvad-zucchini\/#primaryimage"},"thumbnailUrl":"https:\/\/annaps.com\/wordpress\/content\/uploads\/2016\/05\/kottbullar.jpg","datePublished":"2016-05-19T08:51:44+00:00","dateModified":"2017-03-07T12:40:46+00:00","description":"AnnaPS makes clothes with integrated pockets to carry your diabetes devices such as insulin pump, pen and glucose meter. Stylish, high quality, functional and environmental focus.","breadcrumb":{"@id":"https:\/\/annaps.com\/sv\/koettbullar-tomatsaas-svarvad-zucchini\/#breadcrumb"},"inLanguage":"sv-SE","potentialAction":[{"@type":"ReadAction","target":["https:\/\/annaps.com\/sv\/koettbullar-tomatsaas-svarvad-zucchini\/"]}]},{"@type":"ImageObject","inLanguage":"sv-SE","@id":"https:\/\/annaps.com\/sv\/koettbullar-tomatsaas-svarvad-zucchini\/#primaryimage","url":"https:\/\/annaps.com\/wordpress\/content\/uploads\/2016\/05\/kottbullar.jpg","contentUrl":"https:\/\/annaps.com\/wordpress\/content\/uploads\/2016\/05\/kottbullar.jpg"},{"@type":"BreadcrumbList","@id":"https:\/\/annaps.com\/sv\/koettbullar-tomatsaas-svarvad-zucchini\/#breadcrumb","itemListElement":[{"@type":"ListItem","position":1,"name":"Hem","item":"https:\/\/annaps.com\/sv\/"},{"@type":"ListItem","position":2,"name":"Every day food: K\u00f6ttbullar, tomats\u00e5s &#038; svarvad zucchini"}]},{"@type":"WebSite","@id":"https:\/\/annaps.com\/de\/#website","url":"https:\/\/annaps.com\/de\/","name":"AnnaPS","description":"Det skall vara enkelt att b\u00e4ra!","potentialAction":[{"@type":"SearchAction","target":{"@type":"EntryPoint","urlTemplate":"https:\/\/annaps.com\/de\/?s={search_term_string}"},"query-input":{"@type":"PropertyValueSpecification","valueRequired":true,"valueName":"search_term_string"}}],"inLanguage":"sv-SE"}]}},"_links":{"self":[{"href":"https:\/\/annaps.com\/sv\/wp-json\/wp\/v2\/pages\/9046","targetHints":{"allow":["GET"]}}],"collection":[{"href":"https:\/\/annaps.com\/sv\/wp-json\/wp\/v2\/pages"}],"about":[{"href":"https:\/\/annaps.com\/sv\/wp-json\/wp\/v2\/types\/page"}],"author":[{"embeddable":true,"href":"https:\/\/annaps.com\/sv\/wp-json\/wp\/v2\/users\/5"}],"replies":[{"embeddable":true,"href":"https:\/\/annaps.com\/sv\/wp-json\/wp\/v2\/comments?post=9046"}],"version-history":[{"count":0,"href":"https:\/\/annaps.com\/sv\/wp-json\/wp\/v2\/pages\/9046\/revisions"}],"wp:attachment":[{"href":"https:\/\/annaps.com\/sv\/wp-json\/wp\/v2\/media?parent=9046"}],"curies":[{"name":"wp","href":"https:\/\/api.w.org\/{rel}","templated":true}]}}