{"id":90,"date":"2015-12-17T10:34:33","date_gmt":"2015-12-17T10:34:33","guid":{"rendered":"https:\/\/www.annaps.com\/?page_id=90"},"modified":"2018-10-25T08:04:17","modified_gmt":"2018-10-25T06:04:17","slug":"var-drivkraft","status":"publish","type":"page","link":"https:\/\/annaps.com\/sv\/om-annaps\/var-drivkraft\/","title":{"rendered":"V\u00e5r drivkraft"},"content":{"rendered":"<p><span style=\"font-weight: 400;\">Vi vill g\u00f6ra det enkelt att b\u00e4ra. Ta med dig allt du beh\u00f6ver i ett AnnaPS plagg med fickor.\u00a0<\/span>Du beh\u00f6ver inte din pumpv\u00e4ska &#8211; b\u00e4r din insulinpump eller insulinpenna i AnnaPS-kl\u00e4derna ist\u00e4llet!<\/p>\n<p><span style=\"font-weight: 400;\">AnnaPS grundades av, och drivs av, m\u00e4nniskor med typ 1-diabetes. Vi vet vad det inneb\u00e4r att leva ett liv fyllt av n\u00e5lstickande, planerande, kolhydratsr\u00e4knande, insulintagande och den o\u00e4ndliga strukturen. Det \u00e4r inte alltid l\u00e4tt. D\u00e4rf\u00f6r vill vi dra v\u00e5rt str\u00e5 till stacken och hj\u00e4lpa de som sitter i samma b\u00e5t som oss &#8211; p\u00e5 det b\u00e4sta s\u00e4tt vi kan.<\/span><\/p>\n<p>&nbsp;<\/p>\n","protected":false},"excerpt":{"rendered":"<p>Vi vill g\u00f6ra det enkelt att b\u00e4ra. Ta med dig allt du beh\u00f6ver i ett AnnaPS plagg med fickor.\u00a0Du beh\u00f6ver inte din pumpv\u00e4ska &#8211; b\u00e4r din insulinpump eller insulinpenna i AnnaPS-kl\u00e4derna ist\u00e4llet! AnnaPS grundades av, och drivs av, m\u00e4nniskor med typ 1-diabetes. Vi vet vad det inneb\u00e4r att leva ett liv fyllt av n\u00e5lstickande, planerande, [&hellip;]<\/p>\n","protected":false},"author":1,"featured_media":0,"parent":6436,"menu_order":2,"comment_status":"closed","ping_status":"closed","template":"","meta":{"_acf_changed":false,"footnotes":""},"class_list":["post-90","page","type-page","status-publish","hentry"],"acf":[],"yoast_head":"<!-- This site is optimized with the Yoast SEO plugin v27.1.1 - https:\/\/yoast.com\/product\/yoast-seo-wordpress\/ -->\n<title>Leva med diabetes - vi vill f\u00f6renkla din vardag | AnnaPS<\/title>\n<meta name=\"description\" content=\"Ta med dig allt du beh\u00f6ver i ett AnnaPS plagg. Du beh\u00f6ver inte l\u00e4ngre anv\u00e4nda pumpv\u00e4skan \u2013 b\u00e4r din pump i AnnaPS-kl\u00e4derna ist\u00e4llet! Testa redan idag.\" \/>\n<meta name=\"robots\" content=\"index, follow, max-snippet:-1, max-image-preview:large, max-video-preview:-1\" \/>\n<link rel=\"canonical\" href=\"https:\/\/annaps.com\/sv\/om-annaps\/var-drivkraft\/\" \/>\n<meta property=\"og:locale\" content=\"sv_SE\" \/>\n<meta property=\"og:type\" content=\"article\" \/>\n<meta property=\"og:title\" content=\"Leva med diabetes - vi vill f\u00f6renkla din vardag | AnnaPS\" \/>\n<meta property=\"og:description\" content=\"Ta med dig allt du beh\u00f6ver i ett AnnaPS plagg. Du beh\u00f6ver inte l\u00e4ngre anv\u00e4nda pumpv\u00e4skan \u2013 b\u00e4r din pump i AnnaPS-kl\u00e4derna ist\u00e4llet! Testa redan idag.\" \/>\n<meta property=\"og:url\" content=\"https:\/\/annaps.com\/sv\/om-annaps\/var-drivkraft\/\" \/>\n<meta property=\"og:site_name\" content=\"AnnaPS\" \/>\n<meta property=\"article:publisher\" content=\"https:\/\/www.facebook.com\/annaps.scandinavia\/\" \/>\n<meta property=\"article:modified_time\" content=\"2018-10-25T06:04:17+00:00\" \/>\n<meta name=\"twitter:card\" content=\"summary_large_image\" \/>\n<meta name=\"twitter:label1\" content=\"Ber\u00e4knad l\u00e4stid\" \/>\n\t<meta name=\"twitter:data1\" content=\"1 minut\" \/>\n<script type=\"application\/ld+json\" class=\"yoast-schema-graph\">{\"@context\":\"https:\/\/schema.org\",\"@graph\":[{\"@type\":\"WebPage\",\"@id\":\"https:\/\/annaps.com\/sv\/om-annaps\/var-drivkraft\/\",\"url\":\"https:\/\/annaps.com\/sv\/om-annaps\/var-drivkraft\/\",\"name\":\"Leva med diabetes - vi vill f\u00f6renkla din vardag | AnnaPS\",\"isPartOf\":{\"@id\":\"https:\/\/annaps.com\/de\/#website\"},\"datePublished\":\"2015-12-17T10:34:33+00:00\",\"dateModified\":\"2018-10-25T06:04:17+00:00\",\"description\":\"Ta med dig allt du beh\u00f6ver i ett AnnaPS plagg. Du beh\u00f6ver inte l\u00e4ngre anv\u00e4nda pumpv\u00e4skan \u2013 b\u00e4r din pump i AnnaPS-kl\u00e4derna ist\u00e4llet! Testa redan idag.\",\"breadcrumb\":{\"@id\":\"https:\/\/annaps.com\/sv\/om-annaps\/var-drivkraft\/#breadcrumb\"},\"inLanguage\":\"sv-SE\",\"potentialAction\":[{\"@type\":\"ReadAction\",\"target\":[\"https:\/\/annaps.com\/sv\/om-annaps\/var-drivkraft\/\"]}]},{\"@type\":\"BreadcrumbList\",\"@id\":\"https:\/\/annaps.com\/sv\/om-annaps\/var-drivkraft\/#breadcrumb\",\"itemListElement\":[{\"@type\":\"ListItem\",\"position\":1,\"name\":\"Hem\",\"item\":\"https:\/\/annaps.com\/sv\/\"},{\"@type\":\"ListItem\",\"position\":2,\"name\":\"Om AnnaPS\",\"item\":\"https:\/\/annaps.com\/sv\/om-annaps\/\"},{\"@type\":\"ListItem\",\"position\":3,\"name\":\"V\u00e5r drivkraft\"}]},{\"@type\":\"WebSite\",\"@id\":\"https:\/\/annaps.com\/de\/#website\",\"url\":\"https:\/\/annaps.com\/de\/\",\"name\":\"AnnaPS\",\"description\":\"Det skall vara enkelt att b\u00e4ra!\",\"potentialAction\":[{\"@type\":\"SearchAction\",\"target\":{\"@type\":\"EntryPoint\",\"urlTemplate\":\"https:\/\/annaps.com\/de\/?s={search_term_string}\"},\"query-input\":{\"@type\":\"PropertyValueSpecification\",\"valueRequired\":true,\"valueName\":\"search_term_string\"}}],\"inLanguage\":\"sv-SE\"}]}<\/script>\n<!-- \/ Yoast SEO plugin. -->","yoast_head_json":{"title":"Leva med diabetes - vi vill f\u00f6renkla din vardag | AnnaPS","description":"Ta med dig allt du beh\u00f6ver i ett AnnaPS plagg. Du beh\u00f6ver inte l\u00e4ngre anv\u00e4nda pumpv\u00e4skan \u2013 b\u00e4r din pump i AnnaPS-kl\u00e4derna ist\u00e4llet! Testa redan idag.","robots":{"index":"index","follow":"follow","max-snippet":"max-snippet:-1","max-image-preview":"max-image-preview:large","max-video-preview":"max-video-preview:-1"},"canonical":"https:\/\/annaps.com\/sv\/om-annaps\/var-drivkraft\/","og_locale":"sv_SE","og_type":"article","og_title":"Leva med diabetes - vi vill f\u00f6renkla din vardag | AnnaPS","og_description":"Ta med dig allt du beh\u00f6ver i ett AnnaPS plagg. Du beh\u00f6ver inte l\u00e4ngre anv\u00e4nda pumpv\u00e4skan \u2013 b\u00e4r din pump i AnnaPS-kl\u00e4derna ist\u00e4llet! Testa redan idag.","og_url":"https:\/\/annaps.com\/sv\/om-annaps\/var-drivkraft\/","og_site_name":"AnnaPS","article_publisher":"https:\/\/www.facebook.com\/annaps.scandinavia\/","article_modified_time":"2018-10-25T06:04:17+00:00","twitter_card":"summary_large_image","twitter_misc":{"Ber\u00e4knad l\u00e4stid":"1 minut"},"schema":{"@context":"https:\/\/schema.org","@graph":[{"@type":"WebPage","@id":"https:\/\/annaps.com\/sv\/om-annaps\/var-drivkraft\/","url":"https:\/\/annaps.com\/sv\/om-annaps\/var-drivkraft\/","name":"Leva med diabetes - vi vill f\u00f6renkla din vardag | AnnaPS","isPartOf":{"@id":"https:\/\/annaps.com\/de\/#website"},"datePublished":"2015-12-17T10:34:33+00:00","dateModified":"2018-10-25T06:04:17+00:00","description":"Ta med dig allt du beh\u00f6ver i ett AnnaPS plagg. Du beh\u00f6ver inte l\u00e4ngre anv\u00e4nda pumpv\u00e4skan \u2013 b\u00e4r din pump i AnnaPS-kl\u00e4derna ist\u00e4llet! Testa redan idag.","breadcrumb":{"@id":"https:\/\/annaps.com\/sv\/om-annaps\/var-drivkraft\/#breadcrumb"},"inLanguage":"sv-SE","potentialAction":[{"@type":"ReadAction","target":["https:\/\/annaps.com\/sv\/om-annaps\/var-drivkraft\/"]}]},{"@type":"BreadcrumbList","@id":"https:\/\/annaps.com\/sv\/om-annaps\/var-drivkraft\/#breadcrumb","itemListElement":[{"@type":"ListItem","position":1,"name":"Hem","item":"https:\/\/annaps.com\/sv\/"},{"@type":"ListItem","position":2,"name":"Om AnnaPS","item":"https:\/\/annaps.com\/sv\/om-annaps\/"},{"@type":"ListItem","position":3,"name":"V\u00e5r drivkraft"}]},{"@type":"WebSite","@id":"https:\/\/annaps.com\/de\/#website","url":"https:\/\/annaps.com\/de\/","name":"AnnaPS","description":"Det skall vara enkelt att b\u00e4ra!","potentialAction":[{"@type":"SearchAction","target":{"@type":"EntryPoint","urlTemplate":"https:\/\/annaps.com\/de\/?s={search_term_string}"},"query-input":{"@type":"PropertyValueSpecification","valueRequired":true,"valueName":"search_term_string"}}],"inLanguage":"sv-SE"}]}},"_links":{"self":[{"href":"https:\/\/annaps.com\/sv\/wp-json\/wp\/v2\/pages\/90","targetHints":{"allow":["GET"]}}],"collection":[{"href":"https:\/\/annaps.com\/sv\/wp-json\/wp\/v2\/pages"}],"about":[{"href":"https:\/\/annaps.com\/sv\/wp-json\/wp\/v2\/types\/page"}],"author":[{"embeddable":true,"href":"https:\/\/annaps.com\/sv\/wp-json\/wp\/v2\/users\/1"}],"replies":[{"embeddable":true,"href":"https:\/\/annaps.com\/sv\/wp-json\/wp\/v2\/comments?post=90"}],"version-history":[{"count":1,"href":"https:\/\/annaps.com\/sv\/wp-json\/wp\/v2\/pages\/90\/revisions"}],"predecessor-version":[{"id":29177,"href":"https:\/\/annaps.com\/sv\/wp-json\/wp\/v2\/pages\/90\/revisions\/29177"}],"up":[{"embeddable":true,"href":"https:\/\/annaps.com\/sv\/wp-json\/wp\/v2\/pages\/6436"}],"wp:attachment":[{"href":"https:\/\/annaps.com\/sv\/wp-json\/wp\/v2\/media?parent=90"}],"curies":[{"name":"wp","href":"https:\/\/api.w.org\/{rel}","templated":true}]}}