{"id":8982,"date":"2016-05-12T21:46:11","date_gmt":"2016-05-12T19:46:11","guid":{"rendered":"https:\/\/www.annaps.com\/?page_id=8982"},"modified":"2017-03-07T13:40:46","modified_gmt":"2017-03-07T12:40:46","slug":"sommar-sol-och-en-insulinpump","status":"publish","type":"page","link":"https:\/\/annaps.com\/sv\/sommar-sol-och-en-insulinpump\/","title":{"rendered":"Sommar, sol, och.. en insulinpump?"},"content":{"rendered":"<p><a href=\"https:\/\/annaps.com\/wordpress\/content\/uploads\/2016\/05\/DSC_0316-kopia.jpg\" rel=\"attachment wp-att-8955\"><img loading=\"lazy\" decoding=\"async\" class=\"aligncenter wp-image-8955 size-full\" src=\"https:\/\/annaps.com\/wordpress\/content\/uploads\/2016\/05\/DSC_0316-kopia.jpg\" alt=\"DSC_0316 kopia\" width=\"3216\" height=\"2136\" srcset=\"https:\/\/annaps.com\/content\/uploads\/2016\/05\/DSC_0316-kopia.jpg 3216w, https:\/\/annaps.com\/content\/uploads\/2016\/05\/DSC_0316-kopia-300x199.jpg 300w, https:\/\/annaps.com\/content\/uploads\/2016\/05\/DSC_0316-kopia-768x510.jpg 768w, https:\/\/annaps.com\/content\/uploads\/2016\/05\/DSC_0316-kopia-1024x680.jpg 1024w, https:\/\/annaps.com\/content\/uploads\/2016\/05\/DSC_0316-kopia-32x20.jpg 32w, https:\/\/annaps.com\/content\/uploads\/2016\/05\/DSC_0316-kopia-870x578.jpg 870w, https:\/\/annaps.com\/content\/uploads\/2016\/05\/DSC_0316-kopia-455x302.jpg 455w, https:\/\/annaps.com\/content\/uploads\/2016\/05\/DSC_0316-kopia-150x100.jpg 150w, https:\/\/annaps.com\/content\/uploads\/2016\/05\/DSC_0316-kopia-55x37.jpg 55w\" sizes=\"auto, (max-width: 3216px) 100vw, 3216px\" \/><\/a><\/p>\n<p><strong>Sommaren \u00e4r h\u00e4rlig, men som insulinbehandlad diabetiker kan den ocks\u00e5 inneb\u00e4ra kr\u00e5ngel. Fr\u00e4mst av tre anledningar: <em>v\u00e4rmen, stranden och vattnet.<\/em><\/strong><\/p>\n<p><strong>V\u00c4RMEN:<\/strong> Hormonet insulin \u00e4r v\u00e4rmek\u00e4nsligt, vilket inb\u00e4r att det kan tappa effekt om det f\u00f6rvaras i en alltf\u00f6r h\u00f6g temperatur. Se av den anledningen alltid till att f\u00f6rvara \u00f6verfl\u00f6digt insulin p\u00e5 ett kallt st\u00e4lle &#8211; f\u00f6rslagsvis i kylen. Insulinet du anv\u00e4nder f\u00f6r tillf\u00e4llet ska ocks\u00e5 skyddas i b\u00e4sta m\u00f6jliga m\u00e5n. Oavsett om du anv\u00e4nder insulinpump eller pennor har AnnaPS-linnena en ficka n\u00e4ra kroppen, s\u00e4ker och skuggad. Gl\u00f6m inte bort att f\u00f6rvara slangen p\u00e5 insidan av plagget, d\u00e4r insulinet \u00e4r skyddat fr\u00e5n direktv\u00e4rme och sol! Och om du anv\u00e4nder pennor, och f\u00f6rvarar dem i en v\u00e4ska, l\u00e4gg en flaska med kyld dryck bredvid! Ett annat bra tips \u00e4r att ha v\u00e4skor med kylfunktion &#8211; exempelvis Mabox som ni hittar <a href=\"https:\/\/annaps.com\/wordpress\/product\/mabox-diabetes-vaeska-extra-stor-laederlook-svart\/\" target=\"_blank\">H\u00c4R<\/a>.\u00a0Det finns \u00e4ven kylfodral av olika modeller. V\u00e4rmen kan ocks\u00e5 s\u00e4nka blodsockerniv\u00e5n hos diabetiker. Detta \u00e4r n\u00e5got vi p\u00e5 AnnaPS har upplevt; n\u00e4r vi har varit i extrem v\u00e4rme har vi f\u00e5tt s\u00e4nka v\u00e5ra insulindoser ordentligt.<\/p>\n<p><strong>STRANDEN:<\/strong> N\u00e4r man ska till stranden k\u00e4nner en del diabetiker sig os\u00e4kra kring att visa sitt infusionsset eller CGM-sensor. De vill inte att deras diabetes ska synas. Vi p\u00e5 AnnaPS s\u00e4ger: rocka den! Visa offentligheten den &#8221;bionic&#8221; hj\u00e4lten du \u00e4r, och g\u00f6r det med stolthet! Du har absolut ingenting att sk\u00e4mmas \u00f6ver. De som kanske d\u00f6mer dig \u00e4r de som ska sk\u00e4mmas.<\/p>\n<p><strong>VATTNET:<\/strong> Att simma (eller till och med bara plaska runt i vattnet) kan j\u00e4mf\u00f6ras med l\u00e4tt till tung tr\u00e4ning, och kan d\u00e4rf\u00f6r minska ditt insulinbehov. Om du \u00e4r pennanv\u00e4ndare, kan du l\u00e4mna pennan p\u00e5 ett skuggat st\u00e4lle n\u00e4r du \u00e4r i vattnet. Men om du \u00e4r pumpanv\u00e4ndare, kan du beh\u00f6va ha insulinet med dig. P\u00e5 AnnaPS har vi kommit p\u00e5 en l\u00f6sning f\u00f6r detta, som l\u00e5ter &#8221;pumpare&#8221; av alla k\u00f6n och \u00e5ldrar att b\u00e4ra med sig pumpen p\u00e5 stranden och i vattnet (om den \u00e4r vattent\u00e4t det vill s\u00e4ga). AnnaPS-badkl\u00e4derna har en integrerad ficka f\u00f6r att f\u00f6rvara insulinpump. Du kan antingen b\u00e4ra dem direkt ner i vattnet med pumpen inkopplad, eller b\u00e4ra ett annat par badbyxor under &#8211; vilket l\u00e5ter dig l\u00e4mna AnnaPS-byxorna med pumpen s\u00e4kert f\u00f6rvarad i under tiden du badar.\u00a0Om du ska ut och \u00e5ka b\u00e5t, kan ett tips vara att f\u00f6rvara insulinpumpen\/pennorna i ett vattent\u00e4tt fodral av n\u00e5got slag, om inte sj\u00e4lva pumpen \u00e4r vattent\u00e4t.<\/p>\n<div id=\"attachment_9001\" style=\"width: 759px\" class=\"wp-caption aligncenter\"><a href=\"https:\/\/annaps.com\/wordpress\/content\/uploads\/2016\/05\/Bada_18.jpg\" rel=\"attachment wp-att-9001\"><img loading=\"lazy\" decoding=\"async\" aria-describedby=\"caption-attachment-9001\" class=\"wp-image-9001 size-full\" src=\"https:\/\/annaps.com\/wordpress\/content\/uploads\/2016\/05\/Bada_18.jpg\" alt=\"Bada_18\" width=\"749\" height=\"244\" srcset=\"https:\/\/annaps.com\/content\/uploads\/2016\/05\/Bada_18.jpg 749w, https:\/\/annaps.com\/content\/uploads\/2016\/05\/Bada_18-300x98.jpg 300w, https:\/\/annaps.com\/content\/uploads\/2016\/05\/Bada_18-455x148.jpg 455w, https:\/\/annaps.com\/content\/uploads\/2016\/05\/Bada_18-55x18.jpg 55w\" sizes=\"auto, (max-width: 749px) 100vw, 749px\" \/><\/a><p id=\"caption-attachment-9001\" class=\"wp-caption-text\">Badkl\u00e4der till barn, kvinna och man<\/p><\/div>\n<p><strong>Klicka p\u00e5 <a href=\"https:\/\/annaps.com\/wordpress\/produkt-kategori\/barn\/barn-badklaeder-med-ficka\/\">barn<\/a>, <a href=\"https:\/\/annaps.com\/wordpress\/produkt-kategori\/kvinna\/badklaeder-med-ficka\/\">kvinna<\/a> eller<a href=\"https:\/\/annaps.com\/wordpress\/produkt-kategori\/man\/man-badklaeder-med-ficka\/\"> man<\/a> f\u00f6r att komma till produkterna, k\u00f6pa dem och kolla p\u00e5 demovideos. <em>Simma lugnt!<\/em><\/strong><\/p>\n<p><em>V\u00e4nligen notera: vi \u00e4r inte medicinskt utbildade, utan skriver dessa texter som diabetiker till diabetiker.<\/em><\/p>\n","protected":false},"excerpt":{"rendered":"<p>Sommaren \u00e4r h\u00e4rlig, men som insulinbehandlad diabetiker kan den ocks\u00e5 inneb\u00e4ra kr\u00e5ngel. Fr\u00e4mst av tre anledningar: v\u00e4rmen, stranden och vattnet. V\u00c4RMEN: Hormonet insulin \u00e4r v\u00e4rmek\u00e4nsligt, vilket inb\u00e4r att det kan tappa effekt om det f\u00f6rvaras i en alltf\u00f6r h\u00f6g temperatur. Se av den anledningen alltid till att f\u00f6rvara \u00f6verfl\u00f6digt insulin p\u00e5 ett kallt st\u00e4lle &#8211; [&hellip;]<\/p>\n","protected":false},"author":5,"featured_media":0,"parent":0,"menu_order":35,"comment_status":"closed","ping_status":"closed","template":"","meta":{"_acf_changed":false,"footnotes":""},"class_list":["post-8982","page","type-page","status-publish","hentry"],"acf":[],"yoast_head":"<!-- This site is optimized with the Yoast SEO plugin v27.1.1 - https:\/\/yoast.com\/product\/yoast-seo-wordpress\/ -->\n<title>Sommar, sol, och.. en insulinpump? - AnnaPS<\/title>\n<meta name=\"description\" content=\"AnnaPS makes clothes with integrated pockets to carry your diabetes devices such as insulin pump, pen and glucose meter. Stylish, high quality, functional and environmental focus.\" \/>\n<meta name=\"robots\" content=\"index, follow, max-snippet:-1, max-image-preview:large, max-video-preview:-1\" \/>\n<link rel=\"canonical\" href=\"https:\/\/annaps.com\/sv\/sommar-sol-och-en-insulinpump\/\" \/>\n<meta property=\"og:locale\" content=\"sv_SE\" \/>\n<meta property=\"og:type\" content=\"article\" \/>\n<meta property=\"og:title\" content=\"Sommar, sol, och.. en insulinpump? - AnnaPS\" \/>\n<meta property=\"og:description\" content=\"AnnaPS makes clothes with integrated pockets to carry your diabetes devices such as insulin pump, pen and glucose meter. Stylish, high quality, functional and environmental focus.\" \/>\n<meta property=\"og:url\" content=\"https:\/\/annaps.com\/sv\/sommar-sol-och-en-insulinpump\/\" \/>\n<meta property=\"og:site_name\" content=\"AnnaPS\" \/>\n<meta property=\"article:publisher\" content=\"https:\/\/www.facebook.com\/annaps.scandinavia\/\" \/>\n<meta property=\"article:modified_time\" content=\"2017-03-07T12:40:46+00:00\" \/>\n<meta property=\"og:image\" content=\"https:\/\/annaps.com\/wordpress\/content\/uploads\/2016\/05\/DSC_0316-kopia.jpg\" \/>\n<meta name=\"twitter:card\" content=\"summary_large_image\" \/>\n<meta name=\"twitter:label1\" content=\"Ber\u00e4knad l\u00e4stid\" \/>\n\t<meta name=\"twitter:data1\" content=\"3 minuter\" \/>\n<script type=\"application\/ld+json\" class=\"yoast-schema-graph\">{\"@context\":\"https:\/\/schema.org\",\"@graph\":[{\"@type\":\"WebPage\",\"@id\":\"https:\/\/annaps.com\/sv\/sommar-sol-och-en-insulinpump\/\",\"url\":\"https:\/\/annaps.com\/sv\/sommar-sol-och-en-insulinpump\/\",\"name\":\"Sommar, sol, och.. en insulinpump? - AnnaPS\",\"isPartOf\":{\"@id\":\"https:\/\/annaps.com\/de\/#website\"},\"primaryImageOfPage\":{\"@id\":\"https:\/\/annaps.com\/sv\/sommar-sol-och-en-insulinpump\/#primaryimage\"},\"image\":{\"@id\":\"https:\/\/annaps.com\/sv\/sommar-sol-och-en-insulinpump\/#primaryimage\"},\"thumbnailUrl\":\"https:\/\/annaps.com\/wordpress\/content\/uploads\/2016\/05\/DSC_0316-kopia.jpg\",\"datePublished\":\"2016-05-12T19:46:11+00:00\",\"dateModified\":\"2017-03-07T12:40:46+00:00\",\"description\":\"AnnaPS makes clothes with integrated pockets to carry your diabetes devices such as insulin pump, pen and glucose meter. Stylish, high quality, functional and environmental focus.\",\"breadcrumb\":{\"@id\":\"https:\/\/annaps.com\/sv\/sommar-sol-och-en-insulinpump\/#breadcrumb\"},\"inLanguage\":\"sv-SE\",\"potentialAction\":[{\"@type\":\"ReadAction\",\"target\":[\"https:\/\/annaps.com\/sv\/sommar-sol-och-en-insulinpump\/\"]}]},{\"@type\":\"ImageObject\",\"inLanguage\":\"sv-SE\",\"@id\":\"https:\/\/annaps.com\/sv\/sommar-sol-och-en-insulinpump\/#primaryimage\",\"url\":\"https:\/\/annaps.com\/wordpress\/content\/uploads\/2016\/05\/DSC_0316-kopia.jpg\",\"contentUrl\":\"https:\/\/annaps.com\/wordpress\/content\/uploads\/2016\/05\/DSC_0316-kopia.jpg\"},{\"@type\":\"BreadcrumbList\",\"@id\":\"https:\/\/annaps.com\/sv\/sommar-sol-och-en-insulinpump\/#breadcrumb\",\"itemListElement\":[{\"@type\":\"ListItem\",\"position\":1,\"name\":\"Hem\",\"item\":\"https:\/\/annaps.com\/sv\/\"},{\"@type\":\"ListItem\",\"position\":2,\"name\":\"Sommar, sol, och.. en insulinpump?\"}]},{\"@type\":\"WebSite\",\"@id\":\"https:\/\/annaps.com\/de\/#website\",\"url\":\"https:\/\/annaps.com\/de\/\",\"name\":\"AnnaPS\",\"description\":\"Det skall vara enkelt att b\u00e4ra!\",\"potentialAction\":[{\"@type\":\"SearchAction\",\"target\":{\"@type\":\"EntryPoint\",\"urlTemplate\":\"https:\/\/annaps.com\/de\/?s={search_term_string}\"},\"query-input\":{\"@type\":\"PropertyValueSpecification\",\"valueRequired\":true,\"valueName\":\"search_term_string\"}}],\"inLanguage\":\"sv-SE\"}]}<\/script>\n<!-- \/ Yoast SEO plugin. -->","yoast_head_json":{"title":"Sommar, sol, och.. en insulinpump? - AnnaPS","description":"AnnaPS makes clothes with integrated pockets to carry your diabetes devices such as insulin pump, pen and glucose meter. Stylish, high quality, functional and environmental focus.","robots":{"index":"index","follow":"follow","max-snippet":"max-snippet:-1","max-image-preview":"max-image-preview:large","max-video-preview":"max-video-preview:-1"},"canonical":"https:\/\/annaps.com\/sv\/sommar-sol-och-en-insulinpump\/","og_locale":"sv_SE","og_type":"article","og_title":"Sommar, sol, och.. en insulinpump? - AnnaPS","og_description":"AnnaPS makes clothes with integrated pockets to carry your diabetes devices such as insulin pump, pen and glucose meter. Stylish, high quality, functional and environmental focus.","og_url":"https:\/\/annaps.com\/sv\/sommar-sol-och-en-insulinpump\/","og_site_name":"AnnaPS","article_publisher":"https:\/\/www.facebook.com\/annaps.scandinavia\/","article_modified_time":"2017-03-07T12:40:46+00:00","og_image":[{"url":"https:\/\/annaps.com\/wordpress\/content\/uploads\/2016\/05\/DSC_0316-kopia.jpg","type":"","width":"","height":""}],"twitter_card":"summary_large_image","twitter_misc":{"Ber\u00e4knad l\u00e4stid":"3 minuter"},"schema":{"@context":"https:\/\/schema.org","@graph":[{"@type":"WebPage","@id":"https:\/\/annaps.com\/sv\/sommar-sol-och-en-insulinpump\/","url":"https:\/\/annaps.com\/sv\/sommar-sol-och-en-insulinpump\/","name":"Sommar, sol, och.. en insulinpump? - AnnaPS","isPartOf":{"@id":"https:\/\/annaps.com\/de\/#website"},"primaryImageOfPage":{"@id":"https:\/\/annaps.com\/sv\/sommar-sol-och-en-insulinpump\/#primaryimage"},"image":{"@id":"https:\/\/annaps.com\/sv\/sommar-sol-och-en-insulinpump\/#primaryimage"},"thumbnailUrl":"https:\/\/annaps.com\/wordpress\/content\/uploads\/2016\/05\/DSC_0316-kopia.jpg","datePublished":"2016-05-12T19:46:11+00:00","dateModified":"2017-03-07T12:40:46+00:00","description":"AnnaPS makes clothes with integrated pockets to carry your diabetes devices such as insulin pump, pen and glucose meter. Stylish, high quality, functional and environmental focus.","breadcrumb":{"@id":"https:\/\/annaps.com\/sv\/sommar-sol-och-en-insulinpump\/#breadcrumb"},"inLanguage":"sv-SE","potentialAction":[{"@type":"ReadAction","target":["https:\/\/annaps.com\/sv\/sommar-sol-och-en-insulinpump\/"]}]},{"@type":"ImageObject","inLanguage":"sv-SE","@id":"https:\/\/annaps.com\/sv\/sommar-sol-och-en-insulinpump\/#primaryimage","url":"https:\/\/annaps.com\/wordpress\/content\/uploads\/2016\/05\/DSC_0316-kopia.jpg","contentUrl":"https:\/\/annaps.com\/wordpress\/content\/uploads\/2016\/05\/DSC_0316-kopia.jpg"},{"@type":"BreadcrumbList","@id":"https:\/\/annaps.com\/sv\/sommar-sol-och-en-insulinpump\/#breadcrumb","itemListElement":[{"@type":"ListItem","position":1,"name":"Hem","item":"https:\/\/annaps.com\/sv\/"},{"@type":"ListItem","position":2,"name":"Sommar, sol, och.. en insulinpump?"}]},{"@type":"WebSite","@id":"https:\/\/annaps.com\/de\/#website","url":"https:\/\/annaps.com\/de\/","name":"AnnaPS","description":"Det skall vara enkelt att b\u00e4ra!","potentialAction":[{"@type":"SearchAction","target":{"@type":"EntryPoint","urlTemplate":"https:\/\/annaps.com\/de\/?s={search_term_string}"},"query-input":{"@type":"PropertyValueSpecification","valueRequired":true,"valueName":"search_term_string"}}],"inLanguage":"sv-SE"}]}},"_links":{"self":[{"href":"https:\/\/annaps.com\/sv\/wp-json\/wp\/v2\/pages\/8982","targetHints":{"allow":["GET"]}}],"collection":[{"href":"https:\/\/annaps.com\/sv\/wp-json\/wp\/v2\/pages"}],"about":[{"href":"https:\/\/annaps.com\/sv\/wp-json\/wp\/v2\/types\/page"}],"author":[{"embeddable":true,"href":"https:\/\/annaps.com\/sv\/wp-json\/wp\/v2\/users\/5"}],"replies":[{"embeddable":true,"href":"https:\/\/annaps.com\/sv\/wp-json\/wp\/v2\/comments?post=8982"}],"version-history":[{"count":0,"href":"https:\/\/annaps.com\/sv\/wp-json\/wp\/v2\/pages\/8982\/revisions"}],"wp:attachment":[{"href":"https:\/\/annaps.com\/sv\/wp-json\/wp\/v2\/media?parent=8982"}],"curies":[{"name":"wp","href":"https:\/\/api.w.org\/{rel}","templated":true}]}}