{"id":8945,"date":"2016-05-12T16:55:41","date_gmt":"2016-05-12T14:55:41","guid":{"rendered":"https:\/\/www.annaps.com\/?page_id=8945"},"modified":"2017-03-07T13:40:47","modified_gmt":"2017-03-07T12:40:47","slug":"valnoetstacos-raw-food-style","status":"publish","type":"page","link":"https:\/\/annaps.com\/sv\/valnoetstacos-raw-food-style\/","title":{"rendered":"Valn\u00f6tstacos &#8221;raw food-style&#8221;"},"content":{"rendered":"<p><a href=\"https:\/\/annaps.com\/wordpress\/content\/uploads\/2016\/05\/tacos.jpg\" rel=\"attachment wp-att-8939\"><img loading=\"lazy\" decoding=\"async\" class=\"aligncenter wp-image-8939 size-full\" src=\"https:\/\/annaps.com\/wordpress\/content\/uploads\/2016\/05\/tacos.jpg\" alt=\"tacos\" width=\"960\" height=\"960\" srcset=\"https:\/\/annaps.com\/content\/uploads\/2016\/05\/tacos.jpg 960w, https:\/\/annaps.com\/content\/uploads\/2016\/05\/tacos-150x150.jpg 150w, https:\/\/annaps.com\/content\/uploads\/2016\/05\/tacos-300x300.jpg 300w, https:\/\/annaps.com\/content\/uploads\/2016\/05\/tacos-768x768.jpg 768w, https:\/\/annaps.com\/content\/uploads\/2016\/05\/tacos-200x200.jpg 200w, https:\/\/annaps.com\/content\/uploads\/2016\/05\/tacos-870x870.jpg 870w, https:\/\/annaps.com\/content\/uploads\/2016\/05\/tacos-455x455.jpg 455w, https:\/\/annaps.com\/content\/uploads\/2016\/05\/tacos-100x100.jpg 100w, https:\/\/annaps.com\/content\/uploads\/2016\/05\/tacos-55x55.jpg 55w, https:\/\/annaps.com\/content\/uploads\/2016\/05\/tacos-180x180.jpg 180w, https:\/\/annaps.com\/content\/uploads\/2016\/05\/tacos-600x600.jpg 600w\" sizes=\"auto, (max-width: 960px) 100vw, 960px\" \/><\/a><\/p>\n<p><i>F\u00f6r ett och ett halvt \u00e5r sedan arbetade jag p\u00e5 ett popul\u00e4rt spa i min hemstad G\u00f6teborg. D\u00e4r ansvarade jag f\u00f6r en liten restaurang med inriktning raw food. D\u00e4r och d\u00e5 hittade jag inspiration och skapade det h\u00e4r receptet. Tacos har blivit n\u00e5got av en nationalr\u00e4tt i Sverige. Detta recept \u00e4r inte bara vegetariskt utan dessutom h\u00e4lsosamt och sn\u00e4llt mot ditt blodsocker. Ist\u00e4llet f\u00f6r tortillas har jag valt att servera mina tacos p\u00e5 h\u00e4rligt krispiga blad av romansallad. Jag tycker om guacamole och syrad r\u00f6dl\u00f6k. Man anv\u00e4nder mycket socker n\u00e4r man syrar r\u00f6dl\u00f6k p\u00e5 klassiskt vis. Detta h\u00f6jer dock inte blodsockret s\u00e5 mycket som man f\u00f6rst kan tro d\u00e5 l\u00f6ken endast tar till sig en liten del av sockret och resten stannar i lagen. Jag har \u00e4nd\u00e5 valt att anv\u00e4nda sukrin till detta recept, men detta kan ers\u00e4ttas med valfri s\u00f6tning eller uteslutas helt. \u00a0 \u00a0<\/i><\/p>\n<p><b>Valn\u00f6tstaco, 4 personer<\/b><\/p>\n<p>250 g bl\u00f6tlagda valn\u00f6tter<\/p>\n<p>100 g blomk\u00e5l<\/p>\n<p>100 g palsternacka<\/p>\n<p>50 g morot<\/p>\n<p>50 g r\u00f6d paprika<\/p>\n<p>\u00bd schalottenl\u00f6k<\/p>\n<p>\u00bd r\u00f6d chili<\/p>\n<p>1 msk spiskummin<\/p>\n<p>0,5 msk paprikapulver<\/p>\n<p>0,5 msk soja <i>(utan tillsatt socker)<\/i><\/p>\n<p>0,5 msk rapsolja<\/p>\n<p>1 tsk salt<\/p>\n<p><i>Bl\u00f6tl\u00e4gg valn\u00f6tterna dagen innan. Skala och ansa gr\u00f6nsakerna och hacka d\u00e4refter ned till mindre bitar. H\u00e4ll av och sk\u00f6lj valn\u00f6tterna ordentligt. Blanda samman samtliga ingredienser och mixa i matberedare till en f\u00e4rsliknande konsistens. Beroende p\u00e5 storlek p\u00e5 din matberedare kan du beh\u00f6va dela upp ingredienserna och mixa i flera omg\u00e5ngar.<\/i><\/p>\n<p><b>Guacamole<\/b><\/p>\n<p>2 st mogna avokado<\/p>\n<p>2 st vitl\u00f6ksklyftor<\/p>\n<p>2 st r\u00f6d chili<\/p>\n<p>1 st lime, saft och skal<\/p>\n<p>salt<\/p>\n<p>koriander<\/p>\n<p><i>Mosa avokado i en sk\u00e5l med hj\u00e4lp av en gaffel. Finhacka chili och riv eller pressa vitl\u00f6k. Riv skalet p\u00e5 limen och pressa ned juicen. Blanda samman alltihop till en r\u00f6ra och smaka av med salt. Garnera med koriander efter smak.<\/i><\/p>\n<p><b>Syrad r\u00f6dl\u00f6k<\/b><\/p>\n<p>4 st r\u00f6dl\u00f6k<\/p>\n<p>3 dl vatten<\/p>\n<p>2 dl r\u00f6dvinsvin\u00e4ger<\/p>\n<p>1 dl s\u00f6tningsmedel av valfri sort (g\u00e5r att utesluta, men jag anv\u00e4nde sukrin)<\/p>\n<p><i>Skiva l\u00f6ken i tunna ringar, g\u00e4rna med hj\u00e4lp av en mandolin (en vass kniv g\u00e5r ocks\u00e5 bra). Blanda ihop vatten, vin\u00e4ger och eventuellt s\u00f6tningsmedel i en kastrull. Vispa tills s\u00f6tningsmedlet l\u00f6sts upp. H\u00e4ll lagen \u00f6ver l\u00f6ken och l\u00e5t st\u00e5 ett par timmar. F\u00f6rvara i en luftt\u00e4t glasburk.<\/i><\/p>\n<p><b>Servera r\u00e4tten<\/b><\/p>\n<p>Servera dina tacos p\u00e5 stora salladsblad med de tillbeh\u00f6r du b\u00e4st tycker om. F\u00f6r min del blev det gurka, tomat, salladsl\u00f6k, och rikligt med koriander den h\u00e4r g\u00e5ngen. Jag fr\u00e5ngick raw food och toppade \u00e4ven med lite creme fraiche och riven ost.<\/p>\n<p><b>Peter Olsson, \u201cChefabetic\u201d<\/b><\/p>\n<p><i>Recept publicerat 12 maj 2016.\u00a0<\/i><\/p>\n","protected":false},"excerpt":{"rendered":"<p>F\u00f6r ett och ett halvt \u00e5r sedan arbetade jag p\u00e5 ett popul\u00e4rt spa i min hemstad G\u00f6teborg. D\u00e4r ansvarade jag f\u00f6r en liten restaurang med inriktning raw food. D\u00e4r och d\u00e5 hittade jag inspiration och skapade det h\u00e4r receptet. Tacos har blivit n\u00e5got av en nationalr\u00e4tt i Sverige. Detta recept \u00e4r inte bara vegetariskt utan [&hellip;]<\/p>\n","protected":false},"author":5,"featured_media":0,"parent":0,"menu_order":38,"comment_status":"closed","ping_status":"closed","template":"","meta":{"_acf_changed":false,"footnotes":""},"class_list":["post-8945","page","type-page","status-publish","hentry"],"acf":[],"yoast_head":"<!-- This site is optimized with the Yoast SEO plugin v27.1.1 - https:\/\/yoast.com\/product\/yoast-seo-wordpress\/ -->\n<title>Valn\u00f6tstacos &quot;raw food-style&quot; - AnnaPS<\/title>\n<meta name=\"description\" content=\"AnnaPS makes clothes with integrated pockets to carry your diabetes devices such as insulin pump, pen and glucose meter. Stylish, high quality, functional and environmental focus.\" \/>\n<meta name=\"robots\" content=\"index, follow, max-snippet:-1, max-image-preview:large, max-video-preview:-1\" \/>\n<link rel=\"canonical\" href=\"https:\/\/annaps.com\/sv\/valnoetstacos-raw-food-style\/\" \/>\n<meta property=\"og:locale\" content=\"sv_SE\" \/>\n<meta property=\"og:type\" content=\"article\" \/>\n<meta property=\"og:title\" content=\"Valn\u00f6tstacos &quot;raw food-style&quot; - AnnaPS\" \/>\n<meta property=\"og:description\" content=\"AnnaPS makes clothes with integrated pockets to carry your diabetes devices such as insulin pump, pen and glucose meter. Stylish, high quality, functional and environmental focus.\" \/>\n<meta property=\"og:url\" content=\"https:\/\/annaps.com\/sv\/valnoetstacos-raw-food-style\/\" \/>\n<meta property=\"og:site_name\" content=\"AnnaPS\" \/>\n<meta property=\"article:publisher\" content=\"https:\/\/www.facebook.com\/annaps.scandinavia\/\" \/>\n<meta property=\"article:modified_time\" content=\"2017-03-07T12:40:47+00:00\" \/>\n<meta property=\"og:image\" content=\"https:\/\/annaps.com\/wordpress\/content\/uploads\/2016\/05\/tacos.jpg\" \/>\n<meta name=\"twitter:card\" content=\"summary_large_image\" \/>\n<meta name=\"twitter:label1\" content=\"Ber\u00e4knad l\u00e4stid\" \/>\n\t<meta name=\"twitter:data1\" content=\"2 minuter\" \/>\n<script type=\"application\/ld+json\" class=\"yoast-schema-graph\">{\"@context\":\"https:\/\/schema.org\",\"@graph\":[{\"@type\":\"WebPage\",\"@id\":\"https:\/\/annaps.com\/sv\/valnoetstacos-raw-food-style\/\",\"url\":\"https:\/\/annaps.com\/sv\/valnoetstacos-raw-food-style\/\",\"name\":\"Valn\u00f6tstacos \\\"raw food-style\\\" - AnnaPS\",\"isPartOf\":{\"@id\":\"https:\/\/annaps.com\/de\/#website\"},\"primaryImageOfPage\":{\"@id\":\"https:\/\/annaps.com\/sv\/valnoetstacos-raw-food-style\/#primaryimage\"},\"image\":{\"@id\":\"https:\/\/annaps.com\/sv\/valnoetstacos-raw-food-style\/#primaryimage\"},\"thumbnailUrl\":\"https:\/\/annaps.com\/wordpress\/content\/uploads\/2016\/05\/tacos.jpg\",\"datePublished\":\"2016-05-12T14:55:41+00:00\",\"dateModified\":\"2017-03-07T12:40:47+00:00\",\"description\":\"AnnaPS makes clothes with integrated pockets to carry your diabetes devices such as insulin pump, pen and glucose meter. Stylish, high quality, functional and environmental focus.\",\"breadcrumb\":{\"@id\":\"https:\/\/annaps.com\/sv\/valnoetstacos-raw-food-style\/#breadcrumb\"},\"inLanguage\":\"sv-SE\",\"potentialAction\":[{\"@type\":\"ReadAction\",\"target\":[\"https:\/\/annaps.com\/sv\/valnoetstacos-raw-food-style\/\"]}]},{\"@type\":\"ImageObject\",\"inLanguage\":\"sv-SE\",\"@id\":\"https:\/\/annaps.com\/sv\/valnoetstacos-raw-food-style\/#primaryimage\",\"url\":\"https:\/\/annaps.com\/wordpress\/content\/uploads\/2016\/05\/tacos.jpg\",\"contentUrl\":\"https:\/\/annaps.com\/wordpress\/content\/uploads\/2016\/05\/tacos.jpg\"},{\"@type\":\"BreadcrumbList\",\"@id\":\"https:\/\/annaps.com\/sv\/valnoetstacos-raw-food-style\/#breadcrumb\",\"itemListElement\":[{\"@type\":\"ListItem\",\"position\":1,\"name\":\"Hem\",\"item\":\"https:\/\/annaps.com\/sv\/\"},{\"@type\":\"ListItem\",\"position\":2,\"name\":\"Valn\u00f6tstacos &#8220;raw food-style&#8221;\"}]},{\"@type\":\"WebSite\",\"@id\":\"https:\/\/annaps.com\/de\/#website\",\"url\":\"https:\/\/annaps.com\/de\/\",\"name\":\"AnnaPS\",\"description\":\"Det skall vara enkelt att b\u00e4ra!\",\"potentialAction\":[{\"@type\":\"SearchAction\",\"target\":{\"@type\":\"EntryPoint\",\"urlTemplate\":\"https:\/\/annaps.com\/de\/?s={search_term_string}\"},\"query-input\":{\"@type\":\"PropertyValueSpecification\",\"valueRequired\":true,\"valueName\":\"search_term_string\"}}],\"inLanguage\":\"sv-SE\"}]}<\/script>\n<!-- \/ Yoast SEO plugin. -->","yoast_head_json":{"title":"Valn\u00f6tstacos \"raw food-style\" - AnnaPS","description":"AnnaPS makes clothes with integrated pockets to carry your diabetes devices such as insulin pump, pen and glucose meter. Stylish, high quality, functional and environmental focus.","robots":{"index":"index","follow":"follow","max-snippet":"max-snippet:-1","max-image-preview":"max-image-preview:large","max-video-preview":"max-video-preview:-1"},"canonical":"https:\/\/annaps.com\/sv\/valnoetstacos-raw-food-style\/","og_locale":"sv_SE","og_type":"article","og_title":"Valn\u00f6tstacos \"raw food-style\" - AnnaPS","og_description":"AnnaPS makes clothes with integrated pockets to carry your diabetes devices such as insulin pump, pen and glucose meter. Stylish, high quality, functional and environmental focus.","og_url":"https:\/\/annaps.com\/sv\/valnoetstacos-raw-food-style\/","og_site_name":"AnnaPS","article_publisher":"https:\/\/www.facebook.com\/annaps.scandinavia\/","article_modified_time":"2017-03-07T12:40:47+00:00","og_image":[{"url":"https:\/\/annaps.com\/wordpress\/content\/uploads\/2016\/05\/tacos.jpg","type":"","width":"","height":""}],"twitter_card":"summary_large_image","twitter_misc":{"Ber\u00e4knad l\u00e4stid":"2 minuter"},"schema":{"@context":"https:\/\/schema.org","@graph":[{"@type":"WebPage","@id":"https:\/\/annaps.com\/sv\/valnoetstacos-raw-food-style\/","url":"https:\/\/annaps.com\/sv\/valnoetstacos-raw-food-style\/","name":"Valn\u00f6tstacos \"raw food-style\" - AnnaPS","isPartOf":{"@id":"https:\/\/annaps.com\/de\/#website"},"primaryImageOfPage":{"@id":"https:\/\/annaps.com\/sv\/valnoetstacos-raw-food-style\/#primaryimage"},"image":{"@id":"https:\/\/annaps.com\/sv\/valnoetstacos-raw-food-style\/#primaryimage"},"thumbnailUrl":"https:\/\/annaps.com\/wordpress\/content\/uploads\/2016\/05\/tacos.jpg","datePublished":"2016-05-12T14:55:41+00:00","dateModified":"2017-03-07T12:40:47+00:00","description":"AnnaPS makes clothes with integrated pockets to carry your diabetes devices such as insulin pump, pen and glucose meter. Stylish, high quality, functional and environmental focus.","breadcrumb":{"@id":"https:\/\/annaps.com\/sv\/valnoetstacos-raw-food-style\/#breadcrumb"},"inLanguage":"sv-SE","potentialAction":[{"@type":"ReadAction","target":["https:\/\/annaps.com\/sv\/valnoetstacos-raw-food-style\/"]}]},{"@type":"ImageObject","inLanguage":"sv-SE","@id":"https:\/\/annaps.com\/sv\/valnoetstacos-raw-food-style\/#primaryimage","url":"https:\/\/annaps.com\/wordpress\/content\/uploads\/2016\/05\/tacos.jpg","contentUrl":"https:\/\/annaps.com\/wordpress\/content\/uploads\/2016\/05\/tacos.jpg"},{"@type":"BreadcrumbList","@id":"https:\/\/annaps.com\/sv\/valnoetstacos-raw-food-style\/#breadcrumb","itemListElement":[{"@type":"ListItem","position":1,"name":"Hem","item":"https:\/\/annaps.com\/sv\/"},{"@type":"ListItem","position":2,"name":"Valn\u00f6tstacos &#8220;raw food-style&#8221;"}]},{"@type":"WebSite","@id":"https:\/\/annaps.com\/de\/#website","url":"https:\/\/annaps.com\/de\/","name":"AnnaPS","description":"Det skall vara enkelt att b\u00e4ra!","potentialAction":[{"@type":"SearchAction","target":{"@type":"EntryPoint","urlTemplate":"https:\/\/annaps.com\/de\/?s={search_term_string}"},"query-input":{"@type":"PropertyValueSpecification","valueRequired":true,"valueName":"search_term_string"}}],"inLanguage":"sv-SE"}]}},"_links":{"self":[{"href":"https:\/\/annaps.com\/sv\/wp-json\/wp\/v2\/pages\/8945","targetHints":{"allow":["GET"]}}],"collection":[{"href":"https:\/\/annaps.com\/sv\/wp-json\/wp\/v2\/pages"}],"about":[{"href":"https:\/\/annaps.com\/sv\/wp-json\/wp\/v2\/types\/page"}],"author":[{"embeddable":true,"href":"https:\/\/annaps.com\/sv\/wp-json\/wp\/v2\/users\/5"}],"replies":[{"embeddable":true,"href":"https:\/\/annaps.com\/sv\/wp-json\/wp\/v2\/comments?post=8945"}],"version-history":[{"count":0,"href":"https:\/\/annaps.com\/sv\/wp-json\/wp\/v2\/pages\/8945\/revisions"}],"wp:attachment":[{"href":"https:\/\/annaps.com\/sv\/wp-json\/wp\/v2\/media?parent=8945"}],"curies":[{"name":"wp","href":"https:\/\/api.w.org\/{rel}","templated":true}]}}