{"id":8320,"date":"2016-04-07T12:38:35","date_gmt":"2016-04-07T12:38:35","guid":{"rendered":"https:\/\/www.annaps.com\/?page_id=8320"},"modified":"2017-03-07T13:40:16","modified_gmt":"2017-03-07T12:40:16","slug":"recept-bananpannkakor","status":"publish","type":"page","link":"https:\/\/annaps.com\/sv\/recept-bananpannkakor\/","title":{"rendered":"Recept: Bananpannkakor"},"content":{"rendered":"<p><a href=\"https:\/\/annaps.com\/wordpress\/content\/uploads\/2016\/04\/banan.jpg\" rel=\"attachment wp-att-8321\"><img loading=\"lazy\" decoding=\"async\" class=\"aligncenter wp-image-8321 size-full\" src=\"https:\/\/annaps.com\/wordpress\/content\/uploads\/2016\/04\/banan.jpg\" alt=\"banan\" width=\"564\" height=\"564\" srcset=\"https:\/\/annaps.com\/content\/uploads\/2016\/04\/banan.jpg 564w, https:\/\/annaps.com\/content\/uploads\/2016\/04\/banan-150x150.jpg 150w, https:\/\/annaps.com\/content\/uploads\/2016\/04\/banan-300x300.jpg 300w, https:\/\/annaps.com\/content\/uploads\/2016\/04\/banan-200x200.jpg 200w, https:\/\/annaps.com\/content\/uploads\/2016\/04\/banan-455x455.jpg 455w, https:\/\/annaps.com\/content\/uploads\/2016\/04\/banan-100x100.jpg 100w, https:\/\/annaps.com\/content\/uploads\/2016\/04\/banan-55x55.jpg 55w, https:\/\/annaps.com\/content\/uploads\/2016\/04\/banan-180x180.jpg 180w\" sizes=\"auto, (max-width: 564px) 100vw, 564px\" \/><\/a><\/p>\n<p style=\"text-align: left;\"><span style=\"font-weight: 400;\">Ibland tryter orken, samtidigt som magen ryter efter mat. Tiden \u00e4r knapp och pl\u00e5nboken \u00e4r n\u00e4stan tom. H\u00e4r bjuder vi p\u00e5 ett recept p\u00e5 bananpannkakor, som g\u00e5r snabbt att laga, \u00e4r billigt, blodsockersn\u00e4llt och riktigt gott! <\/span><\/p>\n<p style=\"text-align: left;\"><strong>2 portioner:<\/strong><\/p>\n<p style=\"text-align: left;\"><span style=\"font-weight: 400;\">&#8211; 2 normalstora bananer<\/span><\/p>\n<p style=\"text-align: left;\"><span style=\"font-weight: 400;\">&#8211; 4 \u00e4gg<\/span><\/p>\n<p style=\"text-align: left;\"><strong>G\u00f6r s\u00e5h\u00e4r:<\/strong><\/p>\n<p style=\"text-align: left;\"><span style=\"font-weight: 400;\">Skala bananerna. Mosa dem s\u00e5 sm\u00e5tt som m\u00f6jligt i en sk\u00e5l. Kn\u00e4ck i de fyra \u00e4ggen. Blanda ihop smeten och stek pannkakorna i olja eller sm\u00f6r i stekpanna. Servera med bacon till frukost, med kvarg till lunch eller med glass till efter\u00e4tt!<\/span><\/p>\n","protected":false},"excerpt":{"rendered":"<p>Ibland tryter orken, samtidigt som magen ryter efter mat. Tiden \u00e4r knapp och pl\u00e5nboken \u00e4r n\u00e4stan tom. H\u00e4r bjuder vi p\u00e5 ett recept p\u00e5 bananpannkakor, som g\u00e5r snabbt att laga, \u00e4r billigt, blodsockersn\u00e4llt och riktigt gott! 2 portioner: &#8211; 2 normalstora bananer &#8211; 4 \u00e4gg G\u00f6r s\u00e5h\u00e4r: Skala bananerna. Mosa dem s\u00e5 sm\u00e5tt som m\u00f6jligt [&hellip;]<\/p>\n","protected":false},"author":5,"featured_media":0,"parent":0,"menu_order":76,"comment_status":"closed","ping_status":"closed","template":"","meta":{"_acf_changed":false,"footnotes":""},"class_list":["post-8320","page","type-page","status-publish","hentry"],"acf":[],"yoast_head":"<!-- This site is optimized with the Yoast SEO plugin v27.1.1 - https:\/\/yoast.com\/product\/yoast-seo-wordpress\/ -->\n<title>Recept: Bananpannkakor - AnnaPS<\/title>\n<meta name=\"description\" content=\"AnnaPS makes clothes with integrated pockets to carry your diabetes devices such as insulin pump, pen and glucose meter. Stylish, high quality, functional and environmental focus.\" \/>\n<meta name=\"robots\" content=\"index, follow, max-snippet:-1, max-image-preview:large, max-video-preview:-1\" \/>\n<link rel=\"canonical\" href=\"https:\/\/annaps.com\/sv\/recept-bananpannkakor\/\" \/>\n<meta property=\"og:locale\" content=\"sv_SE\" \/>\n<meta property=\"og:type\" content=\"article\" \/>\n<meta property=\"og:title\" content=\"Recept: Bananpannkakor - AnnaPS\" \/>\n<meta property=\"og:description\" content=\"AnnaPS makes clothes with integrated pockets to carry your diabetes devices such as insulin pump, pen and glucose meter. Stylish, high quality, functional and environmental focus.\" \/>\n<meta property=\"og:url\" content=\"https:\/\/annaps.com\/sv\/recept-bananpannkakor\/\" \/>\n<meta property=\"og:site_name\" content=\"AnnaPS\" \/>\n<meta property=\"article:publisher\" content=\"https:\/\/www.facebook.com\/annaps.scandinavia\/\" \/>\n<meta property=\"article:modified_time\" content=\"2017-03-07T12:40:16+00:00\" \/>\n<meta property=\"og:image\" content=\"https:\/\/annaps.com\/wordpress\/content\/uploads\/2016\/04\/banan.jpg\" \/>\n<meta name=\"twitter:card\" content=\"summary_large_image\" \/>\n<meta name=\"twitter:label1\" content=\"Ber\u00e4knad l\u00e4stid\" \/>\n\t<meta name=\"twitter:data1\" content=\"1 minut\" \/>\n<script type=\"application\/ld+json\" class=\"yoast-schema-graph\">{\"@context\":\"https:\/\/schema.org\",\"@graph\":[{\"@type\":\"WebPage\",\"@id\":\"https:\/\/annaps.com\/sv\/recept-bananpannkakor\/\",\"url\":\"https:\/\/annaps.com\/sv\/recept-bananpannkakor\/\",\"name\":\"Recept: Bananpannkakor - AnnaPS\",\"isPartOf\":{\"@id\":\"https:\/\/annaps.com\/de\/#website\"},\"primaryImageOfPage\":{\"@id\":\"https:\/\/annaps.com\/sv\/recept-bananpannkakor\/#primaryimage\"},\"image\":{\"@id\":\"https:\/\/annaps.com\/sv\/recept-bananpannkakor\/#primaryimage\"},\"thumbnailUrl\":\"https:\/\/annaps.com\/wordpress\/content\/uploads\/2016\/04\/banan.jpg\",\"datePublished\":\"2016-04-07T12:38:35+00:00\",\"dateModified\":\"2017-03-07T12:40:16+00:00\",\"description\":\"AnnaPS makes clothes with integrated pockets to carry your diabetes devices such as insulin pump, pen and glucose meter. Stylish, high quality, functional and environmental focus.\",\"breadcrumb\":{\"@id\":\"https:\/\/annaps.com\/sv\/recept-bananpannkakor\/#breadcrumb\"},\"inLanguage\":\"sv-SE\",\"potentialAction\":[{\"@type\":\"ReadAction\",\"target\":[\"https:\/\/annaps.com\/sv\/recept-bananpannkakor\/\"]}]},{\"@type\":\"ImageObject\",\"inLanguage\":\"sv-SE\",\"@id\":\"https:\/\/annaps.com\/sv\/recept-bananpannkakor\/#primaryimage\",\"url\":\"https:\/\/annaps.com\/wordpress\/content\/uploads\/2016\/04\/banan.jpg\",\"contentUrl\":\"https:\/\/annaps.com\/wordpress\/content\/uploads\/2016\/04\/banan.jpg\"},{\"@type\":\"BreadcrumbList\",\"@id\":\"https:\/\/annaps.com\/sv\/recept-bananpannkakor\/#breadcrumb\",\"itemListElement\":[{\"@type\":\"ListItem\",\"position\":1,\"name\":\"Hem\",\"item\":\"https:\/\/annaps.com\/sv\/\"},{\"@type\":\"ListItem\",\"position\":2,\"name\":\"Recept: Bananpannkakor\"}]},{\"@type\":\"WebSite\",\"@id\":\"https:\/\/annaps.com\/de\/#website\",\"url\":\"https:\/\/annaps.com\/de\/\",\"name\":\"AnnaPS\",\"description\":\"Det skall vara enkelt att b\u00e4ra!\",\"potentialAction\":[{\"@type\":\"SearchAction\",\"target\":{\"@type\":\"EntryPoint\",\"urlTemplate\":\"https:\/\/annaps.com\/de\/?s={search_term_string}\"},\"query-input\":{\"@type\":\"PropertyValueSpecification\",\"valueRequired\":true,\"valueName\":\"search_term_string\"}}],\"inLanguage\":\"sv-SE\"}]}<\/script>\n<!-- \/ Yoast SEO plugin. -->","yoast_head_json":{"title":"Recept: Bananpannkakor - AnnaPS","description":"AnnaPS makes clothes with integrated pockets to carry your diabetes devices such as insulin pump, pen and glucose meter. Stylish, high quality, functional and environmental focus.","robots":{"index":"index","follow":"follow","max-snippet":"max-snippet:-1","max-image-preview":"max-image-preview:large","max-video-preview":"max-video-preview:-1"},"canonical":"https:\/\/annaps.com\/sv\/recept-bananpannkakor\/","og_locale":"sv_SE","og_type":"article","og_title":"Recept: Bananpannkakor - AnnaPS","og_description":"AnnaPS makes clothes with integrated pockets to carry your diabetes devices such as insulin pump, pen and glucose meter. Stylish, high quality, functional and environmental focus.","og_url":"https:\/\/annaps.com\/sv\/recept-bananpannkakor\/","og_site_name":"AnnaPS","article_publisher":"https:\/\/www.facebook.com\/annaps.scandinavia\/","article_modified_time":"2017-03-07T12:40:16+00:00","og_image":[{"url":"https:\/\/annaps.com\/wordpress\/content\/uploads\/2016\/04\/banan.jpg","type":"","width":"","height":""}],"twitter_card":"summary_large_image","twitter_misc":{"Ber\u00e4knad l\u00e4stid":"1 minut"},"schema":{"@context":"https:\/\/schema.org","@graph":[{"@type":"WebPage","@id":"https:\/\/annaps.com\/sv\/recept-bananpannkakor\/","url":"https:\/\/annaps.com\/sv\/recept-bananpannkakor\/","name":"Recept: Bananpannkakor - AnnaPS","isPartOf":{"@id":"https:\/\/annaps.com\/de\/#website"},"primaryImageOfPage":{"@id":"https:\/\/annaps.com\/sv\/recept-bananpannkakor\/#primaryimage"},"image":{"@id":"https:\/\/annaps.com\/sv\/recept-bananpannkakor\/#primaryimage"},"thumbnailUrl":"https:\/\/annaps.com\/wordpress\/content\/uploads\/2016\/04\/banan.jpg","datePublished":"2016-04-07T12:38:35+00:00","dateModified":"2017-03-07T12:40:16+00:00","description":"AnnaPS makes clothes with integrated pockets to carry your diabetes devices such as insulin pump, pen and glucose meter. Stylish, high quality, functional and environmental focus.","breadcrumb":{"@id":"https:\/\/annaps.com\/sv\/recept-bananpannkakor\/#breadcrumb"},"inLanguage":"sv-SE","potentialAction":[{"@type":"ReadAction","target":["https:\/\/annaps.com\/sv\/recept-bananpannkakor\/"]}]},{"@type":"ImageObject","inLanguage":"sv-SE","@id":"https:\/\/annaps.com\/sv\/recept-bananpannkakor\/#primaryimage","url":"https:\/\/annaps.com\/wordpress\/content\/uploads\/2016\/04\/banan.jpg","contentUrl":"https:\/\/annaps.com\/wordpress\/content\/uploads\/2016\/04\/banan.jpg"},{"@type":"BreadcrumbList","@id":"https:\/\/annaps.com\/sv\/recept-bananpannkakor\/#breadcrumb","itemListElement":[{"@type":"ListItem","position":1,"name":"Hem","item":"https:\/\/annaps.com\/sv\/"},{"@type":"ListItem","position":2,"name":"Recept: Bananpannkakor"}]},{"@type":"WebSite","@id":"https:\/\/annaps.com\/de\/#website","url":"https:\/\/annaps.com\/de\/","name":"AnnaPS","description":"Det skall vara enkelt att b\u00e4ra!","potentialAction":[{"@type":"SearchAction","target":{"@type":"EntryPoint","urlTemplate":"https:\/\/annaps.com\/de\/?s={search_term_string}"},"query-input":{"@type":"PropertyValueSpecification","valueRequired":true,"valueName":"search_term_string"}}],"inLanguage":"sv-SE"}]}},"_links":{"self":[{"href":"https:\/\/annaps.com\/sv\/wp-json\/wp\/v2\/pages\/8320","targetHints":{"allow":["GET"]}}],"collection":[{"href":"https:\/\/annaps.com\/sv\/wp-json\/wp\/v2\/pages"}],"about":[{"href":"https:\/\/annaps.com\/sv\/wp-json\/wp\/v2\/types\/page"}],"author":[{"embeddable":true,"href":"https:\/\/annaps.com\/sv\/wp-json\/wp\/v2\/users\/5"}],"replies":[{"embeddable":true,"href":"https:\/\/annaps.com\/sv\/wp-json\/wp\/v2\/comments?post=8320"}],"version-history":[{"count":0,"href":"https:\/\/annaps.com\/sv\/wp-json\/wp\/v2\/pages\/8320\/revisions"}],"wp:attachment":[{"href":"https:\/\/annaps.com\/sv\/wp-json\/wp\/v2\/media?parent=8320"}],"curies":[{"name":"wp","href":"https:\/\/api.w.org\/{rel}","templated":true}]}}