{"id":8275,"date":"2016-03-31T18:25:45","date_gmt":"2016-03-31T18:25:45","guid":{"rendered":"https:\/\/www.annaps.com\/?page_id=8275"},"modified":"2017-03-07T13:40:07","modified_gmt":"2017-03-07T12:40:07","slug":"alternativ-till-druvsocker","status":"publish","type":"page","link":"https:\/\/annaps.com\/sv\/alternativ-till-druvsocker\/","title":{"rendered":"Alternativ till druvsocker"},"content":{"rendered":"<p><a href=\"https:\/\/annaps.com\/wordpress\/content\/uploads\/2016\/03\/druvsocker.jpg\" rel=\"attachment wp-att-8276\"><img loading=\"lazy\" decoding=\"async\" class=\"aligncenter wp-image-8276 size-full\" src=\"https:\/\/annaps.com\/wordpress\/content\/uploads\/2016\/03\/druvsocker.jpg\" alt=\"druvsocker\" width=\"2360\" height=\"1417\" srcset=\"https:\/\/annaps.com\/content\/uploads\/2016\/03\/druvsocker.jpg 2360w, https:\/\/annaps.com\/content\/uploads\/2016\/03\/druvsocker-300x180.jpg 300w, https:\/\/annaps.com\/content\/uploads\/2016\/03\/druvsocker-768x461.jpg 768w, https:\/\/annaps.com\/content\/uploads\/2016\/03\/druvsocker-1024x615.jpg 1024w, https:\/\/annaps.com\/content\/uploads\/2016\/03\/druvsocker-32x20.jpg 32w, https:\/\/annaps.com\/content\/uploads\/2016\/03\/druvsocker-500x300.jpg 500w, https:\/\/annaps.com\/content\/uploads\/2016\/03\/druvsocker-870x522.jpg 870w, https:\/\/annaps.com\/content\/uploads\/2016\/03\/druvsocker-455x273.jpg 455w, https:\/\/annaps.com\/content\/uploads\/2016\/03\/druvsocker-55x33.jpg 55w\" sizes=\"auto, (max-width: 2360px) 100vw, 2360px\" \/><\/a><\/p>\n<p><span style=\"font-weight: 400;\">En person med diabetes har ett sv\u00e4ngande blodsocker, och n\u00e4r det n\u00e4rmar sig f\u00f6r l\u00e5ga niv\u00e5er f\u00e5r man ta till druvsocker. Men i l\u00e4ngden kan det bli v\u00e4ldigt enformigt, och rent av tr\u00e5kigt. Ett tips \u00e4r att s\u00e5 ofta du kan variera druvsockret med andra sockerk\u00e4llor, f\u00f6r att inte tr\u00f6ttna p\u00e5 smaken. Blanda till exempel juicekoncentrat med lite mindre vatten \u00e4n instruktionen s\u00e4ger, i sm\u00e5 plastflaskor och f\u00f6rvara i kylen. Eller k\u00f6p sm\u00e5 juiceboxar (typ Festis, Smakis..). Det vi allra mest rekommenderar \u00e4r att alltid ha med sig torkad frukt som t.ex. russin eller torkade bl\u00e5b\u00e4r. D\u00e5 f\u00e5r man samtidigt viktiga vitaminer och antioxidanter som man speciellt beh\u00f6ver vid tr\u00e4ning. Ett annat alternativ \u00e4r att ha sm\u00e5 godisp\u00e5sar i v\u00e4skan. Variation \u00e4r A och O!<\/span><\/p>\n<p><em><span style=\"font-weight: 400;\">Obs! Sj\u00e4lvfallet ska druvsocker anv\u00e4ndas i de situationer d\u00e5 blodsockret kr\u00e4ver det. Vi \u00e4r inte medicinskt utbildade, utan skriver dessa tips i egenskap av att sj\u00e4lva vara diabetiker.<\/span><\/em><\/p>\n","protected":false},"excerpt":{"rendered":"<p>En person med diabetes har ett sv\u00e4ngande blodsocker, och n\u00e4r det n\u00e4rmar sig f\u00f6r l\u00e5ga niv\u00e5er f\u00e5r man ta till druvsocker. Men i l\u00e4ngden kan det bli v\u00e4ldigt enformigt, och rent av tr\u00e5kigt. Ett tips \u00e4r att s\u00e5 ofta du kan variera druvsockret med andra sockerk\u00e4llor, f\u00f6r att inte tr\u00f6ttna p\u00e5 smaken. Blanda till exempel [&hellip;]<\/p>\n","protected":false},"author":5,"featured_media":0,"parent":0,"menu_order":56,"comment_status":"closed","ping_status":"closed","template":"","meta":{"_acf_changed":false,"footnotes":""},"class_list":["post-8275","page","type-page","status-publish","hentry"],"acf":[],"yoast_head":"<!-- This site is optimized with the Yoast SEO plugin v27.1.1 - https:\/\/yoast.com\/product\/yoast-seo-wordpress\/ -->\n<title>Alternativ till druvsocker - AnnaPS<\/title>\n<meta name=\"description\" content=\"AnnaPS makes clothes with integrated pockets to carry your diabetes devices such as insulin pump, pen and glucose meter. Stylish, high quality, functional and environmental focus.\" \/>\n<meta name=\"robots\" content=\"index, follow, max-snippet:-1, max-image-preview:large, max-video-preview:-1\" \/>\n<link rel=\"canonical\" href=\"https:\/\/annaps.com\/sv\/alternativ-till-druvsocker\/\" \/>\n<meta property=\"og:locale\" content=\"sv_SE\" \/>\n<meta property=\"og:type\" content=\"article\" \/>\n<meta property=\"og:title\" content=\"Alternativ till druvsocker - AnnaPS\" \/>\n<meta property=\"og:description\" content=\"AnnaPS makes clothes with integrated pockets to carry your diabetes devices such as insulin pump, pen and glucose meter. Stylish, high quality, functional and environmental focus.\" \/>\n<meta property=\"og:url\" content=\"https:\/\/annaps.com\/sv\/alternativ-till-druvsocker\/\" \/>\n<meta property=\"og:site_name\" content=\"AnnaPS\" \/>\n<meta property=\"article:publisher\" content=\"https:\/\/www.facebook.com\/annaps.scandinavia\/\" \/>\n<meta property=\"article:modified_time\" content=\"2017-03-07T12:40:07+00:00\" \/>\n<meta property=\"og:image\" content=\"https:\/\/annaps.com\/wordpress\/content\/uploads\/2016\/03\/druvsocker.jpg\" \/>\n<meta name=\"twitter:card\" content=\"summary_large_image\" \/>\n<meta name=\"twitter:label1\" content=\"Ber\u00e4knad l\u00e4stid\" \/>\n\t<meta name=\"twitter:data1\" content=\"1 minut\" \/>\n<script type=\"application\/ld+json\" class=\"yoast-schema-graph\">{\"@context\":\"https:\/\/schema.org\",\"@graph\":[{\"@type\":\"WebPage\",\"@id\":\"https:\/\/annaps.com\/sv\/alternativ-till-druvsocker\/\",\"url\":\"https:\/\/annaps.com\/sv\/alternativ-till-druvsocker\/\",\"name\":\"Alternativ till druvsocker - AnnaPS\",\"isPartOf\":{\"@id\":\"https:\/\/annaps.com\/de\/#website\"},\"primaryImageOfPage\":{\"@id\":\"https:\/\/annaps.com\/sv\/alternativ-till-druvsocker\/#primaryimage\"},\"image\":{\"@id\":\"https:\/\/annaps.com\/sv\/alternativ-till-druvsocker\/#primaryimage\"},\"thumbnailUrl\":\"https:\/\/annaps.com\/wordpress\/content\/uploads\/2016\/03\/druvsocker.jpg\",\"datePublished\":\"2016-03-31T18:25:45+00:00\",\"dateModified\":\"2017-03-07T12:40:07+00:00\",\"description\":\"AnnaPS makes clothes with integrated pockets to carry your diabetes devices such as insulin pump, pen and glucose meter. Stylish, high quality, functional and environmental focus.\",\"breadcrumb\":{\"@id\":\"https:\/\/annaps.com\/sv\/alternativ-till-druvsocker\/#breadcrumb\"},\"inLanguage\":\"sv-SE\",\"potentialAction\":[{\"@type\":\"ReadAction\",\"target\":[\"https:\/\/annaps.com\/sv\/alternativ-till-druvsocker\/\"]}]},{\"@type\":\"ImageObject\",\"inLanguage\":\"sv-SE\",\"@id\":\"https:\/\/annaps.com\/sv\/alternativ-till-druvsocker\/#primaryimage\",\"url\":\"https:\/\/annaps.com\/wordpress\/content\/uploads\/2016\/03\/druvsocker.jpg\",\"contentUrl\":\"https:\/\/annaps.com\/wordpress\/content\/uploads\/2016\/03\/druvsocker.jpg\"},{\"@type\":\"BreadcrumbList\",\"@id\":\"https:\/\/annaps.com\/sv\/alternativ-till-druvsocker\/#breadcrumb\",\"itemListElement\":[{\"@type\":\"ListItem\",\"position\":1,\"name\":\"Hem\",\"item\":\"https:\/\/annaps.com\/sv\/\"},{\"@type\":\"ListItem\",\"position\":2,\"name\":\"Alternativ till druvsocker\"}]},{\"@type\":\"WebSite\",\"@id\":\"https:\/\/annaps.com\/de\/#website\",\"url\":\"https:\/\/annaps.com\/de\/\",\"name\":\"AnnaPS\",\"description\":\"Det skall vara enkelt att b\u00e4ra!\",\"potentialAction\":[{\"@type\":\"SearchAction\",\"target\":{\"@type\":\"EntryPoint\",\"urlTemplate\":\"https:\/\/annaps.com\/de\/?s={search_term_string}\"},\"query-input\":{\"@type\":\"PropertyValueSpecification\",\"valueRequired\":true,\"valueName\":\"search_term_string\"}}],\"inLanguage\":\"sv-SE\"}]}<\/script>\n<!-- \/ Yoast SEO plugin. -->","yoast_head_json":{"title":"Alternativ till druvsocker - AnnaPS","description":"AnnaPS makes clothes with integrated pockets to carry your diabetes devices such as insulin pump, pen and glucose meter. Stylish, high quality, functional and environmental focus.","robots":{"index":"index","follow":"follow","max-snippet":"max-snippet:-1","max-image-preview":"max-image-preview:large","max-video-preview":"max-video-preview:-1"},"canonical":"https:\/\/annaps.com\/sv\/alternativ-till-druvsocker\/","og_locale":"sv_SE","og_type":"article","og_title":"Alternativ till druvsocker - AnnaPS","og_description":"AnnaPS makes clothes with integrated pockets to carry your diabetes devices such as insulin pump, pen and glucose meter. Stylish, high quality, functional and environmental focus.","og_url":"https:\/\/annaps.com\/sv\/alternativ-till-druvsocker\/","og_site_name":"AnnaPS","article_publisher":"https:\/\/www.facebook.com\/annaps.scandinavia\/","article_modified_time":"2017-03-07T12:40:07+00:00","og_image":[{"url":"https:\/\/annaps.com\/wordpress\/content\/uploads\/2016\/03\/druvsocker.jpg","type":"","width":"","height":""}],"twitter_card":"summary_large_image","twitter_misc":{"Ber\u00e4knad l\u00e4stid":"1 minut"},"schema":{"@context":"https:\/\/schema.org","@graph":[{"@type":"WebPage","@id":"https:\/\/annaps.com\/sv\/alternativ-till-druvsocker\/","url":"https:\/\/annaps.com\/sv\/alternativ-till-druvsocker\/","name":"Alternativ till druvsocker - AnnaPS","isPartOf":{"@id":"https:\/\/annaps.com\/de\/#website"},"primaryImageOfPage":{"@id":"https:\/\/annaps.com\/sv\/alternativ-till-druvsocker\/#primaryimage"},"image":{"@id":"https:\/\/annaps.com\/sv\/alternativ-till-druvsocker\/#primaryimage"},"thumbnailUrl":"https:\/\/annaps.com\/wordpress\/content\/uploads\/2016\/03\/druvsocker.jpg","datePublished":"2016-03-31T18:25:45+00:00","dateModified":"2017-03-07T12:40:07+00:00","description":"AnnaPS makes clothes with integrated pockets to carry your diabetes devices such as insulin pump, pen and glucose meter. Stylish, high quality, functional and environmental focus.","breadcrumb":{"@id":"https:\/\/annaps.com\/sv\/alternativ-till-druvsocker\/#breadcrumb"},"inLanguage":"sv-SE","potentialAction":[{"@type":"ReadAction","target":["https:\/\/annaps.com\/sv\/alternativ-till-druvsocker\/"]}]},{"@type":"ImageObject","inLanguage":"sv-SE","@id":"https:\/\/annaps.com\/sv\/alternativ-till-druvsocker\/#primaryimage","url":"https:\/\/annaps.com\/wordpress\/content\/uploads\/2016\/03\/druvsocker.jpg","contentUrl":"https:\/\/annaps.com\/wordpress\/content\/uploads\/2016\/03\/druvsocker.jpg"},{"@type":"BreadcrumbList","@id":"https:\/\/annaps.com\/sv\/alternativ-till-druvsocker\/#breadcrumb","itemListElement":[{"@type":"ListItem","position":1,"name":"Hem","item":"https:\/\/annaps.com\/sv\/"},{"@type":"ListItem","position":2,"name":"Alternativ till druvsocker"}]},{"@type":"WebSite","@id":"https:\/\/annaps.com\/de\/#website","url":"https:\/\/annaps.com\/de\/","name":"AnnaPS","description":"Det skall vara enkelt att b\u00e4ra!","potentialAction":[{"@type":"SearchAction","target":{"@type":"EntryPoint","urlTemplate":"https:\/\/annaps.com\/de\/?s={search_term_string}"},"query-input":{"@type":"PropertyValueSpecification","valueRequired":true,"valueName":"search_term_string"}}],"inLanguage":"sv-SE"}]}},"_links":{"self":[{"href":"https:\/\/annaps.com\/sv\/wp-json\/wp\/v2\/pages\/8275","targetHints":{"allow":["GET"]}}],"collection":[{"href":"https:\/\/annaps.com\/sv\/wp-json\/wp\/v2\/pages"}],"about":[{"href":"https:\/\/annaps.com\/sv\/wp-json\/wp\/v2\/types\/page"}],"author":[{"embeddable":true,"href":"https:\/\/annaps.com\/sv\/wp-json\/wp\/v2\/users\/5"}],"replies":[{"embeddable":true,"href":"https:\/\/annaps.com\/sv\/wp-json\/wp\/v2\/comments?post=8275"}],"version-history":[{"count":0,"href":"https:\/\/annaps.com\/sv\/wp-json\/wp\/v2\/pages\/8275\/revisions"}],"wp:attachment":[{"href":"https:\/\/annaps.com\/sv\/wp-json\/wp\/v2\/media?parent=8275"}],"curies":[{"name":"wp","href":"https:\/\/api.w.org\/{rel}","templated":true}]}}