{"id":779,"date":"2016-01-08T13:33:28","date_gmt":"2016-01-08T13:33:28","guid":{"rendered":"https:\/\/www.annaps.com\/?page_id=779"},"modified":"2017-03-07T13:02:04","modified_gmt":"2017-03-07T12:02:04","slug":"chefabetic-by-annaps","status":"publish","type":"page","link":"https:\/\/annaps.com\/sv\/om-diabetes\/diabetiker-emellan\/chefabetic-by-annaps\/","title":{"rendered":"Chefabetic by AnnaPS"},"content":{"rendered":"<p><a href=\"https:\/\/annaps.com\/wordpress\/content\/uploads\/2016\/01\/Chefabetic_banner10.jpg\" rel=\"attachment wp-att-8709\"><img loading=\"lazy\" decoding=\"async\" class=\"aligncenter wp-image-8709 size-full\" src=\"https:\/\/annaps.com\/wordpress\/content\/uploads\/2016\/01\/Chefabetic_banner10.jpg\" alt=\"Chefabetic_banner10\" width=\"1736\" height=\"602\" srcset=\"https:\/\/annaps.com\/content\/uploads\/2016\/01\/Chefabetic_banner10.jpg 1736w, https:\/\/annaps.com\/content\/uploads\/2016\/01\/Chefabetic_banner10-300x104.jpg 300w, https:\/\/annaps.com\/content\/uploads\/2016\/01\/Chefabetic_banner10-768x266.jpg 768w, https:\/\/annaps.com\/content\/uploads\/2016\/01\/Chefabetic_banner10-1024x355.jpg 1024w, https:\/\/annaps.com\/content\/uploads\/2016\/01\/Chefabetic_banner10-870x302.jpg 870w, https:\/\/annaps.com\/content\/uploads\/2016\/01\/Chefabetic_banner10-455x158.jpg 455w, https:\/\/annaps.com\/content\/uploads\/2016\/01\/Chefabetic_banner10-55x19.jpg 55w\" sizes=\"auto, (max-width: 1736px) 100vw, 1736px\" \/><\/a><\/p>\n<p>My name is Peter Olsson, I\u2019ve been working as a chef in my home town Gothenburg for ten years &#8211; and was diagnosed a type 1 diabetic\u00a0in March 2016. I want to use my profession and my\u00a0condition\u00a0combined to make a difference and hopefully inspire others\u00a0through\u00a0my cooking and my thoughts around food. Chef and diabetic combined makes\u00a0<strong>Chefabetic<\/strong>. Follow my journey and enjoy my recipes!<\/p>\n<p><em>(Fr\u00e5n och med mitten p\u00e5 maj 2016 finns recepten \u00e4ven p\u00e5 svenska!)<\/em><\/p>\n","protected":false},"excerpt":{"rendered":"<p>My name is Peter Olsson, I\u2019ve been working as a chef in my home town Gothenburg for ten years &#8211; and was diagnosed a type 1 diabetic\u00a0in March 2016. I want to use my profession and my\u00a0condition\u00a0combined to make a difference and hopefully inspire others\u00a0through\u00a0my cooking and my thoughts around food. Chef and diabetic combined [&hellip;]<\/p>\n","protected":false},"author":1,"featured_media":0,"parent":374,"menu_order":2,"comment_status":"closed","ping_status":"closed","template":"","meta":{"_acf_changed":false,"footnotes":""},"class_list":["post-779","page","type-page","status-publish","hentry"],"acf":[],"yoast_head":"<!-- This site is optimized with the Yoast SEO plugin v27.1.1 - https:\/\/yoast.com\/product\/yoast-seo-wordpress\/ -->\n<title>Chefabetic by AnnaPS<\/title>\n<meta name=\"description\" content=\"What diabetic doesn&#039;t need recipes on healthy food, made up by a fellow type 1 who happens to be a star chef? Let us introduce: Chefabetic by AnnaPS!\" \/>\n<meta name=\"robots\" content=\"index, follow, max-snippet:-1, max-image-preview:large, max-video-preview:-1\" \/>\n<link rel=\"canonical\" href=\"https:\/\/annaps.com\/sv\/om-diabetes\/diabetiker-emellan\/chefabetic-by-annaps\/\" \/>\n<meta property=\"og:locale\" content=\"sv_SE\" \/>\n<meta property=\"og:type\" content=\"article\" \/>\n<meta property=\"og:title\" content=\"Chefabetic by AnnaPS\" \/>\n<meta property=\"og:description\" content=\"What diabetic doesn&#039;t need recipes on healthy food, made up by a fellow type 1 who happens to be a star chef? Let us introduce: Chefabetic by AnnaPS!\" \/>\n<meta property=\"og:url\" content=\"https:\/\/annaps.com\/sv\/om-diabetes\/diabetiker-emellan\/chefabetic-by-annaps\/\" \/>\n<meta property=\"og:site_name\" content=\"AnnaPS\" \/>\n<meta property=\"article:publisher\" content=\"https:\/\/www.facebook.com\/annaps.scandinavia\/\" \/>\n<meta property=\"article:modified_time\" content=\"2017-03-07T12:02:04+00:00\" \/>\n<meta property=\"og:image\" content=\"https:\/\/annaps.com\/wordpress\/content\/uploads\/2016\/01\/Chefabetic_banner10.jpg\" \/>\n<meta name=\"twitter:card\" content=\"summary_large_image\" \/>\n<script type=\"application\/ld+json\" class=\"yoast-schema-graph\">{\"@context\":\"https:\/\/schema.org\",\"@graph\":[{\"@type\":\"WebPage\",\"@id\":\"https:\/\/annaps.com\/sv\/om-diabetes\/diabetiker-emellan\/chefabetic-by-annaps\/\",\"url\":\"https:\/\/annaps.com\/sv\/om-diabetes\/diabetiker-emellan\/chefabetic-by-annaps\/\",\"name\":\"Chefabetic by AnnaPS\",\"isPartOf\":{\"@id\":\"https:\/\/annaps.com\/de\/#website\"},\"primaryImageOfPage\":{\"@id\":\"https:\/\/annaps.com\/sv\/om-diabetes\/diabetiker-emellan\/chefabetic-by-annaps\/#primaryimage\"},\"image\":{\"@id\":\"https:\/\/annaps.com\/sv\/om-diabetes\/diabetiker-emellan\/chefabetic-by-annaps\/#primaryimage\"},\"thumbnailUrl\":\"https:\/\/annaps.com\/wordpress\/content\/uploads\/2016\/01\/Chefabetic_banner10.jpg\",\"datePublished\":\"2016-01-08T13:33:28+00:00\",\"dateModified\":\"2017-03-07T12:02:04+00:00\",\"description\":\"What diabetic doesn't need recipes on healthy food, made up by a fellow type 1 who happens to be a star chef? Let us introduce: Chefabetic by AnnaPS!\",\"breadcrumb\":{\"@id\":\"https:\/\/annaps.com\/sv\/om-diabetes\/diabetiker-emellan\/chefabetic-by-annaps\/#breadcrumb\"},\"inLanguage\":\"sv-SE\",\"potentialAction\":[{\"@type\":\"ReadAction\",\"target\":[\"https:\/\/annaps.com\/sv\/om-diabetes\/diabetiker-emellan\/chefabetic-by-annaps\/\"]}]},{\"@type\":\"ImageObject\",\"inLanguage\":\"sv-SE\",\"@id\":\"https:\/\/annaps.com\/sv\/om-diabetes\/diabetiker-emellan\/chefabetic-by-annaps\/#primaryimage\",\"url\":\"https:\/\/annaps.com\/wordpress\/content\/uploads\/2016\/01\/Chefabetic_banner10.jpg\",\"contentUrl\":\"https:\/\/annaps.com\/wordpress\/content\/uploads\/2016\/01\/Chefabetic_banner10.jpg\"},{\"@type\":\"BreadcrumbList\",\"@id\":\"https:\/\/annaps.com\/sv\/om-diabetes\/diabetiker-emellan\/chefabetic-by-annaps\/#breadcrumb\",\"itemListElement\":[{\"@type\":\"ListItem\",\"position\":1,\"name\":\"Hem\",\"item\":\"https:\/\/annaps.com\/sv\/\"},{\"@type\":\"ListItem\",\"position\":2,\"name\":\"Om diabetes\",\"item\":\"https:\/\/annaps.com\/sv\/om-diabetes\/\"},{\"@type\":\"ListItem\",\"position\":3,\"name\":\"Diabetiker emellan &#8211; tips\",\"item\":\"https:\/\/annaps.com\/sv\/om-diabetes\/diabetiker-emellan\/\"},{\"@type\":\"ListItem\",\"position\":4,\"name\":\"Chefabetic by AnnaPS\"}]},{\"@type\":\"WebSite\",\"@id\":\"https:\/\/annaps.com\/de\/#website\",\"url\":\"https:\/\/annaps.com\/de\/\",\"name\":\"AnnaPS\",\"description\":\"Det skall vara enkelt att b\u00e4ra!\",\"potentialAction\":[{\"@type\":\"SearchAction\",\"target\":{\"@type\":\"EntryPoint\",\"urlTemplate\":\"https:\/\/annaps.com\/de\/?s={search_term_string}\"},\"query-input\":{\"@type\":\"PropertyValueSpecification\",\"valueRequired\":true,\"valueName\":\"search_term_string\"}}],\"inLanguage\":\"sv-SE\"}]}<\/script>\n<!-- \/ Yoast SEO plugin. -->","yoast_head_json":{"title":"Chefabetic by AnnaPS","description":"What diabetic doesn't need recipes on healthy food, made up by a fellow type 1 who happens to be a star chef? Let us introduce: Chefabetic by AnnaPS!","robots":{"index":"index","follow":"follow","max-snippet":"max-snippet:-1","max-image-preview":"max-image-preview:large","max-video-preview":"max-video-preview:-1"},"canonical":"https:\/\/annaps.com\/sv\/om-diabetes\/diabetiker-emellan\/chefabetic-by-annaps\/","og_locale":"sv_SE","og_type":"article","og_title":"Chefabetic by AnnaPS","og_description":"What diabetic doesn't need recipes on healthy food, made up by a fellow type 1 who happens to be a star chef? Let us introduce: Chefabetic by AnnaPS!","og_url":"https:\/\/annaps.com\/sv\/om-diabetes\/diabetiker-emellan\/chefabetic-by-annaps\/","og_site_name":"AnnaPS","article_publisher":"https:\/\/www.facebook.com\/annaps.scandinavia\/","article_modified_time":"2017-03-07T12:02:04+00:00","og_image":[{"url":"https:\/\/annaps.com\/wordpress\/content\/uploads\/2016\/01\/Chefabetic_banner10.jpg","type":"","width":"","height":""}],"twitter_card":"summary_large_image","schema":{"@context":"https:\/\/schema.org","@graph":[{"@type":"WebPage","@id":"https:\/\/annaps.com\/sv\/om-diabetes\/diabetiker-emellan\/chefabetic-by-annaps\/","url":"https:\/\/annaps.com\/sv\/om-diabetes\/diabetiker-emellan\/chefabetic-by-annaps\/","name":"Chefabetic by AnnaPS","isPartOf":{"@id":"https:\/\/annaps.com\/de\/#website"},"primaryImageOfPage":{"@id":"https:\/\/annaps.com\/sv\/om-diabetes\/diabetiker-emellan\/chefabetic-by-annaps\/#primaryimage"},"image":{"@id":"https:\/\/annaps.com\/sv\/om-diabetes\/diabetiker-emellan\/chefabetic-by-annaps\/#primaryimage"},"thumbnailUrl":"https:\/\/annaps.com\/wordpress\/content\/uploads\/2016\/01\/Chefabetic_banner10.jpg","datePublished":"2016-01-08T13:33:28+00:00","dateModified":"2017-03-07T12:02:04+00:00","description":"What diabetic doesn't need recipes on healthy food, made up by a fellow type 1 who happens to be a star chef? Let us introduce: Chefabetic by AnnaPS!","breadcrumb":{"@id":"https:\/\/annaps.com\/sv\/om-diabetes\/diabetiker-emellan\/chefabetic-by-annaps\/#breadcrumb"},"inLanguage":"sv-SE","potentialAction":[{"@type":"ReadAction","target":["https:\/\/annaps.com\/sv\/om-diabetes\/diabetiker-emellan\/chefabetic-by-annaps\/"]}]},{"@type":"ImageObject","inLanguage":"sv-SE","@id":"https:\/\/annaps.com\/sv\/om-diabetes\/diabetiker-emellan\/chefabetic-by-annaps\/#primaryimage","url":"https:\/\/annaps.com\/wordpress\/content\/uploads\/2016\/01\/Chefabetic_banner10.jpg","contentUrl":"https:\/\/annaps.com\/wordpress\/content\/uploads\/2016\/01\/Chefabetic_banner10.jpg"},{"@type":"BreadcrumbList","@id":"https:\/\/annaps.com\/sv\/om-diabetes\/diabetiker-emellan\/chefabetic-by-annaps\/#breadcrumb","itemListElement":[{"@type":"ListItem","position":1,"name":"Hem","item":"https:\/\/annaps.com\/sv\/"},{"@type":"ListItem","position":2,"name":"Om diabetes","item":"https:\/\/annaps.com\/sv\/om-diabetes\/"},{"@type":"ListItem","position":3,"name":"Diabetiker emellan &#8211; tips","item":"https:\/\/annaps.com\/sv\/om-diabetes\/diabetiker-emellan\/"},{"@type":"ListItem","position":4,"name":"Chefabetic by AnnaPS"}]},{"@type":"WebSite","@id":"https:\/\/annaps.com\/de\/#website","url":"https:\/\/annaps.com\/de\/","name":"AnnaPS","description":"Det skall vara enkelt att b\u00e4ra!","potentialAction":[{"@type":"SearchAction","target":{"@type":"EntryPoint","urlTemplate":"https:\/\/annaps.com\/de\/?s={search_term_string}"},"query-input":{"@type":"PropertyValueSpecification","valueRequired":true,"valueName":"search_term_string"}}],"inLanguage":"sv-SE"}]}},"_links":{"self":[{"href":"https:\/\/annaps.com\/sv\/wp-json\/wp\/v2\/pages\/779","targetHints":{"allow":["GET"]}}],"collection":[{"href":"https:\/\/annaps.com\/sv\/wp-json\/wp\/v2\/pages"}],"about":[{"href":"https:\/\/annaps.com\/sv\/wp-json\/wp\/v2\/types\/page"}],"author":[{"embeddable":true,"href":"https:\/\/annaps.com\/sv\/wp-json\/wp\/v2\/users\/1"}],"replies":[{"embeddable":true,"href":"https:\/\/annaps.com\/sv\/wp-json\/wp\/v2\/comments?post=779"}],"version-history":[{"count":0,"href":"https:\/\/annaps.com\/sv\/wp-json\/wp\/v2\/pages\/779\/revisions"}],"up":[{"embeddable":true,"href":"https:\/\/annaps.com\/sv\/wp-json\/wp\/v2\/pages\/374"}],"wp:attachment":[{"href":"https:\/\/annaps.com\/sv\/wp-json\/wp\/v2\/media?parent=779"}],"curies":[{"name":"wp","href":"https:\/\/api.w.org\/{rel}","templated":true}]}}