{"id":7022,"date":"2016-03-02T07:25:07","date_gmt":"2016-03-02T07:25:07","guid":{"rendered":"https:\/\/www.annaps.com\/?page_id=7022"},"modified":"2017-03-07T13:40:20","modified_gmt":"2017-03-07T12:40:20","slug":"data-info","status":"publish","type":"page","link":"https:\/\/annaps.com\/sv\/data-info\/","title":{"rendered":"Data info"},"content":{"rendered":"<p>All information p\u00e5 denna sida har kontrollerats noggrant. Vi str\u00e4var efter att regelbundet uppdatera och f\u00f6rb\u00e4ttra informationen. En garanti f\u00f6r fullst\u00e4ndigt korrekt och aktuell information kan inte ges. Websidan \u00e4r optimerad f\u00f6r Internet Explorer 9.0 som l\u00e4gst samt Firefox 43 som l\u00e4gst. \u00a0Sk\u00e4rmuppl\u00f6sningen anpassas efter den sk\u00e4rm som f\u00f6r tillf\u00e4llet anv\u00e4nds d\u00e5 vi anv\u00e4nder responsiv design. Det inneb\u00e4r att sidan \u00e4r anpassar sig efter sk\u00e4rmens storlek och det ser olika ut p\u00e5 data\u00a0sk\u00e4rmar samt mobila enheter.<\/p>\n","protected":false},"excerpt":{"rendered":"<p>All information p\u00e5 denna sida har kontrollerats noggrant. Vi str\u00e4var efter att regelbundet uppdatera och f\u00f6rb\u00e4ttra informationen. En garanti f\u00f6r fullst\u00e4ndigt korrekt och aktuell information kan inte ges. Websidan \u00e4r optimerad f\u00f6r Internet Explorer 9.0 som l\u00e4gst samt Firefox 43 som l\u00e4gst. \u00a0Sk\u00e4rmuppl\u00f6sningen anpassas efter den sk\u00e4rm som f\u00f6r tillf\u00e4llet anv\u00e4nds d\u00e5 vi anv\u00e4nder responsiv [&hellip;]<\/p>\n","protected":false},"author":1,"featured_media":0,"parent":0,"menu_order":50,"comment_status":"closed","ping_status":"closed","template":"","meta":{"_acf_changed":false,"footnotes":""},"class_list":["post-7022","page","type-page","status-publish","hentry"],"acf":[],"yoast_head":"<!-- This site is optimized with the Yoast SEO plugin v27.1.1 - https:\/\/yoast.com\/product\/yoast-seo-wordpress\/ -->\n<title>Data info - AnnaPS<\/title>\n<meta name=\"description\" content=\"AnnaPS makes clothes with integrated pockets to carry your diabetes devices such as insulin pump, pen and glucose meter. Stylish, high quality, functional and environmental focus.\" \/>\n<meta name=\"robots\" content=\"index, follow, max-snippet:-1, max-image-preview:large, max-video-preview:-1\" \/>\n<link rel=\"canonical\" href=\"https:\/\/annaps.com\/sv\/data-info\/\" \/>\n<meta property=\"og:locale\" content=\"sv_SE\" \/>\n<meta property=\"og:type\" content=\"article\" \/>\n<meta property=\"og:title\" content=\"Data info - AnnaPS\" \/>\n<meta property=\"og:description\" content=\"AnnaPS makes clothes with integrated pockets to carry your diabetes devices such as insulin pump, pen and glucose meter. Stylish, high quality, functional and environmental focus.\" \/>\n<meta property=\"og:url\" content=\"https:\/\/annaps.com\/sv\/data-info\/\" \/>\n<meta property=\"og:site_name\" content=\"AnnaPS\" \/>\n<meta property=\"article:publisher\" content=\"https:\/\/www.facebook.com\/annaps.scandinavia\/\" \/>\n<meta property=\"article:modified_time\" content=\"2017-03-07T12:40:20+00:00\" \/>\n<meta name=\"twitter:card\" content=\"summary_large_image\" \/>\n<script type=\"application\/ld+json\" class=\"yoast-schema-graph\">{\"@context\":\"https:\/\/schema.org\",\"@graph\":[{\"@type\":\"WebPage\",\"@id\":\"https:\/\/annaps.com\/sv\/data-info\/\",\"url\":\"https:\/\/annaps.com\/sv\/data-info\/\",\"name\":\"Data info - AnnaPS\",\"isPartOf\":{\"@id\":\"https:\/\/annaps.com\/de\/#website\"},\"datePublished\":\"2016-03-02T07:25:07+00:00\",\"dateModified\":\"2017-03-07T12:40:20+00:00\",\"description\":\"AnnaPS makes clothes with integrated pockets to carry your diabetes devices such as insulin pump, pen and glucose meter. Stylish, high quality, functional and environmental focus.\",\"breadcrumb\":{\"@id\":\"https:\/\/annaps.com\/sv\/data-info\/#breadcrumb\"},\"inLanguage\":\"sv-SE\",\"potentialAction\":[{\"@type\":\"ReadAction\",\"target\":[\"https:\/\/annaps.com\/sv\/data-info\/\"]}]},{\"@type\":\"BreadcrumbList\",\"@id\":\"https:\/\/annaps.com\/sv\/data-info\/#breadcrumb\",\"itemListElement\":[{\"@type\":\"ListItem\",\"position\":1,\"name\":\"Hem\",\"item\":\"https:\/\/annaps.com\/sv\/\"},{\"@type\":\"ListItem\",\"position\":2,\"name\":\"Data info\"}]},{\"@type\":\"WebSite\",\"@id\":\"https:\/\/annaps.com\/de\/#website\",\"url\":\"https:\/\/annaps.com\/de\/\",\"name\":\"AnnaPS\",\"description\":\"Det skall vara enkelt att b\u00e4ra!\",\"potentialAction\":[{\"@type\":\"SearchAction\",\"target\":{\"@type\":\"EntryPoint\",\"urlTemplate\":\"https:\/\/annaps.com\/de\/?s={search_term_string}\"},\"query-input\":{\"@type\":\"PropertyValueSpecification\",\"valueRequired\":true,\"valueName\":\"search_term_string\"}}],\"inLanguage\":\"sv-SE\"}]}<\/script>\n<!-- \/ Yoast SEO plugin. -->","yoast_head_json":{"title":"Data info - AnnaPS","description":"AnnaPS makes clothes with integrated pockets to carry your diabetes devices such as insulin pump, pen and glucose meter. Stylish, high quality, functional and environmental focus.","robots":{"index":"index","follow":"follow","max-snippet":"max-snippet:-1","max-image-preview":"max-image-preview:large","max-video-preview":"max-video-preview:-1"},"canonical":"https:\/\/annaps.com\/sv\/data-info\/","og_locale":"sv_SE","og_type":"article","og_title":"Data info - AnnaPS","og_description":"AnnaPS makes clothes with integrated pockets to carry your diabetes devices such as insulin pump, pen and glucose meter. Stylish, high quality, functional and environmental focus.","og_url":"https:\/\/annaps.com\/sv\/data-info\/","og_site_name":"AnnaPS","article_publisher":"https:\/\/www.facebook.com\/annaps.scandinavia\/","article_modified_time":"2017-03-07T12:40:20+00:00","twitter_card":"summary_large_image","schema":{"@context":"https:\/\/schema.org","@graph":[{"@type":"WebPage","@id":"https:\/\/annaps.com\/sv\/data-info\/","url":"https:\/\/annaps.com\/sv\/data-info\/","name":"Data info - AnnaPS","isPartOf":{"@id":"https:\/\/annaps.com\/de\/#website"},"datePublished":"2016-03-02T07:25:07+00:00","dateModified":"2017-03-07T12:40:20+00:00","description":"AnnaPS makes clothes with integrated pockets to carry your diabetes devices such as insulin pump, pen and glucose meter. Stylish, high quality, functional and environmental focus.","breadcrumb":{"@id":"https:\/\/annaps.com\/sv\/data-info\/#breadcrumb"},"inLanguage":"sv-SE","potentialAction":[{"@type":"ReadAction","target":["https:\/\/annaps.com\/sv\/data-info\/"]}]},{"@type":"BreadcrumbList","@id":"https:\/\/annaps.com\/sv\/data-info\/#breadcrumb","itemListElement":[{"@type":"ListItem","position":1,"name":"Hem","item":"https:\/\/annaps.com\/sv\/"},{"@type":"ListItem","position":2,"name":"Data info"}]},{"@type":"WebSite","@id":"https:\/\/annaps.com\/de\/#website","url":"https:\/\/annaps.com\/de\/","name":"AnnaPS","description":"Det skall vara enkelt att b\u00e4ra!","potentialAction":[{"@type":"SearchAction","target":{"@type":"EntryPoint","urlTemplate":"https:\/\/annaps.com\/de\/?s={search_term_string}"},"query-input":{"@type":"PropertyValueSpecification","valueRequired":true,"valueName":"search_term_string"}}],"inLanguage":"sv-SE"}]}},"_links":{"self":[{"href":"https:\/\/annaps.com\/sv\/wp-json\/wp\/v2\/pages\/7022","targetHints":{"allow":["GET"]}}],"collection":[{"href":"https:\/\/annaps.com\/sv\/wp-json\/wp\/v2\/pages"}],"about":[{"href":"https:\/\/annaps.com\/sv\/wp-json\/wp\/v2\/types\/page"}],"author":[{"embeddable":true,"href":"https:\/\/annaps.com\/sv\/wp-json\/wp\/v2\/users\/1"}],"replies":[{"embeddable":true,"href":"https:\/\/annaps.com\/sv\/wp-json\/wp\/v2\/comments?post=7022"}],"version-history":[{"count":0,"href":"https:\/\/annaps.com\/sv\/wp-json\/wp\/v2\/pages\/7022\/revisions"}],"wp:attachment":[{"href":"https:\/\/annaps.com\/sv\/wp-json\/wp\/v2\/media?parent=7022"}],"curies":[{"name":"wp","href":"https:\/\/api.w.org\/{rel}","templated":true}]}}