{"id":7012,"date":"2016-03-02T07:23:58","date_gmt":"2016-03-02T07:23:58","guid":{"rendered":"https:\/\/www.annaps.com\/?page_id=7012"},"modified":"2017-03-07T13:40:18","modified_gmt":"2017-03-07T12:40:18","slug":"legal","status":"publish","type":"page","link":"https:\/\/annaps.com\/sv\/legal\/","title":{"rendered":"Legal"},"content":{"rendered":"<p>Alla texter p\u00e5 AnnaPS hemsida \u00e4r formulerade s\u00e5 att de \u00e4r i enlighet med svensk lag. AnnaPS har sammanst\u00e4llt fakta och information utifr\u00e5n senaste r\u00f6n och information som AnnaPS besitter. Men AnnaPS har inga garantier f\u00f6r exaktheten och\/eller fullst\u00e4ndigheten av information som citeras, uttrycks (skriftligt eller underf\u00f6rst\u00e5tt) p\u00e5 denna websida.<\/p>\n<p>Anv\u00e4ndaren av denna webbplats erk\u00e4nner att deras anv\u00e4ndning och anv\u00e4ndning av relaterade webbplatser \u00e4r helt p\u00e5 egen risk och att varken AnnaPS eller n\u00e5gon annan part som deltog i beredningen av information har ansvar f\u00f6r direkta, indirekta eller f\u00f6ljdskador av n\u00e5gra konsekvenser av detta.<\/p>\n<p>Den h\u00e4r webbplatsen inneh\u00e5ller information om produkter som \u00e4r riktade till en bred kundkrets och kan inneh\u00e5lla uppgifter om produkter eller information som annars inte \u00e4r tillg\u00e4ngliga eller giltiga i ditt land. Observera att vi inte ta n\u00e5got ansvar f\u00f6r s\u00e5dan information tillg\u00e4nglig som kan vara of\u00f6renlig med n\u00e5got r\u00e4ttsligt f\u00f6rfarande, f\u00f6reskrift, registrering eller anv\u00e4ndning i ditt land under vissa omst\u00e4ndigheter.<\/p>\n<p>Alla varum\u00e4rken som anv\u00e4nds eller n\u00e4mnda skyddas enligt lag. R\u00e4ttigheten till varum\u00e4rket AnnaPS \u00e4gs av Anna Sj\u00f6berg.<\/p>\n<p>Alla AnnaPS fickl\u00f6sningar \u00e4r m\u00f6nsterskyddade vilket inneb\u00e4r att Anna Sj\u00f6berg\/Facilitate Partner AB \u00e4ger\u00a0upphovsr\u00e4tterna till dessa. Vilket inneb\u00e4r att det inte \u00e4r till\u00e5tet att kopiera dessa.<\/p>\n","protected":false},"excerpt":{"rendered":"<p>Alla texter p\u00e5 AnnaPS hemsida \u00e4r formulerade s\u00e5 att de \u00e4r i enlighet med svensk lag. AnnaPS har sammanst\u00e4llt fakta och information utifr\u00e5n senaste r\u00f6n och information som AnnaPS besitter. Men AnnaPS har inga garantier f\u00f6r exaktheten och\/eller fullst\u00e4ndigheten av information som citeras, uttrycks (skriftligt eller underf\u00f6rst\u00e5tt) p\u00e5 denna websida. Anv\u00e4ndaren av denna webbplats erk\u00e4nner [&hellip;]<\/p>\n","protected":false},"author":1,"featured_media":0,"parent":0,"menu_order":69,"comment_status":"closed","ping_status":"closed","template":"","meta":{"_acf_changed":false,"footnotes":""},"class_list":["post-7012","page","type-page","status-publish","hentry"],"acf":[],"yoast_head":"<!-- This site is optimized with the Yoast SEO plugin v27.1.1 - https:\/\/yoast.com\/product\/yoast-seo-wordpress\/ -->\n<title>Legal - AnnaPS<\/title>\n<meta name=\"description\" content=\"AnnaPS makes clothes with integrated pockets to carry your diabetes devices such as insulin pump, pen and glucose meter. Stylish, high quality, functional and environmental focus.\" \/>\n<meta name=\"robots\" content=\"index, follow, max-snippet:-1, max-image-preview:large, max-video-preview:-1\" \/>\n<link rel=\"canonical\" href=\"https:\/\/annaps.com\/sv\/legal\/\" \/>\n<meta property=\"og:locale\" content=\"sv_SE\" \/>\n<meta property=\"og:type\" content=\"article\" \/>\n<meta property=\"og:title\" content=\"Legal - AnnaPS\" \/>\n<meta property=\"og:description\" content=\"AnnaPS makes clothes with integrated pockets to carry your diabetes devices such as insulin pump, pen and glucose meter. Stylish, high quality, functional and environmental focus.\" \/>\n<meta property=\"og:url\" content=\"https:\/\/annaps.com\/sv\/legal\/\" \/>\n<meta property=\"og:site_name\" content=\"AnnaPS\" \/>\n<meta property=\"article:publisher\" content=\"https:\/\/www.facebook.com\/annaps.scandinavia\/\" \/>\n<meta property=\"article:modified_time\" content=\"2017-03-07T12:40:18+00:00\" \/>\n<meta name=\"twitter:card\" content=\"summary_large_image\" \/>\n<meta name=\"twitter:label1\" content=\"Ber\u00e4knad l\u00e4stid\" \/>\n\t<meta name=\"twitter:data1\" content=\"1 minut\" \/>\n<script type=\"application\/ld+json\" class=\"yoast-schema-graph\">{\"@context\":\"https:\/\/schema.org\",\"@graph\":[{\"@type\":\"WebPage\",\"@id\":\"https:\/\/annaps.com\/sv\/legal\/\",\"url\":\"https:\/\/annaps.com\/sv\/legal\/\",\"name\":\"Legal - AnnaPS\",\"isPartOf\":{\"@id\":\"https:\/\/annaps.com\/de\/#website\"},\"datePublished\":\"2016-03-02T07:23:58+00:00\",\"dateModified\":\"2017-03-07T12:40:18+00:00\",\"description\":\"AnnaPS makes clothes with integrated pockets to carry your diabetes devices such as insulin pump, pen and glucose meter. Stylish, high quality, functional and environmental focus.\",\"breadcrumb\":{\"@id\":\"https:\/\/annaps.com\/sv\/legal\/#breadcrumb\"},\"inLanguage\":\"sv-SE\",\"potentialAction\":[{\"@type\":\"ReadAction\",\"target\":[\"https:\/\/annaps.com\/sv\/legal\/\"]}]},{\"@type\":\"BreadcrumbList\",\"@id\":\"https:\/\/annaps.com\/sv\/legal\/#breadcrumb\",\"itemListElement\":[{\"@type\":\"ListItem\",\"position\":1,\"name\":\"Hem\",\"item\":\"https:\/\/annaps.com\/sv\/\"},{\"@type\":\"ListItem\",\"position\":2,\"name\":\"Legal\"}]},{\"@type\":\"WebSite\",\"@id\":\"https:\/\/annaps.com\/de\/#website\",\"url\":\"https:\/\/annaps.com\/de\/\",\"name\":\"AnnaPS\",\"description\":\"Det skall vara enkelt att b\u00e4ra!\",\"potentialAction\":[{\"@type\":\"SearchAction\",\"target\":{\"@type\":\"EntryPoint\",\"urlTemplate\":\"https:\/\/annaps.com\/de\/?s={search_term_string}\"},\"query-input\":{\"@type\":\"PropertyValueSpecification\",\"valueRequired\":true,\"valueName\":\"search_term_string\"}}],\"inLanguage\":\"sv-SE\"}]}<\/script>\n<!-- \/ Yoast SEO plugin. -->","yoast_head_json":{"title":"Legal - AnnaPS","description":"AnnaPS makes clothes with integrated pockets to carry your diabetes devices such as insulin pump, pen and glucose meter. Stylish, high quality, functional and environmental focus.","robots":{"index":"index","follow":"follow","max-snippet":"max-snippet:-1","max-image-preview":"max-image-preview:large","max-video-preview":"max-video-preview:-1"},"canonical":"https:\/\/annaps.com\/sv\/legal\/","og_locale":"sv_SE","og_type":"article","og_title":"Legal - AnnaPS","og_description":"AnnaPS makes clothes with integrated pockets to carry your diabetes devices such as insulin pump, pen and glucose meter. Stylish, high quality, functional and environmental focus.","og_url":"https:\/\/annaps.com\/sv\/legal\/","og_site_name":"AnnaPS","article_publisher":"https:\/\/www.facebook.com\/annaps.scandinavia\/","article_modified_time":"2017-03-07T12:40:18+00:00","twitter_card":"summary_large_image","twitter_misc":{"Ber\u00e4knad l\u00e4stid":"1 minut"},"schema":{"@context":"https:\/\/schema.org","@graph":[{"@type":"WebPage","@id":"https:\/\/annaps.com\/sv\/legal\/","url":"https:\/\/annaps.com\/sv\/legal\/","name":"Legal - AnnaPS","isPartOf":{"@id":"https:\/\/annaps.com\/de\/#website"},"datePublished":"2016-03-02T07:23:58+00:00","dateModified":"2017-03-07T12:40:18+00:00","description":"AnnaPS makes clothes with integrated pockets to carry your diabetes devices such as insulin pump, pen and glucose meter. Stylish, high quality, functional and environmental focus.","breadcrumb":{"@id":"https:\/\/annaps.com\/sv\/legal\/#breadcrumb"},"inLanguage":"sv-SE","potentialAction":[{"@type":"ReadAction","target":["https:\/\/annaps.com\/sv\/legal\/"]}]},{"@type":"BreadcrumbList","@id":"https:\/\/annaps.com\/sv\/legal\/#breadcrumb","itemListElement":[{"@type":"ListItem","position":1,"name":"Hem","item":"https:\/\/annaps.com\/sv\/"},{"@type":"ListItem","position":2,"name":"Legal"}]},{"@type":"WebSite","@id":"https:\/\/annaps.com\/de\/#website","url":"https:\/\/annaps.com\/de\/","name":"AnnaPS","description":"Det skall vara enkelt att b\u00e4ra!","potentialAction":[{"@type":"SearchAction","target":{"@type":"EntryPoint","urlTemplate":"https:\/\/annaps.com\/de\/?s={search_term_string}"},"query-input":{"@type":"PropertyValueSpecification","valueRequired":true,"valueName":"search_term_string"}}],"inLanguage":"sv-SE"}]}},"_links":{"self":[{"href":"https:\/\/annaps.com\/sv\/wp-json\/wp\/v2\/pages\/7012","targetHints":{"allow":["GET"]}}],"collection":[{"href":"https:\/\/annaps.com\/sv\/wp-json\/wp\/v2\/pages"}],"about":[{"href":"https:\/\/annaps.com\/sv\/wp-json\/wp\/v2\/types\/page"}],"author":[{"embeddable":true,"href":"https:\/\/annaps.com\/sv\/wp-json\/wp\/v2\/users\/1"}],"replies":[{"embeddable":true,"href":"https:\/\/annaps.com\/sv\/wp-json\/wp\/v2\/comments?post=7012"}],"version-history":[{"count":0,"href":"https:\/\/annaps.com\/sv\/wp-json\/wp\/v2\/pages\/7012\/revisions"}],"wp:attachment":[{"href":"https:\/\/annaps.com\/sv\/wp-json\/wp\/v2\/media?parent=7012"}],"curies":[{"name":"wp","href":"https:\/\/api.w.org\/{rel}","templated":true}]}}