{"id":6439,"date":"2016-02-11T08:27:56","date_gmt":"2016-02-11T08:27:56","guid":{"rendered":"https:\/\/www.annaps.com\/?page_id=6439"},"modified":"2018-07-17T12:58:06","modified_gmt":"2018-07-17T10:58:06","slug":"om-produkterna","status":"publish","type":"page","link":"https:\/\/annaps.com\/sv\/om-produkterna\/","title":{"rendered":"Om produkterna"},"content":{"rendered":"<p>AnnaPS har utvecklat kl\u00e4der med integrerade fickor speciellt f\u00f6r m\u00e4nniskor som du, oavsett om du anv\u00e4nder en insulinpump (med eller utan handenheter), eller insulinpennor, och blodsockerm\u00e4tare.<\/p>\n<p>Skippa diabetesv\u00e4skan, och b\u00e4r allt du beh\u00f6ver i snygga kl\u00e4der med fickor ist\u00e4llet!<\/p>\n<p>Vi erbjuder produkter med dig i \u00e5tanke, som f\u00f6renklar b\u00e4randet av allt du beh\u00f6ver ha med dig, utan v\u00e4ska. Men samtidigt till\u00e5ter v\u00e5r designer dig att n\u00e5 dina diabeteshj\u00e4lpmedel enkelt n\u00e4r du beh\u00f6ver dem.<\/p>\n","protected":false},"excerpt":{"rendered":"<p>AnnaPS har utvecklat kl\u00e4der med integrerade fickor speciellt f\u00f6r m\u00e4nniskor som du, oavsett om du anv\u00e4nder en insulinpump (med eller utan handenheter), eller insulinpennor, och blodsockerm\u00e4tare. Skippa diabetesv\u00e4skan, och b\u00e4r allt du beh\u00f6ver i snygga kl\u00e4der med fickor ist\u00e4llet! Vi erbjuder produkter med dig i \u00e5tanke, som f\u00f6renklar b\u00e4randet av allt du beh\u00f6ver ha med [&hellip;]<\/p>\n","protected":false},"author":1,"featured_media":0,"parent":0,"menu_order":57,"comment_status":"closed","ping_status":"closed","template":"","meta":{"_acf_changed":false,"footnotes":""},"class_list":["post-6439","page","type-page","status-publish","hentry"],"acf":[],"yoast_head":"<!-- This site is optimized with the Yoast SEO plugin v27.1.1 - https:\/\/yoast.com\/product\/yoast-seo-wordpress\/ -->\n<title>Om v\u00e5ra diabetesprodukter | AnnaPS<\/title>\n<meta name=\"description\" content=\"AnnaPS har tagit fram smarta diabeteskl\u00e4der och andra praktiska produkter f\u00f6r att underl\u00e4tta livet f\u00f6r dig som \u00e4r diabetiker. L\u00e4s mer om v\u00e5ra produkter h\u00e4r!\" \/>\n<meta name=\"robots\" content=\"index, follow, max-snippet:-1, max-image-preview:large, max-video-preview:-1\" \/>\n<link rel=\"canonical\" href=\"https:\/\/annaps.com\/sv\/om-produkterna\/\" \/>\n<meta property=\"og:locale\" content=\"sv_SE\" \/>\n<meta property=\"og:type\" content=\"article\" \/>\n<meta property=\"og:title\" content=\"Om v\u00e5ra diabetesprodukter | AnnaPS\" \/>\n<meta property=\"og:description\" content=\"AnnaPS har tagit fram smarta diabeteskl\u00e4der och andra praktiska produkter f\u00f6r att underl\u00e4tta livet f\u00f6r dig som \u00e4r diabetiker. L\u00e4s mer om v\u00e5ra produkter h\u00e4r!\" \/>\n<meta property=\"og:url\" content=\"https:\/\/annaps.com\/sv\/om-produkterna\/\" \/>\n<meta property=\"og:site_name\" content=\"AnnaPS\" \/>\n<meta property=\"article:publisher\" content=\"https:\/\/www.facebook.com\/annaps.scandinavia\/\" \/>\n<meta property=\"article:modified_time\" content=\"2018-07-17T10:58:06+00:00\" \/>\n<meta name=\"twitter:card\" content=\"summary_large_image\" \/>\n<script type=\"application\/ld+json\" class=\"yoast-schema-graph\">{\"@context\":\"https:\/\/schema.org\",\"@graph\":[{\"@type\":\"WebPage\",\"@id\":\"https:\/\/annaps.com\/sv\/om-produkterna\/\",\"url\":\"https:\/\/annaps.com\/sv\/om-produkterna\/\",\"name\":\"Om v\u00e5ra diabetesprodukter | AnnaPS\",\"isPartOf\":{\"@id\":\"https:\/\/annaps.com\/de\/#website\"},\"datePublished\":\"2016-02-11T08:27:56+00:00\",\"dateModified\":\"2018-07-17T10:58:06+00:00\",\"description\":\"AnnaPS har tagit fram smarta diabeteskl\u00e4der och andra praktiska produkter f\u00f6r att underl\u00e4tta livet f\u00f6r dig som \u00e4r diabetiker. L\u00e4s mer om v\u00e5ra produkter h\u00e4r!\",\"breadcrumb\":{\"@id\":\"https:\/\/annaps.com\/sv\/om-produkterna\/#breadcrumb\"},\"inLanguage\":\"sv-SE\",\"potentialAction\":[{\"@type\":\"ReadAction\",\"target\":[\"https:\/\/annaps.com\/sv\/om-produkterna\/\"]}]},{\"@type\":\"BreadcrumbList\",\"@id\":\"https:\/\/annaps.com\/sv\/om-produkterna\/#breadcrumb\",\"itemListElement\":[{\"@type\":\"ListItem\",\"position\":1,\"name\":\"Hem\",\"item\":\"https:\/\/annaps.com\/sv\/\"},{\"@type\":\"ListItem\",\"position\":2,\"name\":\"Om produkterna\"}]},{\"@type\":\"WebSite\",\"@id\":\"https:\/\/annaps.com\/de\/#website\",\"url\":\"https:\/\/annaps.com\/de\/\",\"name\":\"AnnaPS\",\"description\":\"Det skall vara enkelt att b\u00e4ra!\",\"potentialAction\":[{\"@type\":\"SearchAction\",\"target\":{\"@type\":\"EntryPoint\",\"urlTemplate\":\"https:\/\/annaps.com\/de\/?s={search_term_string}\"},\"query-input\":{\"@type\":\"PropertyValueSpecification\",\"valueRequired\":true,\"valueName\":\"search_term_string\"}}],\"inLanguage\":\"sv-SE\"}]}<\/script>\n<!-- \/ Yoast SEO plugin. -->","yoast_head_json":{"title":"Om v\u00e5ra diabetesprodukter | AnnaPS","description":"AnnaPS har tagit fram smarta diabeteskl\u00e4der och andra praktiska produkter f\u00f6r att underl\u00e4tta livet f\u00f6r dig som \u00e4r diabetiker. L\u00e4s mer om v\u00e5ra produkter h\u00e4r!","robots":{"index":"index","follow":"follow","max-snippet":"max-snippet:-1","max-image-preview":"max-image-preview:large","max-video-preview":"max-video-preview:-1"},"canonical":"https:\/\/annaps.com\/sv\/om-produkterna\/","og_locale":"sv_SE","og_type":"article","og_title":"Om v\u00e5ra diabetesprodukter | AnnaPS","og_description":"AnnaPS har tagit fram smarta diabeteskl\u00e4der och andra praktiska produkter f\u00f6r att underl\u00e4tta livet f\u00f6r dig som \u00e4r diabetiker. L\u00e4s mer om v\u00e5ra produkter h\u00e4r!","og_url":"https:\/\/annaps.com\/sv\/om-produkterna\/","og_site_name":"AnnaPS","article_publisher":"https:\/\/www.facebook.com\/annaps.scandinavia\/","article_modified_time":"2018-07-17T10:58:06+00:00","twitter_card":"summary_large_image","schema":{"@context":"https:\/\/schema.org","@graph":[{"@type":"WebPage","@id":"https:\/\/annaps.com\/sv\/om-produkterna\/","url":"https:\/\/annaps.com\/sv\/om-produkterna\/","name":"Om v\u00e5ra diabetesprodukter | AnnaPS","isPartOf":{"@id":"https:\/\/annaps.com\/de\/#website"},"datePublished":"2016-02-11T08:27:56+00:00","dateModified":"2018-07-17T10:58:06+00:00","description":"AnnaPS har tagit fram smarta diabeteskl\u00e4der och andra praktiska produkter f\u00f6r att underl\u00e4tta livet f\u00f6r dig som \u00e4r diabetiker. L\u00e4s mer om v\u00e5ra produkter h\u00e4r!","breadcrumb":{"@id":"https:\/\/annaps.com\/sv\/om-produkterna\/#breadcrumb"},"inLanguage":"sv-SE","potentialAction":[{"@type":"ReadAction","target":["https:\/\/annaps.com\/sv\/om-produkterna\/"]}]},{"@type":"BreadcrumbList","@id":"https:\/\/annaps.com\/sv\/om-produkterna\/#breadcrumb","itemListElement":[{"@type":"ListItem","position":1,"name":"Hem","item":"https:\/\/annaps.com\/sv\/"},{"@type":"ListItem","position":2,"name":"Om produkterna"}]},{"@type":"WebSite","@id":"https:\/\/annaps.com\/de\/#website","url":"https:\/\/annaps.com\/de\/","name":"AnnaPS","description":"Det skall vara enkelt att b\u00e4ra!","potentialAction":[{"@type":"SearchAction","target":{"@type":"EntryPoint","urlTemplate":"https:\/\/annaps.com\/de\/?s={search_term_string}"},"query-input":{"@type":"PropertyValueSpecification","valueRequired":true,"valueName":"search_term_string"}}],"inLanguage":"sv-SE"}]}},"_links":{"self":[{"href":"https:\/\/annaps.com\/sv\/wp-json\/wp\/v2\/pages\/6439","targetHints":{"allow":["GET"]}}],"collection":[{"href":"https:\/\/annaps.com\/sv\/wp-json\/wp\/v2\/pages"}],"about":[{"href":"https:\/\/annaps.com\/sv\/wp-json\/wp\/v2\/types\/page"}],"author":[{"embeddable":true,"href":"https:\/\/annaps.com\/sv\/wp-json\/wp\/v2\/users\/1"}],"replies":[{"embeddable":true,"href":"https:\/\/annaps.com\/sv\/wp-json\/wp\/v2\/comments?post=6439"}],"version-history":[{"count":1,"href":"https:\/\/annaps.com\/sv\/wp-json\/wp\/v2\/pages\/6439\/revisions"}],"predecessor-version":[{"id":29183,"href":"https:\/\/annaps.com\/sv\/wp-json\/wp\/v2\/pages\/6439\/revisions\/29183"}],"wp:attachment":[{"href":"https:\/\/annaps.com\/sv\/wp-json\/wp\/v2\/media?parent=6439"}],"curies":[{"name":"wp","href":"https:\/\/api.w.org\/{rel}","templated":true}]}}