{"id":6436,"date":"2016-02-11T08:19:33","date_gmt":"2016-02-11T08:19:33","guid":{"rendered":"https:\/\/www.annaps.com\/?page_id=6436"},"modified":"2018-11-04T11:35:29","modified_gmt":"2018-11-04T10:35:29","slug":"om-annaps","status":"publish","type":"page","link":"https:\/\/annaps.com\/sv\/om-annaps\/","title":{"rendered":"Om AnnaPS"},"content":{"rendered":"<p>AnnaPS-kollektionen med integrerade fickor f\u00f6r diabeteshj\u00e4lpmedel \u00e4r v\u00e5r id\u00e9 &#8211; ett s\u00e4tt att g\u00f6ra vardagslivet med diabetes lite l\u00e4ttare, genom att erbjuda valet att skippa diabetesv\u00e4skan.<\/p>\n<p>Hos oss hittar du kl\u00e4der (framf\u00f6rallt underkl\u00e4der) med integrerade fickor f\u00f6r barn, kvinnor och m\u00e4n i storlekarna 3\u00e5r upp till XXL. Speciellt framtagna f\u00f6r att g\u00f6ra det enkelt att b\u00e4ra insulinpump. Men det finns ocks\u00e5 produkter d\u00e4r du kan b\u00e4ra insulinpenna, blodsockerm\u00e4tare, handenheter till pumpar (tex Omnipod) och blodsockerm\u00e4tare (tex Freestyle Libre), socker m.m.<\/p>\n<p>H\u00e4r i v\u00e5r\u00a0webbshop hittar du ocks\u00e5 andra bra diabetesprodukter, s\u00e5som v\u00e4skor fr\u00e5n Mabox och diabetesleksaker.<\/p>\n<p>&nbsp;<\/p>\n<p>&nbsp;<\/p>\n<p>&nbsp;<\/p>\n","protected":false},"excerpt":{"rendered":"<p>AnnaPS-kollektionen med integrerade fickor f\u00f6r diabeteshj\u00e4lpmedel \u00e4r v\u00e5r id\u00e9 &#8211; ett s\u00e4tt att g\u00f6ra vardagslivet med diabetes lite l\u00e4ttare, genom att erbjuda valet att skippa diabetesv\u00e4skan. Hos oss hittar du kl\u00e4der (framf\u00f6rallt underkl\u00e4der) med integrerade fickor f\u00f6r barn, kvinnor och m\u00e4n i storlekarna 3\u00e5r upp till XXL. Speciellt framtagna f\u00f6r att g\u00f6ra det enkelt att [&hellip;]<\/p>\n","protected":false},"author":1,"featured_media":0,"parent":0,"menu_order":85,"comment_status":"closed","ping_status":"closed","template":"","meta":{"_acf_changed":false,"footnotes":""},"class_list":["post-6436","page","type-page","status-publish","hentry"],"acf":[],"yoast_head":"<!-- This site is optimized with the Yoast SEO plugin v27.1.1 - https:\/\/yoast.com\/product\/yoast-seo-wordpress\/ -->\n<title>F\u00f6renkla ditt liv med diabeteskl\u00e4der fr\u00e5n AnnaPS<\/title>\n<meta name=\"description\" content=\"Diabetes kr\u00e4ver ofta m\u00e5nga hj\u00e4lpmedel som tar pats. Genom diabetskl\u00e4derna AnnaPS tagit fram har du alltid n\u00f6dv\u00e4ndigheterna med dig i fickor i kl\u00e4derna!\" \/>\n<meta name=\"robots\" content=\"index, follow, max-snippet:-1, max-image-preview:large, max-video-preview:-1\" \/>\n<link rel=\"canonical\" href=\"https:\/\/annaps.com\/sv\/om-annaps\/\" \/>\n<meta property=\"og:locale\" content=\"sv_SE\" \/>\n<meta property=\"og:type\" content=\"article\" \/>\n<meta property=\"og:title\" content=\"F\u00f6renkla ditt liv med diabeteskl\u00e4der fr\u00e5n AnnaPS\" \/>\n<meta property=\"og:description\" content=\"Diabetes kr\u00e4ver ofta m\u00e5nga hj\u00e4lpmedel som tar pats. Genom diabetskl\u00e4derna AnnaPS tagit fram har du alltid n\u00f6dv\u00e4ndigheterna med dig i fickor i kl\u00e4derna!\" \/>\n<meta property=\"og:url\" content=\"https:\/\/annaps.com\/sv\/om-annaps\/\" \/>\n<meta property=\"og:site_name\" content=\"AnnaPS\" \/>\n<meta property=\"article:publisher\" content=\"https:\/\/www.facebook.com\/annaps.scandinavia\/\" \/>\n<meta property=\"article:modified_time\" content=\"2018-11-04T10:35:29+00:00\" \/>\n<meta name=\"twitter:card\" content=\"summary_large_image\" \/>\n<meta name=\"twitter:label1\" content=\"Ber\u00e4knad l\u00e4stid\" \/>\n\t<meta name=\"twitter:data1\" content=\"1 minut\" \/>\n<script type=\"application\/ld+json\" class=\"yoast-schema-graph\">{\"@context\":\"https:\/\/schema.org\",\"@graph\":[{\"@type\":\"WebPage\",\"@id\":\"https:\/\/annaps.com\/sv\/om-annaps\/\",\"url\":\"https:\/\/annaps.com\/sv\/om-annaps\/\",\"name\":\"F\u00f6renkla ditt liv med diabeteskl\u00e4der fr\u00e5n AnnaPS\",\"isPartOf\":{\"@id\":\"https:\/\/annaps.com\/de\/#website\"},\"datePublished\":\"2016-02-11T08:19:33+00:00\",\"dateModified\":\"2018-11-04T10:35:29+00:00\",\"description\":\"Diabetes kr\u00e4ver ofta m\u00e5nga hj\u00e4lpmedel som tar pats. Genom diabetskl\u00e4derna AnnaPS tagit fram har du alltid n\u00f6dv\u00e4ndigheterna med dig i fickor i kl\u00e4derna!\",\"breadcrumb\":{\"@id\":\"https:\/\/annaps.com\/sv\/om-annaps\/#breadcrumb\"},\"inLanguage\":\"sv-SE\",\"potentialAction\":[{\"@type\":\"ReadAction\",\"target\":[\"https:\/\/annaps.com\/sv\/om-annaps\/\"]}]},{\"@type\":\"BreadcrumbList\",\"@id\":\"https:\/\/annaps.com\/sv\/om-annaps\/#breadcrumb\",\"itemListElement\":[{\"@type\":\"ListItem\",\"position\":1,\"name\":\"Hem\",\"item\":\"https:\/\/annaps.com\/sv\/\"},{\"@type\":\"ListItem\",\"position\":2,\"name\":\"Om AnnaPS\"}]},{\"@type\":\"WebSite\",\"@id\":\"https:\/\/annaps.com\/de\/#website\",\"url\":\"https:\/\/annaps.com\/de\/\",\"name\":\"AnnaPS\",\"description\":\"Det skall vara enkelt att b\u00e4ra!\",\"potentialAction\":[{\"@type\":\"SearchAction\",\"target\":{\"@type\":\"EntryPoint\",\"urlTemplate\":\"https:\/\/annaps.com\/de\/?s={search_term_string}\"},\"query-input\":{\"@type\":\"PropertyValueSpecification\",\"valueRequired\":true,\"valueName\":\"search_term_string\"}}],\"inLanguage\":\"sv-SE\"}]}<\/script>\n<!-- \/ Yoast SEO plugin. -->","yoast_head_json":{"title":"F\u00f6renkla ditt liv med diabeteskl\u00e4der fr\u00e5n AnnaPS","description":"Diabetes kr\u00e4ver ofta m\u00e5nga hj\u00e4lpmedel som tar pats. Genom diabetskl\u00e4derna AnnaPS tagit fram har du alltid n\u00f6dv\u00e4ndigheterna med dig i fickor i kl\u00e4derna!","robots":{"index":"index","follow":"follow","max-snippet":"max-snippet:-1","max-image-preview":"max-image-preview:large","max-video-preview":"max-video-preview:-1"},"canonical":"https:\/\/annaps.com\/sv\/om-annaps\/","og_locale":"sv_SE","og_type":"article","og_title":"F\u00f6renkla ditt liv med diabeteskl\u00e4der fr\u00e5n AnnaPS","og_description":"Diabetes kr\u00e4ver ofta m\u00e5nga hj\u00e4lpmedel som tar pats. Genom diabetskl\u00e4derna AnnaPS tagit fram har du alltid n\u00f6dv\u00e4ndigheterna med dig i fickor i kl\u00e4derna!","og_url":"https:\/\/annaps.com\/sv\/om-annaps\/","og_site_name":"AnnaPS","article_publisher":"https:\/\/www.facebook.com\/annaps.scandinavia\/","article_modified_time":"2018-11-04T10:35:29+00:00","twitter_card":"summary_large_image","twitter_misc":{"Ber\u00e4knad l\u00e4stid":"1 minut"},"schema":{"@context":"https:\/\/schema.org","@graph":[{"@type":"WebPage","@id":"https:\/\/annaps.com\/sv\/om-annaps\/","url":"https:\/\/annaps.com\/sv\/om-annaps\/","name":"F\u00f6renkla ditt liv med diabeteskl\u00e4der fr\u00e5n AnnaPS","isPartOf":{"@id":"https:\/\/annaps.com\/de\/#website"},"datePublished":"2016-02-11T08:19:33+00:00","dateModified":"2018-11-04T10:35:29+00:00","description":"Diabetes kr\u00e4ver ofta m\u00e5nga hj\u00e4lpmedel som tar pats. Genom diabetskl\u00e4derna AnnaPS tagit fram har du alltid n\u00f6dv\u00e4ndigheterna med dig i fickor i kl\u00e4derna!","breadcrumb":{"@id":"https:\/\/annaps.com\/sv\/om-annaps\/#breadcrumb"},"inLanguage":"sv-SE","potentialAction":[{"@type":"ReadAction","target":["https:\/\/annaps.com\/sv\/om-annaps\/"]}]},{"@type":"BreadcrumbList","@id":"https:\/\/annaps.com\/sv\/om-annaps\/#breadcrumb","itemListElement":[{"@type":"ListItem","position":1,"name":"Hem","item":"https:\/\/annaps.com\/sv\/"},{"@type":"ListItem","position":2,"name":"Om AnnaPS"}]},{"@type":"WebSite","@id":"https:\/\/annaps.com\/de\/#website","url":"https:\/\/annaps.com\/de\/","name":"AnnaPS","description":"Det skall vara enkelt att b\u00e4ra!","potentialAction":[{"@type":"SearchAction","target":{"@type":"EntryPoint","urlTemplate":"https:\/\/annaps.com\/de\/?s={search_term_string}"},"query-input":{"@type":"PropertyValueSpecification","valueRequired":true,"valueName":"search_term_string"}}],"inLanguage":"sv-SE"}]}},"_links":{"self":[{"href":"https:\/\/annaps.com\/sv\/wp-json\/wp\/v2\/pages\/6436","targetHints":{"allow":["GET"]}}],"collection":[{"href":"https:\/\/annaps.com\/sv\/wp-json\/wp\/v2\/pages"}],"about":[{"href":"https:\/\/annaps.com\/sv\/wp-json\/wp\/v2\/types\/page"}],"author":[{"embeddable":true,"href":"https:\/\/annaps.com\/sv\/wp-json\/wp\/v2\/users\/1"}],"replies":[{"embeddable":true,"href":"https:\/\/annaps.com\/sv\/wp-json\/wp\/v2\/comments?post=6436"}],"version-history":[{"count":3,"href":"https:\/\/annaps.com\/sv\/wp-json\/wp\/v2\/pages\/6436\/revisions"}],"predecessor-version":[{"id":32214,"href":"https:\/\/annaps.com\/sv\/wp-json\/wp\/v2\/pages\/6436\/revisions\/32214"}],"wp:attachment":[{"href":"https:\/\/annaps.com\/sv\/wp-json\/wp\/v2\/media?parent=6436"}],"curies":[{"name":"wp","href":"https:\/\/api.w.org\/{rel}","templated":true}]}}