{"id":5989,"date":"2016-02-02T14:43:10","date_gmt":"2016-02-02T14:43:10","guid":{"rendered":"https:\/\/www.annaps.com\/?page_id=5989"},"modified":"2017-03-07T13:40:05","modified_gmt":"2017-03-07T12:40:05","slug":"anna-points","status":"publish","type":"page","link":"https:\/\/annaps.com\/sv\/anna-points\/","title":{"rendered":"Anna Points"},"content":{"rendered":"<h1><img loading=\"lazy\" decoding=\"async\" class=\"aligncenter wp-image-5998\" src=\"https:\/\/annaps.com\/wordpress\/content\/uploads\/2016\/02\/AnnaPointS.jpg\" alt=\"AnnaPointS\" width=\"1388\" height=\"462\" srcset=\"https:\/\/annaps.com\/content\/uploads\/2016\/02\/AnnaPointS.jpg 886w, https:\/\/annaps.com\/content\/uploads\/2016\/02\/AnnaPointS-300x100.jpg 300w, https:\/\/annaps.com\/content\/uploads\/2016\/02\/AnnaPointS-768x256.jpg 768w, https:\/\/annaps.com\/content\/uploads\/2016\/02\/AnnaPointS-870x290.jpg 870w, https:\/\/annaps.com\/content\/uploads\/2016\/02\/AnnaPointS-455x151.jpg 455w, https:\/\/annaps.com\/content\/uploads\/2016\/02\/AnnaPointS-55x18.jpg 55w\" sizes=\"auto, (max-width: 1388px) 100vw, 1388px\" \/><\/h1>\n<p dir=\"ltr\" style=\"text-align: center;\">AnnaPS letar st\u00e4ndigt efter nya s\u00e4tt att n\u00e5 ut till fler diabetiker, med m\u00e5let att g\u00f6ra deras liv lite l\u00e4ttare. D\u00e4rf\u00f6r har vi startat upp ett program som vi kallar f\u00f6r AnnaPointS. H\u00e4r kan du som kund publicera inl\u00e4gg om AnnaPS i sociala medier, samla po\u00e4ng och anv\u00e4nda dessa att handlar produkter f\u00f6r i v\u00e5r webshop. Och vem tycker inte om gratisprodukter?<\/p>\n<p dir=\"ltr\" style=\"text-align: center;\">F\u00f6r att starta ett AnnaPointS-konto, v\u00e4nligen skicka oss ett mail till <a href=\"mailto:info@annaps.com\" target=\"_blank\">info@annaps.com<\/a> (med &#8221;AnnaPointS&#8221; i \u00e4mnesraden), med presentation av dig sj\u00e4lv och dina intentioner. Sedan kan du studera diagrammen nedan f\u00f6r att bel\u00f6na dina inl\u00e4gg med po\u00e4ng. N\u00e4r du har samlat ihop tillr\u00e4ckligt med po\u00e4ng f\u00f6r att byta in mot produkter, v\u00e4nligen skicka oss ett mail med l\u00e4nkar till dina inl\u00e4gg, och vilken produkt du \u00f6nskar.<\/p>\n<p style=\"text-align: center;\">Vi hoppas att du ser fram emot ett samarbete lika mycket som vi g\u00f6r! Vi h\u00f6rs!<\/p>\n<p style=\"text-align: center;\"><a href=\"https:\/\/annaps.com\/wordpress\/content\/uploads\/2016\/02\/AnnaPointS_tabell.jpg\"><img loading=\"lazy\" decoding=\"async\" class=\"aligncenter wp-image-6868 size-full\" src=\"https:\/\/annaps.com\/wordpress\/content\/uploads\/2016\/02\/AnnaPointS_tabell.jpg\" alt=\"\" width=\"1612\" height=\"703\" srcset=\"https:\/\/annaps.com\/content\/uploads\/2016\/02\/AnnaPointS_tabell.jpg 1612w, https:\/\/annaps.com\/content\/uploads\/2016\/02\/AnnaPointS_tabell-300x131.jpg 300w, https:\/\/annaps.com\/content\/uploads\/2016\/02\/AnnaPointS_tabell-768x335.jpg 768w, https:\/\/annaps.com\/content\/uploads\/2016\/02\/AnnaPointS_tabell-1024x447.jpg 1024w, https:\/\/annaps.com\/content\/uploads\/2016\/02\/AnnaPointS_tabell-870x379.jpg 870w, https:\/\/annaps.com\/content\/uploads\/2016\/02\/AnnaPointS_tabell-455x198.jpg 455w, https:\/\/annaps.com\/content\/uploads\/2016\/02\/AnnaPointS_tabell-55x24.jpg 55w\" sizes=\"auto, (max-width: 1612px) 100vw, 1612px\" \/><\/a><\/p>\n","protected":false},"excerpt":{"rendered":"<p>AnnaPS letar st\u00e4ndigt efter nya s\u00e4tt att n\u00e5 ut till fler diabetiker, med m\u00e5let att g\u00f6ra deras liv lite l\u00e4ttare. D\u00e4rf\u00f6r har vi startat upp ett program som vi kallar f\u00f6r AnnaPointS. H\u00e4r kan du som kund publicera inl\u00e4gg om AnnaPS i sociala medier, samla po\u00e4ng och anv\u00e4nda dessa att handlar produkter f\u00f6r i v\u00e5r [&hellip;]<\/p>\n","protected":false},"author":1,"featured_media":0,"parent":0,"menu_order":47,"comment_status":"closed","ping_status":"closed","template":"page-textpage.php","meta":{"_acf_changed":false,"footnotes":""},"class_list":["post-5989","page","type-page","status-publish","hentry"],"acf":[],"yoast_head":"<!-- This site is optimized with the Yoast SEO plugin v27.1.1 - https:\/\/yoast.com\/product\/yoast-seo-wordpress\/ -->\n<title>Anna Points f\u00f6r diabetiker- AnnaPs<\/title>\n<meta name=\"description\" content=\"AnnaPS letar st\u00e4ndigt efter nya s\u00e4tt att n\u00e5 ut till fler diabetiker, med m\u00e5let att g\u00f6ra deras liv lite l\u00e4ttare. D\u00e4rf\u00f6r har vi startat AnnaPointS.\" \/>\n<meta name=\"robots\" content=\"index, follow, max-snippet:-1, max-image-preview:large, max-video-preview:-1\" \/>\n<link rel=\"canonical\" href=\"https:\/\/annaps.com\/sv\/anna-points\/\" \/>\n<meta property=\"og:locale\" content=\"sv_SE\" \/>\n<meta property=\"og:type\" content=\"article\" \/>\n<meta property=\"og:title\" content=\"Anna Points f\u00f6r diabetiker- AnnaPs\" \/>\n<meta property=\"og:description\" content=\"AnnaPS letar st\u00e4ndigt efter nya s\u00e4tt att n\u00e5 ut till fler diabetiker, med m\u00e5let att g\u00f6ra deras liv lite l\u00e4ttare. D\u00e4rf\u00f6r har vi startat AnnaPointS.\" \/>\n<meta property=\"og:url\" content=\"https:\/\/annaps.com\/sv\/anna-points\/\" \/>\n<meta property=\"og:site_name\" content=\"AnnaPS\" \/>\n<meta property=\"article:publisher\" content=\"https:\/\/www.facebook.com\/annaps.scandinavia\/\" \/>\n<meta property=\"article:modified_time\" content=\"2017-03-07T12:40:05+00:00\" \/>\n<meta property=\"og:image\" content=\"https:\/\/annaps.com\/wordpress\/content\/uploads\/2016\/02\/AnnaPointS.jpg\" \/>\n<meta name=\"twitter:card\" content=\"summary_large_image\" \/>\n<meta name=\"twitter:label1\" content=\"Ber\u00e4knad l\u00e4stid\" \/>\n\t<meta name=\"twitter:data1\" content=\"1 minut\" \/>\n<script type=\"application\/ld+json\" class=\"yoast-schema-graph\">{\"@context\":\"https:\/\/schema.org\",\"@graph\":[{\"@type\":\"WebPage\",\"@id\":\"https:\/\/annaps.com\/sv\/anna-points\/\",\"url\":\"https:\/\/annaps.com\/sv\/anna-points\/\",\"name\":\"Anna Points f\u00f6r diabetiker- AnnaPs\",\"isPartOf\":{\"@id\":\"https:\/\/annaps.com\/de\/#website\"},\"primaryImageOfPage\":{\"@id\":\"https:\/\/annaps.com\/sv\/anna-points\/#primaryimage\"},\"image\":{\"@id\":\"https:\/\/annaps.com\/sv\/anna-points\/#primaryimage\"},\"thumbnailUrl\":\"https:\/\/annaps.com\/wordpress\/content\/uploads\/2016\/02\/AnnaPointS.jpg\",\"datePublished\":\"2016-02-02T14:43:10+00:00\",\"dateModified\":\"2017-03-07T12:40:05+00:00\",\"description\":\"AnnaPS letar st\u00e4ndigt efter nya s\u00e4tt att n\u00e5 ut till fler diabetiker, med m\u00e5let att g\u00f6ra deras liv lite l\u00e4ttare. D\u00e4rf\u00f6r har vi startat AnnaPointS.\",\"breadcrumb\":{\"@id\":\"https:\/\/annaps.com\/sv\/anna-points\/#breadcrumb\"},\"inLanguage\":\"sv-SE\",\"potentialAction\":[{\"@type\":\"ReadAction\",\"target\":[\"https:\/\/annaps.com\/sv\/anna-points\/\"]}]},{\"@type\":\"ImageObject\",\"inLanguage\":\"sv-SE\",\"@id\":\"https:\/\/annaps.com\/sv\/anna-points\/#primaryimage\",\"url\":\"https:\/\/annaps.com\/wordpress\/content\/uploads\/2016\/02\/AnnaPointS.jpg\",\"contentUrl\":\"https:\/\/annaps.com\/wordpress\/content\/uploads\/2016\/02\/AnnaPointS.jpg\"},{\"@type\":\"BreadcrumbList\",\"@id\":\"https:\/\/annaps.com\/sv\/anna-points\/#breadcrumb\",\"itemListElement\":[{\"@type\":\"ListItem\",\"position\":1,\"name\":\"Hem\",\"item\":\"https:\/\/annaps.com\/sv\/\"},{\"@type\":\"ListItem\",\"position\":2,\"name\":\"Anna Points\"}]},{\"@type\":\"WebSite\",\"@id\":\"https:\/\/annaps.com\/de\/#website\",\"url\":\"https:\/\/annaps.com\/de\/\",\"name\":\"AnnaPS\",\"description\":\"Det skall vara enkelt att b\u00e4ra!\",\"potentialAction\":[{\"@type\":\"SearchAction\",\"target\":{\"@type\":\"EntryPoint\",\"urlTemplate\":\"https:\/\/annaps.com\/de\/?s={search_term_string}\"},\"query-input\":{\"@type\":\"PropertyValueSpecification\",\"valueRequired\":true,\"valueName\":\"search_term_string\"}}],\"inLanguage\":\"sv-SE\"}]}<\/script>\n<!-- \/ Yoast SEO plugin. -->","yoast_head_json":{"title":"Anna Points f\u00f6r diabetiker- AnnaPs","description":"AnnaPS letar st\u00e4ndigt efter nya s\u00e4tt att n\u00e5 ut till fler diabetiker, med m\u00e5let att g\u00f6ra deras liv lite l\u00e4ttare. D\u00e4rf\u00f6r har vi startat AnnaPointS.","robots":{"index":"index","follow":"follow","max-snippet":"max-snippet:-1","max-image-preview":"max-image-preview:large","max-video-preview":"max-video-preview:-1"},"canonical":"https:\/\/annaps.com\/sv\/anna-points\/","og_locale":"sv_SE","og_type":"article","og_title":"Anna Points f\u00f6r diabetiker- AnnaPs","og_description":"AnnaPS letar st\u00e4ndigt efter nya s\u00e4tt att n\u00e5 ut till fler diabetiker, med m\u00e5let att g\u00f6ra deras liv lite l\u00e4ttare. D\u00e4rf\u00f6r har vi startat AnnaPointS.","og_url":"https:\/\/annaps.com\/sv\/anna-points\/","og_site_name":"AnnaPS","article_publisher":"https:\/\/www.facebook.com\/annaps.scandinavia\/","article_modified_time":"2017-03-07T12:40:05+00:00","og_image":[{"url":"https:\/\/annaps.com\/wordpress\/content\/uploads\/2016\/02\/AnnaPointS.jpg","type":"","width":"","height":""}],"twitter_card":"summary_large_image","twitter_misc":{"Ber\u00e4knad l\u00e4stid":"1 minut"},"schema":{"@context":"https:\/\/schema.org","@graph":[{"@type":"WebPage","@id":"https:\/\/annaps.com\/sv\/anna-points\/","url":"https:\/\/annaps.com\/sv\/anna-points\/","name":"Anna Points f\u00f6r diabetiker- AnnaPs","isPartOf":{"@id":"https:\/\/annaps.com\/de\/#website"},"primaryImageOfPage":{"@id":"https:\/\/annaps.com\/sv\/anna-points\/#primaryimage"},"image":{"@id":"https:\/\/annaps.com\/sv\/anna-points\/#primaryimage"},"thumbnailUrl":"https:\/\/annaps.com\/wordpress\/content\/uploads\/2016\/02\/AnnaPointS.jpg","datePublished":"2016-02-02T14:43:10+00:00","dateModified":"2017-03-07T12:40:05+00:00","description":"AnnaPS letar st\u00e4ndigt efter nya s\u00e4tt att n\u00e5 ut till fler diabetiker, med m\u00e5let att g\u00f6ra deras liv lite l\u00e4ttare. D\u00e4rf\u00f6r har vi startat AnnaPointS.","breadcrumb":{"@id":"https:\/\/annaps.com\/sv\/anna-points\/#breadcrumb"},"inLanguage":"sv-SE","potentialAction":[{"@type":"ReadAction","target":["https:\/\/annaps.com\/sv\/anna-points\/"]}]},{"@type":"ImageObject","inLanguage":"sv-SE","@id":"https:\/\/annaps.com\/sv\/anna-points\/#primaryimage","url":"https:\/\/annaps.com\/wordpress\/content\/uploads\/2016\/02\/AnnaPointS.jpg","contentUrl":"https:\/\/annaps.com\/wordpress\/content\/uploads\/2016\/02\/AnnaPointS.jpg"},{"@type":"BreadcrumbList","@id":"https:\/\/annaps.com\/sv\/anna-points\/#breadcrumb","itemListElement":[{"@type":"ListItem","position":1,"name":"Hem","item":"https:\/\/annaps.com\/sv\/"},{"@type":"ListItem","position":2,"name":"Anna Points"}]},{"@type":"WebSite","@id":"https:\/\/annaps.com\/de\/#website","url":"https:\/\/annaps.com\/de\/","name":"AnnaPS","description":"Det skall vara enkelt att b\u00e4ra!","potentialAction":[{"@type":"SearchAction","target":{"@type":"EntryPoint","urlTemplate":"https:\/\/annaps.com\/de\/?s={search_term_string}"},"query-input":{"@type":"PropertyValueSpecification","valueRequired":true,"valueName":"search_term_string"}}],"inLanguage":"sv-SE"}]}},"_links":{"self":[{"href":"https:\/\/annaps.com\/sv\/wp-json\/wp\/v2\/pages\/5989","targetHints":{"allow":["GET"]}}],"collection":[{"href":"https:\/\/annaps.com\/sv\/wp-json\/wp\/v2\/pages"}],"about":[{"href":"https:\/\/annaps.com\/sv\/wp-json\/wp\/v2\/types\/page"}],"author":[{"embeddable":true,"href":"https:\/\/annaps.com\/sv\/wp-json\/wp\/v2\/users\/1"}],"replies":[{"embeddable":true,"href":"https:\/\/annaps.com\/sv\/wp-json\/wp\/v2\/comments?post=5989"}],"version-history":[{"count":0,"href":"https:\/\/annaps.com\/sv\/wp-json\/wp\/v2\/pages\/5989\/revisions"}],"wp:attachment":[{"href":"https:\/\/annaps.com\/sv\/wp-json\/wp\/v2\/media?parent=5989"}],"curies":[{"name":"wp","href":"https:\/\/api.w.org\/{rel}","templated":true}]}}