{"id":5404,"date":"2016-01-22T14:20:53","date_gmt":"2016-01-22T14:20:53","guid":{"rendered":"https:\/\/www.annaps.com\/?page_id=5404"},"modified":"2024-12-16T13:27:00","modified_gmt":"2024-12-16T12:27:00","slug":"aaterfoersaeljare","status":"publish","type":"page","link":"https:\/\/annaps.com\/sv\/aaterfoersaeljare\/","title":{"rendered":"\u00c5terf\u00f6rs\u00e4ljare"},"content":{"rendered":"<p><span style=\"font-weight: 400;\">AnnaPS \u00e4r till st\u00f6rsta delen ett webshopbaserat f\u00f6retag, men v\u00e5ra produkter \u00e5terf\u00f6rs\u00e4ljs av andra f\u00f6retag, listade nedan. Vi letar alltid efter nya \u00e5terf\u00f6rs\u00e4ljare. Om du \u00e4r intresserad, v\u00e4nligen kontakta Anna Sj\u00f6berg p\u00e5 telefon: 0730910555 eller genom mail: anna@annaps.com. <\/span><\/p>\n<p><span style=\"font-weight: 400;\"><strong>\u00c5TERF\u00d6RS\u00c4LJARE I USA<\/strong>:<\/span><span style=\"font-weight: 400;\">\u00a0Ett urval av v\u00e5ra produkter finns p\u00e5 <a href=\"https:\/\/www.amazon.com\/s\/ref=nb_sb_ss_i_4_6?url=search-alias%3Daps&amp;field-keywords=annaps+insulin+pump&amp;sprefix=annaps%2Caps%2C324&amp;crid=1GX6O7G895283&amp;rh=i%3Aaps%2Ck%3Aannaps+insulin+pump\">Amazon.com,<\/a> men vi skickar ocks\u00e5 hela v\u00e5rt sortiment till b\u00e5de USA och Kanada, fr\u00e5n v\u00e5r egen webshop<\/span><\/p>\n<p><span style=\"font-weight: 400;\"><strong>\u00c5TERF\u00d6RS\u00c4LJARE I FINLAND<\/strong>: <\/span><span style=\"font-weight: 400;\">Diabeteskauppa: <a href=\"http:\/\/www.diabeteskauppa.fi\/search?q=annaps&amp;searchSubmit=\">www.diabeteskauppa.fi<\/a><\/span><\/p>\n<p><span style=\"font-weight: 400;\"><strong>\u00c5TERF\u00d6RS\u00c4LJARE I PORTUGAL:<\/strong> Insulinha ADN Portugu\u00eas: <a href=\"https:\/\/insulinha.pt\">https:\/\/insulinha.pt<\/a><\/span><\/p>\n","protected":false},"excerpt":{"rendered":"<p>AnnaPS \u00e4r till st\u00f6rsta delen ett webshopbaserat f\u00f6retag, men v\u00e5ra produkter \u00e5terf\u00f6rs\u00e4ljs av andra f\u00f6retag, listade nedan. Vi letar alltid efter nya \u00e5terf\u00f6rs\u00e4ljare. Om du \u00e4r intresserad, v\u00e4nligen kontakta Anna Sj\u00f6berg p\u00e5 telefon: 0730910555 eller genom mail: anna@annaps.com. \u00c5TERF\u00d6RS\u00c4LJARE I USA:\u00a0Ett urval av v\u00e5ra produkter finns p\u00e5 Amazon.com, men vi skickar ocks\u00e5 hela v\u00e5rt sortiment [&hellip;]<\/p>\n","protected":false},"author":1,"featured_media":0,"parent":0,"menu_order":94,"comment_status":"closed","ping_status":"closed","template":"","meta":{"_acf_changed":false,"footnotes":""},"class_list":["post-5404","page","type-page","status-publish","hentry"],"acf":[],"yoast_head":"<!-- This site is optimized with the Yoast SEO plugin v27.1.1 - https:\/\/yoast.com\/product\/yoast-seo-wordpress\/ -->\n<title>\u00c5terf\u00f6rs\u00e4ljare - AnnaPS<\/title>\n<meta name=\"description\" content=\"AnnaPS makes clothes with integrated pockets to carry your diabetes devices such as insulin pump, pen and glucose meter. Stylish, high quality, functional and environmental focus.\" \/>\n<meta name=\"robots\" content=\"index, follow, max-snippet:-1, max-image-preview:large, max-video-preview:-1\" \/>\n<link rel=\"canonical\" href=\"https:\/\/annaps.com\/sv\/aaterfoersaeljare\/\" \/>\n<meta property=\"og:locale\" content=\"sv_SE\" \/>\n<meta property=\"og:type\" content=\"article\" \/>\n<meta property=\"og:title\" content=\"\u00c5terf\u00f6rs\u00e4ljare - AnnaPS\" \/>\n<meta property=\"og:description\" content=\"AnnaPS makes clothes with integrated pockets to carry your diabetes devices such as insulin pump, pen and glucose meter. Stylish, high quality, functional and environmental focus.\" \/>\n<meta property=\"og:url\" content=\"https:\/\/annaps.com\/sv\/aaterfoersaeljare\/\" \/>\n<meta property=\"og:site_name\" content=\"AnnaPS\" \/>\n<meta property=\"article:publisher\" content=\"https:\/\/www.facebook.com\/annaps.scandinavia\/\" \/>\n<meta property=\"article:modified_time\" content=\"2024-12-16T12:27:00+00:00\" \/>\n<meta name=\"twitter:card\" content=\"summary_large_image\" \/>\n<meta name=\"twitter:label1\" content=\"Ber\u00e4knad l\u00e4stid\" \/>\n\t<meta name=\"twitter:data1\" content=\"1 minut\" \/>\n<script type=\"application\/ld+json\" class=\"yoast-schema-graph\">{\"@context\":\"https:\/\/schema.org\",\"@graph\":[{\"@type\":\"WebPage\",\"@id\":\"https:\/\/annaps.com\/sv\/aaterfoersaeljare\/\",\"url\":\"https:\/\/annaps.com\/sv\/aaterfoersaeljare\/\",\"name\":\"\u00c5terf\u00f6rs\u00e4ljare - AnnaPS\",\"isPartOf\":{\"@id\":\"https:\/\/annaps.com\/de\/#website\"},\"datePublished\":\"2016-01-22T14:20:53+00:00\",\"dateModified\":\"2024-12-16T12:27:00+00:00\",\"description\":\"AnnaPS makes clothes with integrated pockets to carry your diabetes devices such as insulin pump, pen and glucose meter. Stylish, high quality, functional and environmental focus.\",\"breadcrumb\":{\"@id\":\"https:\/\/annaps.com\/sv\/aaterfoersaeljare\/#breadcrumb\"},\"inLanguage\":\"sv-SE\",\"potentialAction\":[{\"@type\":\"ReadAction\",\"target\":[\"https:\/\/annaps.com\/sv\/aaterfoersaeljare\/\"]}]},{\"@type\":\"BreadcrumbList\",\"@id\":\"https:\/\/annaps.com\/sv\/aaterfoersaeljare\/#breadcrumb\",\"itemListElement\":[{\"@type\":\"ListItem\",\"position\":1,\"name\":\"Hem\",\"item\":\"https:\/\/annaps.com\/sv\/\"},{\"@type\":\"ListItem\",\"position\":2,\"name\":\"\u00c5terf\u00f6rs\u00e4ljare\"}]},{\"@type\":\"WebSite\",\"@id\":\"https:\/\/annaps.com\/de\/#website\",\"url\":\"https:\/\/annaps.com\/de\/\",\"name\":\"AnnaPS\",\"description\":\"Det skall vara enkelt att b\u00e4ra!\",\"potentialAction\":[{\"@type\":\"SearchAction\",\"target\":{\"@type\":\"EntryPoint\",\"urlTemplate\":\"https:\/\/annaps.com\/de\/?s={search_term_string}\"},\"query-input\":{\"@type\":\"PropertyValueSpecification\",\"valueRequired\":true,\"valueName\":\"search_term_string\"}}],\"inLanguage\":\"sv-SE\"}]}<\/script>\n<!-- \/ Yoast SEO plugin. -->","yoast_head_json":{"title":"\u00c5terf\u00f6rs\u00e4ljare - AnnaPS","description":"AnnaPS makes clothes with integrated pockets to carry your diabetes devices such as insulin pump, pen and glucose meter. Stylish, high quality, functional and environmental focus.","robots":{"index":"index","follow":"follow","max-snippet":"max-snippet:-1","max-image-preview":"max-image-preview:large","max-video-preview":"max-video-preview:-1"},"canonical":"https:\/\/annaps.com\/sv\/aaterfoersaeljare\/","og_locale":"sv_SE","og_type":"article","og_title":"\u00c5terf\u00f6rs\u00e4ljare - AnnaPS","og_description":"AnnaPS makes clothes with integrated pockets to carry your diabetes devices such as insulin pump, pen and glucose meter. Stylish, high quality, functional and environmental focus.","og_url":"https:\/\/annaps.com\/sv\/aaterfoersaeljare\/","og_site_name":"AnnaPS","article_publisher":"https:\/\/www.facebook.com\/annaps.scandinavia\/","article_modified_time":"2024-12-16T12:27:00+00:00","twitter_card":"summary_large_image","twitter_misc":{"Ber\u00e4knad l\u00e4stid":"1 minut"},"schema":{"@context":"https:\/\/schema.org","@graph":[{"@type":"WebPage","@id":"https:\/\/annaps.com\/sv\/aaterfoersaeljare\/","url":"https:\/\/annaps.com\/sv\/aaterfoersaeljare\/","name":"\u00c5terf\u00f6rs\u00e4ljare - AnnaPS","isPartOf":{"@id":"https:\/\/annaps.com\/de\/#website"},"datePublished":"2016-01-22T14:20:53+00:00","dateModified":"2024-12-16T12:27:00+00:00","description":"AnnaPS makes clothes with integrated pockets to carry your diabetes devices such as insulin pump, pen and glucose meter. Stylish, high quality, functional and environmental focus.","breadcrumb":{"@id":"https:\/\/annaps.com\/sv\/aaterfoersaeljare\/#breadcrumb"},"inLanguage":"sv-SE","potentialAction":[{"@type":"ReadAction","target":["https:\/\/annaps.com\/sv\/aaterfoersaeljare\/"]}]},{"@type":"BreadcrumbList","@id":"https:\/\/annaps.com\/sv\/aaterfoersaeljare\/#breadcrumb","itemListElement":[{"@type":"ListItem","position":1,"name":"Hem","item":"https:\/\/annaps.com\/sv\/"},{"@type":"ListItem","position":2,"name":"\u00c5terf\u00f6rs\u00e4ljare"}]},{"@type":"WebSite","@id":"https:\/\/annaps.com\/de\/#website","url":"https:\/\/annaps.com\/de\/","name":"AnnaPS","description":"Det skall vara enkelt att b\u00e4ra!","potentialAction":[{"@type":"SearchAction","target":{"@type":"EntryPoint","urlTemplate":"https:\/\/annaps.com\/de\/?s={search_term_string}"},"query-input":{"@type":"PropertyValueSpecification","valueRequired":true,"valueName":"search_term_string"}}],"inLanguage":"sv-SE"}]}},"_links":{"self":[{"href":"https:\/\/annaps.com\/sv\/wp-json\/wp\/v2\/pages\/5404","targetHints":{"allow":["GET"]}}],"collection":[{"href":"https:\/\/annaps.com\/sv\/wp-json\/wp\/v2\/pages"}],"about":[{"href":"https:\/\/annaps.com\/sv\/wp-json\/wp\/v2\/types\/page"}],"author":[{"embeddable":true,"href":"https:\/\/annaps.com\/sv\/wp-json\/wp\/v2\/users\/1"}],"replies":[{"embeddable":true,"href":"https:\/\/annaps.com\/sv\/wp-json\/wp\/v2\/comments?post=5404"}],"version-history":[{"count":4,"href":"https:\/\/annaps.com\/sv\/wp-json\/wp\/v2\/pages\/5404\/revisions"}],"predecessor-version":[{"id":47265,"href":"https:\/\/annaps.com\/sv\/wp-json\/wp\/v2\/pages\/5404\/revisions\/47265"}],"wp:attachment":[{"href":"https:\/\/annaps.com\/sv\/wp-json\/wp\/v2\/media?parent=5404"}],"curies":[{"name":"wp","href":"https:\/\/api.w.org\/{rel}","templated":true}]}}