{"id":5389,"date":"2016-01-22T13:39:25","date_gmt":"2016-01-22T13:39:25","guid":{"rendered":"https:\/\/www.annaps.com\/?page_id=5389"},"modified":"2021-10-22T17:16:22","modified_gmt":"2021-10-22T15:16:22","slug":"reklamation","status":"publish","type":"page","link":"https:\/\/annaps.com\/sv\/reklamation\/","title":{"rendered":"Reklamation"},"content":{"rendered":"<p><span style=\"font-weight: 400;\"><strong>BYTEN &amp; \u00c5TERK\u00d6P<\/strong>: <\/span><span style=\"font-weight: 400;\">P\u00e5 grund av hygieniska sk\u00e4l utf\u00f6r vi inte byten eller \u00e5terk\u00f6p av underkl\u00e4der. Men om du inte \u00e4r n\u00f6jd med ditt k\u00f6p, kontakta oss g\u00e4rna. Det \u00e4r viktigt f\u00f6r oss att lyssna p\u00e5 v\u00e5ra kunder.<\/span><\/p>\n<p><span style=\"font-weight: 400;\"><strong>KVALITETSGARANTI<\/strong>: <\/span><span style=\"font-weight: 400;\">Produkter klassas som felaktiga om de mottages skadade, eller om ett tillverkningsfel uppdagas inom den f\u00f6rsta m\u00e5naden efter k\u00f6p. V\u00e4nligen notera att produkter som skadats till f\u00f6ljd av anv\u00e4ndning inte r\u00e4knas som felaktiga. Felaktiga produkter kommer bytas ut till samma typ av produkt i samma storlek, beroende p\u00e5 tillg\u00e4nglighet. \u00c5terbetalning f\u00f6r felaktiga produkter kan g\u00f6ras inom en 14-dagarsperiod efter leverans, utan avgift.<\/span><\/p>\n<p><span style=\"font-weight: 400;\"><strong>HUR REKLAMERAR JAG EN FELAKTIG PRODUKT?<\/strong>: <\/span><span style=\"font-weight: 400;\">Vi garanterar h\u00f6g kvalitet i v\u00e5ra produkter. Om du finner att n\u00e5got \u00e4r fel med ditt k\u00f6p, b\u00f6r du l\u00e4mna ett klagom\u00e5l:<\/span><\/p>\n<p><span style=\"font-weight: 400;\"><strong>KLAGOM\u00c5L<\/strong>: Om du har k\u00f6pt din produkt fr\u00e5n n\u00e5gon av v\u00e5ra \u00e5terf\u00f6rs\u00e4ljare, v\u00e4nligen ta kontakt med den specifika \u00e5terf\u00f6rs\u00e4ljaren i f\u00f6rsta hand. Om du har k\u00f6pt din produkt i v\u00e5r webshop, v\u00e4nligen f\u00f6lj f\u00f6ljande steg:<\/span><\/p>\n<p><span style=\"font-weight: 400;\">1. Maila oss p\u00e5 <\/span><a href=\"mailto:info@annaps.com\"><span style=\"font-weight: 400;\">info@annaps.com<\/span><\/a><span style=\"font-weight: 400;\">. Skriv \u201cKlagom\u00e5l\u201d i \u00e4mnesraden.<\/span><\/p>\n<p><span style=\"font-weight: 400;\">2. Se till att du f\u00e5r med f\u00f6ljande:<\/span><\/p>\n<ul>\n<li style=\"font-weight: 400;\"><span style=\"font-weight: 400;\">Namn<\/span><\/li>\n<li style=\"font-weight: 400;\"><span style=\"font-weight: 400;\">Adress<\/span><\/li>\n<li style=\"font-weight: 400;\"><span style=\"font-weight: 400;\">Telefonnummer p\u00e5 kontorstid<\/span><\/li>\n<li style=\"font-weight: 400;\"><span style=\"font-weight: 400;\">N\u00e4r och var du har k\u00f6pt produkten\/erna<\/span><\/li>\n<li style=\"font-weight: 400;\"><span style=\"font-weight: 400;\">Ordernummer (st\u00e5r p\u00e5 ditt kvitto)<\/span><\/li>\n<li style=\"font-weight: 400;\"><span style=\"font-weight: 400;\">Vilken anledningen till klagom\u00e5let \u00e4r<\/span><\/li>\n<\/ul>\n<p><span style=\"font-weight: 400;\">3. Vi kommer skicka dig ett klagom\u00e5lsnummer och ett formul\u00e4r som du skriver ut och fyller i.<\/span><\/p>\n<p><span style=\"font-weight: 400;\">4. Skicka in ditt k\u00f6p tillsammans med det ifyllda och signerade formul\u00e4ret.<br \/>\n<\/span><span style=\"font-weight: 400;\">Vi tar hand om klagom\u00e5let och ers\u00e4tter din produkt med en ny om fel hittas.<\/span><\/p>\n<p>Adress att skicka till:<br \/>\nAnnaPS<br \/>\nEds\u00e5sdalen, Krokv\u00e4gen 3<br \/>\n83796 Unders\u00e5ker<\/p>\n<p><span style=\"font-weight: 400;\"><strong>\u00c5TERBETALNING<\/strong>: F\u00f6r att \u00e5terbetalning vid reklamation skall ske snabbt och enkelt skall bankkontonummer alltid anges p\u00e5 retursedeln. Vid kreditkortsbetalning sker \u00e5terbetalning genom att anv\u00e4nt kort krediteras. \u00c5terbetalningen exkluderar fraktkostnad, med undantag f\u00f6r felaktiga produkter. Om din order har skickats inom EU kommer alla f\u00f6rs\u00e4ljningsskatter att \u00e5terbetalas. AnnaPS \u00e5tar sig inte att \u00e5terbetala tullar och skatter ifall produkten har levererats utanf\u00f6r EU. Detta kan du dock f\u00e5 tillbaka vid kontakt med ditt lokala tullverk.<\/span><\/p>\n","protected":false},"excerpt":{"rendered":"<p>BYTEN &amp; \u00c5TERK\u00d6P: P\u00e5 grund av hygieniska sk\u00e4l utf\u00f6r vi inte byten eller \u00e5terk\u00f6p av underkl\u00e4der. Men om du inte \u00e4r n\u00f6jd med ditt k\u00f6p, kontakta oss g\u00e4rna. Det \u00e4r viktigt f\u00f6r oss att lyssna p\u00e5 v\u00e5ra kunder. KVALITETSGARANTI: Produkter klassas som felaktiga om de mottages skadade, eller om ett tillverkningsfel uppdagas inom den f\u00f6rsta [&hellip;]<\/p>\n","protected":false},"author":1,"featured_media":0,"parent":0,"menu_order":84,"comment_status":"closed","ping_status":"closed","template":"","meta":{"_acf_changed":false,"footnotes":""},"class_list":["post-5389","page","type-page","status-publish","hentry"],"acf":[],"yoast_head":"<!-- This site is optimized with the Yoast SEO plugin v27.1.1 - https:\/\/yoast.com\/product\/yoast-seo-wordpress\/ -->\n<title>Reklamation - AnnaPS<\/title>\n<meta name=\"description\" content=\"AnnaPS makes clothes with integrated pockets to carry your diabetes devices such as insulin pump, pen and glucose meter. Stylish, high quality, functional and environmental focus.\" \/>\n<meta name=\"robots\" content=\"index, follow, max-snippet:-1, max-image-preview:large, max-video-preview:-1\" \/>\n<link rel=\"canonical\" href=\"https:\/\/annaps.com\/sv\/reklamation\/\" \/>\n<meta property=\"og:locale\" content=\"sv_SE\" \/>\n<meta property=\"og:type\" content=\"article\" \/>\n<meta property=\"og:title\" content=\"Reklamation - AnnaPS\" \/>\n<meta property=\"og:description\" content=\"AnnaPS makes clothes with integrated pockets to carry your diabetes devices such as insulin pump, pen and glucose meter. Stylish, high quality, functional and environmental focus.\" \/>\n<meta property=\"og:url\" content=\"https:\/\/annaps.com\/sv\/reklamation\/\" \/>\n<meta property=\"og:site_name\" content=\"AnnaPS\" \/>\n<meta property=\"article:publisher\" content=\"https:\/\/www.facebook.com\/annaps.scandinavia\/\" \/>\n<meta property=\"article:modified_time\" content=\"2021-10-22T15:16:22+00:00\" \/>\n<meta name=\"twitter:card\" content=\"summary_large_image\" \/>\n<meta name=\"twitter:label1\" content=\"Ber\u00e4knad l\u00e4stid\" \/>\n\t<meta name=\"twitter:data1\" content=\"2 minuter\" \/>\n<script type=\"application\/ld+json\" class=\"yoast-schema-graph\">{\"@context\":\"https:\/\/schema.org\",\"@graph\":[{\"@type\":\"WebPage\",\"@id\":\"https:\/\/annaps.com\/sv\/reklamation\/\",\"url\":\"https:\/\/annaps.com\/sv\/reklamation\/\",\"name\":\"Reklamation - AnnaPS\",\"isPartOf\":{\"@id\":\"https:\/\/annaps.com\/de\/#website\"},\"datePublished\":\"2016-01-22T13:39:25+00:00\",\"dateModified\":\"2021-10-22T15:16:22+00:00\",\"description\":\"AnnaPS makes clothes with integrated pockets to carry your diabetes devices such as insulin pump, pen and glucose meter. Stylish, high quality, functional and environmental focus.\",\"breadcrumb\":{\"@id\":\"https:\/\/annaps.com\/sv\/reklamation\/#breadcrumb\"},\"inLanguage\":\"sv-SE\",\"potentialAction\":[{\"@type\":\"ReadAction\",\"target\":[\"https:\/\/annaps.com\/sv\/reklamation\/\"]}]},{\"@type\":\"BreadcrumbList\",\"@id\":\"https:\/\/annaps.com\/sv\/reklamation\/#breadcrumb\",\"itemListElement\":[{\"@type\":\"ListItem\",\"position\":1,\"name\":\"Hem\",\"item\":\"https:\/\/annaps.com\/sv\/\"},{\"@type\":\"ListItem\",\"position\":2,\"name\":\"Reklamation\"}]},{\"@type\":\"WebSite\",\"@id\":\"https:\/\/annaps.com\/de\/#website\",\"url\":\"https:\/\/annaps.com\/de\/\",\"name\":\"AnnaPS\",\"description\":\"Det skall vara enkelt att b\u00e4ra!\",\"potentialAction\":[{\"@type\":\"SearchAction\",\"target\":{\"@type\":\"EntryPoint\",\"urlTemplate\":\"https:\/\/annaps.com\/de\/?s={search_term_string}\"},\"query-input\":{\"@type\":\"PropertyValueSpecification\",\"valueRequired\":true,\"valueName\":\"search_term_string\"}}],\"inLanguage\":\"sv-SE\"}]}<\/script>\n<!-- \/ Yoast SEO plugin. -->","yoast_head_json":{"title":"Reklamation - AnnaPS","description":"AnnaPS makes clothes with integrated pockets to carry your diabetes devices such as insulin pump, pen and glucose meter. Stylish, high quality, functional and environmental focus.","robots":{"index":"index","follow":"follow","max-snippet":"max-snippet:-1","max-image-preview":"max-image-preview:large","max-video-preview":"max-video-preview:-1"},"canonical":"https:\/\/annaps.com\/sv\/reklamation\/","og_locale":"sv_SE","og_type":"article","og_title":"Reklamation - AnnaPS","og_description":"AnnaPS makes clothes with integrated pockets to carry your diabetes devices such as insulin pump, pen and glucose meter. Stylish, high quality, functional and environmental focus.","og_url":"https:\/\/annaps.com\/sv\/reklamation\/","og_site_name":"AnnaPS","article_publisher":"https:\/\/www.facebook.com\/annaps.scandinavia\/","article_modified_time":"2021-10-22T15:16:22+00:00","twitter_card":"summary_large_image","twitter_misc":{"Ber\u00e4knad l\u00e4stid":"2 minuter"},"schema":{"@context":"https:\/\/schema.org","@graph":[{"@type":"WebPage","@id":"https:\/\/annaps.com\/sv\/reklamation\/","url":"https:\/\/annaps.com\/sv\/reklamation\/","name":"Reklamation - AnnaPS","isPartOf":{"@id":"https:\/\/annaps.com\/de\/#website"},"datePublished":"2016-01-22T13:39:25+00:00","dateModified":"2021-10-22T15:16:22+00:00","description":"AnnaPS makes clothes with integrated pockets to carry your diabetes devices such as insulin pump, pen and glucose meter. Stylish, high quality, functional and environmental focus.","breadcrumb":{"@id":"https:\/\/annaps.com\/sv\/reklamation\/#breadcrumb"},"inLanguage":"sv-SE","potentialAction":[{"@type":"ReadAction","target":["https:\/\/annaps.com\/sv\/reklamation\/"]}]},{"@type":"BreadcrumbList","@id":"https:\/\/annaps.com\/sv\/reklamation\/#breadcrumb","itemListElement":[{"@type":"ListItem","position":1,"name":"Hem","item":"https:\/\/annaps.com\/sv\/"},{"@type":"ListItem","position":2,"name":"Reklamation"}]},{"@type":"WebSite","@id":"https:\/\/annaps.com\/de\/#website","url":"https:\/\/annaps.com\/de\/","name":"AnnaPS","description":"Det skall vara enkelt att b\u00e4ra!","potentialAction":[{"@type":"SearchAction","target":{"@type":"EntryPoint","urlTemplate":"https:\/\/annaps.com\/de\/?s={search_term_string}"},"query-input":{"@type":"PropertyValueSpecification","valueRequired":true,"valueName":"search_term_string"}}],"inLanguage":"sv-SE"}]}},"_links":{"self":[{"href":"https:\/\/annaps.com\/sv\/wp-json\/wp\/v2\/pages\/5389","targetHints":{"allow":["GET"]}}],"collection":[{"href":"https:\/\/annaps.com\/sv\/wp-json\/wp\/v2\/pages"}],"about":[{"href":"https:\/\/annaps.com\/sv\/wp-json\/wp\/v2\/types\/page"}],"author":[{"embeddable":true,"href":"https:\/\/annaps.com\/sv\/wp-json\/wp\/v2\/users\/1"}],"replies":[{"embeddable":true,"href":"https:\/\/annaps.com\/sv\/wp-json\/wp\/v2\/comments?post=5389"}],"version-history":[{"count":1,"href":"https:\/\/annaps.com\/sv\/wp-json\/wp\/v2\/pages\/5389\/revisions"}],"predecessor-version":[{"id":42821,"href":"https:\/\/annaps.com\/sv\/wp-json\/wp\/v2\/pages\/5389\/revisions\/42821"}],"wp:attachment":[{"href":"https:\/\/annaps.com\/sv\/wp-json\/wp\/v2\/media?parent=5389"}],"curies":[{"name":"wp","href":"https:\/\/api.w.org\/{rel}","templated":true}]}}