{"id":5382,"date":"2016-01-22T13:30:56","date_gmt":"2016-01-22T13:30:56","guid":{"rendered":"https:\/\/www.annaps.com\/?page_id=5382"},"modified":"2021-07-29T13:25:24","modified_gmt":"2021-07-29T11:25:24","slug":"frakt-och-leverans","status":"publish","type":"page","link":"https:\/\/annaps.com\/sv\/frakt-och-leverans\/","title":{"rendered":"Frakt, Leverans &#038; Betalning"},"content":{"rendered":"<p><span style=\"font-weight: 400;\"><strong>TRANSPORT<\/strong>:<\/span><span style=\"font-weight: 400;\"> Vi skickar \u00f6ver hela v\u00e4rlden! AnnaPS skickar alla sina leveranser med Posten Varubrev &#8211; om kunden vill ha sin leverans skickad med Rekommenderad (d.v.s. sp\u00e5rbart), \u00e4r det m\u00f6jligt mot en extra avgift.<\/span><\/p>\n<p><span style=\"font-weight: 400;\"><strong>LEVERANS<\/strong>:<\/span><span style=\"font-weight: 400;\"> Normal leveranstid fr\u00e5n AnnaPS \u00e4r 2-5 dagar f\u00f6r best\u00e4llningar gjorda med kontokort eller faktura. Vissa produkter kan under h\u00f6gs\u00e4song eller vid h\u00f6g belastning ha n\u00e5got l\u00e4ngre leveranstid, detta meddelas d\u00e5 via e-post. Vi jobbar med ordrar m\u00e5ndag till fredag med undantag f\u00f6r svenska h\u00f6gtidsdagar.<\/span><\/p>\n<p><span style=\"font-weight: 400;\"><strong>SKATTER OCH AVGIFTER<\/strong>:\u00a0<\/span><\/p>\n<p><span style=\"font-weight: 400;\"><strong>Europeiska Unionen:<\/strong> <\/span><span style=\"font-weight: 400;\">Om ditt land \u00e4r medlem av den Europeiska Unionen (EU), inkluderar priserna moms p\u00e5 25 %. Alla l\u00e4nder inom EU levererar AnnaPS till med DDP (Delivery Duty Paid), vilket betyder att skatter och avgifter \u00e4r inkluderade i det pris som visas i kassan.<\/span><\/p>\n<p><strong>Utanf\u00f6r EU:<\/strong> Portokostnaden\u00a0inkluderar paketering och de tulldokument som kr\u00e4vs f\u00f6r leverans till ditt land. Alla eventuella former av skatter och tullavgifter som icke-EU l\u00e4nders myndigheter kan komma att kr\u00e4va betalas av kunden.<\/p>\n<p><strong>PORTO:<\/strong>\u00a0AnnaPS har f\u00f6ljande porto avgifter:<\/p>\n<ul>\n<li>Till Sverige: 49 SEK\/5EUR<\/li>\n<li>F\u00f6r frakt utanf\u00f6r Sverige och inom Europa: \u00a08 EUR\n<ul>\n<li>f\u00f6r rekommenderad post: 20 EUR<\/li>\n<\/ul>\n<\/li>\n<li>F\u00f6r frakt utanf\u00f6r Sverige och utanf\u00f6r\u00a0Europa: 10 EUR \/ 12 USD\n<ul>\n<li>f\u00f6r rekommenderad post: 22 EUR \/ 24 USD<\/li>\n<\/ul>\n<\/li>\n<\/ul>\n<p><strong>V\u00c5RA BETALS\u00c4TT: <\/strong>Vi<sup>\u00a0<\/sup>\u00a0har valt att ha Klarna Checkout. I samarbete med Klarna erbjuder vi fakturabetalning, delbetalning, kontokortsbetalning samt direktbetalning.<br \/>\nN\u00e4r du kommer till kassan f\u00f6r betalning kan du se vilka betall\u00f6sningar Klarna erbjuder i ditt land. Se mer information via <a href=\"https:\/\/www.klarna.com\/\">www.klarna.com\/<\/a><\/p>\n<p>Paypal kan ocks\u00e5 anv\u00e4ndas som betalningsmetod. Se mer in formation via <a href=\"https:\/\/www.paypal.com\/\">www.paypal.com\/<\/a><\/p>\n<p>Vi erbjuder ocks\u00e5 betalning med presentkort.<\/p>\n<p><strong>OM KLARNA CHECKOUT:<\/strong>\u00a0Anna PS<sup>\u00ae<\/sup> anv\u00e4nder Klarna Checkout f\u00f6r privatkunder. Klarna Checkout presenterar viss information f\u00f6r dig s\u00e5 snart du \u00e4r identifierad. Vilken information du beh\u00f6ver ange f\u00f6r att uppn\u00e5 identifiering kan variera mellan olika k\u00f6ptillf\u00e4llen och kunder. N\u00e5gon kreditupplysning tas aldrig direkt i Klarna Checkout utan vid behov beroende p\u00e5 det betalningsalternativ du har valt. Kreditupplysningar som tas av Klarna p\u00e5verkar inte din kreditv\u00e4rdighet och kan inte ses av andra som beg\u00e4r kreditupplysning om dig, t ex banker. Sedan du har identifierats uppvisar Klarna Checkout vilka alternativ som \u00e4r tillg\u00e4ngliga f\u00f6r just dig. Faktura \u00e4r f\u00f6rvalt som betalningsalternativ men du kan givetvis fritt v\u00e4lja n\u00e5got av de andra alternativen s\u00e5som direktbetalning via bank eller betalning med kort. Vilka alternativ du erbjuds kan v\u00e4xla fr\u00e5n tid till annan. Du kan sj\u00e4lv v\u00e4lja om du vill skydda din anv\u00e4ndning av Klarna Checkout med en PIN-kod.<br \/>\nF\u00f6r information om din betalning kontakta Klarna (se l\u00e4nkar ovan).<\/p>\n<p><strong>BETALA MED PRESENTKORT:<\/strong>\u00a0I kassan har du m\u00f6jlighet att betala med presentkort. F\u00f6r att betala med presentkortet matar du in ditt presentkortsnummer.<br \/>\nT\u00e4cker inte presentkortet hela beloppet s\u00e5 har du m\u00f6jlighet att betala resterande belopp mot faktura, direktbetalning eller kontokort.<\/p>\n<p>&nbsp;<\/p>\n<p>&nbsp;<\/p>\n<p>&nbsp;<\/p>\n","protected":false},"excerpt":{"rendered":"<p>TRANSPORT: Vi skickar \u00f6ver hela v\u00e4rlden! AnnaPS skickar alla sina leveranser med Posten Varubrev &#8211; om kunden vill ha sin leverans skickad med Rekommenderad (d.v.s. sp\u00e5rbart), \u00e4r det m\u00f6jligt mot en extra avgift. LEVERANS: Normal leveranstid fr\u00e5n AnnaPS \u00e4r 2-5 dagar f\u00f6r best\u00e4llningar gjorda med kontokort eller faktura. Vissa produkter kan under h\u00f6gs\u00e4song eller vid [&hellip;]<\/p>\n","protected":false},"author":1,"featured_media":0,"parent":0,"menu_order":73,"comment_status":"closed","ping_status":"closed","template":"","meta":{"_acf_changed":false,"footnotes":""},"class_list":["post-5382","page","type-page","status-publish","hentry"],"acf":[],"yoast_head":"<!-- This site is optimized with the Yoast SEO plugin v27.1.1 - https:\/\/yoast.com\/product\/yoast-seo-wordpress\/ -->\n<title>Frakt, Leverans &amp; Betalning - AnnaPS<\/title>\n<meta name=\"description\" content=\"AnnaPS makes clothes with integrated pockets to carry your diabetes devices such as insulin pump, pen and glucose meter. Stylish, high quality, functional and environmental focus.\" \/>\n<meta name=\"robots\" content=\"index, follow, max-snippet:-1, max-image-preview:large, max-video-preview:-1\" \/>\n<link rel=\"canonical\" href=\"https:\/\/annaps.com\/sv\/frakt-och-leverans\/\" \/>\n<meta property=\"og:locale\" content=\"sv_SE\" \/>\n<meta property=\"og:type\" content=\"article\" \/>\n<meta property=\"og:title\" content=\"Frakt, Leverans &amp; Betalning - AnnaPS\" \/>\n<meta property=\"og:description\" content=\"AnnaPS makes clothes with integrated pockets to carry your diabetes devices such as insulin pump, pen and glucose meter. Stylish, high quality, functional and environmental focus.\" \/>\n<meta property=\"og:url\" content=\"https:\/\/annaps.com\/sv\/frakt-och-leverans\/\" \/>\n<meta property=\"og:site_name\" content=\"AnnaPS\" \/>\n<meta property=\"article:publisher\" content=\"https:\/\/www.facebook.com\/annaps.scandinavia\/\" \/>\n<meta property=\"article:modified_time\" content=\"2021-07-29T11:25:24+00:00\" \/>\n<meta name=\"twitter:card\" content=\"summary_large_image\" \/>\n<meta name=\"twitter:label1\" content=\"Ber\u00e4knad l\u00e4stid\" \/>\n\t<meta name=\"twitter:data1\" content=\"3 minuter\" \/>\n<script type=\"application\/ld+json\" class=\"yoast-schema-graph\">{\"@context\":\"https:\/\/schema.org\",\"@graph\":[{\"@type\":\"WebPage\",\"@id\":\"https:\/\/annaps.com\/sv\/frakt-och-leverans\/\",\"url\":\"https:\/\/annaps.com\/sv\/frakt-och-leverans\/\",\"name\":\"Frakt, Leverans & Betalning - AnnaPS\",\"isPartOf\":{\"@id\":\"https:\/\/annaps.com\/de\/#website\"},\"datePublished\":\"2016-01-22T13:30:56+00:00\",\"dateModified\":\"2021-07-29T11:25:24+00:00\",\"description\":\"AnnaPS makes clothes with integrated pockets to carry your diabetes devices such as insulin pump, pen and glucose meter. Stylish, high quality, functional and environmental focus.\",\"breadcrumb\":{\"@id\":\"https:\/\/annaps.com\/sv\/frakt-och-leverans\/#breadcrumb\"},\"inLanguage\":\"sv-SE\",\"potentialAction\":[{\"@type\":\"ReadAction\",\"target\":[\"https:\/\/annaps.com\/sv\/frakt-och-leverans\/\"]}]},{\"@type\":\"BreadcrumbList\",\"@id\":\"https:\/\/annaps.com\/sv\/frakt-och-leverans\/#breadcrumb\",\"itemListElement\":[{\"@type\":\"ListItem\",\"position\":1,\"name\":\"Hem\",\"item\":\"https:\/\/annaps.com\/sv\/\"},{\"@type\":\"ListItem\",\"position\":2,\"name\":\"Frakt, Leverans &#038; Betalning\"}]},{\"@type\":\"WebSite\",\"@id\":\"https:\/\/annaps.com\/de\/#website\",\"url\":\"https:\/\/annaps.com\/de\/\",\"name\":\"AnnaPS\",\"description\":\"Det skall vara enkelt att b\u00e4ra!\",\"potentialAction\":[{\"@type\":\"SearchAction\",\"target\":{\"@type\":\"EntryPoint\",\"urlTemplate\":\"https:\/\/annaps.com\/de\/?s={search_term_string}\"},\"query-input\":{\"@type\":\"PropertyValueSpecification\",\"valueRequired\":true,\"valueName\":\"search_term_string\"}}],\"inLanguage\":\"sv-SE\"}]}<\/script>\n<!-- \/ Yoast SEO plugin. -->","yoast_head_json":{"title":"Frakt, Leverans & Betalning - AnnaPS","description":"AnnaPS makes clothes with integrated pockets to carry your diabetes devices such as insulin pump, pen and glucose meter. Stylish, high quality, functional and environmental focus.","robots":{"index":"index","follow":"follow","max-snippet":"max-snippet:-1","max-image-preview":"max-image-preview:large","max-video-preview":"max-video-preview:-1"},"canonical":"https:\/\/annaps.com\/sv\/frakt-och-leverans\/","og_locale":"sv_SE","og_type":"article","og_title":"Frakt, Leverans & Betalning - AnnaPS","og_description":"AnnaPS makes clothes with integrated pockets to carry your diabetes devices such as insulin pump, pen and glucose meter. Stylish, high quality, functional and environmental focus.","og_url":"https:\/\/annaps.com\/sv\/frakt-och-leverans\/","og_site_name":"AnnaPS","article_publisher":"https:\/\/www.facebook.com\/annaps.scandinavia\/","article_modified_time":"2021-07-29T11:25:24+00:00","twitter_card":"summary_large_image","twitter_misc":{"Ber\u00e4knad l\u00e4stid":"3 minuter"},"schema":{"@context":"https:\/\/schema.org","@graph":[{"@type":"WebPage","@id":"https:\/\/annaps.com\/sv\/frakt-och-leverans\/","url":"https:\/\/annaps.com\/sv\/frakt-och-leverans\/","name":"Frakt, Leverans & Betalning - AnnaPS","isPartOf":{"@id":"https:\/\/annaps.com\/de\/#website"},"datePublished":"2016-01-22T13:30:56+00:00","dateModified":"2021-07-29T11:25:24+00:00","description":"AnnaPS makes clothes with integrated pockets to carry your diabetes devices such as insulin pump, pen and glucose meter. Stylish, high quality, functional and environmental focus.","breadcrumb":{"@id":"https:\/\/annaps.com\/sv\/frakt-och-leverans\/#breadcrumb"},"inLanguage":"sv-SE","potentialAction":[{"@type":"ReadAction","target":["https:\/\/annaps.com\/sv\/frakt-och-leverans\/"]}]},{"@type":"BreadcrumbList","@id":"https:\/\/annaps.com\/sv\/frakt-och-leverans\/#breadcrumb","itemListElement":[{"@type":"ListItem","position":1,"name":"Hem","item":"https:\/\/annaps.com\/sv\/"},{"@type":"ListItem","position":2,"name":"Frakt, Leverans &#038; Betalning"}]},{"@type":"WebSite","@id":"https:\/\/annaps.com\/de\/#website","url":"https:\/\/annaps.com\/de\/","name":"AnnaPS","description":"Det skall vara enkelt att b\u00e4ra!","potentialAction":[{"@type":"SearchAction","target":{"@type":"EntryPoint","urlTemplate":"https:\/\/annaps.com\/de\/?s={search_term_string}"},"query-input":{"@type":"PropertyValueSpecification","valueRequired":true,"valueName":"search_term_string"}}],"inLanguage":"sv-SE"}]}},"_links":{"self":[{"href":"https:\/\/annaps.com\/sv\/wp-json\/wp\/v2\/pages\/5382","targetHints":{"allow":["GET"]}}],"collection":[{"href":"https:\/\/annaps.com\/sv\/wp-json\/wp\/v2\/pages"}],"about":[{"href":"https:\/\/annaps.com\/sv\/wp-json\/wp\/v2\/types\/page"}],"author":[{"embeddable":true,"href":"https:\/\/annaps.com\/sv\/wp-json\/wp\/v2\/users\/1"}],"replies":[{"embeddable":true,"href":"https:\/\/annaps.com\/sv\/wp-json\/wp\/v2\/comments?post=5382"}],"version-history":[{"count":4,"href":"https:\/\/annaps.com\/sv\/wp-json\/wp\/v2\/pages\/5382\/revisions"}],"predecessor-version":[{"id":41681,"href":"https:\/\/annaps.com\/sv\/wp-json\/wp\/v2\/pages\/5382\/revisions\/41681"}],"wp:attachment":[{"href":"https:\/\/annaps.com\/sv\/wp-json\/wp\/v2\/media?parent=5382"}],"curies":[{"name":"wp","href":"https:\/\/api.w.org\/{rel}","templated":true}]}}