{"id":4307,"date":"2016-01-22T07:42:07","date_gmt":"2016-01-22T07:42:07","guid":{"rendered":"https:\/\/www.annaps.com\/?page_id=4307"},"modified":"2020-11-18T16:38:48","modified_gmt":"2020-11-18T15:38:48","slug":"koepvillkor","status":"publish","type":"page","link":"https:\/\/annaps.com\/sv\/koepvillkor\/","title":{"rendered":"K\u00f6pvillkor"},"content":{"rendered":"<p>Facilitate Partner AB (556788-7384) bedriver verksamheten med varum\u00e4rket Anna PS. F\u00f6retaget \u00e4r registrerat i \u00d6sthammar, Sverige. K\u00f6pvillkor f\u00f6r v\u00e5r webshop \u00e4r som f\u00f6ljer, listade nedan. Av juridiska sk\u00e4l m\u00e5ste kunden vara \u00f6ver 18 \u00e5r gammal f\u00f6r att genomf\u00f6ra k\u00f6p i AnnaPS webshop. Om personen \u00e4r under 18 \u00e5r, kr\u00e4vs att en f\u00f6rmyndare godk\u00e4nner k\u00f6pet. Vid eventuellt tvist kommer AnnaPS att f\u00f6lja den Allm\u00e4nna Reklamationsn\u00e4mndens (ARN) rekommendationer.<\/p>\n<ul>\n<li><span style=\"font-weight: 400;\"><strong>PRISER<\/strong>:<\/span><span style=\"font-weight: 400;\"> Samtliga priser \u00e4r i svenska kronor (SEK), EUR (Euro) samt USD (US Dollar) och inkluderar g\u00e4llande moms, f\u00f6r n\u00e4rvarande 25%. Priserna inkluderar inte expeditions-, betalnings- och leveransavgifter. Priserna som anges vid Kundens best\u00e4llningstidpunkt g\u00e4ller genom hela k\u00f6pprocessen.<\/span><\/li>\n<\/ul>\n<p>&nbsp;<\/p>\n<ul>\n<li style=\"font-weight: 400;\"><span style=\"font-weight: 400;\"><strong>K\u00d6P<\/strong>:<\/span><span style=\"font-weight: 400;\"> Vid best\u00e4llning av vara hos AnnaPS sluts avtal om k\u00f6p f\u00f6rst n\u00e4r AnnaPS till av kunden uppgiven e-postadress bekr\u00e4ftat best\u00e4llningen (orderbekr\u00e4ftelse). Bekr\u00e4ftelse sker senast 24 timmar efter att best\u00e4llningen mottagits av AnnaPS. Efter fredag, helgdagsafton och helgdag sker bekr\u00e4ftelse senast klockan 18.00 f\u00f6rsta f\u00f6ljande arbetsdag. Best\u00e4llningen bekr\u00e4ftas endast om AnnaPS kan fastst\u00e4lla kundens bostadsadress.<\/span><\/li>\n<\/ul>\n<p>&nbsp;<\/p>\n<ul>\n<li style=\"font-weight: 400;\"><span style=\"font-weight: 400;\"><strong>REA\/ERBJUDANDEN<\/strong>: <\/span><span style=\"font-weight: 400;\">REA g\u00e4ller s\u00e5 l\u00e5ngt lagret r\u00e4cker. Erbjudanden utan ett tydligt slutdatum g\u00e4ller s\u00e5 l\u00e5ngt lagret r\u00e4cker. Erbjudanden med slutdatum g\u00e4ller s\u00e5 l\u00e5ngt lagret r\u00e4cker.<\/span><\/li>\n<\/ul>\n<p>&nbsp;<\/p>\n<ul>\n<li><span style=\"font-weight: 400;\"><strong>ORDERBEKR\u00c4FTELSE<\/strong>: <\/span><span style=\"font-weight: 400;\">N\u00e4r vi mottagit din best\u00e4llning skickar vi dig snarast en bekr\u00e4ftelse via e-post med information om din best\u00e4llning. Ta f\u00f6r vana att alltid kontrollera din orderbekr\u00e4ftelse s\u00e5 att allt ser korrekt ut. Vid eventuella oklarheter, kontakta v\u00e5r kundtj\u00e4nst omedelbart. V\u00e4nligen spara orderbekr\u00e4ftelsen f\u00f6r att ha till hands vid eventuella kontakter med kundtj\u00e4nst, d\u00e4r du har kundnummerr\/ordernummer. Vill du annullera eller \u00e4ndra n\u00e5got i din order, ber vi dig att h\u00f6ra av dig till v\u00e5r kundtj\u00e4nst s\u00e5 snart som m\u00f6jligt.<\/span><\/li>\n<\/ul>\n<p>&nbsp;<\/p>\n<ul>\n<li><strong>RETURER:<\/strong> \u00a0Vi \u00e4r sj\u00e4lvklart inte n\u00f6jda f\u00f6rr\u00e4n du \u00e4r det! Om du inte k\u00e4nner dig helt n\u00f6jd med ditt k\u00f6p fr\u00e5n oss p\u00e5 www.annaps.com kan du alltid skicka tillbaka produkterna inom 30 dagar fr\u00e5n att du mottagit produkterna. Vi \u00e5terbetalar alla produkter som skickas tillbaka till oss i originalskick och i orginalf\u00f6rpackning. F\u00f6r snabbare hantering \u00e4r vi tacksamma f\u00f6r att du inkluderar en notering med ditt namn, ordernummer och orsak till retur i ditt returpaket. \u00a0<strong>OBS:<\/strong> Pga att underkl\u00e4der, s\u00e5som kalsonger och trosor samt bikini-underdelar anses som hygienprodukter, s\u00e5 accepterar vi inte returer d\u00e4r f\u00f6rpackningen \u00e4r bruten, oavsett om dom \u00e4r provade eller inte.<\/li>\n<\/ul>\n<ol>\n<li>L\u00e4gg de produkter som du vill skicka tillbaka i ett paket. (Alla underkl\u00e4der m\u00e5ste vara oanv\u00e4nda i originalskick.)<\/li>\n<li>Bifoga i paketet en lapp med notering om ditt ordernummer, vilka produkter du skickar tillbaka samt returorsaken f\u00f6r dessa.<\/li>\n<li>Du \u00e4r ansvarig f\u00f6r returkostnader samt paketet till dess det n\u00e5r oss p\u00e5 nedan angivna adress.<\/li>\n<\/ol>\n<p><strong>Retur address:<\/strong><\/p>\n<p>AnnaPS<\/p>\n<p>Eds\u00e5sdalen, Krokv\u00e4gen 3<\/p>\n<p>837 96 Unders\u00e5ker<\/p>\n","protected":false},"excerpt":{"rendered":"<p>Facilitate Partner AB (556788-7384) bedriver verksamheten med varum\u00e4rket Anna PS. F\u00f6retaget \u00e4r registrerat i \u00d6sthammar, Sverige. K\u00f6pvillkor f\u00f6r v\u00e5r webshop \u00e4r som f\u00f6ljer, listade nedan. Av juridiska sk\u00e4l m\u00e5ste kunden vara \u00f6ver 18 \u00e5r gammal f\u00f6r att genomf\u00f6ra k\u00f6p i AnnaPS webshop. Om personen \u00e4r under 18 \u00e5r, kr\u00e4vs att en f\u00f6rmyndare godk\u00e4nner k\u00f6pet. Vid [&hellip;]<\/p>\n","protected":false},"author":1,"featured_media":0,"parent":0,"menu_order":80,"comment_status":"closed","ping_status":"closed","template":"","meta":{"_acf_changed":false,"footnotes":""},"class_list":["post-4307","page","type-page","status-publish","hentry"],"acf":[],"yoast_head":"<!-- This site is optimized with the Yoast SEO plugin v27.1.1 - https:\/\/yoast.com\/product\/yoast-seo-wordpress\/ -->\n<title>K\u00f6pvillkor - AnnaPS<\/title>\n<meta name=\"description\" content=\"AnnaPS makes clothes with integrated pockets to carry your diabetes devices such as insulin pump, pen and glucose meter. Stylish, high quality, functional and environmental focus.\" \/>\n<meta name=\"robots\" content=\"index, follow, max-snippet:-1, max-image-preview:large, max-video-preview:-1\" \/>\n<link rel=\"canonical\" href=\"https:\/\/annaps.com\/sv\/koepvillkor\/\" \/>\n<meta property=\"og:locale\" content=\"sv_SE\" \/>\n<meta property=\"og:type\" content=\"article\" \/>\n<meta property=\"og:title\" content=\"K\u00f6pvillkor - AnnaPS\" \/>\n<meta property=\"og:description\" content=\"AnnaPS makes clothes with integrated pockets to carry your diabetes devices such as insulin pump, pen and glucose meter. Stylish, high quality, functional and environmental focus.\" \/>\n<meta property=\"og:url\" content=\"https:\/\/annaps.com\/sv\/koepvillkor\/\" \/>\n<meta property=\"og:site_name\" content=\"AnnaPS\" \/>\n<meta property=\"article:publisher\" content=\"https:\/\/www.facebook.com\/annaps.scandinavia\/\" \/>\n<meta property=\"article:modified_time\" content=\"2020-11-18T15:38:48+00:00\" \/>\n<meta name=\"twitter:card\" content=\"summary_large_image\" \/>\n<meta name=\"twitter:label1\" content=\"Ber\u00e4knad l\u00e4stid\" \/>\n\t<meta name=\"twitter:data1\" content=\"3 minuter\" \/>\n<script type=\"application\/ld+json\" class=\"yoast-schema-graph\">{\"@context\":\"https:\/\/schema.org\",\"@graph\":[{\"@type\":\"WebPage\",\"@id\":\"https:\/\/annaps.com\/sv\/koepvillkor\/\",\"url\":\"https:\/\/annaps.com\/sv\/koepvillkor\/\",\"name\":\"K\u00f6pvillkor - AnnaPS\",\"isPartOf\":{\"@id\":\"https:\/\/annaps.com\/de\/#website\"},\"datePublished\":\"2016-01-22T07:42:07+00:00\",\"dateModified\":\"2020-11-18T15:38:48+00:00\",\"description\":\"AnnaPS makes clothes with integrated pockets to carry your diabetes devices such as insulin pump, pen and glucose meter. Stylish, high quality, functional and environmental focus.\",\"breadcrumb\":{\"@id\":\"https:\/\/annaps.com\/sv\/koepvillkor\/#breadcrumb\"},\"inLanguage\":\"sv-SE\",\"potentialAction\":[{\"@type\":\"ReadAction\",\"target\":[\"https:\/\/annaps.com\/sv\/koepvillkor\/\"]}]},{\"@type\":\"BreadcrumbList\",\"@id\":\"https:\/\/annaps.com\/sv\/koepvillkor\/#breadcrumb\",\"itemListElement\":[{\"@type\":\"ListItem\",\"position\":1,\"name\":\"Hem\",\"item\":\"https:\/\/annaps.com\/sv\/\"},{\"@type\":\"ListItem\",\"position\":2,\"name\":\"K\u00f6pvillkor\"}]},{\"@type\":\"WebSite\",\"@id\":\"https:\/\/annaps.com\/de\/#website\",\"url\":\"https:\/\/annaps.com\/de\/\",\"name\":\"AnnaPS\",\"description\":\"Det skall vara enkelt att b\u00e4ra!\",\"potentialAction\":[{\"@type\":\"SearchAction\",\"target\":{\"@type\":\"EntryPoint\",\"urlTemplate\":\"https:\/\/annaps.com\/de\/?s={search_term_string}\"},\"query-input\":{\"@type\":\"PropertyValueSpecification\",\"valueRequired\":true,\"valueName\":\"search_term_string\"}}],\"inLanguage\":\"sv-SE\"}]}<\/script>\n<!-- \/ Yoast SEO plugin. -->","yoast_head_json":{"title":"K\u00f6pvillkor - AnnaPS","description":"AnnaPS makes clothes with integrated pockets to carry your diabetes devices such as insulin pump, pen and glucose meter. Stylish, high quality, functional and environmental focus.","robots":{"index":"index","follow":"follow","max-snippet":"max-snippet:-1","max-image-preview":"max-image-preview:large","max-video-preview":"max-video-preview:-1"},"canonical":"https:\/\/annaps.com\/sv\/koepvillkor\/","og_locale":"sv_SE","og_type":"article","og_title":"K\u00f6pvillkor - AnnaPS","og_description":"AnnaPS makes clothes with integrated pockets to carry your diabetes devices such as insulin pump, pen and glucose meter. Stylish, high quality, functional and environmental focus.","og_url":"https:\/\/annaps.com\/sv\/koepvillkor\/","og_site_name":"AnnaPS","article_publisher":"https:\/\/www.facebook.com\/annaps.scandinavia\/","article_modified_time":"2020-11-18T15:38:48+00:00","twitter_card":"summary_large_image","twitter_misc":{"Ber\u00e4knad l\u00e4stid":"3 minuter"},"schema":{"@context":"https:\/\/schema.org","@graph":[{"@type":"WebPage","@id":"https:\/\/annaps.com\/sv\/koepvillkor\/","url":"https:\/\/annaps.com\/sv\/koepvillkor\/","name":"K\u00f6pvillkor - AnnaPS","isPartOf":{"@id":"https:\/\/annaps.com\/de\/#website"},"datePublished":"2016-01-22T07:42:07+00:00","dateModified":"2020-11-18T15:38:48+00:00","description":"AnnaPS makes clothes with integrated pockets to carry your diabetes devices such as insulin pump, pen and glucose meter. Stylish, high quality, functional and environmental focus.","breadcrumb":{"@id":"https:\/\/annaps.com\/sv\/koepvillkor\/#breadcrumb"},"inLanguage":"sv-SE","potentialAction":[{"@type":"ReadAction","target":["https:\/\/annaps.com\/sv\/koepvillkor\/"]}]},{"@type":"BreadcrumbList","@id":"https:\/\/annaps.com\/sv\/koepvillkor\/#breadcrumb","itemListElement":[{"@type":"ListItem","position":1,"name":"Hem","item":"https:\/\/annaps.com\/sv\/"},{"@type":"ListItem","position":2,"name":"K\u00f6pvillkor"}]},{"@type":"WebSite","@id":"https:\/\/annaps.com\/de\/#website","url":"https:\/\/annaps.com\/de\/","name":"AnnaPS","description":"Det skall vara enkelt att b\u00e4ra!","potentialAction":[{"@type":"SearchAction","target":{"@type":"EntryPoint","urlTemplate":"https:\/\/annaps.com\/de\/?s={search_term_string}"},"query-input":{"@type":"PropertyValueSpecification","valueRequired":true,"valueName":"search_term_string"}}],"inLanguage":"sv-SE"}]}},"_links":{"self":[{"href":"https:\/\/annaps.com\/sv\/wp-json\/wp\/v2\/pages\/4307","targetHints":{"allow":["GET"]}}],"collection":[{"href":"https:\/\/annaps.com\/sv\/wp-json\/wp\/v2\/pages"}],"about":[{"href":"https:\/\/annaps.com\/sv\/wp-json\/wp\/v2\/types\/page"}],"author":[{"embeddable":true,"href":"https:\/\/annaps.com\/sv\/wp-json\/wp\/v2\/users\/1"}],"replies":[{"embeddable":true,"href":"https:\/\/annaps.com\/sv\/wp-json\/wp\/v2\/comments?post=4307"}],"version-history":[{"count":3,"href":"https:\/\/annaps.com\/sv\/wp-json\/wp\/v2\/pages\/4307\/revisions"}],"predecessor-version":[{"id":39975,"href":"https:\/\/annaps.com\/sv\/wp-json\/wp\/v2\/pages\/4307\/revisions\/39975"}],"wp:attachment":[{"href":"https:\/\/annaps.com\/sv\/wp-json\/wp\/v2\/media?parent=4307"}],"curies":[{"name":"wp","href":"https:\/\/api.w.org\/{rel}","templated":true}]}}