{"id":4,"date":"2015-12-15T16:34:07","date_gmt":"2015-12-15T16:34:07","guid":{"rendered":"https:\/\/www.annaps.com\/?page_id=4"},"modified":"2026-02-24T06:05:26","modified_gmt":"2026-02-24T05:05:26","slug":"start","status":"publish","type":"page","link":"https:\/\/annaps.com\/sv\/","title":{"rendered":"Startsida"},"content":{"rendered":"<p>Diabetesv\u00e4rlden \u00e4r st\u00e4ndigt f\u00f6r\u00e4nderlig. P\u00e5 AnnaPS f\u00f6rs\u00f6ker vi alltid h\u00e5lla oss uppdaterade med ny fakta, nya h\u00e4ndelser och ny teknologi. Vi intervjuar diabetiker fr\u00e5n hela v\u00e4rlden, delar med oss av v\u00e5ra diabetestips och avsl\u00f6jar v\u00e5ra b\u00e4sta sockerfria recept. H\u00e4ng med!<\/p>\n","protected":false},"excerpt":{"rendered":"<p>Diabetesv\u00e4rlden \u00e4r st\u00e4ndigt f\u00f6r\u00e4nderlig. P\u00e5 AnnaPS f\u00f6rs\u00f6ker vi alltid h\u00e5lla oss uppdaterade med ny fakta, nya h\u00e4ndelser och ny teknologi. Vi intervjuar diabetiker fr\u00e5n hela v\u00e4rlden, delar med oss av v\u00e5ra diabetestips och avsl\u00f6jar v\u00e5ra b\u00e4sta sockerfria recept. H\u00e4ng med!<\/p>\n","protected":false},"author":1,"featured_media":0,"parent":0,"menu_order":115,"comment_status":"closed","ping_status":"closed","template":"index.php","meta":{"_acf_changed":false,"footnotes":""},"class_list":["post-4","page","type-page","status-publish","hentry"],"acf":[],"yoast_head":"<!-- This site is optimized with the Yoast SEO plugin v27.1.1 - https:\/\/yoast.com\/product\/yoast-seo-wordpress\/ -->\n<title>Diabetshj\u00e4lpmedel fr\u00e5n AnnaPS<\/title>\n<meta name=\"description\" content=\"AnnaPS har tagit fram smarta diabeteshj\u00e4lpmedel f\u00f6r dig med diabetes. V\u00e5ra kl\u00e4der har smarta fickor d\u00e4r du kan f\u00f6rvara bland annat din insulinpump och blodsockerm\u00e4tare. Alla fickor kan ocks\u00e5 anv\u00e4ndas f\u00f6r att h\u00e5lla din mobiltelefon, nycklar kort och annat som kan vara bra att b\u00e4ra med sig. Det \u00e4r de perfekta plaggen n\u00e4r du inte vill vara beroende av en v\u00e4ska eller andra b\u00e4rsystem. Se alla produkter och l\u00e4r dig mer p\u00e5 v\u00e5r webbplats!\" \/>\n<meta name=\"robots\" content=\"index, follow, max-snippet:-1, max-image-preview:large, max-video-preview:-1\" \/>\n<link rel=\"canonical\" href=\"https:\/\/annaps.com\/sv\/\" \/>\n<meta property=\"og:locale\" content=\"sv_SE\" \/>\n<meta property=\"og:type\" content=\"article\" \/>\n<meta property=\"og:title\" content=\"AnnaPS\" \/>\n<meta property=\"og:description\" content=\"AnnaPS g\u00f6r kl\u00e4der med integrerade fickor f\u00f6r att b\u00e4ra diabeteshj\u00e4lpmedel som insulinpump.\" \/>\n<meta property=\"og:url\" content=\"https:\/\/annaps.com\/sv\/\" \/>\n<meta property=\"og:site_name\" content=\"AnnaPS\" \/>\n<meta property=\"article:publisher\" content=\"https:\/\/www.facebook.com\/annaps.scandinavia\/\" \/>\n<meta property=\"article:modified_time\" content=\"2026-02-24T05:05:26+00:00\" \/>\n<meta property=\"og:image\" content=\"https:\/\/annaps.com\/content\/uploads\/2017\/02\/MENVitT-shirtHope7.jpg\" \/>\n\t<meta property=\"og:image:width\" content=\"709\" \/>\n\t<meta property=\"og:image:height\" content=\"945\" \/>\n\t<meta property=\"og:image:type\" content=\"image\/jpeg\" \/>\n<meta name=\"twitter:card\" content=\"summary_large_image\" \/>\n<meta name=\"twitter:label1\" content=\"Ber\u00e4knad l\u00e4stid\" \/>\n\t<meta name=\"twitter:data1\" content=\"1 minut\" \/>\n<script type=\"application\/ld+json\" class=\"yoast-schema-graph\">{\"@context\":\"https:\/\/schema.org\",\"@graph\":[{\"@type\":\"WebPage\",\"@id\":\"https:\/\/annaps.com\/sv\/\",\"url\":\"https:\/\/annaps.com\/sv\/\",\"name\":\"Diabetshj\u00e4lpmedel fr\u00e5n AnnaPS\",\"isPartOf\":{\"@id\":\"https:\/\/annaps.com\/de\/#website\"},\"datePublished\":\"2015-12-15T16:34:07+00:00\",\"dateModified\":\"2026-02-24T05:05:26+00:00\",\"description\":\"AnnaPS har tagit fram smarta diabeteshj\u00e4lpmedel f\u00f6r dig med diabetes. V\u00e5ra kl\u00e4der har smarta fickor d\u00e4r du kan f\u00f6rvara bland annat din insulinpump och blodsockerm\u00e4tare. Alla fickor kan ocks\u00e5 anv\u00e4ndas f\u00f6r att h\u00e5lla din mobiltelefon, nycklar kort och annat som kan vara bra att b\u00e4ra med sig. Det \u00e4r de perfekta plaggen n\u00e4r du inte vill vara beroende av en v\u00e4ska eller andra b\u00e4rsystem. Se alla produkter och l\u00e4r dig mer p\u00e5 v\u00e5r webbplats!\",\"breadcrumb\":{\"@id\":\"https:\/\/annaps.com\/sv\/#breadcrumb\"},\"inLanguage\":\"sv-SE\",\"potentialAction\":[{\"@type\":\"ReadAction\",\"target\":[\"https:\/\/annaps.com\/sv\/\"]}]},{\"@type\":\"BreadcrumbList\",\"@id\":\"https:\/\/annaps.com\/sv\/#breadcrumb\",\"itemListElement\":[{\"@type\":\"ListItem\",\"position\":1,\"name\":\"Hem\",\"item\":\"https:\/\/annaps.com\/sv\/\"},{\"@type\":\"ListItem\",\"position\":2,\"name\":\"Startsida\"}]},{\"@type\":\"WebSite\",\"@id\":\"https:\/\/annaps.com\/de\/#website\",\"url\":\"https:\/\/annaps.com\/de\/\",\"name\":\"AnnaPS\",\"description\":\"Det skall vara enkelt att b\u00e4ra!\",\"potentialAction\":[{\"@type\":\"SearchAction\",\"target\":{\"@type\":\"EntryPoint\",\"urlTemplate\":\"https:\/\/annaps.com\/de\/?s={search_term_string}\"},\"query-input\":{\"@type\":\"PropertyValueSpecification\",\"valueRequired\":true,\"valueName\":\"search_term_string\"}}],\"inLanguage\":\"sv-SE\"}]}<\/script>\n<!-- \/ Yoast SEO plugin. -->","yoast_head_json":{"title":"Diabetshj\u00e4lpmedel fr\u00e5n AnnaPS","description":"AnnaPS har tagit fram smarta diabeteshj\u00e4lpmedel f\u00f6r dig med diabetes. V\u00e5ra kl\u00e4der har smarta fickor d\u00e4r du kan f\u00f6rvara bland annat din insulinpump och blodsockerm\u00e4tare. Alla fickor kan ocks\u00e5 anv\u00e4ndas f\u00f6r att h\u00e5lla din mobiltelefon, nycklar kort och annat som kan vara bra att b\u00e4ra med sig. Det \u00e4r de perfekta plaggen n\u00e4r du inte vill vara beroende av en v\u00e4ska eller andra b\u00e4rsystem. Se alla produkter och l\u00e4r dig mer p\u00e5 v\u00e5r webbplats!","robots":{"index":"index","follow":"follow","max-snippet":"max-snippet:-1","max-image-preview":"max-image-preview:large","max-video-preview":"max-video-preview:-1"},"canonical":"https:\/\/annaps.com\/sv\/","og_locale":"sv_SE","og_type":"article","og_title":"AnnaPS","og_description":"AnnaPS g\u00f6r kl\u00e4der med integrerade fickor f\u00f6r att b\u00e4ra diabeteshj\u00e4lpmedel som insulinpump.","og_url":"https:\/\/annaps.com\/sv\/","og_site_name":"AnnaPS","article_publisher":"https:\/\/www.facebook.com\/annaps.scandinavia\/","article_modified_time":"2026-02-24T05:05:26+00:00","og_image":[{"width":709,"height":945,"url":"https:\/\/annaps.com\/content\/uploads\/2017\/02\/MENVitT-shirtHope7.jpg","type":"image\/jpeg"}],"twitter_card":"summary_large_image","twitter_misc":{"Ber\u00e4knad l\u00e4stid":"1 minut"},"schema":{"@context":"https:\/\/schema.org","@graph":[{"@type":"WebPage","@id":"https:\/\/annaps.com\/sv\/","url":"https:\/\/annaps.com\/sv\/","name":"Diabetshj\u00e4lpmedel fr\u00e5n AnnaPS","isPartOf":{"@id":"https:\/\/annaps.com\/de\/#website"},"datePublished":"2015-12-15T16:34:07+00:00","dateModified":"2026-02-24T05:05:26+00:00","description":"AnnaPS har tagit fram smarta diabeteshj\u00e4lpmedel f\u00f6r dig med diabetes. V\u00e5ra kl\u00e4der har smarta fickor d\u00e4r du kan f\u00f6rvara bland annat din insulinpump och blodsockerm\u00e4tare. Alla fickor kan ocks\u00e5 anv\u00e4ndas f\u00f6r att h\u00e5lla din mobiltelefon, nycklar kort och annat som kan vara bra att b\u00e4ra med sig. Det \u00e4r de perfekta plaggen n\u00e4r du inte vill vara beroende av en v\u00e4ska eller andra b\u00e4rsystem. Se alla produkter och l\u00e4r dig mer p\u00e5 v\u00e5r webbplats!","breadcrumb":{"@id":"https:\/\/annaps.com\/sv\/#breadcrumb"},"inLanguage":"sv-SE","potentialAction":[{"@type":"ReadAction","target":["https:\/\/annaps.com\/sv\/"]}]},{"@type":"BreadcrumbList","@id":"https:\/\/annaps.com\/sv\/#breadcrumb","itemListElement":[{"@type":"ListItem","position":1,"name":"Hem","item":"https:\/\/annaps.com\/sv\/"},{"@type":"ListItem","position":2,"name":"Startsida"}]},{"@type":"WebSite","@id":"https:\/\/annaps.com\/de\/#website","url":"https:\/\/annaps.com\/de\/","name":"AnnaPS","description":"Det skall vara enkelt att b\u00e4ra!","potentialAction":[{"@type":"SearchAction","target":{"@type":"EntryPoint","urlTemplate":"https:\/\/annaps.com\/de\/?s={search_term_string}"},"query-input":{"@type":"PropertyValueSpecification","valueRequired":true,"valueName":"search_term_string"}}],"inLanguage":"sv-SE"}]}},"_links":{"self":[{"href":"https:\/\/annaps.com\/sv\/wp-json\/wp\/v2\/pages\/4","targetHints":{"allow":["GET"]}}],"collection":[{"href":"https:\/\/annaps.com\/sv\/wp-json\/wp\/v2\/pages"}],"about":[{"href":"https:\/\/annaps.com\/sv\/wp-json\/wp\/v2\/types\/page"}],"author":[{"embeddable":true,"href":"https:\/\/annaps.com\/sv\/wp-json\/wp\/v2\/users\/1"}],"replies":[{"embeddable":true,"href":"https:\/\/annaps.com\/sv\/wp-json\/wp\/v2\/comments?post=4"}],"version-history":[{"count":296,"href":"https:\/\/annaps.com\/sv\/wp-json\/wp\/v2\/pages\/4\/revisions"}],"predecessor-version":[{"id":48451,"href":"https:\/\/annaps.com\/sv\/wp-json\/wp\/v2\/pages\/4\/revisions\/48451"}],"wp:attachment":[{"href":"https:\/\/annaps.com\/sv\/wp-json\/wp\/v2\/media?parent=4"}],"curies":[{"name":"wp","href":"https:\/\/api.w.org\/{rel}","templated":true}]}}