{"id":386,"date":"2016-01-07T12:38:15","date_gmt":"2016-01-07T12:38:15","guid":{"rendered":"https:\/\/www.annaps.com\/?page_id=386"},"modified":"2018-05-28T09:41:46","modified_gmt":"2018-05-28T07:41:46","slug":"vad-saeger-vaar-testgrupp","status":"publish","type":"page","link":"https:\/\/annaps.com\/sv\/baera-insulinpump\/vad-saeger-vaar-testgrupp\/","title":{"rendered":"Vad s\u00e4ger v\u00e5r testgrupp?"},"content":{"rendered":"<p>F\u00f6r AnnaPS \u00e4r det viktigt att vi har produkter som passar dig. Vi vill alltid lyssna p\u00e5 dina viktiga synpunkter och vi har d\u00e4rf\u00f6r har vi ocks\u00e5 l\u00e5tit en testgrupp med diabetiker med insulinpump\u00a0(15 barn, 15 kvinnor och 15\u00a0m\u00e4n)\u00a0testat AnnaPS-\u00adprodukterna. H\u00e4r \u00e4r delar av det de hade att s\u00e4ga efter\u00e5t:<\/p>\n<p>\u201cJag sover mycket b\u00e4ttre nu, med pumpen i fickan. Fantastiskt att inte ens\u00a0m\u00e4rka av min pump, s\u00e5 mycket b\u00e4ttre s\u00f6mn!\u201d<\/p>\n<p>\u201c\u00c4ntligen kan jag tr\u00e4na l\u00e4ngre \u00e4n i en timme.\u201d<\/p>\n<p>\u201cJag \u00e4r positivt \u00f6verraskad av dessa genomt\u00e4nkta, bekv\u00e4ma, stadiga och\u00a0snygga, men samtidigt s\u00e5 tunna trosorna!\u201d<\/p>\n<p>\u201cN\u00e4r jag b\u00e4r leggings och en tunika, kan jag l\u00e4tt och diskret n\u00e5 min\u00a0bolusdosering vid middagen.\u201d<\/p>\n<p>\u201cJag kan inte l\u00e4ngre f\u00f6rest\u00e4lla mig att sova utan mina AnnaPS-\u00adtrosor!\u201d<\/p>\n<p>\u201cJag har f\u00e5tt ett helt nytt liv; att b\u00e4ra pump \u00e4r inget problem l\u00e4ngre n\u00e4r jag har\u00a0den i fickan.\u201d<\/p>\n<p>\u201cPerfekt vid tr\u00e4ning.\u201d<\/p>\n<p>\u201cFrihet\u00ad-jag har f\u00e5tt ett nytt liv och m\u00e4rker inte min insulinpump\u201d<\/p>\n<p>\u201cFantastisk kvalitet\u201d<\/p>\n<p>\u201cS\u00e5 mjukt och sk\u00f6nt material\u201d<\/p>\n<p>\u201cSnygga och sitter bra p\u00e5 kroppen med genomt\u00e4nkta placeringar av fickorna\u201d<\/p>\n","protected":false},"excerpt":{"rendered":"<p>F\u00f6r AnnaPS \u00e4r det viktigt att vi har produkter som passar dig. Vi vill alltid lyssna p\u00e5 dina viktiga synpunkter och vi har d\u00e4rf\u00f6r har vi ocks\u00e5 l\u00e5tit en testgrupp med diabetiker med insulinpump\u00a0(15 barn, 15 kvinnor och 15\u00a0m\u00e4n)\u00a0testat AnnaPS-\u00adprodukterna. H\u00e4r \u00e4r delar av det de hade att s\u00e4ga efter\u00e5t: \u201cJag sover mycket b\u00e4ttre nu, [&hellip;]<\/p>\n","protected":false},"author":1,"featured_media":0,"parent":376,"menu_order":5,"comment_status":"closed","ping_status":"closed","template":"","meta":{"_acf_changed":false,"footnotes":""},"class_list":["post-386","page","type-page","status-publish","hentry"],"acf":[],"yoast_head":"<!-- This site is optimized with the Yoast SEO plugin v27.1.1 - https:\/\/yoast.com\/product\/yoast-seo-wordpress\/ -->\n<title>Vad tycker anv\u00e4ndarna om v\u00e5ra kl\u00e4der? | AnnaPS<\/title>\n<meta name=\"description\" content=\"Vi har m\u00e5nga n\u00f6jda anv\u00e4ndare. Alla vi som anv\u00e4nder diabeteskl\u00e4derna kan varmt rekommendera dem. Kolla in v\u00e5r webbplats f\u00f6r att se vad som passar just dig!\" \/>\n<meta name=\"robots\" content=\"index, follow, max-snippet:-1, max-image-preview:large, max-video-preview:-1\" \/>\n<link rel=\"canonical\" href=\"https:\/\/annaps.com\/sv\/baera-insulinpump\/vad-saeger-vaar-testgrupp\/\" \/>\n<meta property=\"og:locale\" content=\"sv_SE\" \/>\n<meta property=\"og:type\" content=\"article\" \/>\n<meta property=\"og:title\" content=\"Vad tycker anv\u00e4ndarna om v\u00e5ra kl\u00e4der? | AnnaPS\" \/>\n<meta property=\"og:description\" content=\"Vi har m\u00e5nga n\u00f6jda anv\u00e4ndare. Alla vi som anv\u00e4nder diabeteskl\u00e4derna kan varmt rekommendera dem. Kolla in v\u00e5r webbplats f\u00f6r att se vad som passar just dig!\" \/>\n<meta property=\"og:url\" content=\"https:\/\/annaps.com\/sv\/baera-insulinpump\/vad-saeger-vaar-testgrupp\/\" \/>\n<meta property=\"og:site_name\" content=\"AnnaPS\" \/>\n<meta property=\"article:publisher\" content=\"https:\/\/www.facebook.com\/annaps.scandinavia\/\" \/>\n<meta property=\"article:modified_time\" content=\"2018-05-28T07:41:46+00:00\" \/>\n<meta name=\"twitter:card\" content=\"summary_large_image\" \/>\n<meta name=\"twitter:label1\" content=\"Ber\u00e4knad l\u00e4stid\" \/>\n\t<meta name=\"twitter:data1\" content=\"1 minut\" \/>\n<script type=\"application\/ld+json\" class=\"yoast-schema-graph\">{\"@context\":\"https:\/\/schema.org\",\"@graph\":[{\"@type\":\"WebPage\",\"@id\":\"https:\/\/annaps.com\/sv\/baera-insulinpump\/vad-saeger-vaar-testgrupp\/\",\"url\":\"https:\/\/annaps.com\/sv\/baera-insulinpump\/vad-saeger-vaar-testgrupp\/\",\"name\":\"Vad tycker anv\u00e4ndarna om v\u00e5ra kl\u00e4der? | AnnaPS\",\"isPartOf\":{\"@id\":\"https:\/\/annaps.com\/de\/#website\"},\"datePublished\":\"2016-01-07T12:38:15+00:00\",\"dateModified\":\"2018-05-28T07:41:46+00:00\",\"description\":\"Vi har m\u00e5nga n\u00f6jda anv\u00e4ndare. Alla vi som anv\u00e4nder diabeteskl\u00e4derna kan varmt rekommendera dem. Kolla in v\u00e5r webbplats f\u00f6r att se vad som passar just dig!\",\"breadcrumb\":{\"@id\":\"https:\/\/annaps.com\/sv\/baera-insulinpump\/vad-saeger-vaar-testgrupp\/#breadcrumb\"},\"inLanguage\":\"sv-SE\",\"potentialAction\":[{\"@type\":\"ReadAction\",\"target\":[\"https:\/\/annaps.com\/sv\/baera-insulinpump\/vad-saeger-vaar-testgrupp\/\"]}]},{\"@type\":\"BreadcrumbList\",\"@id\":\"https:\/\/annaps.com\/sv\/baera-insulinpump\/vad-saeger-vaar-testgrupp\/#breadcrumb\",\"itemListElement\":[{\"@type\":\"ListItem\",\"position\":1,\"name\":\"Hem\",\"item\":\"https:\/\/annaps.com\/sv\/\"},{\"@type\":\"ListItem\",\"position\":2,\"name\":\"B\u00e4ra pump\",\"item\":\"https:\/\/annaps.com\/sv\/baera-insulinpump\/\"},{\"@type\":\"ListItem\",\"position\":3,\"name\":\"Vad s\u00e4ger v\u00e5r testgrupp?\"}]},{\"@type\":\"WebSite\",\"@id\":\"https:\/\/annaps.com\/de\/#website\",\"url\":\"https:\/\/annaps.com\/de\/\",\"name\":\"AnnaPS\",\"description\":\"Det skall vara enkelt att b\u00e4ra!\",\"potentialAction\":[{\"@type\":\"SearchAction\",\"target\":{\"@type\":\"EntryPoint\",\"urlTemplate\":\"https:\/\/annaps.com\/de\/?s={search_term_string}\"},\"query-input\":{\"@type\":\"PropertyValueSpecification\",\"valueRequired\":true,\"valueName\":\"search_term_string\"}}],\"inLanguage\":\"sv-SE\"}]}<\/script>\n<!-- \/ Yoast SEO plugin. -->","yoast_head_json":{"title":"Vad tycker anv\u00e4ndarna om v\u00e5ra kl\u00e4der? | AnnaPS","description":"Vi har m\u00e5nga n\u00f6jda anv\u00e4ndare. Alla vi som anv\u00e4nder diabeteskl\u00e4derna kan varmt rekommendera dem. Kolla in v\u00e5r webbplats f\u00f6r att se vad som passar just dig!","robots":{"index":"index","follow":"follow","max-snippet":"max-snippet:-1","max-image-preview":"max-image-preview:large","max-video-preview":"max-video-preview:-1"},"canonical":"https:\/\/annaps.com\/sv\/baera-insulinpump\/vad-saeger-vaar-testgrupp\/","og_locale":"sv_SE","og_type":"article","og_title":"Vad tycker anv\u00e4ndarna om v\u00e5ra kl\u00e4der? | AnnaPS","og_description":"Vi har m\u00e5nga n\u00f6jda anv\u00e4ndare. Alla vi som anv\u00e4nder diabeteskl\u00e4derna kan varmt rekommendera dem. Kolla in v\u00e5r webbplats f\u00f6r att se vad som passar just dig!","og_url":"https:\/\/annaps.com\/sv\/baera-insulinpump\/vad-saeger-vaar-testgrupp\/","og_site_name":"AnnaPS","article_publisher":"https:\/\/www.facebook.com\/annaps.scandinavia\/","article_modified_time":"2018-05-28T07:41:46+00:00","twitter_card":"summary_large_image","twitter_misc":{"Ber\u00e4knad l\u00e4stid":"1 minut"},"schema":{"@context":"https:\/\/schema.org","@graph":[{"@type":"WebPage","@id":"https:\/\/annaps.com\/sv\/baera-insulinpump\/vad-saeger-vaar-testgrupp\/","url":"https:\/\/annaps.com\/sv\/baera-insulinpump\/vad-saeger-vaar-testgrupp\/","name":"Vad tycker anv\u00e4ndarna om v\u00e5ra kl\u00e4der? | AnnaPS","isPartOf":{"@id":"https:\/\/annaps.com\/de\/#website"},"datePublished":"2016-01-07T12:38:15+00:00","dateModified":"2018-05-28T07:41:46+00:00","description":"Vi har m\u00e5nga n\u00f6jda anv\u00e4ndare. Alla vi som anv\u00e4nder diabeteskl\u00e4derna kan varmt rekommendera dem. Kolla in v\u00e5r webbplats f\u00f6r att se vad som passar just dig!","breadcrumb":{"@id":"https:\/\/annaps.com\/sv\/baera-insulinpump\/vad-saeger-vaar-testgrupp\/#breadcrumb"},"inLanguage":"sv-SE","potentialAction":[{"@type":"ReadAction","target":["https:\/\/annaps.com\/sv\/baera-insulinpump\/vad-saeger-vaar-testgrupp\/"]}]},{"@type":"BreadcrumbList","@id":"https:\/\/annaps.com\/sv\/baera-insulinpump\/vad-saeger-vaar-testgrupp\/#breadcrumb","itemListElement":[{"@type":"ListItem","position":1,"name":"Hem","item":"https:\/\/annaps.com\/sv\/"},{"@type":"ListItem","position":2,"name":"B\u00e4ra pump","item":"https:\/\/annaps.com\/sv\/baera-insulinpump\/"},{"@type":"ListItem","position":3,"name":"Vad s\u00e4ger v\u00e5r testgrupp?"}]},{"@type":"WebSite","@id":"https:\/\/annaps.com\/de\/#website","url":"https:\/\/annaps.com\/de\/","name":"AnnaPS","description":"Det skall vara enkelt att b\u00e4ra!","potentialAction":[{"@type":"SearchAction","target":{"@type":"EntryPoint","urlTemplate":"https:\/\/annaps.com\/de\/?s={search_term_string}"},"query-input":{"@type":"PropertyValueSpecification","valueRequired":true,"valueName":"search_term_string"}}],"inLanguage":"sv-SE"}]}},"_links":{"self":[{"href":"https:\/\/annaps.com\/sv\/wp-json\/wp\/v2\/pages\/386","targetHints":{"allow":["GET"]}}],"collection":[{"href":"https:\/\/annaps.com\/sv\/wp-json\/wp\/v2\/pages"}],"about":[{"href":"https:\/\/annaps.com\/sv\/wp-json\/wp\/v2\/types\/page"}],"author":[{"embeddable":true,"href":"https:\/\/annaps.com\/sv\/wp-json\/wp\/v2\/users\/1"}],"replies":[{"embeddable":true,"href":"https:\/\/annaps.com\/sv\/wp-json\/wp\/v2\/comments?post=386"}],"version-history":[{"count":1,"href":"https:\/\/annaps.com\/sv\/wp-json\/wp\/v2\/pages\/386\/revisions"}],"predecessor-version":[{"id":29194,"href":"https:\/\/annaps.com\/sv\/wp-json\/wp\/v2\/pages\/386\/revisions\/29194"}],"up":[{"embeddable":true,"href":"https:\/\/annaps.com\/sv\/wp-json\/wp\/v2\/pages\/376"}],"wp:attachment":[{"href":"https:\/\/annaps.com\/sv\/wp-json\/wp\/v2\/media?parent=386"}],"curies":[{"name":"wp","href":"https:\/\/api.w.org\/{rel}","templated":true}]}}