{"id":384,"date":"2016-01-07T12:36:23","date_gmt":"2016-01-07T12:36:23","guid":{"rendered":"https:\/\/www.annaps.com\/?page_id=384"},"modified":"2018-05-28T09:41:03","modified_gmt":"2018-05-28T07:41:03","slug":"blodsockermaetarehandenhet","status":"publish","type":"page","link":"https:\/\/annaps.com\/sv\/baera-insulinpump\/blodsockermaetarehandenhet\/","title":{"rendered":"Blodsockerm\u00e4tare \/ handenhet"},"content":{"rendered":"<p><span style=\"font-weight: 400;\">Blodsockerm\u00e4tare eller handenheter f\u00f6r kontinuerlig blodsockerm\u00e4tning \u00e4r ofta i ungef\u00e4r samma storlek som insulinpumpar, och passar d\u00e4rmed i AnnaPS-fickorna. Oavsett om du \u00e4r insulinpenn- eller insulinpumpanv\u00e4ndare s\u00e5 beh\u00f6ver du som diabetiker testa ditt blodsocker. Ofta beh\u00f6ver du \u00e4ven b\u00e4ra med dig din mobiltelefon, utifall n\u00e5got ov\u00e4ntat skulle h\u00e4nda med dina v\u00e4rden. Allt detta kan du f\u00e5 plats med i AnnaPS-produkterna. Till exempel &#8211; du kan utan problem b\u00e4ra din mobiltelefon och FreeStyle Libre-handenhet i en ficka, och din insulinpump i den andra. Perfekt under en dag p\u00e5 skolan eller jobbet, men \u00e4ven under l\u00f6prundan. Slipp diabetesv\u00e4skan och b\u00e4r allt du beh\u00f6ver i AnnaPS-kl\u00e4der med integrerade fickor ist\u00e4llet!<\/span><\/p>\n","protected":false},"excerpt":{"rendered":"<p>Blodsockerm\u00e4tare eller handenheter f\u00f6r kontinuerlig blodsockerm\u00e4tning \u00e4r ofta i ungef\u00e4r samma storlek som insulinpumpar, och passar d\u00e4rmed i AnnaPS-fickorna. Oavsett om du \u00e4r insulinpenn- eller insulinpumpanv\u00e4ndare s\u00e5 beh\u00f6ver du som diabetiker testa ditt blodsocker. Ofta beh\u00f6ver du \u00e4ven b\u00e4ra med dig din mobiltelefon, utifall n\u00e5got ov\u00e4ntat skulle h\u00e4nda med dina v\u00e4rden. Allt detta kan du [&hellip;]<\/p>\n","protected":false},"author":1,"featured_media":0,"parent":376,"menu_order":4,"comment_status":"closed","ping_status":"closed","template":"","meta":{"_acf_changed":false,"footnotes":""},"class_list":["post-384","page","type-page","status-publish","hentry"],"acf":[],"yoast_head":"<!-- This site is optimized with the Yoast SEO plugin v27.1.1 - https:\/\/yoast.com\/product\/yoast-seo-wordpress\/ -->\n<title>Blodsockerm\u00e4tare f\u00e5r enkelt plats i v\u00e5ra kl\u00e4der | AnnaPS<\/title>\n<meta name=\"description\" content=\"Blodsockerm\u00e4tare tar ofta lika mycket plats som en insulinpump. Med AnnaPS kl\u00e4der f\u00f6r diabetiker f\u00e5r du plats med b\u00e5da - dessutom snyggt och praktiskt.\" \/>\n<meta name=\"robots\" content=\"index, follow, max-snippet:-1, max-image-preview:large, max-video-preview:-1\" \/>\n<link rel=\"canonical\" href=\"https:\/\/annaps.com\/sv\/baera-insulinpump\/blodsockermaetarehandenhet\/\" \/>\n<meta property=\"og:locale\" content=\"sv_SE\" \/>\n<meta property=\"og:type\" content=\"article\" \/>\n<meta property=\"og:title\" content=\"Blodsockerm\u00e4tare f\u00e5r enkelt plats i v\u00e5ra kl\u00e4der | AnnaPS\" \/>\n<meta property=\"og:description\" content=\"Blodsockerm\u00e4tare tar ofta lika mycket plats som en insulinpump. Med AnnaPS kl\u00e4der f\u00f6r diabetiker f\u00e5r du plats med b\u00e5da - dessutom snyggt och praktiskt.\" \/>\n<meta property=\"og:url\" content=\"https:\/\/annaps.com\/sv\/baera-insulinpump\/blodsockermaetarehandenhet\/\" \/>\n<meta property=\"og:site_name\" content=\"AnnaPS\" \/>\n<meta property=\"article:publisher\" content=\"https:\/\/www.facebook.com\/annaps.scandinavia\/\" \/>\n<meta property=\"article:modified_time\" content=\"2018-05-28T07:41:03+00:00\" \/>\n<meta name=\"twitter:card\" content=\"summary_large_image\" \/>\n<meta name=\"twitter:label1\" content=\"Ber\u00e4knad l\u00e4stid\" \/>\n\t<meta name=\"twitter:data1\" content=\"1 minut\" \/>\n<script type=\"application\/ld+json\" class=\"yoast-schema-graph\">{\"@context\":\"https:\/\/schema.org\",\"@graph\":[{\"@type\":\"WebPage\",\"@id\":\"https:\/\/annaps.com\/sv\/baera-insulinpump\/blodsockermaetarehandenhet\/\",\"url\":\"https:\/\/annaps.com\/sv\/baera-insulinpump\/blodsockermaetarehandenhet\/\",\"name\":\"Blodsockerm\u00e4tare f\u00e5r enkelt plats i v\u00e5ra kl\u00e4der | AnnaPS\",\"isPartOf\":{\"@id\":\"https:\/\/annaps.com\/de\/#website\"},\"datePublished\":\"2016-01-07T12:36:23+00:00\",\"dateModified\":\"2018-05-28T07:41:03+00:00\",\"description\":\"Blodsockerm\u00e4tare tar ofta lika mycket plats som en insulinpump. Med AnnaPS kl\u00e4der f\u00f6r diabetiker f\u00e5r du plats med b\u00e5da - dessutom snyggt och praktiskt.\",\"breadcrumb\":{\"@id\":\"https:\/\/annaps.com\/sv\/baera-insulinpump\/blodsockermaetarehandenhet\/#breadcrumb\"},\"inLanguage\":\"sv-SE\",\"potentialAction\":[{\"@type\":\"ReadAction\",\"target\":[\"https:\/\/annaps.com\/sv\/baera-insulinpump\/blodsockermaetarehandenhet\/\"]}]},{\"@type\":\"BreadcrumbList\",\"@id\":\"https:\/\/annaps.com\/sv\/baera-insulinpump\/blodsockermaetarehandenhet\/#breadcrumb\",\"itemListElement\":[{\"@type\":\"ListItem\",\"position\":1,\"name\":\"Hem\",\"item\":\"https:\/\/annaps.com\/sv\/\"},{\"@type\":\"ListItem\",\"position\":2,\"name\":\"B\u00e4ra pump\",\"item\":\"https:\/\/annaps.com\/sv\/baera-insulinpump\/\"},{\"@type\":\"ListItem\",\"position\":3,\"name\":\"Blodsockerm\u00e4tare \/ handenhet\"}]},{\"@type\":\"WebSite\",\"@id\":\"https:\/\/annaps.com\/de\/#website\",\"url\":\"https:\/\/annaps.com\/de\/\",\"name\":\"AnnaPS\",\"description\":\"Det skall vara enkelt att b\u00e4ra!\",\"potentialAction\":[{\"@type\":\"SearchAction\",\"target\":{\"@type\":\"EntryPoint\",\"urlTemplate\":\"https:\/\/annaps.com\/de\/?s={search_term_string}\"},\"query-input\":{\"@type\":\"PropertyValueSpecification\",\"valueRequired\":true,\"valueName\":\"search_term_string\"}}],\"inLanguage\":\"sv-SE\"}]}<\/script>\n<!-- \/ Yoast SEO plugin. -->","yoast_head_json":{"title":"Blodsockerm\u00e4tare f\u00e5r enkelt plats i v\u00e5ra kl\u00e4der | AnnaPS","description":"Blodsockerm\u00e4tare tar ofta lika mycket plats som en insulinpump. Med AnnaPS kl\u00e4der f\u00f6r diabetiker f\u00e5r du plats med b\u00e5da - dessutom snyggt och praktiskt.","robots":{"index":"index","follow":"follow","max-snippet":"max-snippet:-1","max-image-preview":"max-image-preview:large","max-video-preview":"max-video-preview:-1"},"canonical":"https:\/\/annaps.com\/sv\/baera-insulinpump\/blodsockermaetarehandenhet\/","og_locale":"sv_SE","og_type":"article","og_title":"Blodsockerm\u00e4tare f\u00e5r enkelt plats i v\u00e5ra kl\u00e4der | AnnaPS","og_description":"Blodsockerm\u00e4tare tar ofta lika mycket plats som en insulinpump. Med AnnaPS kl\u00e4der f\u00f6r diabetiker f\u00e5r du plats med b\u00e5da - dessutom snyggt och praktiskt.","og_url":"https:\/\/annaps.com\/sv\/baera-insulinpump\/blodsockermaetarehandenhet\/","og_site_name":"AnnaPS","article_publisher":"https:\/\/www.facebook.com\/annaps.scandinavia\/","article_modified_time":"2018-05-28T07:41:03+00:00","twitter_card":"summary_large_image","twitter_misc":{"Ber\u00e4knad l\u00e4stid":"1 minut"},"schema":{"@context":"https:\/\/schema.org","@graph":[{"@type":"WebPage","@id":"https:\/\/annaps.com\/sv\/baera-insulinpump\/blodsockermaetarehandenhet\/","url":"https:\/\/annaps.com\/sv\/baera-insulinpump\/blodsockermaetarehandenhet\/","name":"Blodsockerm\u00e4tare f\u00e5r enkelt plats i v\u00e5ra kl\u00e4der | AnnaPS","isPartOf":{"@id":"https:\/\/annaps.com\/de\/#website"},"datePublished":"2016-01-07T12:36:23+00:00","dateModified":"2018-05-28T07:41:03+00:00","description":"Blodsockerm\u00e4tare tar ofta lika mycket plats som en insulinpump. Med AnnaPS kl\u00e4der f\u00f6r diabetiker f\u00e5r du plats med b\u00e5da - dessutom snyggt och praktiskt.","breadcrumb":{"@id":"https:\/\/annaps.com\/sv\/baera-insulinpump\/blodsockermaetarehandenhet\/#breadcrumb"},"inLanguage":"sv-SE","potentialAction":[{"@type":"ReadAction","target":["https:\/\/annaps.com\/sv\/baera-insulinpump\/blodsockermaetarehandenhet\/"]}]},{"@type":"BreadcrumbList","@id":"https:\/\/annaps.com\/sv\/baera-insulinpump\/blodsockermaetarehandenhet\/#breadcrumb","itemListElement":[{"@type":"ListItem","position":1,"name":"Hem","item":"https:\/\/annaps.com\/sv\/"},{"@type":"ListItem","position":2,"name":"B\u00e4ra pump","item":"https:\/\/annaps.com\/sv\/baera-insulinpump\/"},{"@type":"ListItem","position":3,"name":"Blodsockerm\u00e4tare \/ handenhet"}]},{"@type":"WebSite","@id":"https:\/\/annaps.com\/de\/#website","url":"https:\/\/annaps.com\/de\/","name":"AnnaPS","description":"Det skall vara enkelt att b\u00e4ra!","potentialAction":[{"@type":"SearchAction","target":{"@type":"EntryPoint","urlTemplate":"https:\/\/annaps.com\/de\/?s={search_term_string}"},"query-input":{"@type":"PropertyValueSpecification","valueRequired":true,"valueName":"search_term_string"}}],"inLanguage":"sv-SE"}]}},"_links":{"self":[{"href":"https:\/\/annaps.com\/sv\/wp-json\/wp\/v2\/pages\/384","targetHints":{"allow":["GET"]}}],"collection":[{"href":"https:\/\/annaps.com\/sv\/wp-json\/wp\/v2\/pages"}],"about":[{"href":"https:\/\/annaps.com\/sv\/wp-json\/wp\/v2\/types\/page"}],"author":[{"embeddable":true,"href":"https:\/\/annaps.com\/sv\/wp-json\/wp\/v2\/users\/1"}],"replies":[{"embeddable":true,"href":"https:\/\/annaps.com\/sv\/wp-json\/wp\/v2\/comments?post=384"}],"version-history":[{"count":1,"href":"https:\/\/annaps.com\/sv\/wp-json\/wp\/v2\/pages\/384\/revisions"}],"predecessor-version":[{"id":29193,"href":"https:\/\/annaps.com\/sv\/wp-json\/wp\/v2\/pages\/384\/revisions\/29193"}],"up":[{"embeddable":true,"href":"https:\/\/annaps.com\/sv\/wp-json\/wp\/v2\/pages\/376"}],"wp:attachment":[{"href":"https:\/\/annaps.com\/sv\/wp-json\/wp\/v2\/media?parent=384"}],"curies":[{"name":"wp","href":"https:\/\/api.w.org\/{rel}","templated":true}]}}