{"id":382,"date":"2016-01-07T12:35:49","date_gmt":"2016-01-07T12:35:49","guid":{"rendered":"https:\/\/www.annaps.com\/?page_id=382"},"modified":"2018-10-23T15:19:13","modified_gmt":"2018-10-23T13:19:13","slug":"penna","status":"publish","type":"page","link":"https:\/\/annaps.com\/sv\/baera-insulinpump\/penna\/","title":{"rendered":"Penna"},"content":{"rendered":"<p><span style=\"font-weight: 400;\">Om du \u00e4r pennanv\u00e4ndare, \u00e4r AnnaPS-kl\u00e4derna fortfarande bra f\u00f6r dig! Som pennanv\u00e4ndare m\u00e5ste du b\u00e4ra med dig en v\u00e4ska med alla saker du beh\u00f6ver &#8211; och att gl\u00f6mma \u00e4r l\u00e4tt gjort. I AnnaPS-fickorna med namn BOXI4, f\u00e5r en penna upp till 16,5 cm plats &#8211; och p\u00e5 det s\u00e4ttet kan du b\u00e4ra med dig den hela tiden utan diabetesv\u00e4ska.<\/span><\/p>\n","protected":false},"excerpt":{"rendered":"<p>Om du \u00e4r pennanv\u00e4ndare, \u00e4r AnnaPS-kl\u00e4derna fortfarande bra f\u00f6r dig! Som pennanv\u00e4ndare m\u00e5ste du b\u00e4ra med dig en v\u00e4ska med alla saker du beh\u00f6ver &#8211; och att gl\u00f6mma \u00e4r l\u00e4tt gjort. I AnnaPS-fickorna med namn BOXI4, f\u00e5r en penna upp till 16,5 cm plats &#8211; och p\u00e5 det s\u00e4ttet kan du b\u00e4ra med dig den [&hellip;]<\/p>\n","protected":false},"author":1,"featured_media":0,"parent":376,"menu_order":3,"comment_status":"closed","ping_status":"closed","template":"","meta":{"_acf_changed":false,"footnotes":""},"class_list":["post-382","page","type-page","status-publish","hentry"],"acf":[],"yoast_head":"<!-- This site is optimized with the Yoast SEO plugin v27.1.1 - https:\/\/yoast.com\/product\/yoast-seo-wordpress\/ -->\n<title>Penna ryms enkelt i v\u00e5ra diabeteskl\u00e4der | AnnaPS<\/title>\n<meta name=\"description\" content=\"Pennor och insulinpumpar f\u00e5r enkelt plats i v\u00e5ra anpassade kl\u00e4der f\u00f6r dig som har diabetes. Du ska kunna k\u00e4nna dig trygg och bekv\u00e4m i v\u00e5ra kl\u00e4der.\" \/>\n<meta name=\"robots\" content=\"index, follow, max-snippet:-1, max-image-preview:large, max-video-preview:-1\" \/>\n<link rel=\"canonical\" href=\"https:\/\/annaps.com\/sv\/baera-insulinpump\/penna\/\" \/>\n<meta property=\"og:locale\" content=\"sv_SE\" \/>\n<meta property=\"og:type\" content=\"article\" \/>\n<meta property=\"og:title\" content=\"Penna ryms enkelt i v\u00e5ra diabeteskl\u00e4der | AnnaPS\" \/>\n<meta property=\"og:description\" content=\"Pennor och insulinpumpar f\u00e5r enkelt plats i v\u00e5ra anpassade kl\u00e4der f\u00f6r dig som har diabetes. Du ska kunna k\u00e4nna dig trygg och bekv\u00e4m i v\u00e5ra kl\u00e4der.\" \/>\n<meta property=\"og:url\" content=\"https:\/\/annaps.com\/sv\/baera-insulinpump\/penna\/\" \/>\n<meta property=\"og:site_name\" content=\"AnnaPS\" \/>\n<meta property=\"article:publisher\" content=\"https:\/\/www.facebook.com\/annaps.scandinavia\/\" \/>\n<meta property=\"article:modified_time\" content=\"2018-10-23T13:19:13+00:00\" \/>\n<meta name=\"twitter:card\" content=\"summary_large_image\" \/>\n<script type=\"application\/ld+json\" class=\"yoast-schema-graph\">{\"@context\":\"https:\/\/schema.org\",\"@graph\":[{\"@type\":\"WebPage\",\"@id\":\"https:\/\/annaps.com\/sv\/baera-insulinpump\/penna\/\",\"url\":\"https:\/\/annaps.com\/sv\/baera-insulinpump\/penna\/\",\"name\":\"Penna ryms enkelt i v\u00e5ra diabeteskl\u00e4der | AnnaPS\",\"isPartOf\":{\"@id\":\"https:\/\/annaps.com\/de\/#website\"},\"datePublished\":\"2016-01-07T12:35:49+00:00\",\"dateModified\":\"2018-10-23T13:19:13+00:00\",\"description\":\"Pennor och insulinpumpar f\u00e5r enkelt plats i v\u00e5ra anpassade kl\u00e4der f\u00f6r dig som har diabetes. Du ska kunna k\u00e4nna dig trygg och bekv\u00e4m i v\u00e5ra kl\u00e4der.\",\"breadcrumb\":{\"@id\":\"https:\/\/annaps.com\/sv\/baera-insulinpump\/penna\/#breadcrumb\"},\"inLanguage\":\"sv-SE\",\"potentialAction\":[{\"@type\":\"ReadAction\",\"target\":[\"https:\/\/annaps.com\/sv\/baera-insulinpump\/penna\/\"]}]},{\"@type\":\"BreadcrumbList\",\"@id\":\"https:\/\/annaps.com\/sv\/baera-insulinpump\/penna\/#breadcrumb\",\"itemListElement\":[{\"@type\":\"ListItem\",\"position\":1,\"name\":\"Hem\",\"item\":\"https:\/\/annaps.com\/sv\/\"},{\"@type\":\"ListItem\",\"position\":2,\"name\":\"B\u00e4ra pump\",\"item\":\"https:\/\/annaps.com\/sv\/baera-insulinpump\/\"},{\"@type\":\"ListItem\",\"position\":3,\"name\":\"Penna\"}]},{\"@type\":\"WebSite\",\"@id\":\"https:\/\/annaps.com\/de\/#website\",\"url\":\"https:\/\/annaps.com\/de\/\",\"name\":\"AnnaPS\",\"description\":\"Det skall vara enkelt att b\u00e4ra!\",\"potentialAction\":[{\"@type\":\"SearchAction\",\"target\":{\"@type\":\"EntryPoint\",\"urlTemplate\":\"https:\/\/annaps.com\/de\/?s={search_term_string}\"},\"query-input\":{\"@type\":\"PropertyValueSpecification\",\"valueRequired\":true,\"valueName\":\"search_term_string\"}}],\"inLanguage\":\"sv-SE\"}]}<\/script>\n<!-- \/ Yoast SEO plugin. -->","yoast_head_json":{"title":"Penna ryms enkelt i v\u00e5ra diabeteskl\u00e4der | AnnaPS","description":"Pennor och insulinpumpar f\u00e5r enkelt plats i v\u00e5ra anpassade kl\u00e4der f\u00f6r dig som har diabetes. Du ska kunna k\u00e4nna dig trygg och bekv\u00e4m i v\u00e5ra kl\u00e4der.","robots":{"index":"index","follow":"follow","max-snippet":"max-snippet:-1","max-image-preview":"max-image-preview:large","max-video-preview":"max-video-preview:-1"},"canonical":"https:\/\/annaps.com\/sv\/baera-insulinpump\/penna\/","og_locale":"sv_SE","og_type":"article","og_title":"Penna ryms enkelt i v\u00e5ra diabeteskl\u00e4der | AnnaPS","og_description":"Pennor och insulinpumpar f\u00e5r enkelt plats i v\u00e5ra anpassade kl\u00e4der f\u00f6r dig som har diabetes. Du ska kunna k\u00e4nna dig trygg och bekv\u00e4m i v\u00e5ra kl\u00e4der.","og_url":"https:\/\/annaps.com\/sv\/baera-insulinpump\/penna\/","og_site_name":"AnnaPS","article_publisher":"https:\/\/www.facebook.com\/annaps.scandinavia\/","article_modified_time":"2018-10-23T13:19:13+00:00","twitter_card":"summary_large_image","schema":{"@context":"https:\/\/schema.org","@graph":[{"@type":"WebPage","@id":"https:\/\/annaps.com\/sv\/baera-insulinpump\/penna\/","url":"https:\/\/annaps.com\/sv\/baera-insulinpump\/penna\/","name":"Penna ryms enkelt i v\u00e5ra diabeteskl\u00e4der | AnnaPS","isPartOf":{"@id":"https:\/\/annaps.com\/de\/#website"},"datePublished":"2016-01-07T12:35:49+00:00","dateModified":"2018-10-23T13:19:13+00:00","description":"Pennor och insulinpumpar f\u00e5r enkelt plats i v\u00e5ra anpassade kl\u00e4der f\u00f6r dig som har diabetes. Du ska kunna k\u00e4nna dig trygg och bekv\u00e4m i v\u00e5ra kl\u00e4der.","breadcrumb":{"@id":"https:\/\/annaps.com\/sv\/baera-insulinpump\/penna\/#breadcrumb"},"inLanguage":"sv-SE","potentialAction":[{"@type":"ReadAction","target":["https:\/\/annaps.com\/sv\/baera-insulinpump\/penna\/"]}]},{"@type":"BreadcrumbList","@id":"https:\/\/annaps.com\/sv\/baera-insulinpump\/penna\/#breadcrumb","itemListElement":[{"@type":"ListItem","position":1,"name":"Hem","item":"https:\/\/annaps.com\/sv\/"},{"@type":"ListItem","position":2,"name":"B\u00e4ra pump","item":"https:\/\/annaps.com\/sv\/baera-insulinpump\/"},{"@type":"ListItem","position":3,"name":"Penna"}]},{"@type":"WebSite","@id":"https:\/\/annaps.com\/de\/#website","url":"https:\/\/annaps.com\/de\/","name":"AnnaPS","description":"Det skall vara enkelt att b\u00e4ra!","potentialAction":[{"@type":"SearchAction","target":{"@type":"EntryPoint","urlTemplate":"https:\/\/annaps.com\/de\/?s={search_term_string}"},"query-input":{"@type":"PropertyValueSpecification","valueRequired":true,"valueName":"search_term_string"}}],"inLanguage":"sv-SE"}]}},"_links":{"self":[{"href":"https:\/\/annaps.com\/sv\/wp-json\/wp\/v2\/pages\/382","targetHints":{"allow":["GET"]}}],"collection":[{"href":"https:\/\/annaps.com\/sv\/wp-json\/wp\/v2\/pages"}],"about":[{"href":"https:\/\/annaps.com\/sv\/wp-json\/wp\/v2\/types\/page"}],"author":[{"embeddable":true,"href":"https:\/\/annaps.com\/sv\/wp-json\/wp\/v2\/users\/1"}],"replies":[{"embeddable":true,"href":"https:\/\/annaps.com\/sv\/wp-json\/wp\/v2\/comments?post=382"}],"version-history":[{"count":3,"href":"https:\/\/annaps.com\/sv\/wp-json\/wp\/v2\/pages\/382\/revisions"}],"predecessor-version":[{"id":32002,"href":"https:\/\/annaps.com\/sv\/wp-json\/wp\/v2\/pages\/382\/revisions\/32002"}],"up":[{"embeddable":true,"href":"https:\/\/annaps.com\/sv\/wp-json\/wp\/v2\/pages\/376"}],"wp:attachment":[{"href":"https:\/\/annaps.com\/sv\/wp-json\/wp\/v2\/media?parent=382"}],"curies":[{"name":"wp","href":"https:\/\/api.w.org\/{rel}","templated":true}]}}