{"id":380,"date":"2016-01-07T12:35:13","date_gmt":"2016-01-07T12:35:13","guid":{"rendered":"https:\/\/www.annaps.com\/?page_id=380"},"modified":"2018-05-28T09:39:44","modified_gmt":"2018-05-28T07:39:44","slug":"vilka-insulinpumpar-ryms-i-annaps%c2%adfickorna","status":"publish","type":"page","link":"https:\/\/annaps.com\/sv\/baera-insulinpump\/vilka-insulinpumpar-ryms-i-annaps%c2%adfickorna\/","title":{"rendered":"Vilka insulinpumpar ryms i AnnaPS\u00ad fickor?"},"content":{"rendered":"<p><span style=\"font-weight: 400;\">Vi p\u00e5 AnnaPS str\u00e4var mot att v\u00e5ra fickor ska rymma alla insulinpumpar p\u00e5 marknaden, fr\u00e5n alla leverant\u00f6rer.<\/span><\/p>\n<p><span style=\"font-weight: 400;\">Vi har testat olika modeller av insulinpumpar fr\u00e5n Animas, Medtronic, Accu-Chek, Dana och Omnipodhandenheten.<br \/>\nVi har ocks\u00e5 burit handenheter f\u00f6r olika CGM-m\u00e4tare, Dexcom, FreeStyle Libre och \u00e4ven blodsockerm\u00e4tare ifr\u00e5n Abbott, Accu-Chek och Bayer.<br \/>\nDessa hj\u00e4lpmedel passar i AnnaPS-fickorna. Om du skulle vara os\u00e4ker p\u00e5 huruvida din insulinpump &#8211; eller vad \u00e4n du \u00f6nskar b\u00e4ra i AnnaPS-kl\u00e4derna &#8211; f\u00e5r plats i en AnnaPS-ficka, kan du m\u00e4ta den och j\u00e4mf\u00f6ra med fickornas m\u00e5tt (dessa finns med i produktmanualen f\u00f6r varje plagg). En sak att vara uppm\u00e4rksam p\u00e5, \u00e4r att vi har tv\u00e5 olika fickstorlekar, en mindre och en st\u00f6rre. Den st\u00f6rre \u00e4r designad att kunna b\u00e4ra st\u00f6rre saker som insulinpennor och mobiltelefoner, medan den mindre \u00e4r specialgjord f\u00f6r insulinpumpar &#8211; och handenheter i insulinpumpsstorlek.<\/span><\/p>\n","protected":false},"excerpt":{"rendered":"<p>Vi p\u00e5 AnnaPS str\u00e4var mot att v\u00e5ra fickor ska rymma alla insulinpumpar p\u00e5 marknaden, fr\u00e5n alla leverant\u00f6rer. Vi har testat olika modeller av insulinpumpar fr\u00e5n Animas, Medtronic, Accu-Chek, Dana och Omnipodhandenheten. Vi har ocks\u00e5 burit handenheter f\u00f6r olika CGM-m\u00e4tare, Dexcom, FreeStyle Libre och \u00e4ven blodsockerm\u00e4tare ifr\u00e5n Abbott, Accu-Chek och Bayer. Dessa hj\u00e4lpmedel passar i AnnaPS-fickorna. [&hellip;]<\/p>\n","protected":false},"author":1,"featured_media":0,"parent":376,"menu_order":2,"comment_status":"closed","ping_status":"closed","template":"","meta":{"_acf_changed":false,"footnotes":""},"class_list":["post-380","page","type-page","status-publish","hentry"],"acf":[],"yoast_head":"<!-- This site is optimized with the Yoast SEO plugin v27.1.1 - https:\/\/yoast.com\/product\/yoast-seo-wordpress\/ -->\n<title>Vilken diabetes-pump ryms i v\u00e5ra diabeteskl\u00e4der? | AnnaPS<\/title>\n<meta name=\"description\" content=\"V\u00e5ra kl\u00e4der f\u00f6r diabetiker \u00e4r framtagna f\u00f6r att passa alla. M\u00e5nga av de insulinpumpar som finns p\u00e5 marknaden ryms i fickorna p\u00e5 v\u00e5ra kl\u00e4der. Testa du med!\" \/>\n<meta name=\"robots\" content=\"index, follow, max-snippet:-1, max-image-preview:large, max-video-preview:-1\" \/>\n<link rel=\"canonical\" href=\"https:\/\/annaps.com\/sv\/baera-insulinpump\/vilka-insulinpumpar-ryms-i-annaps\u00adfickorna\/\" \/>\n<meta property=\"og:locale\" content=\"sv_SE\" \/>\n<meta property=\"og:type\" content=\"article\" \/>\n<meta property=\"og:title\" content=\"Vilken diabetes-pump ryms i v\u00e5ra diabeteskl\u00e4der? | AnnaPS\" \/>\n<meta property=\"og:description\" content=\"V\u00e5ra kl\u00e4der f\u00f6r diabetiker \u00e4r framtagna f\u00f6r att passa alla. M\u00e5nga av de insulinpumpar som finns p\u00e5 marknaden ryms i fickorna p\u00e5 v\u00e5ra kl\u00e4der. Testa du med!\" \/>\n<meta property=\"og:url\" content=\"https:\/\/annaps.com\/sv\/baera-insulinpump\/vilka-insulinpumpar-ryms-i-annaps\u00adfickorna\/\" \/>\n<meta property=\"og:site_name\" content=\"AnnaPS\" \/>\n<meta property=\"article:publisher\" content=\"https:\/\/www.facebook.com\/annaps.scandinavia\/\" \/>\n<meta property=\"article:modified_time\" content=\"2018-05-28T07:39:44+00:00\" \/>\n<meta name=\"twitter:card\" content=\"summary_large_image\" \/>\n<meta name=\"twitter:label1\" content=\"Ber\u00e4knad l\u00e4stid\" \/>\n\t<meta name=\"twitter:data1\" content=\"1 minut\" \/>\n<script type=\"application\/ld+json\" class=\"yoast-schema-graph\">{\"@context\":\"https:\/\/schema.org\",\"@graph\":[{\"@type\":\"WebPage\",\"@id\":\"https:\/\/annaps.com\/sv\/baera-insulinpump\/vilka-insulinpumpar-ryms-i-annaps%c2%adfickorna\/\",\"url\":\"https:\/\/annaps.com\/sv\/baera-insulinpump\/vilka-insulinpumpar-ryms-i-annaps%c2%adfickorna\/\",\"name\":\"Vilken diabetes-pump ryms i v\u00e5ra diabeteskl\u00e4der? | AnnaPS\",\"isPartOf\":{\"@id\":\"https:\/\/annaps.com\/de\/#website\"},\"datePublished\":\"2016-01-07T12:35:13+00:00\",\"dateModified\":\"2018-05-28T07:39:44+00:00\",\"description\":\"V\u00e5ra kl\u00e4der f\u00f6r diabetiker \u00e4r framtagna f\u00f6r att passa alla. M\u00e5nga av de insulinpumpar som finns p\u00e5 marknaden ryms i fickorna p\u00e5 v\u00e5ra kl\u00e4der. Testa du med!\",\"breadcrumb\":{\"@id\":\"https:\/\/annaps.com\/sv\/baera-insulinpump\/vilka-insulinpumpar-ryms-i-annaps%c2%adfickorna\/#breadcrumb\"},\"inLanguage\":\"sv-SE\",\"potentialAction\":[{\"@type\":\"ReadAction\",\"target\":[\"https:\/\/annaps.com\/sv\/baera-insulinpump\/vilka-insulinpumpar-ryms-i-annaps%c2%adfickorna\/\"]}]},{\"@type\":\"BreadcrumbList\",\"@id\":\"https:\/\/annaps.com\/sv\/baera-insulinpump\/vilka-insulinpumpar-ryms-i-annaps%c2%adfickorna\/#breadcrumb\",\"itemListElement\":[{\"@type\":\"ListItem\",\"position\":1,\"name\":\"Hem\",\"item\":\"https:\/\/annaps.com\/sv\/\"},{\"@type\":\"ListItem\",\"position\":2,\"name\":\"B\u00e4ra pump\",\"item\":\"https:\/\/annaps.com\/sv\/baera-insulinpump\/\"},{\"@type\":\"ListItem\",\"position\":3,\"name\":\"Vilka insulinpumpar ryms i AnnaPS\u00ad fickor?\"}]},{\"@type\":\"WebSite\",\"@id\":\"https:\/\/annaps.com\/de\/#website\",\"url\":\"https:\/\/annaps.com\/de\/\",\"name\":\"AnnaPS\",\"description\":\"Det skall vara enkelt att b\u00e4ra!\",\"potentialAction\":[{\"@type\":\"SearchAction\",\"target\":{\"@type\":\"EntryPoint\",\"urlTemplate\":\"https:\/\/annaps.com\/de\/?s={search_term_string}\"},\"query-input\":{\"@type\":\"PropertyValueSpecification\",\"valueRequired\":true,\"valueName\":\"search_term_string\"}}],\"inLanguage\":\"sv-SE\"}]}<\/script>\n<!-- \/ Yoast SEO plugin. -->","yoast_head_json":{"title":"Vilken diabetes-pump ryms i v\u00e5ra diabeteskl\u00e4der? | AnnaPS","description":"V\u00e5ra kl\u00e4der f\u00f6r diabetiker \u00e4r framtagna f\u00f6r att passa alla. M\u00e5nga av de insulinpumpar som finns p\u00e5 marknaden ryms i fickorna p\u00e5 v\u00e5ra kl\u00e4der. Testa du med!","robots":{"index":"index","follow":"follow","max-snippet":"max-snippet:-1","max-image-preview":"max-image-preview:large","max-video-preview":"max-video-preview:-1"},"canonical":"https:\/\/annaps.com\/sv\/baera-insulinpump\/vilka-insulinpumpar-ryms-i-annaps\u00adfickorna\/","og_locale":"sv_SE","og_type":"article","og_title":"Vilken diabetes-pump ryms i v\u00e5ra diabeteskl\u00e4der? | AnnaPS","og_description":"V\u00e5ra kl\u00e4der f\u00f6r diabetiker \u00e4r framtagna f\u00f6r att passa alla. M\u00e5nga av de insulinpumpar som finns p\u00e5 marknaden ryms i fickorna p\u00e5 v\u00e5ra kl\u00e4der. Testa du med!","og_url":"https:\/\/annaps.com\/sv\/baera-insulinpump\/vilka-insulinpumpar-ryms-i-annaps\u00adfickorna\/","og_site_name":"AnnaPS","article_publisher":"https:\/\/www.facebook.com\/annaps.scandinavia\/","article_modified_time":"2018-05-28T07:39:44+00:00","twitter_card":"summary_large_image","twitter_misc":{"Ber\u00e4knad l\u00e4stid":"1 minut"},"schema":{"@context":"https:\/\/schema.org","@graph":[{"@type":"WebPage","@id":"https:\/\/annaps.com\/sv\/baera-insulinpump\/vilka-insulinpumpar-ryms-i-annaps%c2%adfickorna\/","url":"https:\/\/annaps.com\/sv\/baera-insulinpump\/vilka-insulinpumpar-ryms-i-annaps%c2%adfickorna\/","name":"Vilken diabetes-pump ryms i v\u00e5ra diabeteskl\u00e4der? | AnnaPS","isPartOf":{"@id":"https:\/\/annaps.com\/de\/#website"},"datePublished":"2016-01-07T12:35:13+00:00","dateModified":"2018-05-28T07:39:44+00:00","description":"V\u00e5ra kl\u00e4der f\u00f6r diabetiker \u00e4r framtagna f\u00f6r att passa alla. M\u00e5nga av de insulinpumpar som finns p\u00e5 marknaden ryms i fickorna p\u00e5 v\u00e5ra kl\u00e4der. Testa du med!","breadcrumb":{"@id":"https:\/\/annaps.com\/sv\/baera-insulinpump\/vilka-insulinpumpar-ryms-i-annaps%c2%adfickorna\/#breadcrumb"},"inLanguage":"sv-SE","potentialAction":[{"@type":"ReadAction","target":["https:\/\/annaps.com\/sv\/baera-insulinpump\/vilka-insulinpumpar-ryms-i-annaps%c2%adfickorna\/"]}]},{"@type":"BreadcrumbList","@id":"https:\/\/annaps.com\/sv\/baera-insulinpump\/vilka-insulinpumpar-ryms-i-annaps%c2%adfickorna\/#breadcrumb","itemListElement":[{"@type":"ListItem","position":1,"name":"Hem","item":"https:\/\/annaps.com\/sv\/"},{"@type":"ListItem","position":2,"name":"B\u00e4ra pump","item":"https:\/\/annaps.com\/sv\/baera-insulinpump\/"},{"@type":"ListItem","position":3,"name":"Vilka insulinpumpar ryms i AnnaPS\u00ad fickor?"}]},{"@type":"WebSite","@id":"https:\/\/annaps.com\/de\/#website","url":"https:\/\/annaps.com\/de\/","name":"AnnaPS","description":"Det skall vara enkelt att b\u00e4ra!","potentialAction":[{"@type":"SearchAction","target":{"@type":"EntryPoint","urlTemplate":"https:\/\/annaps.com\/de\/?s={search_term_string}"},"query-input":{"@type":"PropertyValueSpecification","valueRequired":true,"valueName":"search_term_string"}}],"inLanguage":"sv-SE"}]}},"_links":{"self":[{"href":"https:\/\/annaps.com\/sv\/wp-json\/wp\/v2\/pages\/380","targetHints":{"allow":["GET"]}}],"collection":[{"href":"https:\/\/annaps.com\/sv\/wp-json\/wp\/v2\/pages"}],"about":[{"href":"https:\/\/annaps.com\/sv\/wp-json\/wp\/v2\/types\/page"}],"author":[{"embeddable":true,"href":"https:\/\/annaps.com\/sv\/wp-json\/wp\/v2\/users\/1"}],"replies":[{"embeddable":true,"href":"https:\/\/annaps.com\/sv\/wp-json\/wp\/v2\/comments?post=380"}],"version-history":[{"count":1,"href":"https:\/\/annaps.com\/sv\/wp-json\/wp\/v2\/pages\/380\/revisions"}],"predecessor-version":[{"id":29191,"href":"https:\/\/annaps.com\/sv\/wp-json\/wp\/v2\/pages\/380\/revisions\/29191"}],"up":[{"embeddable":true,"href":"https:\/\/annaps.com\/sv\/wp-json\/wp\/v2\/pages\/376"}],"wp:attachment":[{"href":"https:\/\/annaps.com\/sv\/wp-json\/wp\/v2\/media?parent=380"}],"curies":[{"name":"wp","href":"https:\/\/api.w.org\/{rel}","templated":true}]}}