{"id":378,"date":"2016-01-07T12:34:32","date_gmt":"2016-01-07T12:34:32","guid":{"rendered":"https:\/\/www.annaps.com\/?page_id=378"},"modified":"2025-03-06T13:10:28","modified_gmt":"2025-03-06T12:10:28","slug":"fickornas-design","status":"publish","type":"page","link":"https:\/\/annaps.com\/sv\/baera-insulinpump\/fickornas-design\/","title":{"rendered":"Fickornas design"},"content":{"rendered":"<p>AnnaPS\u00ad produkter \u00e4r speciellt framtagna f\u00f6r att m\u00f6ta en\u00a0insulinpumpanv\u00e4ndares behov; s\u00e5som s\u00e4kerhet, bekv\u00e4mlighet och sk\u00f6nhet, och \u00e4r\u00a0ett bra alternativ till de klassiska diabetesv\u00e4skorna.<\/p>\n<p>De \u00e4r diskreta, slitrena och\u00a0rymmer mycket. Alla produkter har integrerade fickor i vilka insulinpumpar,\u00a0blodsockerm\u00e4tare, handenheter eller insulinpennor kan b\u00e4ras.<\/p>\n<p>Fickorna \u00e4r placerade\u00a0s\u00e5 att de burna diabeteshj\u00e4lpmedlen f\u00f6ljer kroppens naturliga r\u00f6relsem\u00f6nster.<\/p>\n<p>Inuti\u00a0fickan finns en \u00f6ppning f\u00f6r slangen, s\u00e5 att den s\u00e4kert och g\u00f6mt kan f\u00f6rvaras p\u00e5\u00a0insidan av plagget.<\/p>\n<p>Fickorna \u00e4r designade med ficklock som garanterar att\u00a0insulinpumpen inte ramlar ut. Detta g\u00e4ller s\u00e5 l\u00e4nge plagget \u00e4r helt och att\u00a0anv\u00e4ndarmanualen f\u00f6ljs. L\u00e4mna pumpv\u00e4skan hemma, och b\u00e4r din insulinpump i\u00a0kl\u00e4der med fickor ist\u00e4llet!<\/p>\n","protected":false},"excerpt":{"rendered":"<p>AnnaPS\u00ad produkter \u00e4r speciellt framtagna f\u00f6r att m\u00f6ta en\u00a0insulinpumpanv\u00e4ndares behov; s\u00e5som s\u00e4kerhet, bekv\u00e4mlighet och sk\u00f6nhet, och \u00e4r\u00a0ett bra alternativ till de klassiska diabetesv\u00e4skorna. De \u00e4r diskreta, slitrena och\u00a0rymmer mycket. Alla produkter har integrerade fickor i vilka insulinpumpar,\u00a0blodsockerm\u00e4tare, handenheter eller insulinpennor kan b\u00e4ras. Fickorna \u00e4r placerade\u00a0s\u00e5 att de burna diabeteshj\u00e4lpmedlen f\u00f6ljer kroppens naturliga r\u00f6relsem\u00f6nster. Inuti\u00a0fickan finns [&hellip;]<\/p>\n","protected":false},"author":1,"featured_media":0,"parent":376,"menu_order":1,"comment_status":"closed","ping_status":"closed","template":"","meta":{"_acf_changed":false,"footnotes":""},"class_list":["post-378","page","type-page","status-publish","hentry"],"acf":[],"yoast_head":"<!-- This site is optimized with the Yoast SEO plugin v27.1.1 - https:\/\/yoast.com\/product\/yoast-seo-wordpress\/ -->\n<title>S\u00e5 fungerar v\u00e5ra smarta fickor f\u00f6r diabetstillbeh\u00f6r | AnnaPS<\/title>\n<meta name=\"description\" content=\"Fickornas design p\u00e5 v\u00e5ra kl\u00e4der till diabetiker \u00e4r noga genomt\u00e4nkt. Vi vill att fickorna ska skydda insulinpump eller insulinpenna, sitta bekv\u00e4mt och diskret.\" \/>\n<meta name=\"robots\" content=\"index, follow, max-snippet:-1, max-image-preview:large, max-video-preview:-1\" \/>\n<link rel=\"canonical\" href=\"https:\/\/annaps.com\/sv\/baera-insulinpump\/fickornas-design\/\" \/>\n<meta property=\"og:locale\" content=\"sv_SE\" \/>\n<meta property=\"og:type\" content=\"article\" \/>\n<meta property=\"og:title\" content=\"S\u00e5 fungerar v\u00e5ra smarta fickor f\u00f6r diabetstillbeh\u00f6r | AnnaPS\" \/>\n<meta property=\"og:description\" content=\"Fickornas design p\u00e5 v\u00e5ra kl\u00e4der till diabetiker \u00e4r noga genomt\u00e4nkt. Vi vill att fickorna ska skydda insulinpump eller insulinpenna, sitta bekv\u00e4mt och diskret.\" \/>\n<meta property=\"og:url\" content=\"https:\/\/annaps.com\/sv\/baera-insulinpump\/fickornas-design\/\" \/>\n<meta property=\"og:site_name\" content=\"AnnaPS\" \/>\n<meta property=\"article:publisher\" content=\"https:\/\/www.facebook.com\/annaps.scandinavia\/\" \/>\n<meta property=\"article:modified_time\" content=\"2025-03-06T12:10:28+00:00\" \/>\n<meta name=\"twitter:card\" content=\"summary_large_image\" \/>\n<meta name=\"twitter:label1\" content=\"Ber\u00e4knad l\u00e4stid\" \/>\n\t<meta name=\"twitter:data1\" content=\"1 minut\" \/>\n<script type=\"application\/ld+json\" class=\"yoast-schema-graph\">{\"@context\":\"https:\/\/schema.org\",\"@graph\":[{\"@type\":\"WebPage\",\"@id\":\"https:\/\/annaps.com\/sv\/baera-insulinpump\/fickornas-design\/\",\"url\":\"https:\/\/annaps.com\/sv\/baera-insulinpump\/fickornas-design\/\",\"name\":\"S\u00e5 fungerar v\u00e5ra smarta fickor f\u00f6r diabetstillbeh\u00f6r | AnnaPS\",\"isPartOf\":{\"@id\":\"https:\/\/annaps.com\/de\/#website\"},\"datePublished\":\"2016-01-07T12:34:32+00:00\",\"dateModified\":\"2025-03-06T12:10:28+00:00\",\"description\":\"Fickornas design p\u00e5 v\u00e5ra kl\u00e4der till diabetiker \u00e4r noga genomt\u00e4nkt. Vi vill att fickorna ska skydda insulinpump eller insulinpenna, sitta bekv\u00e4mt och diskret.\",\"breadcrumb\":{\"@id\":\"https:\/\/annaps.com\/sv\/baera-insulinpump\/fickornas-design\/#breadcrumb\"},\"inLanguage\":\"sv-SE\",\"potentialAction\":[{\"@type\":\"ReadAction\",\"target\":[\"https:\/\/annaps.com\/sv\/baera-insulinpump\/fickornas-design\/\"]}]},{\"@type\":\"BreadcrumbList\",\"@id\":\"https:\/\/annaps.com\/sv\/baera-insulinpump\/fickornas-design\/#breadcrumb\",\"itemListElement\":[{\"@type\":\"ListItem\",\"position\":1,\"name\":\"Hem\",\"item\":\"https:\/\/annaps.com\/sv\/\"},{\"@type\":\"ListItem\",\"position\":2,\"name\":\"B\u00e4ra pump\",\"item\":\"https:\/\/annaps.com\/sv\/baera-insulinpump\/\"},{\"@type\":\"ListItem\",\"position\":3,\"name\":\"Fickornas design\"}]},{\"@type\":\"WebSite\",\"@id\":\"https:\/\/annaps.com\/de\/#website\",\"url\":\"https:\/\/annaps.com\/de\/\",\"name\":\"AnnaPS\",\"description\":\"Det skall vara enkelt att b\u00e4ra!\",\"potentialAction\":[{\"@type\":\"SearchAction\",\"target\":{\"@type\":\"EntryPoint\",\"urlTemplate\":\"https:\/\/annaps.com\/de\/?s={search_term_string}\"},\"query-input\":{\"@type\":\"PropertyValueSpecification\",\"valueRequired\":true,\"valueName\":\"search_term_string\"}}],\"inLanguage\":\"sv-SE\"}]}<\/script>\n<!-- \/ Yoast SEO plugin. -->","yoast_head_json":{"title":"S\u00e5 fungerar v\u00e5ra smarta fickor f\u00f6r diabetstillbeh\u00f6r | AnnaPS","description":"Fickornas design p\u00e5 v\u00e5ra kl\u00e4der till diabetiker \u00e4r noga genomt\u00e4nkt. Vi vill att fickorna ska skydda insulinpump eller insulinpenna, sitta bekv\u00e4mt och diskret.","robots":{"index":"index","follow":"follow","max-snippet":"max-snippet:-1","max-image-preview":"max-image-preview:large","max-video-preview":"max-video-preview:-1"},"canonical":"https:\/\/annaps.com\/sv\/baera-insulinpump\/fickornas-design\/","og_locale":"sv_SE","og_type":"article","og_title":"S\u00e5 fungerar v\u00e5ra smarta fickor f\u00f6r diabetstillbeh\u00f6r | AnnaPS","og_description":"Fickornas design p\u00e5 v\u00e5ra kl\u00e4der till diabetiker \u00e4r noga genomt\u00e4nkt. Vi vill att fickorna ska skydda insulinpump eller insulinpenna, sitta bekv\u00e4mt och diskret.","og_url":"https:\/\/annaps.com\/sv\/baera-insulinpump\/fickornas-design\/","og_site_name":"AnnaPS","article_publisher":"https:\/\/www.facebook.com\/annaps.scandinavia\/","article_modified_time":"2025-03-06T12:10:28+00:00","twitter_card":"summary_large_image","twitter_misc":{"Ber\u00e4knad l\u00e4stid":"1 minut"},"schema":{"@context":"https:\/\/schema.org","@graph":[{"@type":"WebPage","@id":"https:\/\/annaps.com\/sv\/baera-insulinpump\/fickornas-design\/","url":"https:\/\/annaps.com\/sv\/baera-insulinpump\/fickornas-design\/","name":"S\u00e5 fungerar v\u00e5ra smarta fickor f\u00f6r diabetstillbeh\u00f6r | AnnaPS","isPartOf":{"@id":"https:\/\/annaps.com\/de\/#website"},"datePublished":"2016-01-07T12:34:32+00:00","dateModified":"2025-03-06T12:10:28+00:00","description":"Fickornas design p\u00e5 v\u00e5ra kl\u00e4der till diabetiker \u00e4r noga genomt\u00e4nkt. Vi vill att fickorna ska skydda insulinpump eller insulinpenna, sitta bekv\u00e4mt och diskret.","breadcrumb":{"@id":"https:\/\/annaps.com\/sv\/baera-insulinpump\/fickornas-design\/#breadcrumb"},"inLanguage":"sv-SE","potentialAction":[{"@type":"ReadAction","target":["https:\/\/annaps.com\/sv\/baera-insulinpump\/fickornas-design\/"]}]},{"@type":"BreadcrumbList","@id":"https:\/\/annaps.com\/sv\/baera-insulinpump\/fickornas-design\/#breadcrumb","itemListElement":[{"@type":"ListItem","position":1,"name":"Hem","item":"https:\/\/annaps.com\/sv\/"},{"@type":"ListItem","position":2,"name":"B\u00e4ra pump","item":"https:\/\/annaps.com\/sv\/baera-insulinpump\/"},{"@type":"ListItem","position":3,"name":"Fickornas design"}]},{"@type":"WebSite","@id":"https:\/\/annaps.com\/de\/#website","url":"https:\/\/annaps.com\/de\/","name":"AnnaPS","description":"Det skall vara enkelt att b\u00e4ra!","potentialAction":[{"@type":"SearchAction","target":{"@type":"EntryPoint","urlTemplate":"https:\/\/annaps.com\/de\/?s={search_term_string}"},"query-input":{"@type":"PropertyValueSpecification","valueRequired":true,"valueName":"search_term_string"}}],"inLanguage":"sv-SE"}]}},"_links":{"self":[{"href":"https:\/\/annaps.com\/sv\/wp-json\/wp\/v2\/pages\/378","targetHints":{"allow":["GET"]}}],"collection":[{"href":"https:\/\/annaps.com\/sv\/wp-json\/wp\/v2\/pages"}],"about":[{"href":"https:\/\/annaps.com\/sv\/wp-json\/wp\/v2\/types\/page"}],"author":[{"embeddable":true,"href":"https:\/\/annaps.com\/sv\/wp-json\/wp\/v2\/users\/1"}],"replies":[{"embeddable":true,"href":"https:\/\/annaps.com\/sv\/wp-json\/wp\/v2\/comments?post=378"}],"version-history":[{"count":2,"href":"https:\/\/annaps.com\/sv\/wp-json\/wp\/v2\/pages\/378\/revisions"}],"predecessor-version":[{"id":47429,"href":"https:\/\/annaps.com\/sv\/wp-json\/wp\/v2\/pages\/378\/revisions\/47429"}],"up":[{"embeddable":true,"href":"https:\/\/annaps.com\/sv\/wp-json\/wp\/v2\/pages\/376"}],"wp:attachment":[{"href":"https:\/\/annaps.com\/sv\/wp-json\/wp\/v2\/media?parent=378"}],"curies":[{"name":"wp","href":"https:\/\/api.w.org\/{rel}","templated":true}]}}