{"id":376,"date":"2016-01-07T12:33:45","date_gmt":"2016-01-07T12:33:45","guid":{"rendered":"https:\/\/www.annaps.com\/?page_id=376"},"modified":"2018-10-23T15:48:00","modified_gmt":"2018-10-23T13:48:00","slug":"baera-insulinpump","status":"publish","type":"page","link":"https:\/\/annaps.com\/sv\/baera-insulinpump\/","title":{"rendered":"B\u00e4ra pump"},"content":{"rendered":"<p>Att\u00a0b\u00e4ra din insulinpump i kl\u00e4der fr\u00e5n AnnaPS inneb\u00e4r att den blir en del av dig.\u00a0Du blir\u00a0friare att g\u00f6ra vad du vill utan att st\u00f6ras av din insulinpump eller av en osmidig\u00a0diabetesv\u00e4ska.<\/p>\n<p><strong>Vi delar med oss av massor av tips och l\u00f6sningar ! Se h\u00e4r nedan !<\/strong><\/p>\n<p>Som diabetiker b\u00e4r du alltid med dig den st\u00f6rsta\u00a0handv\u00e4skan eller diabetesv\u00e4skan, eftersom det \u00e4r s\u00e5 m\u00e5nga saker du beh\u00f6ver ha\u00a0med dig; insulin, blodsockerm\u00e4tare, druvsocker, handenheter, snacks, glukagon.<\/p>\n<p>AnnaPS drivkraft \u00e4r att g\u00f6ra livet med diabetes l\u00e4ttare, genom att\u00a0erbjuda kl\u00e4der med integrerade fickor. H\u00e4r kan du l\u00e4sa om du kan underl\u00e4tta ditt liv\u00a0med diabetes lite genom att anv\u00e4nda AnnaPS produkter. Skippa diabetesv\u00e4skan\u00a0och b\u00e4r med dig allt du beh\u00f6ver i trendiga kl\u00e4der med fickor ist\u00e4llet!<\/p>\n","protected":false},"excerpt":{"rendered":"<p>Att\u00a0b\u00e4ra din insulinpump i kl\u00e4der fr\u00e5n AnnaPS inneb\u00e4r att den blir en del av dig.\u00a0Du blir\u00a0friare att g\u00f6ra vad du vill utan att st\u00f6ras av din insulinpump eller av en osmidig\u00a0diabetesv\u00e4ska. Vi delar med oss av massor av tips och l\u00f6sningar ! Se h\u00e4r nedan ! Som diabetiker b\u00e4r du alltid med dig den st\u00f6rsta\u00a0handv\u00e4skan [&hellip;]<\/p>\n","protected":false},"author":1,"featured_media":0,"parent":0,"menu_order":99,"comment_status":"closed","ping_status":"closed","template":"","meta":{"_acf_changed":false,"footnotes":""},"class_list":["post-376","page","type-page","status-publish","hentry"],"acf":[],"yoast_head":"<!-- This site is optimized with the Yoast SEO plugin v27.1.1 - https:\/\/yoast.com\/product\/yoast-seo-wordpress\/ -->\n<title>Pump - alltid med dig i v\u00e5ra diabeteskl\u00e4der | AnnaPS<\/title>\n<meta name=\"description\" content=\"Diabetskl\u00e4derna fr\u00e5n AnnaPS har integrerade fickor som har plats f\u00f6r din pump. Vi vill att ditt liv som diabetiker ska bli s\u00e5 enkelt som m\u00f6jligt!\" \/>\n<meta name=\"robots\" content=\"index, follow, max-snippet:-1, max-image-preview:large, max-video-preview:-1\" \/>\n<link rel=\"canonical\" href=\"https:\/\/annaps.com\/sv\/baera-insulinpump\/\" \/>\n<meta property=\"og:locale\" content=\"sv_SE\" \/>\n<meta property=\"og:type\" content=\"article\" \/>\n<meta property=\"og:title\" content=\"Pump - alltid med dig i v\u00e5ra diabeteskl\u00e4der | AnnaPS\" \/>\n<meta property=\"og:description\" content=\"Diabetskl\u00e4derna fr\u00e5n AnnaPS har integrerade fickor som har plats f\u00f6r din pump. Vi vill att ditt liv som diabetiker ska bli s\u00e5 enkelt som m\u00f6jligt!\" \/>\n<meta property=\"og:url\" content=\"https:\/\/annaps.com\/sv\/baera-insulinpump\/\" \/>\n<meta property=\"og:site_name\" content=\"AnnaPS\" \/>\n<meta property=\"article:publisher\" content=\"https:\/\/www.facebook.com\/annaps.scandinavia\/\" \/>\n<meta property=\"article:modified_time\" content=\"2018-10-23T13:48:00+00:00\" \/>\n<meta name=\"twitter:card\" content=\"summary_large_image\" \/>\n<meta name=\"twitter:label1\" content=\"Ber\u00e4knad l\u00e4stid\" \/>\n\t<meta name=\"twitter:data1\" content=\"1 minut\" \/>\n<script type=\"application\/ld+json\" class=\"yoast-schema-graph\">{\"@context\":\"https:\/\/schema.org\",\"@graph\":[{\"@type\":\"WebPage\",\"@id\":\"https:\/\/annaps.com\/sv\/baera-insulinpump\/\",\"url\":\"https:\/\/annaps.com\/sv\/baera-insulinpump\/\",\"name\":\"Pump - alltid med dig i v\u00e5ra diabeteskl\u00e4der | AnnaPS\",\"isPartOf\":{\"@id\":\"https:\/\/annaps.com\/de\/#website\"},\"datePublished\":\"2016-01-07T12:33:45+00:00\",\"dateModified\":\"2018-10-23T13:48:00+00:00\",\"description\":\"Diabetskl\u00e4derna fr\u00e5n AnnaPS har integrerade fickor som har plats f\u00f6r din pump. Vi vill att ditt liv som diabetiker ska bli s\u00e5 enkelt som m\u00f6jligt!\",\"breadcrumb\":{\"@id\":\"https:\/\/annaps.com\/sv\/baera-insulinpump\/#breadcrumb\"},\"inLanguage\":\"sv-SE\",\"potentialAction\":[{\"@type\":\"ReadAction\",\"target\":[\"https:\/\/annaps.com\/sv\/baera-insulinpump\/\"]}]},{\"@type\":\"BreadcrumbList\",\"@id\":\"https:\/\/annaps.com\/sv\/baera-insulinpump\/#breadcrumb\",\"itemListElement\":[{\"@type\":\"ListItem\",\"position\":1,\"name\":\"Hem\",\"item\":\"https:\/\/annaps.com\/sv\/\"},{\"@type\":\"ListItem\",\"position\":2,\"name\":\"B\u00e4ra pump\"}]},{\"@type\":\"WebSite\",\"@id\":\"https:\/\/annaps.com\/de\/#website\",\"url\":\"https:\/\/annaps.com\/de\/\",\"name\":\"AnnaPS\",\"description\":\"Det skall vara enkelt att b\u00e4ra!\",\"potentialAction\":[{\"@type\":\"SearchAction\",\"target\":{\"@type\":\"EntryPoint\",\"urlTemplate\":\"https:\/\/annaps.com\/de\/?s={search_term_string}\"},\"query-input\":{\"@type\":\"PropertyValueSpecification\",\"valueRequired\":true,\"valueName\":\"search_term_string\"}}],\"inLanguage\":\"sv-SE\"}]}<\/script>\n<!-- \/ Yoast SEO plugin. -->","yoast_head_json":{"title":"Pump - alltid med dig i v\u00e5ra diabeteskl\u00e4der | AnnaPS","description":"Diabetskl\u00e4derna fr\u00e5n AnnaPS har integrerade fickor som har plats f\u00f6r din pump. Vi vill att ditt liv som diabetiker ska bli s\u00e5 enkelt som m\u00f6jligt!","robots":{"index":"index","follow":"follow","max-snippet":"max-snippet:-1","max-image-preview":"max-image-preview:large","max-video-preview":"max-video-preview:-1"},"canonical":"https:\/\/annaps.com\/sv\/baera-insulinpump\/","og_locale":"sv_SE","og_type":"article","og_title":"Pump - alltid med dig i v\u00e5ra diabeteskl\u00e4der | AnnaPS","og_description":"Diabetskl\u00e4derna fr\u00e5n AnnaPS har integrerade fickor som har plats f\u00f6r din pump. Vi vill att ditt liv som diabetiker ska bli s\u00e5 enkelt som m\u00f6jligt!","og_url":"https:\/\/annaps.com\/sv\/baera-insulinpump\/","og_site_name":"AnnaPS","article_publisher":"https:\/\/www.facebook.com\/annaps.scandinavia\/","article_modified_time":"2018-10-23T13:48:00+00:00","twitter_card":"summary_large_image","twitter_misc":{"Ber\u00e4knad l\u00e4stid":"1 minut"},"schema":{"@context":"https:\/\/schema.org","@graph":[{"@type":"WebPage","@id":"https:\/\/annaps.com\/sv\/baera-insulinpump\/","url":"https:\/\/annaps.com\/sv\/baera-insulinpump\/","name":"Pump - alltid med dig i v\u00e5ra diabeteskl\u00e4der | AnnaPS","isPartOf":{"@id":"https:\/\/annaps.com\/de\/#website"},"datePublished":"2016-01-07T12:33:45+00:00","dateModified":"2018-10-23T13:48:00+00:00","description":"Diabetskl\u00e4derna fr\u00e5n AnnaPS har integrerade fickor som har plats f\u00f6r din pump. Vi vill att ditt liv som diabetiker ska bli s\u00e5 enkelt som m\u00f6jligt!","breadcrumb":{"@id":"https:\/\/annaps.com\/sv\/baera-insulinpump\/#breadcrumb"},"inLanguage":"sv-SE","potentialAction":[{"@type":"ReadAction","target":["https:\/\/annaps.com\/sv\/baera-insulinpump\/"]}]},{"@type":"BreadcrumbList","@id":"https:\/\/annaps.com\/sv\/baera-insulinpump\/#breadcrumb","itemListElement":[{"@type":"ListItem","position":1,"name":"Hem","item":"https:\/\/annaps.com\/sv\/"},{"@type":"ListItem","position":2,"name":"B\u00e4ra pump"}]},{"@type":"WebSite","@id":"https:\/\/annaps.com\/de\/#website","url":"https:\/\/annaps.com\/de\/","name":"AnnaPS","description":"Det skall vara enkelt att b\u00e4ra!","potentialAction":[{"@type":"SearchAction","target":{"@type":"EntryPoint","urlTemplate":"https:\/\/annaps.com\/de\/?s={search_term_string}"},"query-input":{"@type":"PropertyValueSpecification","valueRequired":true,"valueName":"search_term_string"}}],"inLanguage":"sv-SE"}]}},"_links":{"self":[{"href":"https:\/\/annaps.com\/sv\/wp-json\/wp\/v2\/pages\/376","targetHints":{"allow":["GET"]}}],"collection":[{"href":"https:\/\/annaps.com\/sv\/wp-json\/wp\/v2\/pages"}],"about":[{"href":"https:\/\/annaps.com\/sv\/wp-json\/wp\/v2\/types\/page"}],"author":[{"embeddable":true,"href":"https:\/\/annaps.com\/sv\/wp-json\/wp\/v2\/users\/1"}],"replies":[{"embeddable":true,"href":"https:\/\/annaps.com\/sv\/wp-json\/wp\/v2\/comments?post=376"}],"version-history":[{"count":2,"href":"https:\/\/annaps.com\/sv\/wp-json\/wp\/v2\/pages\/376\/revisions"}],"predecessor-version":[{"id":32010,"href":"https:\/\/annaps.com\/sv\/wp-json\/wp\/v2\/pages\/376\/revisions\/32010"}],"wp:attachment":[{"href":"https:\/\/annaps.com\/sv\/wp-json\/wp\/v2\/media?parent=376"}],"curies":[{"name":"wp","href":"https:\/\/api.w.org\/{rel}","templated":true}]}}