{"id":374,"date":"2016-01-07T12:22:33","date_gmt":"2016-01-07T12:22:33","guid":{"rendered":"https:\/\/www.annaps.com\/?page_id=374"},"modified":"2018-05-22T11:04:46","modified_gmt":"2018-05-22T09:04:46","slug":"diabetiker-emellan","status":"publish","type":"page","link":"https:\/\/annaps.com\/sv\/om-diabetes\/diabetiker-emellan\/","title":{"rendered":"Diabetiker emellan &#8211; tips"},"content":{"rendered":"<p>Tips till diabetiker &#8211; se nedan!<\/p>\n<p>Vi som lever med diabetes har en tendens att f\u00f6rst\u00e5 varandra.\u00a0P\u00e5 AnnaPS har vi ocks\u00e5 f\u00f6rm\u00e5nen att jobba med och tr\u00e4ffa en massa\u00a0diabetespersonligheter \u00ad en f\u00f6rm\u00e5n som vi vill dela med er! Vi vet allihop vad det\u00a0inneb\u00e4r att vara l\u00e5g, eller h\u00f6g, p\u00e5 ett s\u00e4tt som v\u00e5rdpersonal och anh\u00f6riga aldrig\u00a0kommer f\u00f6rst\u00e5. Vi k\u00e4nner till paniken som uppst\u00e5r om insulinniv\u00e5n i insulinpumpen \u00e4r\u00a0f\u00f6r l\u00e5g n\u00e4r du inte \u00e4r hemma. D\u00e4rf\u00f6r prioriterade vi en kategori som denna, d\u00e4r vi kan\u00a0samla n\u00e5gra bra tips och trix, eftersom allt blir lite l\u00e4ttare n\u00e4r vi hj\u00e4lps \u00e5t! Har du ett\u00a0tips du skulle vilja dela med dig av? H\u00f6r av dig! Vi fyller p\u00e5 h\u00e4r.<\/p>\n<p>&nbsp;<\/p>\n","protected":false},"excerpt":{"rendered":"<p>Tips till diabetiker &#8211; se nedan! Vi som lever med diabetes har en tendens att f\u00f6rst\u00e5 varandra.\u00a0P\u00e5 AnnaPS har vi ocks\u00e5 f\u00f6rm\u00e5nen att jobba med och tr\u00e4ffa en massa\u00a0diabetespersonligheter \u00ad en f\u00f6rm\u00e5n som vi vill dela med er! Vi vet allihop vad det\u00a0inneb\u00e4r att vara l\u00e5g, eller h\u00f6g, p\u00e5 ett s\u00e4tt som v\u00e5rdpersonal och anh\u00f6riga [&hellip;]<\/p>\n","protected":false},"author":1,"featured_media":0,"parent":358,"menu_order":8,"comment_status":"closed","ping_status":"closed","template":"","meta":{"_acf_changed":false,"footnotes":""},"class_list":["post-374","page","type-page","status-publish","hentry"],"acf":[],"yoast_head":"<!-- This site is optimized with the Yoast SEO plugin v27.1.1 - https:\/\/yoast.com\/product\/yoast-seo-wordpress\/ -->\n<title>Diabetiker emellan - AnnaPs<\/title>\n<meta name=\"description\" content=\"Personer med diabetes har en tendens att f\u00f6rst\u00e5 varandra. AnnaPS vill vi d\u00e4rf\u00f6r dela med oss om tips och trix som g\u00f6r allt lite l\u00e4ttare f\u00f6r oss med diabetes\" \/>\n<meta name=\"robots\" content=\"index, follow, max-snippet:-1, max-image-preview:large, max-video-preview:-1\" \/>\n<link rel=\"canonical\" href=\"https:\/\/annaps.com\/sv\/om-diabetes\/diabetiker-emellan\/\" \/>\n<meta property=\"og:locale\" content=\"sv_SE\" \/>\n<meta property=\"og:type\" content=\"article\" \/>\n<meta property=\"og:title\" content=\"Diabetiker emellan - AnnaPs\" \/>\n<meta property=\"og:description\" content=\"Personer med diabetes har en tendens att f\u00f6rst\u00e5 varandra. AnnaPS vill vi d\u00e4rf\u00f6r dela med oss om tips och trix som g\u00f6r allt lite l\u00e4ttare f\u00f6r oss med diabetes\" \/>\n<meta property=\"og:url\" content=\"https:\/\/annaps.com\/sv\/om-diabetes\/diabetiker-emellan\/\" \/>\n<meta property=\"og:site_name\" content=\"AnnaPS\" \/>\n<meta property=\"article:publisher\" content=\"https:\/\/www.facebook.com\/annaps.scandinavia\/\" \/>\n<meta property=\"article:modified_time\" content=\"2018-05-22T09:04:46+00:00\" \/>\n<meta name=\"twitter:card\" content=\"summary_large_image\" \/>\n<meta name=\"twitter:label1\" content=\"Ber\u00e4knad l\u00e4stid\" \/>\n\t<meta name=\"twitter:data1\" content=\"1 minut\" \/>\n<script type=\"application\/ld+json\" class=\"yoast-schema-graph\">{\"@context\":\"https:\/\/schema.org\",\"@graph\":[{\"@type\":\"WebPage\",\"@id\":\"https:\/\/annaps.com\/sv\/om-diabetes\/diabetiker-emellan\/\",\"url\":\"https:\/\/annaps.com\/sv\/om-diabetes\/diabetiker-emellan\/\",\"name\":\"Diabetiker emellan - AnnaPs\",\"isPartOf\":{\"@id\":\"https:\/\/annaps.com\/de\/#website\"},\"datePublished\":\"2016-01-07T12:22:33+00:00\",\"dateModified\":\"2018-05-22T09:04:46+00:00\",\"description\":\"Personer med diabetes har en tendens att f\u00f6rst\u00e5 varandra. AnnaPS vill vi d\u00e4rf\u00f6r dela med oss om tips och trix som g\u00f6r allt lite l\u00e4ttare f\u00f6r oss med diabetes\",\"breadcrumb\":{\"@id\":\"https:\/\/annaps.com\/sv\/om-diabetes\/diabetiker-emellan\/#breadcrumb\"},\"inLanguage\":\"sv-SE\",\"potentialAction\":[{\"@type\":\"ReadAction\",\"target\":[\"https:\/\/annaps.com\/sv\/om-diabetes\/diabetiker-emellan\/\"]}]},{\"@type\":\"BreadcrumbList\",\"@id\":\"https:\/\/annaps.com\/sv\/om-diabetes\/diabetiker-emellan\/#breadcrumb\",\"itemListElement\":[{\"@type\":\"ListItem\",\"position\":1,\"name\":\"Hem\",\"item\":\"https:\/\/annaps.com\/sv\/\"},{\"@type\":\"ListItem\",\"position\":2,\"name\":\"Om diabetes\",\"item\":\"https:\/\/annaps.com\/sv\/om-diabetes\/\"},{\"@type\":\"ListItem\",\"position\":3,\"name\":\"Diabetiker emellan &#8211; tips\"}]},{\"@type\":\"WebSite\",\"@id\":\"https:\/\/annaps.com\/de\/#website\",\"url\":\"https:\/\/annaps.com\/de\/\",\"name\":\"AnnaPS\",\"description\":\"Det skall vara enkelt att b\u00e4ra!\",\"potentialAction\":[{\"@type\":\"SearchAction\",\"target\":{\"@type\":\"EntryPoint\",\"urlTemplate\":\"https:\/\/annaps.com\/de\/?s={search_term_string}\"},\"query-input\":{\"@type\":\"PropertyValueSpecification\",\"valueRequired\":true,\"valueName\":\"search_term_string\"}}],\"inLanguage\":\"sv-SE\"}]}<\/script>\n<!-- \/ Yoast SEO plugin. -->","yoast_head_json":{"title":"Diabetiker emellan - AnnaPs","description":"Personer med diabetes har en tendens att f\u00f6rst\u00e5 varandra. AnnaPS vill vi d\u00e4rf\u00f6r dela med oss om tips och trix som g\u00f6r allt lite l\u00e4ttare f\u00f6r oss med diabetes","robots":{"index":"index","follow":"follow","max-snippet":"max-snippet:-1","max-image-preview":"max-image-preview:large","max-video-preview":"max-video-preview:-1"},"canonical":"https:\/\/annaps.com\/sv\/om-diabetes\/diabetiker-emellan\/","og_locale":"sv_SE","og_type":"article","og_title":"Diabetiker emellan - AnnaPs","og_description":"Personer med diabetes har en tendens att f\u00f6rst\u00e5 varandra. AnnaPS vill vi d\u00e4rf\u00f6r dela med oss om tips och trix som g\u00f6r allt lite l\u00e4ttare f\u00f6r oss med diabetes","og_url":"https:\/\/annaps.com\/sv\/om-diabetes\/diabetiker-emellan\/","og_site_name":"AnnaPS","article_publisher":"https:\/\/www.facebook.com\/annaps.scandinavia\/","article_modified_time":"2018-05-22T09:04:46+00:00","twitter_card":"summary_large_image","twitter_misc":{"Ber\u00e4knad l\u00e4stid":"1 minut"},"schema":{"@context":"https:\/\/schema.org","@graph":[{"@type":"WebPage","@id":"https:\/\/annaps.com\/sv\/om-diabetes\/diabetiker-emellan\/","url":"https:\/\/annaps.com\/sv\/om-diabetes\/diabetiker-emellan\/","name":"Diabetiker emellan - AnnaPs","isPartOf":{"@id":"https:\/\/annaps.com\/de\/#website"},"datePublished":"2016-01-07T12:22:33+00:00","dateModified":"2018-05-22T09:04:46+00:00","description":"Personer med diabetes har en tendens att f\u00f6rst\u00e5 varandra. AnnaPS vill vi d\u00e4rf\u00f6r dela med oss om tips och trix som g\u00f6r allt lite l\u00e4ttare f\u00f6r oss med diabetes","breadcrumb":{"@id":"https:\/\/annaps.com\/sv\/om-diabetes\/diabetiker-emellan\/#breadcrumb"},"inLanguage":"sv-SE","potentialAction":[{"@type":"ReadAction","target":["https:\/\/annaps.com\/sv\/om-diabetes\/diabetiker-emellan\/"]}]},{"@type":"BreadcrumbList","@id":"https:\/\/annaps.com\/sv\/om-diabetes\/diabetiker-emellan\/#breadcrumb","itemListElement":[{"@type":"ListItem","position":1,"name":"Hem","item":"https:\/\/annaps.com\/sv\/"},{"@type":"ListItem","position":2,"name":"Om diabetes","item":"https:\/\/annaps.com\/sv\/om-diabetes\/"},{"@type":"ListItem","position":3,"name":"Diabetiker emellan &#8211; tips"}]},{"@type":"WebSite","@id":"https:\/\/annaps.com\/de\/#website","url":"https:\/\/annaps.com\/de\/","name":"AnnaPS","description":"Det skall vara enkelt att b\u00e4ra!","potentialAction":[{"@type":"SearchAction","target":{"@type":"EntryPoint","urlTemplate":"https:\/\/annaps.com\/de\/?s={search_term_string}"},"query-input":{"@type":"PropertyValueSpecification","valueRequired":true,"valueName":"search_term_string"}}],"inLanguage":"sv-SE"}]}},"_links":{"self":[{"href":"https:\/\/annaps.com\/sv\/wp-json\/wp\/v2\/pages\/374","targetHints":{"allow":["GET"]}}],"collection":[{"href":"https:\/\/annaps.com\/sv\/wp-json\/wp\/v2\/pages"}],"about":[{"href":"https:\/\/annaps.com\/sv\/wp-json\/wp\/v2\/types\/page"}],"author":[{"embeddable":true,"href":"https:\/\/annaps.com\/sv\/wp-json\/wp\/v2\/users\/1"}],"replies":[{"embeddable":true,"href":"https:\/\/annaps.com\/sv\/wp-json\/wp\/v2\/comments?post=374"}],"version-history":[{"count":1,"href":"https:\/\/annaps.com\/sv\/wp-json\/wp\/v2\/pages\/374\/revisions"}],"predecessor-version":[{"id":29013,"href":"https:\/\/annaps.com\/sv\/wp-json\/wp\/v2\/pages\/374\/revisions\/29013"}],"up":[{"embeddable":true,"href":"https:\/\/annaps.com\/sv\/wp-json\/wp\/v2\/pages\/358"}],"wp:attachment":[{"href":"https:\/\/annaps.com\/sv\/wp-json\/wp\/v2\/media?parent=374"}],"curies":[{"name":"wp","href":"https:\/\/api.w.org\/{rel}","templated":true}]}}