{"id":372,"date":"2016-01-07T12:21:17","date_gmt":"2016-01-07T12:21:17","guid":{"rendered":"https:\/\/www.annaps.com\/?page_id=372"},"modified":"2016-03-09T20:20:13","modified_gmt":"2016-03-09T20:20:13","slug":"teknologi-och-forskning","status":"publish","type":"page","link":"https:\/\/annaps.com\/sv\/om-diabetes\/teknologi-och-forskning\/","title":{"rendered":"Teknologi och forskning"},"content":{"rendered":"<p>I en v\u00e4rld av teknologi h\u00e4nder det alltid mycket. Speciellt p\u00e5\u00a0diabetesmarknaden! AnnaPS \u00e4r oberoende gentemot diabetesmedicin-\u00ad och\u00a0hj\u00e4lpmedelsf\u00f6retag, men f\u00f6r tillf\u00e4llet samarbetar vi med ett antal f\u00f6retag, och vi letar\u00a0st\u00e4ndigt efter nya samarbeten. Vi h\u00e5ller oss uppdaterade och \u00e4lskar att f\u00e5 dela med\u00a0oss av tips kring nyheter p\u00e5 marknaden. V\u00e5rt m\u00e5l \u00e4r att du som kund ska kunna b\u00e4ra\u00a0dina diabeteshj\u00e4lpmedel i v\u00e5ra produkter, oavsett vilket m\u00e4rke de \u00e4r av. Vi\u00a0rapporterar om ny teknologi p\u00e5 v\u00e5r blogg, Instagram och Facebook, s\u00e5 f\u00f6lj oss d\u00e4r!<\/p>\n","protected":false},"excerpt":{"rendered":"<p>I en v\u00e4rld av teknologi h\u00e4nder det alltid mycket. Speciellt p\u00e5\u00a0diabetesmarknaden! AnnaPS \u00e4r oberoende gentemot diabetesmedicin-\u00ad och\u00a0hj\u00e4lpmedelsf\u00f6retag, men f\u00f6r tillf\u00e4llet samarbetar vi med ett antal f\u00f6retag, och vi letar\u00a0st\u00e4ndigt efter nya samarbeten. Vi h\u00e5ller oss uppdaterade och \u00e4lskar att f\u00e5 dela med\u00a0oss av tips kring nyheter p\u00e5 marknaden. V\u00e5rt m\u00e5l \u00e4r att du som kund [&hellip;]<\/p>\n","protected":false},"author":1,"featured_media":0,"parent":358,"menu_order":6,"comment_status":"closed","ping_status":"closed","template":"","meta":{"_acf_changed":false,"footnotes":""},"class_list":["post-372","page","type-page","status-publish","hentry"],"acf":[],"yoast_head":"<!-- This site is optimized with the Yoast SEO plugin v27.1.1 - https:\/\/yoast.com\/product\/yoast-seo-wordpress\/ -->\n<title>Teknologi och forskning inom diabetes - AnnaPs<\/title>\n<meta name=\"description\" content=\"I en v\u00e4rld av teknologi h\u00e4nder det mycket. Speciellt p\u00e5 diabetesmarknaden! V\u00e5rt m\u00e5l \u00e4r att du ska kunna b\u00e4ra dina diabeteshj\u00e4lpmedel i v\u00e5ra produkter.\" \/>\n<meta name=\"robots\" content=\"index, follow, max-snippet:-1, max-image-preview:large, max-video-preview:-1\" \/>\n<link rel=\"canonical\" href=\"https:\/\/annaps.com\/sv\/om-diabetes\/teknologi-och-forskning\/\" \/>\n<meta property=\"og:locale\" content=\"sv_SE\" \/>\n<meta property=\"og:type\" content=\"article\" \/>\n<meta property=\"og:title\" content=\"Teknologi och forskning inom diabetes - AnnaPs\" \/>\n<meta property=\"og:description\" content=\"I en v\u00e4rld av teknologi h\u00e4nder det mycket. Speciellt p\u00e5 diabetesmarknaden! V\u00e5rt m\u00e5l \u00e4r att du ska kunna b\u00e4ra dina diabeteshj\u00e4lpmedel i v\u00e5ra produkter.\" \/>\n<meta property=\"og:url\" content=\"https:\/\/annaps.com\/sv\/om-diabetes\/teknologi-och-forskning\/\" \/>\n<meta property=\"og:site_name\" content=\"AnnaPS\" \/>\n<meta property=\"article:publisher\" content=\"https:\/\/www.facebook.com\/annaps.scandinavia\/\" \/>\n<meta property=\"article:modified_time\" content=\"2016-03-09T20:20:13+00:00\" \/>\n<meta name=\"twitter:card\" content=\"summary_large_image\" \/>\n<meta name=\"twitter:label1\" content=\"Ber\u00e4knad l\u00e4stid\" \/>\n\t<meta name=\"twitter:data1\" content=\"1 minut\" \/>\n<script type=\"application\/ld+json\" class=\"yoast-schema-graph\">{\"@context\":\"https:\/\/schema.org\",\"@graph\":[{\"@type\":\"WebPage\",\"@id\":\"https:\/\/annaps.com\/sv\/om-diabetes\/teknologi-och-forskning\/\",\"url\":\"https:\/\/annaps.com\/sv\/om-diabetes\/teknologi-och-forskning\/\",\"name\":\"Teknologi och forskning inom diabetes - AnnaPs\",\"isPartOf\":{\"@id\":\"https:\/\/annaps.com\/de\/#website\"},\"datePublished\":\"2016-01-07T12:21:17+00:00\",\"dateModified\":\"2016-03-09T20:20:13+00:00\",\"description\":\"I en v\u00e4rld av teknologi h\u00e4nder det mycket. Speciellt p\u00e5 diabetesmarknaden! V\u00e5rt m\u00e5l \u00e4r att du ska kunna b\u00e4ra dina diabeteshj\u00e4lpmedel i v\u00e5ra produkter.\",\"breadcrumb\":{\"@id\":\"https:\/\/annaps.com\/sv\/om-diabetes\/teknologi-och-forskning\/#breadcrumb\"},\"inLanguage\":\"sv-SE\",\"potentialAction\":[{\"@type\":\"ReadAction\",\"target\":[\"https:\/\/annaps.com\/sv\/om-diabetes\/teknologi-och-forskning\/\"]}]},{\"@type\":\"BreadcrumbList\",\"@id\":\"https:\/\/annaps.com\/sv\/om-diabetes\/teknologi-och-forskning\/#breadcrumb\",\"itemListElement\":[{\"@type\":\"ListItem\",\"position\":1,\"name\":\"Hem\",\"item\":\"https:\/\/annaps.com\/sv\/\"},{\"@type\":\"ListItem\",\"position\":2,\"name\":\"Om diabetes\",\"item\":\"https:\/\/annaps.com\/sv\/om-diabetes\/\"},{\"@type\":\"ListItem\",\"position\":3,\"name\":\"Teknologi och forskning\"}]},{\"@type\":\"WebSite\",\"@id\":\"https:\/\/annaps.com\/de\/#website\",\"url\":\"https:\/\/annaps.com\/de\/\",\"name\":\"AnnaPS\",\"description\":\"Det skall vara enkelt att b\u00e4ra!\",\"potentialAction\":[{\"@type\":\"SearchAction\",\"target\":{\"@type\":\"EntryPoint\",\"urlTemplate\":\"https:\/\/annaps.com\/de\/?s={search_term_string}\"},\"query-input\":{\"@type\":\"PropertyValueSpecification\",\"valueRequired\":true,\"valueName\":\"search_term_string\"}}],\"inLanguage\":\"sv-SE\"}]}<\/script>\n<!-- \/ Yoast SEO plugin. -->","yoast_head_json":{"title":"Teknologi och forskning inom diabetes - AnnaPs","description":"I en v\u00e4rld av teknologi h\u00e4nder det mycket. Speciellt p\u00e5 diabetesmarknaden! V\u00e5rt m\u00e5l \u00e4r att du ska kunna b\u00e4ra dina diabeteshj\u00e4lpmedel i v\u00e5ra produkter.","robots":{"index":"index","follow":"follow","max-snippet":"max-snippet:-1","max-image-preview":"max-image-preview:large","max-video-preview":"max-video-preview:-1"},"canonical":"https:\/\/annaps.com\/sv\/om-diabetes\/teknologi-och-forskning\/","og_locale":"sv_SE","og_type":"article","og_title":"Teknologi och forskning inom diabetes - AnnaPs","og_description":"I en v\u00e4rld av teknologi h\u00e4nder det mycket. Speciellt p\u00e5 diabetesmarknaden! V\u00e5rt m\u00e5l \u00e4r att du ska kunna b\u00e4ra dina diabeteshj\u00e4lpmedel i v\u00e5ra produkter.","og_url":"https:\/\/annaps.com\/sv\/om-diabetes\/teknologi-och-forskning\/","og_site_name":"AnnaPS","article_publisher":"https:\/\/www.facebook.com\/annaps.scandinavia\/","article_modified_time":"2016-03-09T20:20:13+00:00","twitter_card":"summary_large_image","twitter_misc":{"Ber\u00e4knad l\u00e4stid":"1 minut"},"schema":{"@context":"https:\/\/schema.org","@graph":[{"@type":"WebPage","@id":"https:\/\/annaps.com\/sv\/om-diabetes\/teknologi-och-forskning\/","url":"https:\/\/annaps.com\/sv\/om-diabetes\/teknologi-och-forskning\/","name":"Teknologi och forskning inom diabetes - AnnaPs","isPartOf":{"@id":"https:\/\/annaps.com\/de\/#website"},"datePublished":"2016-01-07T12:21:17+00:00","dateModified":"2016-03-09T20:20:13+00:00","description":"I en v\u00e4rld av teknologi h\u00e4nder det mycket. Speciellt p\u00e5 diabetesmarknaden! V\u00e5rt m\u00e5l \u00e4r att du ska kunna b\u00e4ra dina diabeteshj\u00e4lpmedel i v\u00e5ra produkter.","breadcrumb":{"@id":"https:\/\/annaps.com\/sv\/om-diabetes\/teknologi-och-forskning\/#breadcrumb"},"inLanguage":"sv-SE","potentialAction":[{"@type":"ReadAction","target":["https:\/\/annaps.com\/sv\/om-diabetes\/teknologi-och-forskning\/"]}]},{"@type":"BreadcrumbList","@id":"https:\/\/annaps.com\/sv\/om-diabetes\/teknologi-och-forskning\/#breadcrumb","itemListElement":[{"@type":"ListItem","position":1,"name":"Hem","item":"https:\/\/annaps.com\/sv\/"},{"@type":"ListItem","position":2,"name":"Om diabetes","item":"https:\/\/annaps.com\/sv\/om-diabetes\/"},{"@type":"ListItem","position":3,"name":"Teknologi och forskning"}]},{"@type":"WebSite","@id":"https:\/\/annaps.com\/de\/#website","url":"https:\/\/annaps.com\/de\/","name":"AnnaPS","description":"Det skall vara enkelt att b\u00e4ra!","potentialAction":[{"@type":"SearchAction","target":{"@type":"EntryPoint","urlTemplate":"https:\/\/annaps.com\/de\/?s={search_term_string}"},"query-input":{"@type":"PropertyValueSpecification","valueRequired":true,"valueName":"search_term_string"}}],"inLanguage":"sv-SE"}]}},"_links":{"self":[{"href":"https:\/\/annaps.com\/sv\/wp-json\/wp\/v2\/pages\/372","targetHints":{"allow":["GET"]}}],"collection":[{"href":"https:\/\/annaps.com\/sv\/wp-json\/wp\/v2\/pages"}],"about":[{"href":"https:\/\/annaps.com\/sv\/wp-json\/wp\/v2\/types\/page"}],"author":[{"embeddable":true,"href":"https:\/\/annaps.com\/sv\/wp-json\/wp\/v2\/users\/1"}],"replies":[{"embeddable":true,"href":"https:\/\/annaps.com\/sv\/wp-json\/wp\/v2\/comments?post=372"}],"version-history":[{"count":0,"href":"https:\/\/annaps.com\/sv\/wp-json\/wp\/v2\/pages\/372\/revisions"}],"up":[{"embeddable":true,"href":"https:\/\/annaps.com\/sv\/wp-json\/wp\/v2\/pages\/358"}],"wp:attachment":[{"href":"https:\/\/annaps.com\/sv\/wp-json\/wp\/v2\/media?parent=372"}],"curies":[{"name":"wp","href":"https:\/\/api.w.org\/{rel}","templated":true}]}}