{"id":370,"date":"2016-01-07T12:20:43","date_gmt":"2016-01-07T12:20:43","guid":{"rendered":"https:\/\/www.annaps.com\/?page_id=370"},"modified":"2016-10-24T21:04:23","modified_gmt":"2016-10-24T19:04:23","slug":"vaerldsdiabetesdagen","status":"publish","type":"page","link":"https:\/\/annaps.com\/sv\/om-diabetes\/vaerldsdiabetesdagen\/","title":{"rendered":"V\u00e4rldsdiabetesdagen"},"content":{"rendered":"<p>Den 14 november varje \u00e5r infaller V\u00e4rldsdiabetesdagen. Det\u00a0\u00e4r en dag n\u00e4r stora byggnader och monument \u00f6ver hela v\u00e4rlden lyser i den\u00a0diabetesbl\u00e5 f\u00e4rgen, m\u00e4nniskor kl\u00e4r sig i bl\u00e5tt och arrangerar en rad festligheter &#8211; oftast till f\u00f6rm\u00e5n f\u00f6r diabetesforskningen. Varje \u00e5r dyker nya event upp, och p\u00e5\u00a0AnnaPS f\u00f6rs\u00f6ker vi alltid att vara up\u00ad-to\u00ad-date med vad som h\u00e4nder. Nyheter om\u00a0V\u00e4rldsdiabetesdagen finns p\u00e5 AnnaPS-\u00adbloggen!<\/p>\n<p>IDF (International Diabetes Federation) \u00e4r den organisation som st\u00e5r\u00a0bakom WDD och p\u00e5 deras hemsida hittar du mycket intressant och anv\u00e4ndbart material f\u00f6r att sprida kunskap om diabetes under kampanjen WDD. H\u00e4r \u00e4r ett litet axplock:<\/p>\n<p><strong>G\u00f6r din egen\u00a0WDD-selfie<\/strong>:\u00a0<a href=\"http:\/\/www.idf.org\/worlddiabetesday\/selfie-app\">http:\/\/www.idf.org\/worlddiabetesday\/selfie-app<\/a><\/p>\n<p><strong>Text och fotografier<\/strong> som kan anv\u00e4ndas i sociala medier\u00a0:\u00a0<a href=\"http:\/\/www.idf.org\/wdd-index\/resources.html\">http:\/\/www.idf.org\/wdd-index\/resources.html<\/a><\/p>\n<p><strong>Hitta ditt diabetes event<\/strong>: (h\u00e4r kan du ocks\u00e5 registrera ditt event):\u00a0<a href=\"http:\/\/www.idf.org\/wdd-events\/\">http:\/\/www.idf.org\/wdd-events\/<\/a><\/p>\n<p>&nbsp;<\/p>\n","protected":false},"excerpt":{"rendered":"<p>Den 14 november varje \u00e5r infaller V\u00e4rldsdiabetesdagen. Det\u00a0\u00e4r en dag n\u00e4r stora byggnader och monument \u00f6ver hela v\u00e4rlden lyser i den\u00a0diabetesbl\u00e5 f\u00e4rgen, m\u00e4nniskor kl\u00e4r sig i bl\u00e5tt och arrangerar en rad festligheter &#8211; oftast till f\u00f6rm\u00e5n f\u00f6r diabetesforskningen. Varje \u00e5r dyker nya event upp, och p\u00e5\u00a0AnnaPS f\u00f6rs\u00f6ker vi alltid att vara up\u00ad-to\u00ad-date med vad som [&hellip;]<\/p>\n","protected":false},"author":1,"featured_media":0,"parent":358,"menu_order":5,"comment_status":"closed","ping_status":"closed","template":"","meta":{"_acf_changed":false,"footnotes":""},"class_list":["post-370","page","type-page","status-publish","hentry"],"acf":[],"yoast_head":"<!-- This site is optimized with the Yoast SEO plugin v27.1.1 - https:\/\/yoast.com\/product\/yoast-seo-wordpress\/ -->\n<title>V\u00e4rldsdiabetesdagen - AnnaPs<\/title>\n<meta name=\"description\" content=\"En dag f\u00f6r diabetiker runt om i v\u00e4rlden. Varje \u00e5r dyker nya event upp p\u00e5 diabetesdagen, mer om nyheter om v\u00e4rldsdiabetesdagen finns p\u00e5 AnnaPs-bloggen.\" \/>\n<meta name=\"robots\" content=\"index, follow, max-snippet:-1, max-image-preview:large, max-video-preview:-1\" \/>\n<link rel=\"canonical\" href=\"https:\/\/annaps.com\/sv\/om-diabetes\/vaerldsdiabetesdagen\/\" \/>\n<meta property=\"og:locale\" content=\"sv_SE\" \/>\n<meta property=\"og:type\" content=\"article\" \/>\n<meta property=\"og:title\" content=\"V\u00e4rldsdiabetesdagen - AnnaPs\" \/>\n<meta property=\"og:description\" content=\"En dag f\u00f6r diabetiker runt om i v\u00e4rlden. Varje \u00e5r dyker nya event upp p\u00e5 diabetesdagen, mer om nyheter om v\u00e4rldsdiabetesdagen finns p\u00e5 AnnaPs-bloggen.\" \/>\n<meta property=\"og:url\" content=\"https:\/\/annaps.com\/sv\/om-diabetes\/vaerldsdiabetesdagen\/\" \/>\n<meta property=\"og:site_name\" content=\"AnnaPS\" \/>\n<meta property=\"article:publisher\" content=\"https:\/\/www.facebook.com\/annaps.scandinavia\/\" \/>\n<meta property=\"article:modified_time\" content=\"2016-10-24T19:04:23+00:00\" \/>\n<meta name=\"twitter:card\" content=\"summary_large_image\" \/>\n<meta name=\"twitter:label1\" content=\"Ber\u00e4knad l\u00e4stid\" \/>\n\t<meta name=\"twitter:data1\" content=\"1 minut\" \/>\n<script type=\"application\/ld+json\" class=\"yoast-schema-graph\">{\"@context\":\"https:\/\/schema.org\",\"@graph\":[{\"@type\":\"WebPage\",\"@id\":\"https:\/\/annaps.com\/sv\/om-diabetes\/vaerldsdiabetesdagen\/\",\"url\":\"https:\/\/annaps.com\/sv\/om-diabetes\/vaerldsdiabetesdagen\/\",\"name\":\"V\u00e4rldsdiabetesdagen - AnnaPs\",\"isPartOf\":{\"@id\":\"https:\/\/annaps.com\/de\/#website\"},\"datePublished\":\"2016-01-07T12:20:43+00:00\",\"dateModified\":\"2016-10-24T19:04:23+00:00\",\"description\":\"En dag f\u00f6r diabetiker runt om i v\u00e4rlden. Varje \u00e5r dyker nya event upp p\u00e5 diabetesdagen, mer om nyheter om v\u00e4rldsdiabetesdagen finns p\u00e5 AnnaPs-bloggen.\",\"breadcrumb\":{\"@id\":\"https:\/\/annaps.com\/sv\/om-diabetes\/vaerldsdiabetesdagen\/#breadcrumb\"},\"inLanguage\":\"sv-SE\",\"potentialAction\":[{\"@type\":\"ReadAction\",\"target\":[\"https:\/\/annaps.com\/sv\/om-diabetes\/vaerldsdiabetesdagen\/\"]}]},{\"@type\":\"BreadcrumbList\",\"@id\":\"https:\/\/annaps.com\/sv\/om-diabetes\/vaerldsdiabetesdagen\/#breadcrumb\",\"itemListElement\":[{\"@type\":\"ListItem\",\"position\":1,\"name\":\"Hem\",\"item\":\"https:\/\/annaps.com\/sv\/\"},{\"@type\":\"ListItem\",\"position\":2,\"name\":\"Om diabetes\",\"item\":\"https:\/\/annaps.com\/sv\/om-diabetes\/\"},{\"@type\":\"ListItem\",\"position\":3,\"name\":\"V\u00e4rldsdiabetesdagen\"}]},{\"@type\":\"WebSite\",\"@id\":\"https:\/\/annaps.com\/de\/#website\",\"url\":\"https:\/\/annaps.com\/de\/\",\"name\":\"AnnaPS\",\"description\":\"Det skall vara enkelt att b\u00e4ra!\",\"potentialAction\":[{\"@type\":\"SearchAction\",\"target\":{\"@type\":\"EntryPoint\",\"urlTemplate\":\"https:\/\/annaps.com\/de\/?s={search_term_string}\"},\"query-input\":{\"@type\":\"PropertyValueSpecification\",\"valueRequired\":true,\"valueName\":\"search_term_string\"}}],\"inLanguage\":\"sv-SE\"}]}<\/script>\n<!-- \/ Yoast SEO plugin. -->","yoast_head_json":{"title":"V\u00e4rldsdiabetesdagen - AnnaPs","description":"En dag f\u00f6r diabetiker runt om i v\u00e4rlden. Varje \u00e5r dyker nya event upp p\u00e5 diabetesdagen, mer om nyheter om v\u00e4rldsdiabetesdagen finns p\u00e5 AnnaPs-bloggen.","robots":{"index":"index","follow":"follow","max-snippet":"max-snippet:-1","max-image-preview":"max-image-preview:large","max-video-preview":"max-video-preview:-1"},"canonical":"https:\/\/annaps.com\/sv\/om-diabetes\/vaerldsdiabetesdagen\/","og_locale":"sv_SE","og_type":"article","og_title":"V\u00e4rldsdiabetesdagen - AnnaPs","og_description":"En dag f\u00f6r diabetiker runt om i v\u00e4rlden. Varje \u00e5r dyker nya event upp p\u00e5 diabetesdagen, mer om nyheter om v\u00e4rldsdiabetesdagen finns p\u00e5 AnnaPs-bloggen.","og_url":"https:\/\/annaps.com\/sv\/om-diabetes\/vaerldsdiabetesdagen\/","og_site_name":"AnnaPS","article_publisher":"https:\/\/www.facebook.com\/annaps.scandinavia\/","article_modified_time":"2016-10-24T19:04:23+00:00","twitter_card":"summary_large_image","twitter_misc":{"Ber\u00e4knad l\u00e4stid":"1 minut"},"schema":{"@context":"https:\/\/schema.org","@graph":[{"@type":"WebPage","@id":"https:\/\/annaps.com\/sv\/om-diabetes\/vaerldsdiabetesdagen\/","url":"https:\/\/annaps.com\/sv\/om-diabetes\/vaerldsdiabetesdagen\/","name":"V\u00e4rldsdiabetesdagen - AnnaPs","isPartOf":{"@id":"https:\/\/annaps.com\/de\/#website"},"datePublished":"2016-01-07T12:20:43+00:00","dateModified":"2016-10-24T19:04:23+00:00","description":"En dag f\u00f6r diabetiker runt om i v\u00e4rlden. Varje \u00e5r dyker nya event upp p\u00e5 diabetesdagen, mer om nyheter om v\u00e4rldsdiabetesdagen finns p\u00e5 AnnaPs-bloggen.","breadcrumb":{"@id":"https:\/\/annaps.com\/sv\/om-diabetes\/vaerldsdiabetesdagen\/#breadcrumb"},"inLanguage":"sv-SE","potentialAction":[{"@type":"ReadAction","target":["https:\/\/annaps.com\/sv\/om-diabetes\/vaerldsdiabetesdagen\/"]}]},{"@type":"BreadcrumbList","@id":"https:\/\/annaps.com\/sv\/om-diabetes\/vaerldsdiabetesdagen\/#breadcrumb","itemListElement":[{"@type":"ListItem","position":1,"name":"Hem","item":"https:\/\/annaps.com\/sv\/"},{"@type":"ListItem","position":2,"name":"Om diabetes","item":"https:\/\/annaps.com\/sv\/om-diabetes\/"},{"@type":"ListItem","position":3,"name":"V\u00e4rldsdiabetesdagen"}]},{"@type":"WebSite","@id":"https:\/\/annaps.com\/de\/#website","url":"https:\/\/annaps.com\/de\/","name":"AnnaPS","description":"Det skall vara enkelt att b\u00e4ra!","potentialAction":[{"@type":"SearchAction","target":{"@type":"EntryPoint","urlTemplate":"https:\/\/annaps.com\/de\/?s={search_term_string}"},"query-input":{"@type":"PropertyValueSpecification","valueRequired":true,"valueName":"search_term_string"}}],"inLanguage":"sv-SE"}]}},"_links":{"self":[{"href":"https:\/\/annaps.com\/sv\/wp-json\/wp\/v2\/pages\/370","targetHints":{"allow":["GET"]}}],"collection":[{"href":"https:\/\/annaps.com\/sv\/wp-json\/wp\/v2\/pages"}],"about":[{"href":"https:\/\/annaps.com\/sv\/wp-json\/wp\/v2\/types\/page"}],"author":[{"embeddable":true,"href":"https:\/\/annaps.com\/sv\/wp-json\/wp\/v2\/users\/1"}],"replies":[{"embeddable":true,"href":"https:\/\/annaps.com\/sv\/wp-json\/wp\/v2\/comments?post=370"}],"version-history":[{"count":0,"href":"https:\/\/annaps.com\/sv\/wp-json\/wp\/v2\/pages\/370\/revisions"}],"up":[{"embeddable":true,"href":"https:\/\/annaps.com\/sv\/wp-json\/wp\/v2\/pages\/358"}],"wp:attachment":[{"href":"https:\/\/annaps.com\/sv\/wp-json\/wp\/v2\/media?parent=370"}],"curies":[{"name":"wp","href":"https:\/\/api.w.org\/{rel}","templated":true}]}}