{"id":366,"date":"2016-01-07T12:18:39","date_gmt":"2016-01-07T12:18:39","guid":{"rendered":"https:\/\/www.annaps.com\/?page_id=366"},"modified":"2016-02-23T10:25:24","modified_gmt":"2016-02-23T10:25:24","slug":"diabetesrelaterade-event","status":"publish","type":"page","link":"https:\/\/annaps.com\/sv\/om-diabetes\/diabetesrelaterade-event\/","title":{"rendered":"Diabetesrelaterade event"},"content":{"rendered":"<p>\u00ad D\u00e5 och d\u00e5 h\u00e5lls diabetesrelaterade event, och vi p\u00e5\u00a0AnnaPS f\u00f6rs\u00f6ker alltid att vara p\u00e5 plats! Vi ber\u00e4ttar f\u00f6r er n\u00e4r och var p\u00e5 v\u00e5r blogg, s\u00e5\u00a0du har m\u00f6jligheten att komma och tr\u00e4ffa oss, och testa AnnaPS-\u00adprodukterna.<\/p>\n<p>Har du ett diabetesevent? Tveka inte att h\u00f6ra av er till oss om ni vill bjuda in oss att deltaga. Det brukar vara uppskattat inslag att f\u00e5 m\u00f6jlighet att prova och k\u00e4nna p\u00e5 v\u00e5ra kl\u00e4der i verkligheten.<\/p>\n","protected":false},"excerpt":{"rendered":"<p>\u00ad D\u00e5 och d\u00e5 h\u00e5lls diabetesrelaterade event, och vi p\u00e5\u00a0AnnaPS f\u00f6rs\u00f6ker alltid att vara p\u00e5 plats! Vi ber\u00e4ttar f\u00f6r er n\u00e4r och var p\u00e5 v\u00e5r blogg, s\u00e5\u00a0du har m\u00f6jligheten att komma och tr\u00e4ffa oss, och testa AnnaPS-\u00adprodukterna. Har du ett diabetesevent? Tveka inte att h\u00f6ra av er till oss om ni vill bjuda in oss [&hellip;]<\/p>\n","protected":false},"author":1,"featured_media":0,"parent":358,"menu_order":3,"comment_status":"closed","ping_status":"closed","template":"","meta":{"_acf_changed":false,"footnotes":""},"class_list":["post-366","page","type-page","status-publish","hentry"],"acf":[],"yoast_head":"<!-- This site is optimized with the Yoast SEO plugin v27.1.1 - https:\/\/yoast.com\/product\/yoast-seo-wordpress\/ -->\n<title>Diabetesrelaterade event - AnnaPS<\/title>\n<meta name=\"description\" content=\"AnnaPS makes clothes with integrated pockets to carry your diabetes devices such as insulin pump, pen and glucose meter. Stylish, high quality, functional and environmental focus.\" \/>\n<meta name=\"robots\" content=\"index, follow, max-snippet:-1, max-image-preview:large, max-video-preview:-1\" \/>\n<link rel=\"canonical\" href=\"https:\/\/annaps.com\/sv\/om-diabetes\/diabetesrelaterade-event\/\" \/>\n<meta property=\"og:locale\" content=\"sv_SE\" \/>\n<meta property=\"og:type\" content=\"article\" \/>\n<meta property=\"og:title\" content=\"Diabetesrelaterade event - AnnaPS\" \/>\n<meta property=\"og:description\" content=\"AnnaPS makes clothes with integrated pockets to carry your diabetes devices such as insulin pump, pen and glucose meter. Stylish, high quality, functional and environmental focus.\" \/>\n<meta property=\"og:url\" content=\"https:\/\/annaps.com\/sv\/om-diabetes\/diabetesrelaterade-event\/\" \/>\n<meta property=\"og:site_name\" content=\"AnnaPS\" \/>\n<meta property=\"article:publisher\" content=\"https:\/\/www.facebook.com\/annaps.scandinavia\/\" \/>\n<meta property=\"article:modified_time\" content=\"2016-02-23T10:25:24+00:00\" \/>\n<meta name=\"twitter:card\" content=\"summary_large_image\" \/>\n<script type=\"application\/ld+json\" class=\"yoast-schema-graph\">{\"@context\":\"https:\/\/schema.org\",\"@graph\":[{\"@type\":\"WebPage\",\"@id\":\"https:\/\/annaps.com\/sv\/om-diabetes\/diabetesrelaterade-event\/\",\"url\":\"https:\/\/annaps.com\/sv\/om-diabetes\/diabetesrelaterade-event\/\",\"name\":\"Diabetesrelaterade event - AnnaPS\",\"isPartOf\":{\"@id\":\"https:\/\/annaps.com\/de\/#website\"},\"datePublished\":\"2016-01-07T12:18:39+00:00\",\"dateModified\":\"2016-02-23T10:25:24+00:00\",\"description\":\"AnnaPS makes clothes with integrated pockets to carry your diabetes devices such as insulin pump, pen and glucose meter. Stylish, high quality, functional and environmental focus.\",\"breadcrumb\":{\"@id\":\"https:\/\/annaps.com\/sv\/om-diabetes\/diabetesrelaterade-event\/#breadcrumb\"},\"inLanguage\":\"sv-SE\",\"potentialAction\":[{\"@type\":\"ReadAction\",\"target\":[\"https:\/\/annaps.com\/sv\/om-diabetes\/diabetesrelaterade-event\/\"]}]},{\"@type\":\"BreadcrumbList\",\"@id\":\"https:\/\/annaps.com\/sv\/om-diabetes\/diabetesrelaterade-event\/#breadcrumb\",\"itemListElement\":[{\"@type\":\"ListItem\",\"position\":1,\"name\":\"Hem\",\"item\":\"https:\/\/annaps.com\/sv\/\"},{\"@type\":\"ListItem\",\"position\":2,\"name\":\"Om diabetes\",\"item\":\"https:\/\/annaps.com\/sv\/om-diabetes\/\"},{\"@type\":\"ListItem\",\"position\":3,\"name\":\"Diabetesrelaterade event\"}]},{\"@type\":\"WebSite\",\"@id\":\"https:\/\/annaps.com\/de\/#website\",\"url\":\"https:\/\/annaps.com\/de\/\",\"name\":\"AnnaPS\",\"description\":\"Det skall vara enkelt att b\u00e4ra!\",\"potentialAction\":[{\"@type\":\"SearchAction\",\"target\":{\"@type\":\"EntryPoint\",\"urlTemplate\":\"https:\/\/annaps.com\/de\/?s={search_term_string}\"},\"query-input\":{\"@type\":\"PropertyValueSpecification\",\"valueRequired\":true,\"valueName\":\"search_term_string\"}}],\"inLanguage\":\"sv-SE\"}]}<\/script>\n<!-- \/ Yoast SEO plugin. -->","yoast_head_json":{"title":"Diabetesrelaterade event - AnnaPS","description":"AnnaPS makes clothes with integrated pockets to carry your diabetes devices such as insulin pump, pen and glucose meter. Stylish, high quality, functional and environmental focus.","robots":{"index":"index","follow":"follow","max-snippet":"max-snippet:-1","max-image-preview":"max-image-preview:large","max-video-preview":"max-video-preview:-1"},"canonical":"https:\/\/annaps.com\/sv\/om-diabetes\/diabetesrelaterade-event\/","og_locale":"sv_SE","og_type":"article","og_title":"Diabetesrelaterade event - AnnaPS","og_description":"AnnaPS makes clothes with integrated pockets to carry your diabetes devices such as insulin pump, pen and glucose meter. Stylish, high quality, functional and environmental focus.","og_url":"https:\/\/annaps.com\/sv\/om-diabetes\/diabetesrelaterade-event\/","og_site_name":"AnnaPS","article_publisher":"https:\/\/www.facebook.com\/annaps.scandinavia\/","article_modified_time":"2016-02-23T10:25:24+00:00","twitter_card":"summary_large_image","schema":{"@context":"https:\/\/schema.org","@graph":[{"@type":"WebPage","@id":"https:\/\/annaps.com\/sv\/om-diabetes\/diabetesrelaterade-event\/","url":"https:\/\/annaps.com\/sv\/om-diabetes\/diabetesrelaterade-event\/","name":"Diabetesrelaterade event - AnnaPS","isPartOf":{"@id":"https:\/\/annaps.com\/de\/#website"},"datePublished":"2016-01-07T12:18:39+00:00","dateModified":"2016-02-23T10:25:24+00:00","description":"AnnaPS makes clothes with integrated pockets to carry your diabetes devices such as insulin pump, pen and glucose meter. Stylish, high quality, functional and environmental focus.","breadcrumb":{"@id":"https:\/\/annaps.com\/sv\/om-diabetes\/diabetesrelaterade-event\/#breadcrumb"},"inLanguage":"sv-SE","potentialAction":[{"@type":"ReadAction","target":["https:\/\/annaps.com\/sv\/om-diabetes\/diabetesrelaterade-event\/"]}]},{"@type":"BreadcrumbList","@id":"https:\/\/annaps.com\/sv\/om-diabetes\/diabetesrelaterade-event\/#breadcrumb","itemListElement":[{"@type":"ListItem","position":1,"name":"Hem","item":"https:\/\/annaps.com\/sv\/"},{"@type":"ListItem","position":2,"name":"Om diabetes","item":"https:\/\/annaps.com\/sv\/om-diabetes\/"},{"@type":"ListItem","position":3,"name":"Diabetesrelaterade event"}]},{"@type":"WebSite","@id":"https:\/\/annaps.com\/de\/#website","url":"https:\/\/annaps.com\/de\/","name":"AnnaPS","description":"Det skall vara enkelt att b\u00e4ra!","potentialAction":[{"@type":"SearchAction","target":{"@type":"EntryPoint","urlTemplate":"https:\/\/annaps.com\/de\/?s={search_term_string}"},"query-input":{"@type":"PropertyValueSpecification","valueRequired":true,"valueName":"search_term_string"}}],"inLanguage":"sv-SE"}]}},"_links":{"self":[{"href":"https:\/\/annaps.com\/sv\/wp-json\/wp\/v2\/pages\/366","targetHints":{"allow":["GET"]}}],"collection":[{"href":"https:\/\/annaps.com\/sv\/wp-json\/wp\/v2\/pages"}],"about":[{"href":"https:\/\/annaps.com\/sv\/wp-json\/wp\/v2\/types\/page"}],"author":[{"embeddable":true,"href":"https:\/\/annaps.com\/sv\/wp-json\/wp\/v2\/users\/1"}],"replies":[{"embeddable":true,"href":"https:\/\/annaps.com\/sv\/wp-json\/wp\/v2\/comments?post=366"}],"version-history":[{"count":0,"href":"https:\/\/annaps.com\/sv\/wp-json\/wp\/v2\/pages\/366\/revisions"}],"up":[{"embeddable":true,"href":"https:\/\/annaps.com\/sv\/wp-json\/wp\/v2\/pages\/358"}],"wp:attachment":[{"href":"https:\/\/annaps.com\/sv\/wp-json\/wp\/v2\/media?parent=366"}],"curies":[{"name":"wp","href":"https:\/\/api.w.org\/{rel}","templated":true}]}}