{"id":364,"date":"2016-01-07T12:18:13","date_gmt":"2016-01-07T12:18:13","guid":{"rendered":"https:\/\/www.annaps.com\/?page_id=364"},"modified":"2016-03-09T19:30:56","modified_gmt":"2016-03-09T19:30:56","slug":"oeppendiabetes","status":"publish","type":"page","link":"https:\/\/annaps.com\/sv\/om-diabetes\/oeppendiabetes\/","title":{"rendered":"#\u00d6PPENDIABETES"},"content":{"rendered":"<p><span style=\"font-weight: 400;\">#\u00d6PPENDIABETES \u00e4r en kampanj som v\u00e5r marknadsf\u00f6ringskonsult Sofia startade i slutet av 2014, tillsammans med en annan diabetesbloggare. Den st\u00e5r f\u00f6r tre saker: 1. Ingen \u00e4r ensam med sin diabetes, vi \u00e4r m\u00e5nga som sitter i samma b\u00e5t. 2. Vi m\u00e5ste utbilda v\u00e5r omgivning! 3. Den skam som idag (tyv\u00e4rr) existerar kring typ 1-diabetes m\u00e5ste elimineras! Alla dessa tre saker sitter ihop, men f\u00f6r att klarg\u00f6ra; det \u00e4r viktigt att f\u00e5 ut ordet \u201cdiabetes\u201d i samh\u00e4llet! Om du idag klickar p\u00e5 hashtaggen #\u00d6PPENDIABETES p\u00e5 Instagram, hittar du tusentals bilder fr\u00e5n diabetiker i hela Sverige.<\/span><\/p>\n","protected":false},"excerpt":{"rendered":"<p>#\u00d6PPENDIABETES \u00e4r en kampanj som v\u00e5r marknadsf\u00f6ringskonsult Sofia startade i slutet av 2014, tillsammans med en annan diabetesbloggare. Den st\u00e5r f\u00f6r tre saker: 1. Ingen \u00e4r ensam med sin diabetes, vi \u00e4r m\u00e5nga som sitter i samma b\u00e5t. 2. Vi m\u00e5ste utbilda v\u00e5r omgivning! 3. Den skam som idag (tyv\u00e4rr) existerar kring typ 1-diabetes m\u00e5ste [&hellip;]<\/p>\n","protected":false},"author":1,"featured_media":0,"parent":358,"menu_order":7,"comment_status":"closed","ping_status":"closed","template":"","meta":{"_acf_changed":false,"footnotes":""},"class_list":["post-364","page","type-page","status-publish","hentry"],"acf":[],"yoast_head":"<!-- This site is optimized with the Yoast SEO plugin v27.1.1 - https:\/\/yoast.com\/product\/yoast-seo-wordpress\/ -->\n<title>#\u00d6PPENDIABETES - AnnaPS<\/title>\n<meta name=\"description\" content=\"V\u00e5r marknadsf\u00f6ringskonsult Sofia startade i slutet av 2014 hashtaggen #\u00d6PPENDIABETES tillsammans med en annan diabetesbloggare.\" \/>\n<meta name=\"robots\" content=\"index, follow, max-snippet:-1, max-image-preview:large, max-video-preview:-1\" \/>\n<link rel=\"canonical\" href=\"https:\/\/annaps.com\/sv\/om-diabetes\/oeppendiabetes\/\" \/>\n<meta property=\"og:locale\" content=\"sv_SE\" \/>\n<meta property=\"og:type\" content=\"article\" \/>\n<meta property=\"og:title\" content=\"#\u00d6PPENDIABETES - AnnaPS\" \/>\n<meta property=\"og:description\" content=\"V\u00e5r marknadsf\u00f6ringskonsult Sofia startade i slutet av 2014 hashtaggen #\u00d6PPENDIABETES tillsammans med en annan diabetesbloggare.\" \/>\n<meta property=\"og:url\" content=\"https:\/\/annaps.com\/sv\/om-diabetes\/oeppendiabetes\/\" \/>\n<meta property=\"og:site_name\" content=\"AnnaPS\" \/>\n<meta property=\"article:publisher\" content=\"https:\/\/www.facebook.com\/annaps.scandinavia\/\" \/>\n<meta property=\"article:modified_time\" content=\"2016-03-09T19:30:56+00:00\" \/>\n<meta name=\"twitter:card\" content=\"summary_large_image\" \/>\n<meta name=\"twitter:label1\" content=\"Ber\u00e4knad l\u00e4stid\" \/>\n\t<meta name=\"twitter:data1\" content=\"1 minut\" \/>\n<script type=\"application\/ld+json\" class=\"yoast-schema-graph\">{\"@context\":\"https:\/\/schema.org\",\"@graph\":[{\"@type\":\"WebPage\",\"@id\":\"https:\/\/annaps.com\/sv\/om-diabetes\/oeppendiabetes\/\",\"url\":\"https:\/\/annaps.com\/sv\/om-diabetes\/oeppendiabetes\/\",\"name\":\"#\u00d6PPENDIABETES - AnnaPS\",\"isPartOf\":{\"@id\":\"https:\/\/annaps.com\/de\/#website\"},\"datePublished\":\"2016-01-07T12:18:13+00:00\",\"dateModified\":\"2016-03-09T19:30:56+00:00\",\"description\":\"V\u00e5r marknadsf\u00f6ringskonsult Sofia startade i slutet av 2014 hashtaggen #\u00d6PPENDIABETES tillsammans med en annan diabetesbloggare.\",\"breadcrumb\":{\"@id\":\"https:\/\/annaps.com\/sv\/om-diabetes\/oeppendiabetes\/#breadcrumb\"},\"inLanguage\":\"sv-SE\",\"potentialAction\":[{\"@type\":\"ReadAction\",\"target\":[\"https:\/\/annaps.com\/sv\/om-diabetes\/oeppendiabetes\/\"]}]},{\"@type\":\"BreadcrumbList\",\"@id\":\"https:\/\/annaps.com\/sv\/om-diabetes\/oeppendiabetes\/#breadcrumb\",\"itemListElement\":[{\"@type\":\"ListItem\",\"position\":1,\"name\":\"Hem\",\"item\":\"https:\/\/annaps.com\/sv\/\"},{\"@type\":\"ListItem\",\"position\":2,\"name\":\"Om diabetes\",\"item\":\"https:\/\/annaps.com\/sv\/om-diabetes\/\"},{\"@type\":\"ListItem\",\"position\":3,\"name\":\"#\u00d6PPENDIABETES\"}]},{\"@type\":\"WebSite\",\"@id\":\"https:\/\/annaps.com\/de\/#website\",\"url\":\"https:\/\/annaps.com\/de\/\",\"name\":\"AnnaPS\",\"description\":\"Det skall vara enkelt att b\u00e4ra!\",\"potentialAction\":[{\"@type\":\"SearchAction\",\"target\":{\"@type\":\"EntryPoint\",\"urlTemplate\":\"https:\/\/annaps.com\/de\/?s={search_term_string}\"},\"query-input\":{\"@type\":\"PropertyValueSpecification\",\"valueRequired\":true,\"valueName\":\"search_term_string\"}}],\"inLanguage\":\"sv-SE\"}]}<\/script>\n<!-- \/ Yoast SEO plugin. -->","yoast_head_json":{"title":"#\u00d6PPENDIABETES - AnnaPS","description":"V\u00e5r marknadsf\u00f6ringskonsult Sofia startade i slutet av 2014 hashtaggen #\u00d6PPENDIABETES tillsammans med en annan diabetesbloggare.","robots":{"index":"index","follow":"follow","max-snippet":"max-snippet:-1","max-image-preview":"max-image-preview:large","max-video-preview":"max-video-preview:-1"},"canonical":"https:\/\/annaps.com\/sv\/om-diabetes\/oeppendiabetes\/","og_locale":"sv_SE","og_type":"article","og_title":"#\u00d6PPENDIABETES - AnnaPS","og_description":"V\u00e5r marknadsf\u00f6ringskonsult Sofia startade i slutet av 2014 hashtaggen #\u00d6PPENDIABETES tillsammans med en annan diabetesbloggare.","og_url":"https:\/\/annaps.com\/sv\/om-diabetes\/oeppendiabetes\/","og_site_name":"AnnaPS","article_publisher":"https:\/\/www.facebook.com\/annaps.scandinavia\/","article_modified_time":"2016-03-09T19:30:56+00:00","twitter_card":"summary_large_image","twitter_misc":{"Ber\u00e4knad l\u00e4stid":"1 minut"},"schema":{"@context":"https:\/\/schema.org","@graph":[{"@type":"WebPage","@id":"https:\/\/annaps.com\/sv\/om-diabetes\/oeppendiabetes\/","url":"https:\/\/annaps.com\/sv\/om-diabetes\/oeppendiabetes\/","name":"#\u00d6PPENDIABETES - AnnaPS","isPartOf":{"@id":"https:\/\/annaps.com\/de\/#website"},"datePublished":"2016-01-07T12:18:13+00:00","dateModified":"2016-03-09T19:30:56+00:00","description":"V\u00e5r marknadsf\u00f6ringskonsult Sofia startade i slutet av 2014 hashtaggen #\u00d6PPENDIABETES tillsammans med en annan diabetesbloggare.","breadcrumb":{"@id":"https:\/\/annaps.com\/sv\/om-diabetes\/oeppendiabetes\/#breadcrumb"},"inLanguage":"sv-SE","potentialAction":[{"@type":"ReadAction","target":["https:\/\/annaps.com\/sv\/om-diabetes\/oeppendiabetes\/"]}]},{"@type":"BreadcrumbList","@id":"https:\/\/annaps.com\/sv\/om-diabetes\/oeppendiabetes\/#breadcrumb","itemListElement":[{"@type":"ListItem","position":1,"name":"Hem","item":"https:\/\/annaps.com\/sv\/"},{"@type":"ListItem","position":2,"name":"Om diabetes","item":"https:\/\/annaps.com\/sv\/om-diabetes\/"},{"@type":"ListItem","position":3,"name":"#\u00d6PPENDIABETES"}]},{"@type":"WebSite","@id":"https:\/\/annaps.com\/de\/#website","url":"https:\/\/annaps.com\/de\/","name":"AnnaPS","description":"Det skall vara enkelt att b\u00e4ra!","potentialAction":[{"@type":"SearchAction","target":{"@type":"EntryPoint","urlTemplate":"https:\/\/annaps.com\/de\/?s={search_term_string}"},"query-input":{"@type":"PropertyValueSpecification","valueRequired":true,"valueName":"search_term_string"}}],"inLanguage":"sv-SE"}]}},"_links":{"self":[{"href":"https:\/\/annaps.com\/sv\/wp-json\/wp\/v2\/pages\/364","targetHints":{"allow":["GET"]}}],"collection":[{"href":"https:\/\/annaps.com\/sv\/wp-json\/wp\/v2\/pages"}],"about":[{"href":"https:\/\/annaps.com\/sv\/wp-json\/wp\/v2\/types\/page"}],"author":[{"embeddable":true,"href":"https:\/\/annaps.com\/sv\/wp-json\/wp\/v2\/users\/1"}],"replies":[{"embeddable":true,"href":"https:\/\/annaps.com\/sv\/wp-json\/wp\/v2\/comments?post=364"}],"version-history":[{"count":0,"href":"https:\/\/annaps.com\/sv\/wp-json\/wp\/v2\/pages\/364\/revisions"}],"up":[{"embeddable":true,"href":"https:\/\/annaps.com\/sv\/wp-json\/wp\/v2\/pages\/358"}],"wp:attachment":[{"href":"https:\/\/annaps.com\/sv\/wp-json\/wp\/v2\/media?parent=364"}],"curies":[{"name":"wp","href":"https:\/\/api.w.org\/{rel}","templated":true}]}}