{"id":362,"date":"2016-01-07T12:17:43","date_gmt":"2016-01-07T12:17:43","guid":{"rendered":"https:\/\/www.annaps.com\/?page_id=362"},"modified":"2016-02-29T16:48:02","modified_gmt":"2016-02-29T16:48:02","slug":"typ-1-och-typ-2-diabetes%c2%ad","status":"publish","type":"page","link":"https:\/\/annaps.com\/sv\/om-diabetes\/typ-1-och-typ-2-diabetes%c2%ad\/","title":{"rendered":"Typ 1 och typ 2 diabetes\u00ad"},"content":{"rendered":"<p><strong>Typ 1-\u00addiabetes<\/strong><span style=\"font-weight: 400;\">\u00a0\u00e4r en autoimmun sjukdom d\u00e4r bukspottsk\u00f6rteln i kroppen inte l\u00e4ngre kan producera insulin. Insulin \u00e4r det hormon som m\u00f6jligg\u00f6r att vi kan tillgodog\u00f6ra oss energin i kolhydraterna vi \u00e4ter. Utan insulin n\u00e5r sockret inte cellerna, och blir kvar i blodet. Som typ 1-diabetiker \u00e4r du d\u00e4rf\u00f6r beroende av att regelbundet tillf\u00f6ra konstgjort insulin, genom insulinsprutor eller en insulinpump- Om du gl\u00f6mmer ditt insulin, doserar det fel eller \u00f6verdoserar kan det ha d\u00f6dliga konsekvenser. F\u00f6r tillf\u00e4llet finns inget botemedel f\u00f6r typ 1-diabetes<\/span><\/p>\n<p><strong>Typ 2\u00ad-diabetes<\/strong> \u00ad <span style=\"font-weight: 400;\">Insulin \u00e4r ett hormon som beh\u00f6vs f\u00f6r att cellerna ska kunna ta upp socker ifr\u00e5n blodet. I en typ 2-diabetikers kropp \u00e4r inte insulinproduktionen tillr\u00e4cklig, vilket orsakar att blodsockret blir f\u00f6r h\u00f6gt. Symtomen p\u00e5 typ 2-diabetes visar sig ofta l\u00e5ngsamt och kan best\u00e5 av att du k\u00e4nner dig tr\u00f6tt, v\u00e4ldigt t\u00f6rstig och har ett \u00f6kat behov av att kissa. Tr\u00e4ning och en f\u00f6rb\u00e4ttrad kost kan hj\u00e4lpa dig att s\u00e4nka ditt blodsockerv\u00e4rde, men du kan \u00e4ven beh\u00f6va medicin. <\/span><i><span style=\"font-weight: 400;\">(k\u00e4lla: 1177)<\/span><\/i><\/p>\n","protected":false},"excerpt":{"rendered":"<p>Typ 1-\u00addiabetes\u00a0\u00e4r en autoimmun sjukdom d\u00e4r bukspottsk\u00f6rteln i kroppen inte l\u00e4ngre kan producera insulin. Insulin \u00e4r det hormon som m\u00f6jligg\u00f6r att vi kan tillgodog\u00f6ra oss energin i kolhydraterna vi \u00e4ter. Utan insulin n\u00e5r sockret inte cellerna, och blir kvar i blodet. Som typ 1-diabetiker \u00e4r du d\u00e4rf\u00f6r beroende av att regelbundet tillf\u00f6ra konstgjort insulin, genom [&hellip;]<\/p>\n","protected":false},"author":1,"featured_media":0,"parent":358,"menu_order":2,"comment_status":"closed","ping_status":"closed","template":"","meta":{"_acf_changed":false,"footnotes":""},"class_list":["post-362","page","type-page","status-publish","hentry"],"acf":[],"yoast_head":"<!-- This site is optimized with the Yoast SEO plugin v27.1.1 - https:\/\/yoast.com\/product\/yoast-seo-wordpress\/ -->\n<title>Typ 1 och typ 2 diabetes\u00ad - AnnaPS<\/title>\n<meta name=\"description\" content=\"AnnaPS makes clothes with integrated pockets to carry your diabetes devices such as insulin pump, pen and glucose meter. Stylish, high quality, functional and environmental focus.\" \/>\n<meta name=\"robots\" content=\"index, follow, max-snippet:-1, max-image-preview:large, max-video-preview:-1\" \/>\n<link rel=\"canonical\" href=\"https:\/\/annaps.com\/sv\/om-diabetes\/typ-1-och-typ-2-diabetes\u00ad\/\" \/>\n<meta property=\"og:locale\" content=\"sv_SE\" \/>\n<meta property=\"og:type\" content=\"article\" \/>\n<meta property=\"og:title\" content=\"Typ 1 och typ 2 diabetes\u00ad - AnnaPS\" \/>\n<meta property=\"og:description\" content=\"AnnaPS makes clothes with integrated pockets to carry your diabetes devices such as insulin pump, pen and glucose meter. Stylish, high quality, functional and environmental focus.\" \/>\n<meta property=\"og:url\" content=\"https:\/\/annaps.com\/sv\/om-diabetes\/typ-1-och-typ-2-diabetes\u00ad\/\" \/>\n<meta property=\"og:site_name\" content=\"AnnaPS\" \/>\n<meta property=\"article:publisher\" content=\"https:\/\/www.facebook.com\/annaps.scandinavia\/\" \/>\n<meta property=\"article:modified_time\" content=\"2016-02-29T16:48:02+00:00\" \/>\n<meta name=\"twitter:card\" content=\"summary_large_image\" \/>\n<meta name=\"twitter:label1\" content=\"Ber\u00e4knad l\u00e4stid\" \/>\n\t<meta name=\"twitter:data1\" content=\"1 minut\" \/>\n<script type=\"application\/ld+json\" class=\"yoast-schema-graph\">{\"@context\":\"https:\/\/schema.org\",\"@graph\":[{\"@type\":\"WebPage\",\"@id\":\"https:\/\/annaps.com\/sv\/om-diabetes\/typ-1-och-typ-2-diabetes%c2%ad\/\",\"url\":\"https:\/\/annaps.com\/sv\/om-diabetes\/typ-1-och-typ-2-diabetes%c2%ad\/\",\"name\":\"Typ 1 och typ 2 diabetes\u00ad - AnnaPS\",\"isPartOf\":{\"@id\":\"https:\/\/annaps.com\/de\/#website\"},\"datePublished\":\"2016-01-07T12:17:43+00:00\",\"dateModified\":\"2016-02-29T16:48:02+00:00\",\"description\":\"AnnaPS makes clothes with integrated pockets to carry your diabetes devices such as insulin pump, pen and glucose meter. Stylish, high quality, functional and environmental focus.\",\"breadcrumb\":{\"@id\":\"https:\/\/annaps.com\/sv\/om-diabetes\/typ-1-och-typ-2-diabetes%c2%ad\/#breadcrumb\"},\"inLanguage\":\"sv-SE\",\"potentialAction\":[{\"@type\":\"ReadAction\",\"target\":[\"https:\/\/annaps.com\/sv\/om-diabetes\/typ-1-och-typ-2-diabetes%c2%ad\/\"]}]},{\"@type\":\"BreadcrumbList\",\"@id\":\"https:\/\/annaps.com\/sv\/om-diabetes\/typ-1-och-typ-2-diabetes%c2%ad\/#breadcrumb\",\"itemListElement\":[{\"@type\":\"ListItem\",\"position\":1,\"name\":\"Hem\",\"item\":\"https:\/\/annaps.com\/sv\/\"},{\"@type\":\"ListItem\",\"position\":2,\"name\":\"Om diabetes\",\"item\":\"https:\/\/annaps.com\/sv\/om-diabetes\/\"},{\"@type\":\"ListItem\",\"position\":3,\"name\":\"Typ 1 och typ 2 diabetes\u00ad\"}]},{\"@type\":\"WebSite\",\"@id\":\"https:\/\/annaps.com\/de\/#website\",\"url\":\"https:\/\/annaps.com\/de\/\",\"name\":\"AnnaPS\",\"description\":\"Det skall vara enkelt att b\u00e4ra!\",\"potentialAction\":[{\"@type\":\"SearchAction\",\"target\":{\"@type\":\"EntryPoint\",\"urlTemplate\":\"https:\/\/annaps.com\/de\/?s={search_term_string}\"},\"query-input\":{\"@type\":\"PropertyValueSpecification\",\"valueRequired\":true,\"valueName\":\"search_term_string\"}}],\"inLanguage\":\"sv-SE\"}]}<\/script>\n<!-- \/ Yoast SEO plugin. -->","yoast_head_json":{"title":"Typ 1 och typ 2 diabetes\u00ad - AnnaPS","description":"AnnaPS makes clothes with integrated pockets to carry your diabetes devices such as insulin pump, pen and glucose meter. Stylish, high quality, functional and environmental focus.","robots":{"index":"index","follow":"follow","max-snippet":"max-snippet:-1","max-image-preview":"max-image-preview:large","max-video-preview":"max-video-preview:-1"},"canonical":"https:\/\/annaps.com\/sv\/om-diabetes\/typ-1-och-typ-2-diabetes\u00ad\/","og_locale":"sv_SE","og_type":"article","og_title":"Typ 1 och typ 2 diabetes\u00ad - AnnaPS","og_description":"AnnaPS makes clothes with integrated pockets to carry your diabetes devices such as insulin pump, pen and glucose meter. Stylish, high quality, functional and environmental focus.","og_url":"https:\/\/annaps.com\/sv\/om-diabetes\/typ-1-och-typ-2-diabetes\u00ad\/","og_site_name":"AnnaPS","article_publisher":"https:\/\/www.facebook.com\/annaps.scandinavia\/","article_modified_time":"2016-02-29T16:48:02+00:00","twitter_card":"summary_large_image","twitter_misc":{"Ber\u00e4knad l\u00e4stid":"1 minut"},"schema":{"@context":"https:\/\/schema.org","@graph":[{"@type":"WebPage","@id":"https:\/\/annaps.com\/sv\/om-diabetes\/typ-1-och-typ-2-diabetes%c2%ad\/","url":"https:\/\/annaps.com\/sv\/om-diabetes\/typ-1-och-typ-2-diabetes%c2%ad\/","name":"Typ 1 och typ 2 diabetes\u00ad - AnnaPS","isPartOf":{"@id":"https:\/\/annaps.com\/de\/#website"},"datePublished":"2016-01-07T12:17:43+00:00","dateModified":"2016-02-29T16:48:02+00:00","description":"AnnaPS makes clothes with integrated pockets to carry your diabetes devices such as insulin pump, pen and glucose meter. Stylish, high quality, functional and environmental focus.","breadcrumb":{"@id":"https:\/\/annaps.com\/sv\/om-diabetes\/typ-1-och-typ-2-diabetes%c2%ad\/#breadcrumb"},"inLanguage":"sv-SE","potentialAction":[{"@type":"ReadAction","target":["https:\/\/annaps.com\/sv\/om-diabetes\/typ-1-och-typ-2-diabetes%c2%ad\/"]}]},{"@type":"BreadcrumbList","@id":"https:\/\/annaps.com\/sv\/om-diabetes\/typ-1-och-typ-2-diabetes%c2%ad\/#breadcrumb","itemListElement":[{"@type":"ListItem","position":1,"name":"Hem","item":"https:\/\/annaps.com\/sv\/"},{"@type":"ListItem","position":2,"name":"Om diabetes","item":"https:\/\/annaps.com\/sv\/om-diabetes\/"},{"@type":"ListItem","position":3,"name":"Typ 1 och typ 2 diabetes\u00ad"}]},{"@type":"WebSite","@id":"https:\/\/annaps.com\/de\/#website","url":"https:\/\/annaps.com\/de\/","name":"AnnaPS","description":"Det skall vara enkelt att b\u00e4ra!","potentialAction":[{"@type":"SearchAction","target":{"@type":"EntryPoint","urlTemplate":"https:\/\/annaps.com\/de\/?s={search_term_string}"},"query-input":{"@type":"PropertyValueSpecification","valueRequired":true,"valueName":"search_term_string"}}],"inLanguage":"sv-SE"}]}},"_links":{"self":[{"href":"https:\/\/annaps.com\/sv\/wp-json\/wp\/v2\/pages\/362","targetHints":{"allow":["GET"]}}],"collection":[{"href":"https:\/\/annaps.com\/sv\/wp-json\/wp\/v2\/pages"}],"about":[{"href":"https:\/\/annaps.com\/sv\/wp-json\/wp\/v2\/types\/page"}],"author":[{"embeddable":true,"href":"https:\/\/annaps.com\/sv\/wp-json\/wp\/v2\/users\/1"}],"replies":[{"embeddable":true,"href":"https:\/\/annaps.com\/sv\/wp-json\/wp\/v2\/comments?post=362"}],"version-history":[{"count":0,"href":"https:\/\/annaps.com\/sv\/wp-json\/wp\/v2\/pages\/362\/revisions"}],"up":[{"embeddable":true,"href":"https:\/\/annaps.com\/sv\/wp-json\/wp\/v2\/pages\/358"}],"wp:attachment":[{"href":"https:\/\/annaps.com\/sv\/wp-json\/wp\/v2\/media?parent=362"}],"curies":[{"name":"wp","href":"https:\/\/api.w.org\/{rel}","templated":true}]}}