{"id":360,"date":"2016-01-07T12:16:20","date_gmt":"2016-01-07T12:16:20","guid":{"rendered":"https:\/\/www.annaps.com\/?page_id=360"},"modified":"2016-02-23T10:32:47","modified_gmt":"2016-02-23T10:32:47","slug":"varfoer-klaeder-till-diabetiker","status":"publish","type":"page","link":"https:\/\/annaps.com\/sv\/om-diabetes\/varfoer-klaeder-till-diabetiker\/","title":{"rendered":"Varf\u00f6r kl\u00e4der till diabetiker?"},"content":{"rendered":"<p><strong>F\u00f6r att g\u00f6ra det enkelt att b\u00e4ra!<\/strong><\/p>\n<p><span style=\"font-weight: 400;\">Vi p\u00e5 AnnaPS vill hj\u00e4lpa dig med den del av ditt liv som inneb\u00e4r att b\u00e4ra runt diabeteshj\u00e4lpmedel. Ist\u00e4llet f\u00f6r diabetesv\u00e4skor erbjuder vi osynliga diabetesv\u00e4skor i form av underkl\u00e4der med integrerade fickor.\u00a0<\/span><\/p>\n<p><span style=\"font-weight: 400;\">N\u00e4r Anna fick sin f\u00f6rsta insulinpump (\u00e5r 2009), m\u00e4rkte hon att det inte fanns n\u00e5gra bra s\u00e4tt att b\u00e4ra den p\u00e5. Hon grundade d\u00e5 &#8211; med st\u00f6ttning av diabetessjuksk\u00f6terskor p\u00e5 Akademiska sjukhuset i Uppsala, Medtronics produktspecialist och andra med diabetes typ1 &#8211; varum\u00e4rket AnnaPS, vilket \u00e4r kl\u00e4der med integrerade fickor f\u00f6r att b\u00e4ra diabeteshj\u00e4lpmedel och framf\u00f6rallt speciellt anpassat till att b\u00e4ra insulinpump. Skippa diabetesv\u00e4skan och b\u00e4r med dig allt du kan t\u00e4nkas beh\u00f6va i kl\u00e4der med fickor ist\u00e4llet!<\/span><\/p>\n","protected":false},"excerpt":{"rendered":"<p>F\u00f6r att g\u00f6ra det enkelt att b\u00e4ra! Vi p\u00e5 AnnaPS vill hj\u00e4lpa dig med den del av ditt liv som inneb\u00e4r att b\u00e4ra runt diabeteshj\u00e4lpmedel. Ist\u00e4llet f\u00f6r diabetesv\u00e4skor erbjuder vi osynliga diabetesv\u00e4skor i form av underkl\u00e4der med integrerade fickor.\u00a0 N\u00e4r Anna fick sin f\u00f6rsta insulinpump (\u00e5r 2009), m\u00e4rkte hon att det inte fanns n\u00e5gra bra [&hellip;]<\/p>\n","protected":false},"author":1,"featured_media":0,"parent":358,"menu_order":1,"comment_status":"closed","ping_status":"closed","template":"","meta":{"_acf_changed":false,"footnotes":""},"class_list":["post-360","page","type-page","status-publish","hentry"],"acf":[],"yoast_head":"<!-- This site is optimized with the Yoast SEO plugin v27.1.1 - https:\/\/yoast.com\/product\/yoast-seo-wordpress\/ -->\n<title>Varf\u00f6r kl\u00e4der till diabetiker? - AnnaPS<\/title>\n<meta name=\"description\" content=\"AnnaPS makes clothes with integrated pockets to carry your diabetes devices such as insulin pump, pen and glucose meter. Stylish, high quality, functional and environmental focus.\" \/>\n<meta name=\"robots\" content=\"index, follow, max-snippet:-1, max-image-preview:large, max-video-preview:-1\" \/>\n<link rel=\"canonical\" href=\"https:\/\/annaps.com\/sv\/om-diabetes\/varfoer-klaeder-till-diabetiker\/\" \/>\n<meta property=\"og:locale\" content=\"sv_SE\" \/>\n<meta property=\"og:type\" content=\"article\" \/>\n<meta property=\"og:title\" content=\"Varf\u00f6r kl\u00e4der till diabetiker? - AnnaPS\" \/>\n<meta property=\"og:description\" content=\"AnnaPS makes clothes with integrated pockets to carry your diabetes devices such as insulin pump, pen and glucose meter. Stylish, high quality, functional and environmental focus.\" \/>\n<meta property=\"og:url\" content=\"https:\/\/annaps.com\/sv\/om-diabetes\/varfoer-klaeder-till-diabetiker\/\" \/>\n<meta property=\"og:site_name\" content=\"AnnaPS\" \/>\n<meta property=\"article:publisher\" content=\"https:\/\/www.facebook.com\/annaps.scandinavia\/\" \/>\n<meta property=\"article:modified_time\" content=\"2016-02-23T10:32:47+00:00\" \/>\n<meta name=\"twitter:card\" content=\"summary_large_image\" \/>\n<meta name=\"twitter:label1\" content=\"Ber\u00e4knad l\u00e4stid\" \/>\n\t<meta name=\"twitter:data1\" content=\"1 minut\" \/>\n<script type=\"application\/ld+json\" class=\"yoast-schema-graph\">{\"@context\":\"https:\/\/schema.org\",\"@graph\":[{\"@type\":\"WebPage\",\"@id\":\"https:\/\/annaps.com\/sv\/om-diabetes\/varfoer-klaeder-till-diabetiker\/\",\"url\":\"https:\/\/annaps.com\/sv\/om-diabetes\/varfoer-klaeder-till-diabetiker\/\",\"name\":\"Varf\u00f6r kl\u00e4der till diabetiker? - AnnaPS\",\"isPartOf\":{\"@id\":\"https:\/\/annaps.com\/de\/#website\"},\"datePublished\":\"2016-01-07T12:16:20+00:00\",\"dateModified\":\"2016-02-23T10:32:47+00:00\",\"description\":\"AnnaPS makes clothes with integrated pockets to carry your diabetes devices such as insulin pump, pen and glucose meter. Stylish, high quality, functional and environmental focus.\",\"breadcrumb\":{\"@id\":\"https:\/\/annaps.com\/sv\/om-diabetes\/varfoer-klaeder-till-diabetiker\/#breadcrumb\"},\"inLanguage\":\"sv-SE\",\"potentialAction\":[{\"@type\":\"ReadAction\",\"target\":[\"https:\/\/annaps.com\/sv\/om-diabetes\/varfoer-klaeder-till-diabetiker\/\"]}]},{\"@type\":\"BreadcrumbList\",\"@id\":\"https:\/\/annaps.com\/sv\/om-diabetes\/varfoer-klaeder-till-diabetiker\/#breadcrumb\",\"itemListElement\":[{\"@type\":\"ListItem\",\"position\":1,\"name\":\"Hem\",\"item\":\"https:\/\/annaps.com\/sv\/\"},{\"@type\":\"ListItem\",\"position\":2,\"name\":\"Om diabetes\",\"item\":\"https:\/\/annaps.com\/sv\/om-diabetes\/\"},{\"@type\":\"ListItem\",\"position\":3,\"name\":\"Varf\u00f6r kl\u00e4der till diabetiker?\"}]},{\"@type\":\"WebSite\",\"@id\":\"https:\/\/annaps.com\/de\/#website\",\"url\":\"https:\/\/annaps.com\/de\/\",\"name\":\"AnnaPS\",\"description\":\"Det skall vara enkelt att b\u00e4ra!\",\"potentialAction\":[{\"@type\":\"SearchAction\",\"target\":{\"@type\":\"EntryPoint\",\"urlTemplate\":\"https:\/\/annaps.com\/de\/?s={search_term_string}\"},\"query-input\":{\"@type\":\"PropertyValueSpecification\",\"valueRequired\":true,\"valueName\":\"search_term_string\"}}],\"inLanguage\":\"sv-SE\"}]}<\/script>\n<!-- \/ Yoast SEO plugin. -->","yoast_head_json":{"title":"Varf\u00f6r kl\u00e4der till diabetiker? - AnnaPS","description":"AnnaPS makes clothes with integrated pockets to carry your diabetes devices such as insulin pump, pen and glucose meter. Stylish, high quality, functional and environmental focus.","robots":{"index":"index","follow":"follow","max-snippet":"max-snippet:-1","max-image-preview":"max-image-preview:large","max-video-preview":"max-video-preview:-1"},"canonical":"https:\/\/annaps.com\/sv\/om-diabetes\/varfoer-klaeder-till-diabetiker\/","og_locale":"sv_SE","og_type":"article","og_title":"Varf\u00f6r kl\u00e4der till diabetiker? - AnnaPS","og_description":"AnnaPS makes clothes with integrated pockets to carry your diabetes devices such as insulin pump, pen and glucose meter. Stylish, high quality, functional and environmental focus.","og_url":"https:\/\/annaps.com\/sv\/om-diabetes\/varfoer-klaeder-till-diabetiker\/","og_site_name":"AnnaPS","article_publisher":"https:\/\/www.facebook.com\/annaps.scandinavia\/","article_modified_time":"2016-02-23T10:32:47+00:00","twitter_card":"summary_large_image","twitter_misc":{"Ber\u00e4knad l\u00e4stid":"1 minut"},"schema":{"@context":"https:\/\/schema.org","@graph":[{"@type":"WebPage","@id":"https:\/\/annaps.com\/sv\/om-diabetes\/varfoer-klaeder-till-diabetiker\/","url":"https:\/\/annaps.com\/sv\/om-diabetes\/varfoer-klaeder-till-diabetiker\/","name":"Varf\u00f6r kl\u00e4der till diabetiker? - AnnaPS","isPartOf":{"@id":"https:\/\/annaps.com\/de\/#website"},"datePublished":"2016-01-07T12:16:20+00:00","dateModified":"2016-02-23T10:32:47+00:00","description":"AnnaPS makes clothes with integrated pockets to carry your diabetes devices such as insulin pump, pen and glucose meter. Stylish, high quality, functional and environmental focus.","breadcrumb":{"@id":"https:\/\/annaps.com\/sv\/om-diabetes\/varfoer-klaeder-till-diabetiker\/#breadcrumb"},"inLanguage":"sv-SE","potentialAction":[{"@type":"ReadAction","target":["https:\/\/annaps.com\/sv\/om-diabetes\/varfoer-klaeder-till-diabetiker\/"]}]},{"@type":"BreadcrumbList","@id":"https:\/\/annaps.com\/sv\/om-diabetes\/varfoer-klaeder-till-diabetiker\/#breadcrumb","itemListElement":[{"@type":"ListItem","position":1,"name":"Hem","item":"https:\/\/annaps.com\/sv\/"},{"@type":"ListItem","position":2,"name":"Om diabetes","item":"https:\/\/annaps.com\/sv\/om-diabetes\/"},{"@type":"ListItem","position":3,"name":"Varf\u00f6r kl\u00e4der till diabetiker?"}]},{"@type":"WebSite","@id":"https:\/\/annaps.com\/de\/#website","url":"https:\/\/annaps.com\/de\/","name":"AnnaPS","description":"Det skall vara enkelt att b\u00e4ra!","potentialAction":[{"@type":"SearchAction","target":{"@type":"EntryPoint","urlTemplate":"https:\/\/annaps.com\/de\/?s={search_term_string}"},"query-input":{"@type":"PropertyValueSpecification","valueRequired":true,"valueName":"search_term_string"}}],"inLanguage":"sv-SE"}]}},"_links":{"self":[{"href":"https:\/\/annaps.com\/sv\/wp-json\/wp\/v2\/pages\/360","targetHints":{"allow":["GET"]}}],"collection":[{"href":"https:\/\/annaps.com\/sv\/wp-json\/wp\/v2\/pages"}],"about":[{"href":"https:\/\/annaps.com\/sv\/wp-json\/wp\/v2\/types\/page"}],"author":[{"embeddable":true,"href":"https:\/\/annaps.com\/sv\/wp-json\/wp\/v2\/users\/1"}],"replies":[{"embeddable":true,"href":"https:\/\/annaps.com\/sv\/wp-json\/wp\/v2\/comments?post=360"}],"version-history":[{"count":0,"href":"https:\/\/annaps.com\/sv\/wp-json\/wp\/v2\/pages\/360\/revisions"}],"up":[{"embeddable":true,"href":"https:\/\/annaps.com\/sv\/wp-json\/wp\/v2\/pages\/358"}],"wp:attachment":[{"href":"https:\/\/annaps.com\/sv\/wp-json\/wp\/v2\/media?parent=360"}],"curies":[{"name":"wp","href":"https:\/\/api.w.org\/{rel}","templated":true}]}}