{"id":323,"date":"2016-01-07T11:21:35","date_gmt":"2016-01-07T11:21:35","guid":{"rendered":"https:\/\/www.annaps.com\/?page_id=323"},"modified":"2016-02-23T09:07:05","modified_gmt":"2016-02-23T09:07:05","slug":"laes-mer","status":"publish","type":"page","link":"https:\/\/annaps.com\/sv\/om-produkterna\/maenniska-och-miljoe\/laes-mer\/","title":{"rendered":"L\u00e4s mer om AnnaPS milj\u00f6arbete h\u00e4r"},"content":{"rendered":"<p>F\u00f6r dig som vill l\u00e4sa mer om AnnaPS milj\u00f6arbete s\u00e5 f\u00f6ljer h\u00e4r v\u00e5ra\u00a0krav till AnnaPS leverant\u00f6rer:<\/p>\n<p>Milj\u00f6medvetenhet betyder att AnnaPS f\u00f6rs\u00e4krar alla konsumenter av\u00a0AnnaPS\u00adprodukter att de inte \u00e4r skadliga, farliga eller har n\u00e5gra f\u00f6rbjudna\u00a0kemikalier kvarl\u00e4mnade d\u00e4ri, eller har anv\u00e4nts under produktionsprocessen.\u00a0Alla plagg har producerats, som minimikrav, i enlighet med milj\u00f6lagarna i EU\u00a0(REACH). Vi vill ha leverant\u00f6rer och underleverant\u00f6rer som v\u00e4ljer de mest\u00a0milj\u00f6v\u00e4nliga godsen, r\u00e5materialen, metoderna och\/eller teknologi som\u00a0till\u00e4mpas med avseende p\u00e5 den best\u00e4llda kvalit\u00e9n i all verksamhet.\u00a0Leverant\u00f6ren kan inte l\u00e4gga \u00f6ver de negativa milj\u00f6konsekvenserna p\u00e5\u00a0underleverant\u00f6ren, leverant\u00f6ren \u00e4r d\u00e4rmed ansvarig f\u00f6r milj\u00f6n i\u00a0produktionslinjen d\u00e4r leverant\u00f6ren \u00e4r direkt eller indirekt inblandad.\u00a0Leverant\u00f6ren garanterar att de nationella milj\u00f6lagarna och best\u00e4mmelserna\u00a0f\u00f6ljs i alla l\u00e4gen. En d\u00e5lig milj\u00f6 skapar d\u00e5liga levnads\u00ad och arbetsf\u00f6rh\u00e5llanden\u00a0som kan inneb\u00e4ra irreversibla och allvarliga skador p\u00e5 det lokala samh\u00e4llet\u00a0och arbetskraften \u00ad och inom en kort tid skada leverant\u00f6rernas och\u00a0underleverant\u00f6rernas aff\u00e4rer. Etisk medvetenhet inneb\u00e4r att AnnaPS\u00a0f\u00f6rs\u00e4krar alla kunder att alla deras plagg produceras av ett f\u00f6retag som f\u00f6ljer\u00a0legaliseringen inom EU f\u00f6r arbetsr\u00e4tt, h\u00e4lsa och s\u00e4kerhetspraxis. R\u00e4tten till\u00a0f\u00f6reningsfrihet och r\u00e4tten att bilda och ansluta sig till fackf\u00f6reningar ska alltid\u00a0respekteras. Vi anser att ett starkt fokus och kontinuerlig f\u00f6rb\u00e4ttring av en\u00a0etisk verksamhet och efterlevnad av principerna i v\u00e5r Code of Conduct i\u00a0slut\u00e4ndan kommer att gynna alla parter och l\u00e4nder, b\u00e5de ekonomiskt och\u00a0socialt.<\/p>\n","protected":false},"excerpt":{"rendered":"<p>F\u00f6r dig som vill l\u00e4sa mer om AnnaPS milj\u00f6arbete s\u00e5 f\u00f6ljer h\u00e4r v\u00e5ra\u00a0krav till AnnaPS leverant\u00f6rer: Milj\u00f6medvetenhet betyder att AnnaPS f\u00f6rs\u00e4krar alla konsumenter av\u00a0AnnaPS\u00adprodukter att de inte \u00e4r skadliga, farliga eller har n\u00e5gra f\u00f6rbjudna\u00a0kemikalier kvarl\u00e4mnade d\u00e4ri, eller har anv\u00e4nts under produktionsprocessen.\u00a0Alla plagg har producerats, som minimikrav, i enlighet med milj\u00f6lagarna i EU\u00a0(REACH). Vi vill ha [&hellip;]<\/p>\n","protected":false},"author":1,"featured_media":0,"parent":319,"menu_order":3,"comment_status":"closed","ping_status":"closed","template":"","meta":{"_acf_changed":false,"footnotes":""},"class_list":["post-323","page","type-page","status-publish","hentry"],"acf":[],"yoast_head":"<!-- This site is optimized with the Yoast SEO plugin v27.1.1 - https:\/\/yoast.com\/product\/yoast-seo-wordpress\/ -->\n<title>L\u00e4s mer om AnnaPS milj\u00f6arbete h\u00e4r - AnnaPS<\/title>\n<meta name=\"description\" content=\"AnnaPS makes clothes with integrated pockets to carry your diabetes devices such as insulin pump, pen and glucose meter. Stylish, high quality, functional and environmental focus.\" \/>\n<meta name=\"robots\" content=\"index, follow, max-snippet:-1, max-image-preview:large, max-video-preview:-1\" \/>\n<link rel=\"canonical\" href=\"https:\/\/annaps.com\/sv\/om-produkterna\/maenniska-och-miljoe\/laes-mer\/\" \/>\n<meta property=\"og:locale\" content=\"sv_SE\" \/>\n<meta property=\"og:type\" content=\"article\" \/>\n<meta property=\"og:title\" content=\"L\u00e4s mer om AnnaPS milj\u00f6arbete h\u00e4r - AnnaPS\" \/>\n<meta property=\"og:description\" content=\"AnnaPS makes clothes with integrated pockets to carry your diabetes devices such as insulin pump, pen and glucose meter. Stylish, high quality, functional and environmental focus.\" \/>\n<meta property=\"og:url\" content=\"https:\/\/annaps.com\/sv\/om-produkterna\/maenniska-och-miljoe\/laes-mer\/\" \/>\n<meta property=\"og:site_name\" content=\"AnnaPS\" \/>\n<meta property=\"article:publisher\" content=\"https:\/\/www.facebook.com\/annaps.scandinavia\/\" \/>\n<meta property=\"article:modified_time\" content=\"2016-02-23T09:07:05+00:00\" \/>\n<meta name=\"twitter:card\" content=\"summary_large_image\" \/>\n<meta name=\"twitter:label1\" content=\"Ber\u00e4knad l\u00e4stid\" \/>\n\t<meta name=\"twitter:data1\" content=\"1 minut\" \/>\n<script type=\"application\/ld+json\" class=\"yoast-schema-graph\">{\"@context\":\"https:\/\/schema.org\",\"@graph\":[{\"@type\":\"WebPage\",\"@id\":\"https:\/\/annaps.com\/sv\/om-produkterna\/maenniska-och-miljoe\/laes-mer\/\",\"url\":\"https:\/\/annaps.com\/sv\/om-produkterna\/maenniska-och-miljoe\/laes-mer\/\",\"name\":\"L\u00e4s mer om AnnaPS milj\u00f6arbete h\u00e4r - AnnaPS\",\"isPartOf\":{\"@id\":\"https:\/\/annaps.com\/de\/#website\"},\"datePublished\":\"2016-01-07T11:21:35+00:00\",\"dateModified\":\"2016-02-23T09:07:05+00:00\",\"description\":\"AnnaPS makes clothes with integrated pockets to carry your diabetes devices such as insulin pump, pen and glucose meter. Stylish, high quality, functional and environmental focus.\",\"breadcrumb\":{\"@id\":\"https:\/\/annaps.com\/sv\/om-produkterna\/maenniska-och-miljoe\/laes-mer\/#breadcrumb\"},\"inLanguage\":\"sv-SE\",\"potentialAction\":[{\"@type\":\"ReadAction\",\"target\":[\"https:\/\/annaps.com\/sv\/om-produkterna\/maenniska-och-miljoe\/laes-mer\/\"]}]},{\"@type\":\"BreadcrumbList\",\"@id\":\"https:\/\/annaps.com\/sv\/om-produkterna\/maenniska-och-miljoe\/laes-mer\/#breadcrumb\",\"itemListElement\":[{\"@type\":\"ListItem\",\"position\":1,\"name\":\"Hem\",\"item\":\"https:\/\/annaps.com\/sv\/\"},{\"@type\":\"ListItem\",\"position\":2,\"name\":\"Om produkterna\",\"item\":\"https:\/\/annaps.com\/sv\/om-produkterna\/\"},{\"@type\":\"ListItem\",\"position\":3,\"name\":\"M\u00e4nniska och milj\u00f6\",\"item\":\"https:\/\/annaps.com\/sv\/om-produkterna\/maenniska-och-miljoe\/\"},{\"@type\":\"ListItem\",\"position\":4,\"name\":\"L\u00e4s mer om AnnaPS milj\u00f6arbete h\u00e4r\"}]},{\"@type\":\"WebSite\",\"@id\":\"https:\/\/annaps.com\/de\/#website\",\"url\":\"https:\/\/annaps.com\/de\/\",\"name\":\"AnnaPS\",\"description\":\"Det skall vara enkelt att b\u00e4ra!\",\"potentialAction\":[{\"@type\":\"SearchAction\",\"target\":{\"@type\":\"EntryPoint\",\"urlTemplate\":\"https:\/\/annaps.com\/de\/?s={search_term_string}\"},\"query-input\":{\"@type\":\"PropertyValueSpecification\",\"valueRequired\":true,\"valueName\":\"search_term_string\"}}],\"inLanguage\":\"sv-SE\"}]}<\/script>\n<!-- \/ Yoast SEO plugin. -->","yoast_head_json":{"title":"L\u00e4s mer om AnnaPS milj\u00f6arbete h\u00e4r - AnnaPS","description":"AnnaPS makes clothes with integrated pockets to carry your diabetes devices such as insulin pump, pen and glucose meter. Stylish, high quality, functional and environmental focus.","robots":{"index":"index","follow":"follow","max-snippet":"max-snippet:-1","max-image-preview":"max-image-preview:large","max-video-preview":"max-video-preview:-1"},"canonical":"https:\/\/annaps.com\/sv\/om-produkterna\/maenniska-och-miljoe\/laes-mer\/","og_locale":"sv_SE","og_type":"article","og_title":"L\u00e4s mer om AnnaPS milj\u00f6arbete h\u00e4r - AnnaPS","og_description":"AnnaPS makes clothes with integrated pockets to carry your diabetes devices such as insulin pump, pen and glucose meter. Stylish, high quality, functional and environmental focus.","og_url":"https:\/\/annaps.com\/sv\/om-produkterna\/maenniska-och-miljoe\/laes-mer\/","og_site_name":"AnnaPS","article_publisher":"https:\/\/www.facebook.com\/annaps.scandinavia\/","article_modified_time":"2016-02-23T09:07:05+00:00","twitter_card":"summary_large_image","twitter_misc":{"Ber\u00e4knad l\u00e4stid":"1 minut"},"schema":{"@context":"https:\/\/schema.org","@graph":[{"@type":"WebPage","@id":"https:\/\/annaps.com\/sv\/om-produkterna\/maenniska-och-miljoe\/laes-mer\/","url":"https:\/\/annaps.com\/sv\/om-produkterna\/maenniska-och-miljoe\/laes-mer\/","name":"L\u00e4s mer om AnnaPS milj\u00f6arbete h\u00e4r - AnnaPS","isPartOf":{"@id":"https:\/\/annaps.com\/de\/#website"},"datePublished":"2016-01-07T11:21:35+00:00","dateModified":"2016-02-23T09:07:05+00:00","description":"AnnaPS makes clothes with integrated pockets to carry your diabetes devices such as insulin pump, pen and glucose meter. Stylish, high quality, functional and environmental focus.","breadcrumb":{"@id":"https:\/\/annaps.com\/sv\/om-produkterna\/maenniska-och-miljoe\/laes-mer\/#breadcrumb"},"inLanguage":"sv-SE","potentialAction":[{"@type":"ReadAction","target":["https:\/\/annaps.com\/sv\/om-produkterna\/maenniska-och-miljoe\/laes-mer\/"]}]},{"@type":"BreadcrumbList","@id":"https:\/\/annaps.com\/sv\/om-produkterna\/maenniska-och-miljoe\/laes-mer\/#breadcrumb","itemListElement":[{"@type":"ListItem","position":1,"name":"Hem","item":"https:\/\/annaps.com\/sv\/"},{"@type":"ListItem","position":2,"name":"Om produkterna","item":"https:\/\/annaps.com\/sv\/om-produkterna\/"},{"@type":"ListItem","position":3,"name":"M\u00e4nniska och milj\u00f6","item":"https:\/\/annaps.com\/sv\/om-produkterna\/maenniska-och-miljoe\/"},{"@type":"ListItem","position":4,"name":"L\u00e4s mer om AnnaPS milj\u00f6arbete h\u00e4r"}]},{"@type":"WebSite","@id":"https:\/\/annaps.com\/de\/#website","url":"https:\/\/annaps.com\/de\/","name":"AnnaPS","description":"Det skall vara enkelt att b\u00e4ra!","potentialAction":[{"@type":"SearchAction","target":{"@type":"EntryPoint","urlTemplate":"https:\/\/annaps.com\/de\/?s={search_term_string}"},"query-input":{"@type":"PropertyValueSpecification","valueRequired":true,"valueName":"search_term_string"}}],"inLanguage":"sv-SE"}]}},"_links":{"self":[{"href":"https:\/\/annaps.com\/sv\/wp-json\/wp\/v2\/pages\/323","targetHints":{"allow":["GET"]}}],"collection":[{"href":"https:\/\/annaps.com\/sv\/wp-json\/wp\/v2\/pages"}],"about":[{"href":"https:\/\/annaps.com\/sv\/wp-json\/wp\/v2\/types\/page"}],"author":[{"embeddable":true,"href":"https:\/\/annaps.com\/sv\/wp-json\/wp\/v2\/users\/1"}],"replies":[{"embeddable":true,"href":"https:\/\/annaps.com\/sv\/wp-json\/wp\/v2\/comments?post=323"}],"version-history":[{"count":0,"href":"https:\/\/annaps.com\/sv\/wp-json\/wp\/v2\/pages\/323\/revisions"}],"up":[{"embeddable":true,"href":"https:\/\/annaps.com\/sv\/wp-json\/wp\/v2\/pages\/319"}],"wp:attachment":[{"href":"https:\/\/annaps.com\/sv\/wp-json\/wp\/v2\/media?parent=323"}],"curies":[{"name":"wp","href":"https:\/\/api.w.org\/{rel}","templated":true}]}}