{"id":319,"date":"2016-01-07T11:17:09","date_gmt":"2016-01-07T11:17:09","guid":{"rendered":"https:\/\/www.annaps.com\/?page_id=319"},"modified":"2018-10-23T15:32:17","modified_gmt":"2018-10-23T13:32:17","slug":"maenniska-och-miljoe","status":"publish","type":"page","link":"https:\/\/annaps.com\/sv\/om-produkterna\/maenniska-och-miljoe\/","title":{"rendered":"M\u00e4nniska och milj\u00f6"},"content":{"rendered":"<p><span style=\"font-weight: 400;\">P\u00e5 AnnaPS jobbar vi med ett underbart, mjukt silkesmaterial, med sitt ursprung i genomt\u00e4nkt design och h\u00e5llbart mode. Vi vill f\u00f6rsk\u00f6na genom design; och du ska kunna vara den du \u00e4r i sina AnnaPS-kl\u00e4der. Vi har skurit tyget p\u00e5 ett s\u00e5dant s\u00e4tt att kl\u00e4derna f\u00f6ljer kroppens naturliga r\u00f6relsem\u00f6nser och konturer, och skapat ett plagg med diabetesv\u00e4ska-funktionen integrerad. Att bry oss om m\u00e4nniska och milj\u00f6 \u00e4r en hj\u00e4rtefr\u00e5ga f\u00f6r oss. Vi har valt att g\u00f6ra arbetet \u00e5t dig,och har i varje steg i produktionsprocessen gjort val som minimerar milj\u00f6p\u00e5verkan. Och fr\u00e4mst av allt: vi letar alltid efter s\u00e4tt att minska antalet produktionssteg ur en milj\u00f6aspekt. Vi producerar ocks\u00e5 v\u00e5ra produkter under arbetsvillkor som vi sj\u00e4lva skulle ha accepterat, eftersom vi vill g\u00f6ra skillnad. Vi vill erbjuda produkter som f\u00f6renklar och f\u00f6rb\u00e4ttrar livet f\u00f6r de m\u00e4nniskor som b\u00e4r dem. K\u00f6p av ett AnnaPS-plagg, kan inneb\u00e4ra ett helt nytt liv f\u00f6r en person som lever med insulinpump. Det handlar om att erbjuda produkter som fungerar b\u00e4ttre och \u00e4r gjorda f\u00f6r kroppen. Det handlar om att g\u00f6ra aktiva val f\u00f6r att f\u00f6rb\u00e4ttra milj\u00f6n. Att ge energi \u00e4r ett av v\u00e5ra motton. Vi vill inte uppmuntra slit-och-sl\u00e4ng-modet, utan tv\u00e4rtom. Vi har medvetet gjort val g\u00e4llande stil, design, f\u00e4rger och material f\u00f6r att se till att du alltid \u00e4r r\u00e4tt. Du beh\u00f6ver inte oroa dig f\u00f6r trender, s\u00e4songer eller slitage. Vi tror p\u00e5 kvalitet och h\u00e5llbart mode. Allt vi g\u00f6r reflekterar v\u00e5rt tankes\u00e4tt, fr\u00e5n produktion till slutprodukt. Du kan lita p\u00e5 att vi, i alla situationer, har gjort val f\u00f6r att minska de negativa effekterna p\u00e5 dig, p\u00e5 de som producerar plagget och p\u00e5 milj\u00f6n. Det kan n\u00e4stan k\u00e4nnas som f\u00f6r mycket att ta in som konsument. D\u00e4rf\u00f6r vill vi att du ska k\u00e4nna; &#8211; \u201cJag har valt AnnaPS och deras produkt. Jag vet att AnnaPS st\u00e5r f\u00f6r omtanke och eftertanke om m\u00e4nniska och milj\u00f6\u00a0<\/span><span style=\"font-weight: 400;\">\u201d. <\/span><span style=\"font-weight: 400;\">Vi vill g\u00f6ra detta jobb \u00e5t dig. Du ska kunna lita p\u00e5 AnnaPS. L\u00e4mna diabetesv\u00e4skan hemma och b\u00e4r insulinpumpen och allt annat du beh\u00f6ver i kl\u00e4der med fickor ist\u00e4llet! <\/span><\/p>\n<p>V\u00e5rt m\u00e5l \u00e4r att ligga i framkant g\u00e4llande att minimera milj\u00f6p\u00e5verkan. Vi bryr oss fr\u00e5n b\u00f6rjan till slut. H\u00e4r f\u00f6ljer n\u00e5gra exempel p\u00e5 de milj\u00f6val som AnnaPS har gjort:<\/p>\n<ul>\n<li style=\"font-weight: 400;\"><span style=\"font-weight: 400;\">material fr\u00e5n f\u00f6rnybara k\u00e4llor, d\u00e4r varken plundring eller skog\u00f6del\u00e4ggelse f\u00f6rekommer, samt ett h\u00e5llbart jordbruk.<\/span><\/li>\n<li style=\"font-weight: 400;\"><span style=\"font-weight: 400;\">tyg som blir rent n\u00e4r det tv\u00e4ttas i 40 grader (vilket ger dig som kunsument m\u00f6jligheten att minska tv\u00e4ttemperaturen fr\u00e5n 60 till 40 grader)<\/span><\/li>\n<li style=\"font-weight: 400;\"><span style=\"font-weight: 400;\">h\u00f6g kvalitet (l\u00e5nglivade produkter)<\/span><\/li>\n<li style=\"font-weight: 400;\"><span style=\"font-weight: 400;\">n\u00e4rproducerat i st\u00f6rsta m\u00f6jliga m\u00e5n f\u00f6r att minimera transporter (majoriteten av AnnaPS-produkterna g\u00f6rs inom en radie av 500 km fr\u00e5n AnnaPS)<\/span><\/li>\n<li style=\"font-weight: 400;\"><span style=\"font-weight: 400;\">f\u00f6rstandsval \u00e4r att skeppa frakten fr\u00e5n fabriker till AnnaPS f\u00f6r att minska koldioxidsutsl\u00e4ppen<\/span><\/li>\n<li style=\"font-weight: 400;\"><span style=\"font-weight: 400;\">minimera anv\u00e4ndande av kemikalier<\/span> <span style=\"font-weight: 400;\">(framf\u00f6rallt under f\u00e4rgningsprocessen)<\/span><\/li>\n<li style=\"font-weight: 400;\"><span style=\"font-weight: 400;\">leverant\u00f6rer av, och material i, AnnaPS-produkterna \u00e4r \u00d6ko-Tex-certifierade<\/span><\/li>\n<li style=\"font-weight: 400;\"><span style=\"font-weight: 400;\">leverant\u00f6rer som bekr\u00e4ftar att de f\u00f6ljer Reach-lagstiftningen och som skriver under AnnaPS Code of Conduct<\/span><\/li>\n<li style=\"font-weight: 400;\"><span style=\"font-weight: 400;\">bes\u00f6ker v\u00e5ra produktionsfabriker och underleverant\u00f6rer<\/span><\/li>\n<li style=\"font-weight: 400;\"><span style=\"font-weight: 400;\">s\u00e4kerst\u00e4llet att avfall och kemikalier hanteras p\u00e5 ett korrekt s\u00e4tt. Inga f\u00f6rbjudna kemikalier anv\u00e4nds.<\/span><\/li>\n<\/ul>\n","protected":false},"excerpt":{"rendered":"<p>P\u00e5 AnnaPS jobbar vi med ett underbart, mjukt silkesmaterial, med sitt ursprung i genomt\u00e4nkt design och h\u00e5llbart mode. Vi vill f\u00f6rsk\u00f6na genom design; och du ska kunna vara den du \u00e4r i sina AnnaPS-kl\u00e4der. Vi har skurit tyget p\u00e5 ett s\u00e5dant s\u00e4tt att kl\u00e4derna f\u00f6ljer kroppens naturliga r\u00f6relsem\u00f6nser och konturer, och skapat ett plagg med [&hellip;]<\/p>\n","protected":false},"author":1,"featured_media":0,"parent":6439,"menu_order":4,"comment_status":"closed","ping_status":"closed","template":"","meta":{"_acf_changed":false,"footnotes":""},"class_list":["post-319","page","type-page","status-publish","hentry"],"acf":[],"yoast_head":"<!-- This site is optimized with the Yoast SEO plugin v27.1.1 - https:\/\/yoast.com\/product\/yoast-seo-wordpress\/ -->\n<title>Design och h\u00e5llbarher - Kl\u00e4der f\u00f6r diabetiker | AnnaPS<\/title>\n<meta name=\"description\" content=\"H\u00e5llbarhet \u00e4r viktigt f\u00f6r oss p\u00e5 AnnaPS. D\u00e4rf\u00f6r har vi valt material med omsorg till b\u00e5de milj\u00f6 och m\u00e4nniskor. Titta in p\u00e5 v\u00e5r webbplats f\u00f6r mer information!\" \/>\n<meta name=\"robots\" content=\"index, follow, max-snippet:-1, max-image-preview:large, max-video-preview:-1\" \/>\n<link rel=\"canonical\" href=\"https:\/\/annaps.com\/sv\/om-produkterna\/maenniska-och-miljoe\/\" \/>\n<meta property=\"og:locale\" content=\"sv_SE\" \/>\n<meta property=\"og:type\" content=\"article\" \/>\n<meta property=\"og:title\" content=\"Design och h\u00e5llbarher - Kl\u00e4der f\u00f6r diabetiker | AnnaPS\" \/>\n<meta property=\"og:description\" content=\"H\u00e5llbarhet \u00e4r viktigt f\u00f6r oss p\u00e5 AnnaPS. D\u00e4rf\u00f6r har vi valt material med omsorg till b\u00e5de milj\u00f6 och m\u00e4nniskor. Titta in p\u00e5 v\u00e5r webbplats f\u00f6r mer information!\" \/>\n<meta property=\"og:url\" content=\"https:\/\/annaps.com\/sv\/om-produkterna\/maenniska-och-miljoe\/\" \/>\n<meta property=\"og:site_name\" content=\"AnnaPS\" \/>\n<meta property=\"article:publisher\" content=\"https:\/\/www.facebook.com\/annaps.scandinavia\/\" \/>\n<meta property=\"article:modified_time\" content=\"2018-10-23T13:32:17+00:00\" \/>\n<meta name=\"twitter:card\" content=\"summary_large_image\" \/>\n<meta name=\"twitter:label1\" content=\"Ber\u00e4knad l\u00e4stid\" \/>\n\t<meta name=\"twitter:data1\" content=\"3 minuter\" \/>\n<script type=\"application\/ld+json\" class=\"yoast-schema-graph\">{\"@context\":\"https:\/\/schema.org\",\"@graph\":[{\"@type\":\"WebPage\",\"@id\":\"https:\/\/annaps.com\/sv\/om-produkterna\/maenniska-och-miljoe\/\",\"url\":\"https:\/\/annaps.com\/sv\/om-produkterna\/maenniska-och-miljoe\/\",\"name\":\"Design och h\u00e5llbarher - Kl\u00e4der f\u00f6r diabetiker | AnnaPS\",\"isPartOf\":{\"@id\":\"https:\/\/annaps.com\/de\/#website\"},\"datePublished\":\"2016-01-07T11:17:09+00:00\",\"dateModified\":\"2018-10-23T13:32:17+00:00\",\"description\":\"H\u00e5llbarhet \u00e4r viktigt f\u00f6r oss p\u00e5 AnnaPS. D\u00e4rf\u00f6r har vi valt material med omsorg till b\u00e5de milj\u00f6 och m\u00e4nniskor. Titta in p\u00e5 v\u00e5r webbplats f\u00f6r mer information!\",\"breadcrumb\":{\"@id\":\"https:\/\/annaps.com\/sv\/om-produkterna\/maenniska-och-miljoe\/#breadcrumb\"},\"inLanguage\":\"sv-SE\",\"potentialAction\":[{\"@type\":\"ReadAction\",\"target\":[\"https:\/\/annaps.com\/sv\/om-produkterna\/maenniska-och-miljoe\/\"]}]},{\"@type\":\"BreadcrumbList\",\"@id\":\"https:\/\/annaps.com\/sv\/om-produkterna\/maenniska-och-miljoe\/#breadcrumb\",\"itemListElement\":[{\"@type\":\"ListItem\",\"position\":1,\"name\":\"Hem\",\"item\":\"https:\/\/annaps.com\/sv\/\"},{\"@type\":\"ListItem\",\"position\":2,\"name\":\"Om produkterna\",\"item\":\"https:\/\/annaps.com\/sv\/om-produkterna\/\"},{\"@type\":\"ListItem\",\"position\":3,\"name\":\"M\u00e4nniska och milj\u00f6\"}]},{\"@type\":\"WebSite\",\"@id\":\"https:\/\/annaps.com\/de\/#website\",\"url\":\"https:\/\/annaps.com\/de\/\",\"name\":\"AnnaPS\",\"description\":\"Det skall vara enkelt att b\u00e4ra!\",\"potentialAction\":[{\"@type\":\"SearchAction\",\"target\":{\"@type\":\"EntryPoint\",\"urlTemplate\":\"https:\/\/annaps.com\/de\/?s={search_term_string}\"},\"query-input\":{\"@type\":\"PropertyValueSpecification\",\"valueRequired\":true,\"valueName\":\"search_term_string\"}}],\"inLanguage\":\"sv-SE\"}]}<\/script>\n<!-- \/ Yoast SEO plugin. -->","yoast_head_json":{"title":"Design och h\u00e5llbarher - Kl\u00e4der f\u00f6r diabetiker | AnnaPS","description":"H\u00e5llbarhet \u00e4r viktigt f\u00f6r oss p\u00e5 AnnaPS. D\u00e4rf\u00f6r har vi valt material med omsorg till b\u00e5de milj\u00f6 och m\u00e4nniskor. Titta in p\u00e5 v\u00e5r webbplats f\u00f6r mer information!","robots":{"index":"index","follow":"follow","max-snippet":"max-snippet:-1","max-image-preview":"max-image-preview:large","max-video-preview":"max-video-preview:-1"},"canonical":"https:\/\/annaps.com\/sv\/om-produkterna\/maenniska-och-miljoe\/","og_locale":"sv_SE","og_type":"article","og_title":"Design och h\u00e5llbarher - Kl\u00e4der f\u00f6r diabetiker | AnnaPS","og_description":"H\u00e5llbarhet \u00e4r viktigt f\u00f6r oss p\u00e5 AnnaPS. D\u00e4rf\u00f6r har vi valt material med omsorg till b\u00e5de milj\u00f6 och m\u00e4nniskor. Titta in p\u00e5 v\u00e5r webbplats f\u00f6r mer information!","og_url":"https:\/\/annaps.com\/sv\/om-produkterna\/maenniska-och-miljoe\/","og_site_name":"AnnaPS","article_publisher":"https:\/\/www.facebook.com\/annaps.scandinavia\/","article_modified_time":"2018-10-23T13:32:17+00:00","twitter_card":"summary_large_image","twitter_misc":{"Ber\u00e4knad l\u00e4stid":"3 minuter"},"schema":{"@context":"https:\/\/schema.org","@graph":[{"@type":"WebPage","@id":"https:\/\/annaps.com\/sv\/om-produkterna\/maenniska-och-miljoe\/","url":"https:\/\/annaps.com\/sv\/om-produkterna\/maenniska-och-miljoe\/","name":"Design och h\u00e5llbarher - Kl\u00e4der f\u00f6r diabetiker | AnnaPS","isPartOf":{"@id":"https:\/\/annaps.com\/de\/#website"},"datePublished":"2016-01-07T11:17:09+00:00","dateModified":"2018-10-23T13:32:17+00:00","description":"H\u00e5llbarhet \u00e4r viktigt f\u00f6r oss p\u00e5 AnnaPS. D\u00e4rf\u00f6r har vi valt material med omsorg till b\u00e5de milj\u00f6 och m\u00e4nniskor. Titta in p\u00e5 v\u00e5r webbplats f\u00f6r mer information!","breadcrumb":{"@id":"https:\/\/annaps.com\/sv\/om-produkterna\/maenniska-och-miljoe\/#breadcrumb"},"inLanguage":"sv-SE","potentialAction":[{"@type":"ReadAction","target":["https:\/\/annaps.com\/sv\/om-produkterna\/maenniska-och-miljoe\/"]}]},{"@type":"BreadcrumbList","@id":"https:\/\/annaps.com\/sv\/om-produkterna\/maenniska-och-miljoe\/#breadcrumb","itemListElement":[{"@type":"ListItem","position":1,"name":"Hem","item":"https:\/\/annaps.com\/sv\/"},{"@type":"ListItem","position":2,"name":"Om produkterna","item":"https:\/\/annaps.com\/sv\/om-produkterna\/"},{"@type":"ListItem","position":3,"name":"M\u00e4nniska och milj\u00f6"}]},{"@type":"WebSite","@id":"https:\/\/annaps.com\/de\/#website","url":"https:\/\/annaps.com\/de\/","name":"AnnaPS","description":"Det skall vara enkelt att b\u00e4ra!","potentialAction":[{"@type":"SearchAction","target":{"@type":"EntryPoint","urlTemplate":"https:\/\/annaps.com\/de\/?s={search_term_string}"},"query-input":{"@type":"PropertyValueSpecification","valueRequired":true,"valueName":"search_term_string"}}],"inLanguage":"sv-SE"}]}},"_links":{"self":[{"href":"https:\/\/annaps.com\/sv\/wp-json\/wp\/v2\/pages\/319","targetHints":{"allow":["GET"]}}],"collection":[{"href":"https:\/\/annaps.com\/sv\/wp-json\/wp\/v2\/pages"}],"about":[{"href":"https:\/\/annaps.com\/sv\/wp-json\/wp\/v2\/types\/page"}],"author":[{"embeddable":true,"href":"https:\/\/annaps.com\/sv\/wp-json\/wp\/v2\/users\/1"}],"replies":[{"embeddable":true,"href":"https:\/\/annaps.com\/sv\/wp-json\/wp\/v2\/comments?post=319"}],"version-history":[{"count":1,"href":"https:\/\/annaps.com\/sv\/wp-json\/wp\/v2\/pages\/319\/revisions"}],"predecessor-version":[{"id":29188,"href":"https:\/\/annaps.com\/sv\/wp-json\/wp\/v2\/pages\/319\/revisions\/29188"}],"up":[{"embeddable":true,"href":"https:\/\/annaps.com\/sv\/wp-json\/wp\/v2\/pages\/6439"}],"wp:attachment":[{"href":"https:\/\/annaps.com\/sv\/wp-json\/wp\/v2\/media?parent=319"}],"curies":[{"name":"wp","href":"https:\/\/api.w.org\/{rel}","templated":true}]}}