{"id":314,"date":"2016-01-07T11:14:49","date_gmt":"2016-01-07T11:14:49","guid":{"rendered":"https:\/\/www.annaps.com\/?page_id=314"},"modified":"2018-10-23T15:30:10","modified_gmt":"2018-10-23T13:30:10","slug":"hur-fickorna-fungerar","status":"publish","type":"page","link":"https:\/\/annaps.com\/sv\/om-produkterna\/hur-fickorna-fungerar\/","title":{"rendered":"Hur fickorna fungerar \u00ad"},"content":{"rendered":"<p>AnnaPS \u00adfickor \u00e4r specialdesignade f\u00f6r att h\u00e5lla\u00a0<span style=\"font-weight: 400;\">insulinpumpen s\u00e4ker, bekv\u00e4mt och diskret placerad &#8211; som g\u00f6r att du inte beh\u00f6ver den klassiska (och ofta ganska osmidiga!) pumpv\u00e4skan.<\/span><\/p>\n<p><span style=\"font-weight: 400;\">Pumpen kommer inte ramla ut oavsett vilken aktivitet du ut\u00f6var, och slangen f\u00f6rvaras p\u00e5 insidan. <\/span><\/p>\n<p><span style=\"font-weight: 400;\">AnnaPS str\u00e4var mot att hitta fickl\u00f6sningar som g\u00f6r det l\u00e4tt att l\u00e4gga i insulinpumpen, och ta ut den, och i de flesta av v\u00e5ra produkter kan du till och med l\u00e4gga i insulinpumpen utan att beh\u00f6va koppla bort infusionssetet.<\/span><\/p>\n<p><span style=\"font-weight: 400;\">De olika fickplaceringarna, samt de olika slang\u00f6ppningarna, finns f\u00f6r att tillgodose de speciella behov en insulinpumpsb\u00e4rare har; d\u00e4ribland att kunna b\u00e4ra insulinpumpen vertikalt, horisontellt, upp\u00e5t eller ned\u00e5t. Behov som inte tillgodoses av de flesta diabetesv\u00e4skor p\u00e5 marknaden. Vi g\u00f6r allt f\u00f6r att minska risken f\u00f6r luftbubblor i slangen och s\u00e4kra ett stadigt insulinfl\u00f6de. Fickorna \u00e4r placerade s\u00e5 att insulinpumpen f\u00f6ljer kroppens naturliga r\u00f6relsem\u00f6nster.<\/span><\/p>\n<p><span style=\"font-weight: 400;\">F\u00f6r att f\u00e5 ut mesta m\u00f6jliga av AnnaPS-produkterna \u00e4r det viktigt att du anv\u00e4nder funktionerna som erbjuds p\u00e5 r\u00e4tt s\u00e4tt. Om insulinpumpen l\u00e4ggs ner i plagget p\u00e5 r\u00e4tt s\u00e4tt kan den inte ramla ut.<\/span><\/p>\n<p><span style=\"font-weight: 400;\">Idag har AnnaPS tv\u00e5 olika fickmodeller: en \u00f6verlappsficka och en knappficka. Det finns ocks\u00e5 tv\u00e5 storlekar av fickor, en mindre och en st\u00f6rre. Innanf\u00f6r fickan finns det tv\u00e5 l\u00f6sningar till att h\u00e5lla slangen p\u00e5 insidan av plagget; antingen via en \u00f6ppning som du kan placera insulinpumpen i utan att koppla bort infusionssetet, eller en knapph\u00e5ls\u00f6ppning. F\u00f6r att informera dig som kund om vilken l\u00f6sning som finns p\u00e5 vilken produkt, har vi namngett fickmodellerna, och i produktbeskrivningarna i webshopen har vi kort beskrivit varje produkt. D\u00e4r kan du ocks\u00e5 finna en direktl\u00e4nk till anv\u00e4ndningsmanualen f\u00f6r framtida assistans.<\/span><\/p>\n<p><span style=\"font-weight: 400;\">L\u00e4mna pumpv\u00e4skan hemma och b\u00e4r din insulinpump i trendiga kl\u00e4der ist\u00e4llet! Enkelt, s\u00e4kert och bekv\u00e4mt.<\/span><\/p>\n<p><span style=\"font-weight: 400;\">H\u00e4r f\u00f6ljer en kort beskrivning av v\u00e5r fickmodeller:<\/span><\/p>\n<ul>\n<li><strong>BOXI<\/strong><span style=\"font-weight: 400;\"> = en liten ficka (6,7 x 12,5 cm) med tryckknapp, som rymmer en insulinpump. Insulinpumpen tas enkelt fram fr\u00e5n utsidan av plagget. H\u00e4r finns ocks\u00e5 en \u00f6ppning i fickan fr\u00e5n insidan, och du kan d\u00e4rf\u00f6r l\u00e4gga i insulinpumpen fr\u00e5n insidan i fickan utan att beh\u00f6va koppla bort den fr\u00e5n infusionssetet. Du har d\u00e5 slangen p\u00e5 insidan av plagget.\u00a0<\/span><\/li>\n<li><strong>BOXI2<\/strong><span style=\"font-weight: 400;\"> = en liten ficka (6,7 x 12,5 cm) med \u00f6verlappslock, som rymmer en insulinpump. Insulinpumpen tas enkelt fram fr\u00e5n utsidan av plagget. H\u00e4r finns \u00f6ppning fr\u00e5n insidan av plagget s\u00e5 att du kan ha slangen skyddad p\u00e5 insidan av plagget. F\u00f6r fickmodellen BOXI2 finns b\u00e5de modeller med en \u00f6ppning fr\u00e5n insidan, samt modeller med en knapph\u00e5ls\u00f6ppning. F\u00f6r modeller med \u00f6ppning p\u00e5 insidan kan man l\u00e4gga i pumpen fr\u00e5n insidan av plagget utan att koppla bort infusionssetet och d\u00e4rmed har kan man enkelt ha slangen p\u00e5 insidan av plagget. P\u00e5 barnlinnena finns dessutom ytterligare en \u00f6ppning inuti och nedtill i fickan f\u00f6r dig som vill b\u00e4ra insulinpumpen h\u00e4ngande ner\u00e5t f\u00f6r att minska risken f\u00f6r luftbubblor. N\u00e4r man anv\u00e4nder knapph\u00e5ls\u00f6ppningen, s\u00e5 kopplar man bort slangen fr\u00e5n infusionssetet, tr\u00e4r igenom kopplingen och kopplar tillbaka det igen p\u00e5 insulinpumpen. Slangen \u00e4r d\u00e5 p\u00e5 insidan av plagget.<\/span><\/li>\n<li><strong>BOXI4<\/strong><span style=\"font-weight: 400;\"> = en stor ficka (8 x 16,5 cm) med ett \u00f6verlappslock, som rymmer b\u00e5de insulinpump och insulinpennor. Insulinpumpen tas enkelt fram fr\u00e5n utsidan av plagget. H\u00e4r finns ocks\u00e5 en \u00f6ppning i fickan fr\u00e5n insidan, och du kan d\u00e4rf\u00f6r l\u00e4gga i insulinpumpen fr\u00e5n insidan i fickan utan att beh\u00f6va koppla bort den fr\u00e5n infusionssetet. Du har d\u00e5 slangen p\u00e5 insidan av plagget. Dessutom finns ytterligare en \u00f6ppning inuti och nedtill i fickan f\u00f6r dig som vill b\u00e4ra insulinpumpen h\u00e4ngande ner\u00e5t f\u00f6r att minska risken f\u00f6r luftbubblor.<\/span><\/li>\n<\/ul>\n","protected":false},"excerpt":{"rendered":"<p>AnnaPS \u00adfickor \u00e4r specialdesignade f\u00f6r att h\u00e5lla\u00a0insulinpumpen s\u00e4ker, bekv\u00e4mt och diskret placerad &#8211; som g\u00f6r att du inte beh\u00f6ver den klassiska (och ofta ganska osmidiga!) pumpv\u00e4skan. Pumpen kommer inte ramla ut oavsett vilken aktivitet du ut\u00f6var, och slangen f\u00f6rvaras p\u00e5 insidan. AnnaPS str\u00e4var mot att hitta fickl\u00f6sningar som g\u00f6r det l\u00e4tt att l\u00e4gga i insulinpumpen, [&hellip;]<\/p>\n","protected":false},"author":1,"featured_media":0,"parent":6439,"menu_order":2,"comment_status":"closed","ping_status":"closed","template":"","meta":{"_acf_changed":false,"footnotes":""},"class_list":["post-314","page","type-page","status-publish","hentry"],"acf":[],"yoast_head":"<!-- This site is optimized with the Yoast SEO plugin v27.1.1 - https:\/\/yoast.com\/product\/yoast-seo-wordpress\/ -->\n<title>Smarta, integrerade fickor p\u00e5 kl\u00e4derna f\u00f6r diabetiker | AnnaPS<\/title>\n<meta name=\"description\" content=\"Fickorna p\u00e5 v\u00e5ra diabeteskl\u00e4der \u00e4r utformade s\u00e5 att plagget ska sitta sk\u00f6nt. Fickorna \u00e4r designade f\u00f6r att passa olika m\u00e4rken och modeller av pumpar!\" \/>\n<meta name=\"robots\" content=\"index, follow, max-snippet:-1, max-image-preview:large, max-video-preview:-1\" \/>\n<link rel=\"canonical\" href=\"https:\/\/annaps.com\/sv\/om-produkterna\/hur-fickorna-fungerar\/\" \/>\n<meta property=\"og:locale\" content=\"sv_SE\" \/>\n<meta property=\"og:type\" content=\"article\" \/>\n<meta property=\"og:title\" content=\"Smarta, integrerade fickor p\u00e5 kl\u00e4derna f\u00f6r diabetiker | AnnaPS\" \/>\n<meta property=\"og:description\" content=\"Fickorna p\u00e5 v\u00e5ra diabeteskl\u00e4der \u00e4r utformade s\u00e5 att plagget ska sitta sk\u00f6nt. Fickorna \u00e4r designade f\u00f6r att passa olika m\u00e4rken och modeller av pumpar!\" \/>\n<meta property=\"og:url\" content=\"https:\/\/annaps.com\/sv\/om-produkterna\/hur-fickorna-fungerar\/\" \/>\n<meta property=\"og:site_name\" content=\"AnnaPS\" \/>\n<meta property=\"article:publisher\" content=\"https:\/\/www.facebook.com\/annaps.scandinavia\/\" \/>\n<meta property=\"article:modified_time\" content=\"2018-10-23T13:30:10+00:00\" \/>\n<meta name=\"twitter:card\" content=\"summary_large_image\" \/>\n<meta name=\"twitter:label1\" content=\"Ber\u00e4knad l\u00e4stid\" \/>\n\t<meta name=\"twitter:data1\" content=\"3 minuter\" \/>\n<script type=\"application\/ld+json\" class=\"yoast-schema-graph\">{\"@context\":\"https:\/\/schema.org\",\"@graph\":[{\"@type\":\"WebPage\",\"@id\":\"https:\/\/annaps.com\/sv\/om-produkterna\/hur-fickorna-fungerar\/\",\"url\":\"https:\/\/annaps.com\/sv\/om-produkterna\/hur-fickorna-fungerar\/\",\"name\":\"Smarta, integrerade fickor p\u00e5 kl\u00e4derna f\u00f6r diabetiker | AnnaPS\",\"isPartOf\":{\"@id\":\"https:\/\/annaps.com\/de\/#website\"},\"datePublished\":\"2016-01-07T11:14:49+00:00\",\"dateModified\":\"2018-10-23T13:30:10+00:00\",\"description\":\"Fickorna p\u00e5 v\u00e5ra diabeteskl\u00e4der \u00e4r utformade s\u00e5 att plagget ska sitta sk\u00f6nt. Fickorna \u00e4r designade f\u00f6r att passa olika m\u00e4rken och modeller av pumpar!\",\"breadcrumb\":{\"@id\":\"https:\/\/annaps.com\/sv\/om-produkterna\/hur-fickorna-fungerar\/#breadcrumb\"},\"inLanguage\":\"sv-SE\",\"potentialAction\":[{\"@type\":\"ReadAction\",\"target\":[\"https:\/\/annaps.com\/sv\/om-produkterna\/hur-fickorna-fungerar\/\"]}]},{\"@type\":\"BreadcrumbList\",\"@id\":\"https:\/\/annaps.com\/sv\/om-produkterna\/hur-fickorna-fungerar\/#breadcrumb\",\"itemListElement\":[{\"@type\":\"ListItem\",\"position\":1,\"name\":\"Hem\",\"item\":\"https:\/\/annaps.com\/sv\/\"},{\"@type\":\"ListItem\",\"position\":2,\"name\":\"Om produkterna\",\"item\":\"https:\/\/annaps.com\/sv\/om-produkterna\/\"},{\"@type\":\"ListItem\",\"position\":3,\"name\":\"Hur fickorna fungerar \u00ad\"}]},{\"@type\":\"WebSite\",\"@id\":\"https:\/\/annaps.com\/de\/#website\",\"url\":\"https:\/\/annaps.com\/de\/\",\"name\":\"AnnaPS\",\"description\":\"Det skall vara enkelt att b\u00e4ra!\",\"potentialAction\":[{\"@type\":\"SearchAction\",\"target\":{\"@type\":\"EntryPoint\",\"urlTemplate\":\"https:\/\/annaps.com\/de\/?s={search_term_string}\"},\"query-input\":{\"@type\":\"PropertyValueSpecification\",\"valueRequired\":true,\"valueName\":\"search_term_string\"}}],\"inLanguage\":\"sv-SE\"}]}<\/script>\n<!-- \/ Yoast SEO plugin. -->","yoast_head_json":{"title":"Smarta, integrerade fickor p\u00e5 kl\u00e4derna f\u00f6r diabetiker | AnnaPS","description":"Fickorna p\u00e5 v\u00e5ra diabeteskl\u00e4der \u00e4r utformade s\u00e5 att plagget ska sitta sk\u00f6nt. Fickorna \u00e4r designade f\u00f6r att passa olika m\u00e4rken och modeller av pumpar!","robots":{"index":"index","follow":"follow","max-snippet":"max-snippet:-1","max-image-preview":"max-image-preview:large","max-video-preview":"max-video-preview:-1"},"canonical":"https:\/\/annaps.com\/sv\/om-produkterna\/hur-fickorna-fungerar\/","og_locale":"sv_SE","og_type":"article","og_title":"Smarta, integrerade fickor p\u00e5 kl\u00e4derna f\u00f6r diabetiker | AnnaPS","og_description":"Fickorna p\u00e5 v\u00e5ra diabeteskl\u00e4der \u00e4r utformade s\u00e5 att plagget ska sitta sk\u00f6nt. Fickorna \u00e4r designade f\u00f6r att passa olika m\u00e4rken och modeller av pumpar!","og_url":"https:\/\/annaps.com\/sv\/om-produkterna\/hur-fickorna-fungerar\/","og_site_name":"AnnaPS","article_publisher":"https:\/\/www.facebook.com\/annaps.scandinavia\/","article_modified_time":"2018-10-23T13:30:10+00:00","twitter_card":"summary_large_image","twitter_misc":{"Ber\u00e4knad l\u00e4stid":"3 minuter"},"schema":{"@context":"https:\/\/schema.org","@graph":[{"@type":"WebPage","@id":"https:\/\/annaps.com\/sv\/om-produkterna\/hur-fickorna-fungerar\/","url":"https:\/\/annaps.com\/sv\/om-produkterna\/hur-fickorna-fungerar\/","name":"Smarta, integrerade fickor p\u00e5 kl\u00e4derna f\u00f6r diabetiker | AnnaPS","isPartOf":{"@id":"https:\/\/annaps.com\/de\/#website"},"datePublished":"2016-01-07T11:14:49+00:00","dateModified":"2018-10-23T13:30:10+00:00","description":"Fickorna p\u00e5 v\u00e5ra diabeteskl\u00e4der \u00e4r utformade s\u00e5 att plagget ska sitta sk\u00f6nt. Fickorna \u00e4r designade f\u00f6r att passa olika m\u00e4rken och modeller av pumpar!","breadcrumb":{"@id":"https:\/\/annaps.com\/sv\/om-produkterna\/hur-fickorna-fungerar\/#breadcrumb"},"inLanguage":"sv-SE","potentialAction":[{"@type":"ReadAction","target":["https:\/\/annaps.com\/sv\/om-produkterna\/hur-fickorna-fungerar\/"]}]},{"@type":"BreadcrumbList","@id":"https:\/\/annaps.com\/sv\/om-produkterna\/hur-fickorna-fungerar\/#breadcrumb","itemListElement":[{"@type":"ListItem","position":1,"name":"Hem","item":"https:\/\/annaps.com\/sv\/"},{"@type":"ListItem","position":2,"name":"Om produkterna","item":"https:\/\/annaps.com\/sv\/om-produkterna\/"},{"@type":"ListItem","position":3,"name":"Hur fickorna fungerar \u00ad"}]},{"@type":"WebSite","@id":"https:\/\/annaps.com\/de\/#website","url":"https:\/\/annaps.com\/de\/","name":"AnnaPS","description":"Det skall vara enkelt att b\u00e4ra!","potentialAction":[{"@type":"SearchAction","target":{"@type":"EntryPoint","urlTemplate":"https:\/\/annaps.com\/de\/?s={search_term_string}"},"query-input":{"@type":"PropertyValueSpecification","valueRequired":true,"valueName":"search_term_string"}}],"inLanguage":"sv-SE"}]}},"_links":{"self":[{"href":"https:\/\/annaps.com\/sv\/wp-json\/wp\/v2\/pages\/314","targetHints":{"allow":["GET"]}}],"collection":[{"href":"https:\/\/annaps.com\/sv\/wp-json\/wp\/v2\/pages"}],"about":[{"href":"https:\/\/annaps.com\/sv\/wp-json\/wp\/v2\/types\/page"}],"author":[{"embeddable":true,"href":"https:\/\/annaps.com\/sv\/wp-json\/wp\/v2\/users\/1"}],"replies":[{"embeddable":true,"href":"https:\/\/annaps.com\/sv\/wp-json\/wp\/v2\/comments?post=314"}],"version-history":[{"count":1,"href":"https:\/\/annaps.com\/sv\/wp-json\/wp\/v2\/pages\/314\/revisions"}],"predecessor-version":[{"id":29186,"href":"https:\/\/annaps.com\/sv\/wp-json\/wp\/v2\/pages\/314\/revisions\/29186"}],"up":[{"embeddable":true,"href":"https:\/\/annaps.com\/sv\/wp-json\/wp\/v2\/pages\/6439"}],"wp:attachment":[{"href":"https:\/\/annaps.com\/sv\/wp-json\/wp\/v2\/media?parent=314"}],"curies":[{"name":"wp","href":"https:\/\/api.w.org\/{rel}","templated":true}]}}