{"id":312,"date":"2016-01-07T11:13:47","date_gmt":"2016-01-07T11:13:47","guid":{"rendered":"https:\/\/www.annaps.com\/?page_id=312"},"modified":"2018-06-01T11:32:13","modified_gmt":"2018-06-01T09:32:13","slug":"klaeder-foer-vem","status":"publish","type":"page","link":"https:\/\/annaps.com\/sv\/om-produkterna\/klaeder-foer-vem\/","title":{"rendered":"Kl\u00e4der f\u00f6r vem?"},"content":{"rendered":"<p>Hos AnnaPS har vi produkter f\u00f6r alla; m\u00e4n, kvinnor och barn, fr\u00e5n 3 \u00e5r upp till XXL i storlek.<\/p>\n<p>Vi tror starkt p\u00e5 att det \u00e4r viktigt att ha en design som alltid \u00e4r up-to-date, \u00e5r efter \u00e5r. Du ska inte beh\u00f6va oroa dig \u00f6ver huruvida det \u00e4r den senaste trenden eller \u201cin style\u201d. AnnaPS-kollektionen \u00e4r tidl\u00f6s, i v\u00e5ra produkter \u00e4r du alltid stilren. P\u00e5 det s\u00e4ttet hoppas vi kunna g\u00f6ra v\u00e5r del i att minska p\u00e5 slit-och-sl\u00e4ng-konsumtionen.<\/p>\n<p>&nbsp;<\/p>\n<p>&nbsp;<\/p>\n","protected":false},"excerpt":{"rendered":"<p>Hos AnnaPS har vi produkter f\u00f6r alla; m\u00e4n, kvinnor och barn, fr\u00e5n 3 \u00e5r upp till XXL i storlek. Vi tror starkt p\u00e5 att det \u00e4r viktigt att ha en design som alltid \u00e4r up-to-date, \u00e5r efter \u00e5r. Du ska inte beh\u00f6va oroa dig \u00f6ver huruvida det \u00e4r den senaste trenden eller \u201cin style\u201d. AnnaPS-kollektionen [&hellip;]<\/p>\n","protected":false},"author":1,"featured_media":0,"parent":6439,"menu_order":1,"comment_status":"closed","ping_status":"closed","template":"","meta":{"_acf_changed":false,"footnotes":""},"class_list":["post-312","page","type-page","status-publish","hentry"],"acf":[],"yoast_head":"<!-- This site is optimized with the Yoast SEO plugin v27.1.1 - https:\/\/yoast.com\/product\/yoast-seo-wordpress\/ -->\n<title>F\u00f6r vem passar v\u00e5ra diabeteskl\u00e4der? | AnnaPS<\/title>\n<meta name=\"description\" content=\"Nu slipper du gl\u00f6mma din diabetesv\u00e4ska! AnnaPS har smarta diabeteskl\u00e4der med integrerade fickor som har plats f\u00f6r insulinpumpen och andra tillbeh\u00f6r. V\u00e5ra kl\u00e4der passar alla!\" \/>\n<meta name=\"robots\" content=\"index, follow, max-snippet:-1, max-image-preview:large, max-video-preview:-1\" \/>\n<link rel=\"canonical\" href=\"https:\/\/annaps.com\/sv\/om-produkterna\/klaeder-foer-vem\/\" \/>\n<meta property=\"og:locale\" content=\"sv_SE\" \/>\n<meta property=\"og:type\" content=\"article\" \/>\n<meta property=\"og:title\" content=\"F\u00f6r vem passar v\u00e5ra diabeteskl\u00e4der? | AnnaPS\" \/>\n<meta property=\"og:description\" content=\"Nu slipper du gl\u00f6mma din diabetesv\u00e4ska! AnnaPS har smarta diabeteskl\u00e4der med integrerade fickor som har plats f\u00f6r insulinpumpen och andra tillbeh\u00f6r. V\u00e5ra kl\u00e4der passar alla!\" \/>\n<meta property=\"og:url\" content=\"https:\/\/annaps.com\/sv\/om-produkterna\/klaeder-foer-vem\/\" \/>\n<meta property=\"og:site_name\" content=\"AnnaPS\" \/>\n<meta property=\"article:publisher\" content=\"https:\/\/www.facebook.com\/annaps.scandinavia\/\" \/>\n<meta property=\"article:modified_time\" content=\"2018-06-01T09:32:13+00:00\" \/>\n<meta name=\"twitter:card\" content=\"summary_large_image\" \/>\n<script type=\"application\/ld+json\" class=\"yoast-schema-graph\">{\"@context\":\"https:\/\/schema.org\",\"@graph\":[{\"@type\":\"WebPage\",\"@id\":\"https:\/\/annaps.com\/sv\/om-produkterna\/klaeder-foer-vem\/\",\"url\":\"https:\/\/annaps.com\/sv\/om-produkterna\/klaeder-foer-vem\/\",\"name\":\"F\u00f6r vem passar v\u00e5ra diabeteskl\u00e4der? | AnnaPS\",\"isPartOf\":{\"@id\":\"https:\/\/annaps.com\/de\/#website\"},\"datePublished\":\"2016-01-07T11:13:47+00:00\",\"dateModified\":\"2018-06-01T09:32:13+00:00\",\"description\":\"Nu slipper du gl\u00f6mma din diabetesv\u00e4ska! AnnaPS har smarta diabeteskl\u00e4der med integrerade fickor som har plats f\u00f6r insulinpumpen och andra tillbeh\u00f6r. V\u00e5ra kl\u00e4der passar alla!\",\"breadcrumb\":{\"@id\":\"https:\/\/annaps.com\/sv\/om-produkterna\/klaeder-foer-vem\/#breadcrumb\"},\"inLanguage\":\"sv-SE\",\"potentialAction\":[{\"@type\":\"ReadAction\",\"target\":[\"https:\/\/annaps.com\/sv\/om-produkterna\/klaeder-foer-vem\/\"]}]},{\"@type\":\"BreadcrumbList\",\"@id\":\"https:\/\/annaps.com\/sv\/om-produkterna\/klaeder-foer-vem\/#breadcrumb\",\"itemListElement\":[{\"@type\":\"ListItem\",\"position\":1,\"name\":\"Hem\",\"item\":\"https:\/\/annaps.com\/sv\/\"},{\"@type\":\"ListItem\",\"position\":2,\"name\":\"Om produkterna\",\"item\":\"https:\/\/annaps.com\/sv\/om-produkterna\/\"},{\"@type\":\"ListItem\",\"position\":3,\"name\":\"Kl\u00e4der f\u00f6r vem?\"}]},{\"@type\":\"WebSite\",\"@id\":\"https:\/\/annaps.com\/de\/#website\",\"url\":\"https:\/\/annaps.com\/de\/\",\"name\":\"AnnaPS\",\"description\":\"Det skall vara enkelt att b\u00e4ra!\",\"potentialAction\":[{\"@type\":\"SearchAction\",\"target\":{\"@type\":\"EntryPoint\",\"urlTemplate\":\"https:\/\/annaps.com\/de\/?s={search_term_string}\"},\"query-input\":{\"@type\":\"PropertyValueSpecification\",\"valueRequired\":true,\"valueName\":\"search_term_string\"}}],\"inLanguage\":\"sv-SE\"}]}<\/script>\n<!-- \/ Yoast SEO plugin. -->","yoast_head_json":{"title":"F\u00f6r vem passar v\u00e5ra diabeteskl\u00e4der? | AnnaPS","description":"Nu slipper du gl\u00f6mma din diabetesv\u00e4ska! AnnaPS har smarta diabeteskl\u00e4der med integrerade fickor som har plats f\u00f6r insulinpumpen och andra tillbeh\u00f6r. V\u00e5ra kl\u00e4der passar alla!","robots":{"index":"index","follow":"follow","max-snippet":"max-snippet:-1","max-image-preview":"max-image-preview:large","max-video-preview":"max-video-preview:-1"},"canonical":"https:\/\/annaps.com\/sv\/om-produkterna\/klaeder-foer-vem\/","og_locale":"sv_SE","og_type":"article","og_title":"F\u00f6r vem passar v\u00e5ra diabeteskl\u00e4der? | AnnaPS","og_description":"Nu slipper du gl\u00f6mma din diabetesv\u00e4ska! AnnaPS har smarta diabeteskl\u00e4der med integrerade fickor som har plats f\u00f6r insulinpumpen och andra tillbeh\u00f6r. V\u00e5ra kl\u00e4der passar alla!","og_url":"https:\/\/annaps.com\/sv\/om-produkterna\/klaeder-foer-vem\/","og_site_name":"AnnaPS","article_publisher":"https:\/\/www.facebook.com\/annaps.scandinavia\/","article_modified_time":"2018-06-01T09:32:13+00:00","twitter_card":"summary_large_image","schema":{"@context":"https:\/\/schema.org","@graph":[{"@type":"WebPage","@id":"https:\/\/annaps.com\/sv\/om-produkterna\/klaeder-foer-vem\/","url":"https:\/\/annaps.com\/sv\/om-produkterna\/klaeder-foer-vem\/","name":"F\u00f6r vem passar v\u00e5ra diabeteskl\u00e4der? | AnnaPS","isPartOf":{"@id":"https:\/\/annaps.com\/de\/#website"},"datePublished":"2016-01-07T11:13:47+00:00","dateModified":"2018-06-01T09:32:13+00:00","description":"Nu slipper du gl\u00f6mma din diabetesv\u00e4ska! AnnaPS har smarta diabeteskl\u00e4der med integrerade fickor som har plats f\u00f6r insulinpumpen och andra tillbeh\u00f6r. V\u00e5ra kl\u00e4der passar alla!","breadcrumb":{"@id":"https:\/\/annaps.com\/sv\/om-produkterna\/klaeder-foer-vem\/#breadcrumb"},"inLanguage":"sv-SE","potentialAction":[{"@type":"ReadAction","target":["https:\/\/annaps.com\/sv\/om-produkterna\/klaeder-foer-vem\/"]}]},{"@type":"BreadcrumbList","@id":"https:\/\/annaps.com\/sv\/om-produkterna\/klaeder-foer-vem\/#breadcrumb","itemListElement":[{"@type":"ListItem","position":1,"name":"Hem","item":"https:\/\/annaps.com\/sv\/"},{"@type":"ListItem","position":2,"name":"Om produkterna","item":"https:\/\/annaps.com\/sv\/om-produkterna\/"},{"@type":"ListItem","position":3,"name":"Kl\u00e4der f\u00f6r vem?"}]},{"@type":"WebSite","@id":"https:\/\/annaps.com\/de\/#website","url":"https:\/\/annaps.com\/de\/","name":"AnnaPS","description":"Det skall vara enkelt att b\u00e4ra!","potentialAction":[{"@type":"SearchAction","target":{"@type":"EntryPoint","urlTemplate":"https:\/\/annaps.com\/de\/?s={search_term_string}"},"query-input":{"@type":"PropertyValueSpecification","valueRequired":true,"valueName":"search_term_string"}}],"inLanguage":"sv-SE"}]}},"_links":{"self":[{"href":"https:\/\/annaps.com\/sv\/wp-json\/wp\/v2\/pages\/312","targetHints":{"allow":["GET"]}}],"collection":[{"href":"https:\/\/annaps.com\/sv\/wp-json\/wp\/v2\/pages"}],"about":[{"href":"https:\/\/annaps.com\/sv\/wp-json\/wp\/v2\/types\/page"}],"author":[{"embeddable":true,"href":"https:\/\/annaps.com\/sv\/wp-json\/wp\/v2\/users\/1"}],"replies":[{"embeddable":true,"href":"https:\/\/annaps.com\/sv\/wp-json\/wp\/v2\/comments?post=312"}],"version-history":[{"count":2,"href":"https:\/\/annaps.com\/sv\/wp-json\/wp\/v2\/pages\/312\/revisions"}],"predecessor-version":[{"id":29185,"href":"https:\/\/annaps.com\/sv\/wp-json\/wp\/v2\/pages\/312\/revisions\/29185"}],"up":[{"embeddable":true,"href":"https:\/\/annaps.com\/sv\/wp-json\/wp\/v2\/pages\/6439"}],"wp:attachment":[{"href":"https:\/\/annaps.com\/sv\/wp-json\/wp\/v2\/media?parent=312"}],"curies":[{"name":"wp","href":"https:\/\/api.w.org\/{rel}","templated":true}]}}