{"id":296,"date":"2016-01-07T10:15:11","date_gmt":"2016-01-07T10:15:11","guid":{"rendered":"https:\/\/www.annaps.com\/?page_id=296"},"modified":"2016-05-25T16:40:39","modified_gmt":"2016-05-25T14:40:39","slug":"ambassadoerer","status":"publish","type":"page","link":"https:\/\/annaps.com\/sv\/ambassadoerer\/","title":{"rendered":"Ambassad\u00f6rer"},"content":{"rendered":"<p>Vi p\u00e5 AnnaPS jobbar n\u00e4ra med v\u00e5ra kunder.\u00a0Men f\u00f6r att se till att vi f\u00e5r kontinuerlig feedback p\u00e5 v\u00e5ra produkter, har vi valt att\u00a0jobba \u00e4nnu n\u00e4rmre med vad vi kallar v\u00e5ra PS\u00ad-Ambassad\u00f6rer. Detta \u00e4r m\u00e4nniskor\u00a0som p\u00e5 olika s\u00e4tt har gett diabetes ett ansikte i samh\u00e4llet och\/eller har hj\u00e4lpt andra\u00a0diabetiker \u00ad och vi \u00e4r s\u00e5 stolta att ha dem alla ombord! Klicka p\u00e5 en PS\u00adAmbassad\u00f6r\u00a0f\u00f6r att l\u00e4sa mer om dem.<\/p>\n<p><strong> Bli en av oss! \u00ad <\/strong><\/p>\n<p>Skulle du vilja vara med i PS-\u00a0Ambassad\u00f6rsg\u00e4nget? Kanske driver du en diabetesblogg, arrangerar diabetesevent\u00a0eller \u00e4r engagerad inom diabetes p\u00e5 annat s\u00e4tt. H\u00f6r g\u00e4rna av dig till oss, s\u00e5 kanske vi\u00a0kan arbeta fram n\u00e5got!<\/p>\n<p>\u00c4r du inte s\u00e5 engagerad, men tycker att AnnaPS\u00ad-produkterna\u00a0\u00e4r n\u00e5got f\u00f6r dig, och v\u00e4rda att sprida ordet om? D\u00e5 kanske \u201cAnnaPointS\u201d \u00e4r n\u00e5got f\u00f6r\u00a0dig! Det \u00e4r ett po\u00e4ngsystem som i slut\u00e4ndan ger dig gratis produkter. Nyfiken?<\/p>\n","protected":false},"excerpt":{"rendered":"<p>Vi p\u00e5 AnnaPS jobbar n\u00e4ra med v\u00e5ra kunder.\u00a0Men f\u00f6r att se till att vi f\u00e5r kontinuerlig feedback p\u00e5 v\u00e5ra produkter, har vi valt att\u00a0jobba \u00e4nnu n\u00e4rmre med vad vi kallar v\u00e5ra PS\u00ad-Ambassad\u00f6rer. Detta \u00e4r m\u00e4nniskor\u00a0som p\u00e5 olika s\u00e4tt har gett diabetes ett ansikte i samh\u00e4llet och\/eller har hj\u00e4lpt andra\u00a0diabetiker \u00ad och vi \u00e4r s\u00e5 stolta [&hellip;]<\/p>\n","protected":false},"author":1,"featured_media":0,"parent":0,"menu_order":91,"comment_status":"closed","ping_status":"closed","template":"page-ambassadors.php","meta":{"_acf_changed":false,"footnotes":""},"class_list":["post-296","page","type-page","status-publish","hentry"],"acf":[],"yoast_head":"<!-- This site is optimized with the Yoast SEO plugin v27.1.1 - https:\/\/yoast.com\/product\/yoast-seo-wordpress\/ -->\n<title>Ambassad\u00f6rer - AnnaPS<\/title>\n<meta name=\"description\" content=\"AnnaPS makes clothes with integrated pockets to carry your diabetes devices such as insulin pump, pen and glucose meter. Stylish, high quality, functional and environmental focus.\" \/>\n<meta name=\"robots\" content=\"index, follow, max-snippet:-1, max-image-preview:large, max-video-preview:-1\" \/>\n<link rel=\"canonical\" href=\"https:\/\/annaps.com\/sv\/ambassadoerer\/\" \/>\n<meta property=\"og:locale\" content=\"sv_SE\" \/>\n<meta property=\"og:type\" content=\"article\" \/>\n<meta property=\"og:title\" content=\"Ambassad\u00f6rer - AnnaPS\" \/>\n<meta property=\"og:description\" content=\"AnnaPS makes clothes with integrated pockets to carry your diabetes devices such as insulin pump, pen and glucose meter. Stylish, high quality, functional and environmental focus.\" \/>\n<meta property=\"og:url\" content=\"https:\/\/annaps.com\/sv\/ambassadoerer\/\" \/>\n<meta property=\"og:site_name\" content=\"AnnaPS\" \/>\n<meta property=\"article:publisher\" content=\"https:\/\/www.facebook.com\/annaps.scandinavia\/\" \/>\n<meta property=\"article:modified_time\" content=\"2016-05-25T14:40:39+00:00\" \/>\n<meta name=\"twitter:card\" content=\"summary_large_image\" \/>\n<meta name=\"twitter:label1\" content=\"Ber\u00e4knad l\u00e4stid\" \/>\n\t<meta name=\"twitter:data1\" content=\"1 minut\" \/>\n<script type=\"application\/ld+json\" class=\"yoast-schema-graph\">{\"@context\":\"https:\/\/schema.org\",\"@graph\":[{\"@type\":\"WebPage\",\"@id\":\"https:\/\/annaps.com\/sv\/ambassadoerer\/\",\"url\":\"https:\/\/annaps.com\/sv\/ambassadoerer\/\",\"name\":\"Ambassad\u00f6rer - AnnaPS\",\"isPartOf\":{\"@id\":\"https:\/\/annaps.com\/de\/#website\"},\"datePublished\":\"2016-01-07T10:15:11+00:00\",\"dateModified\":\"2016-05-25T14:40:39+00:00\",\"description\":\"AnnaPS makes clothes with integrated pockets to carry your diabetes devices such as insulin pump, pen and glucose meter. Stylish, high quality, functional and environmental focus.\",\"breadcrumb\":{\"@id\":\"https:\/\/annaps.com\/sv\/ambassadoerer\/#breadcrumb\"},\"inLanguage\":\"sv-SE\",\"potentialAction\":[{\"@type\":\"ReadAction\",\"target\":[\"https:\/\/annaps.com\/sv\/ambassadoerer\/\"]}]},{\"@type\":\"BreadcrumbList\",\"@id\":\"https:\/\/annaps.com\/sv\/ambassadoerer\/#breadcrumb\",\"itemListElement\":[{\"@type\":\"ListItem\",\"position\":1,\"name\":\"Hem\",\"item\":\"https:\/\/annaps.com\/sv\/\"},{\"@type\":\"ListItem\",\"position\":2,\"name\":\"Ambassad\u00f6rer\"}]},{\"@type\":\"WebSite\",\"@id\":\"https:\/\/annaps.com\/de\/#website\",\"url\":\"https:\/\/annaps.com\/de\/\",\"name\":\"AnnaPS\",\"description\":\"Det skall vara enkelt att b\u00e4ra!\",\"potentialAction\":[{\"@type\":\"SearchAction\",\"target\":{\"@type\":\"EntryPoint\",\"urlTemplate\":\"https:\/\/annaps.com\/de\/?s={search_term_string}\"},\"query-input\":{\"@type\":\"PropertyValueSpecification\",\"valueRequired\":true,\"valueName\":\"search_term_string\"}}],\"inLanguage\":\"sv-SE\"}]}<\/script>\n<!-- \/ Yoast SEO plugin. -->","yoast_head_json":{"title":"Ambassad\u00f6rer - AnnaPS","description":"AnnaPS makes clothes with integrated pockets to carry your diabetes devices such as insulin pump, pen and glucose meter. Stylish, high quality, functional and environmental focus.","robots":{"index":"index","follow":"follow","max-snippet":"max-snippet:-1","max-image-preview":"max-image-preview:large","max-video-preview":"max-video-preview:-1"},"canonical":"https:\/\/annaps.com\/sv\/ambassadoerer\/","og_locale":"sv_SE","og_type":"article","og_title":"Ambassad\u00f6rer - AnnaPS","og_description":"AnnaPS makes clothes with integrated pockets to carry your diabetes devices such as insulin pump, pen and glucose meter. Stylish, high quality, functional and environmental focus.","og_url":"https:\/\/annaps.com\/sv\/ambassadoerer\/","og_site_name":"AnnaPS","article_publisher":"https:\/\/www.facebook.com\/annaps.scandinavia\/","article_modified_time":"2016-05-25T14:40:39+00:00","twitter_card":"summary_large_image","twitter_misc":{"Ber\u00e4knad l\u00e4stid":"1 minut"},"schema":{"@context":"https:\/\/schema.org","@graph":[{"@type":"WebPage","@id":"https:\/\/annaps.com\/sv\/ambassadoerer\/","url":"https:\/\/annaps.com\/sv\/ambassadoerer\/","name":"Ambassad\u00f6rer - AnnaPS","isPartOf":{"@id":"https:\/\/annaps.com\/de\/#website"},"datePublished":"2016-01-07T10:15:11+00:00","dateModified":"2016-05-25T14:40:39+00:00","description":"AnnaPS makes clothes with integrated pockets to carry your diabetes devices such as insulin pump, pen and glucose meter. Stylish, high quality, functional and environmental focus.","breadcrumb":{"@id":"https:\/\/annaps.com\/sv\/ambassadoerer\/#breadcrumb"},"inLanguage":"sv-SE","potentialAction":[{"@type":"ReadAction","target":["https:\/\/annaps.com\/sv\/ambassadoerer\/"]}]},{"@type":"BreadcrumbList","@id":"https:\/\/annaps.com\/sv\/ambassadoerer\/#breadcrumb","itemListElement":[{"@type":"ListItem","position":1,"name":"Hem","item":"https:\/\/annaps.com\/sv\/"},{"@type":"ListItem","position":2,"name":"Ambassad\u00f6rer"}]},{"@type":"WebSite","@id":"https:\/\/annaps.com\/de\/#website","url":"https:\/\/annaps.com\/de\/","name":"AnnaPS","description":"Det skall vara enkelt att b\u00e4ra!","potentialAction":[{"@type":"SearchAction","target":{"@type":"EntryPoint","urlTemplate":"https:\/\/annaps.com\/de\/?s={search_term_string}"},"query-input":{"@type":"PropertyValueSpecification","valueRequired":true,"valueName":"search_term_string"}}],"inLanguage":"sv-SE"}]}},"_links":{"self":[{"href":"https:\/\/annaps.com\/sv\/wp-json\/wp\/v2\/pages\/296","targetHints":{"allow":["GET"]}}],"collection":[{"href":"https:\/\/annaps.com\/sv\/wp-json\/wp\/v2\/pages"}],"about":[{"href":"https:\/\/annaps.com\/sv\/wp-json\/wp\/v2\/types\/page"}],"author":[{"embeddable":true,"href":"https:\/\/annaps.com\/sv\/wp-json\/wp\/v2\/users\/1"}],"replies":[{"embeddable":true,"href":"https:\/\/annaps.com\/sv\/wp-json\/wp\/v2\/comments?post=296"}],"version-history":[{"count":0,"href":"https:\/\/annaps.com\/sv\/wp-json\/wp\/v2\/pages\/296\/revisions"}],"wp:attachment":[{"href":"https:\/\/annaps.com\/sv\/wp-json\/wp\/v2\/media?parent=296"}],"curies":[{"name":"wp","href":"https:\/\/api.w.org\/{rel}","templated":true}]}}