{"id":28013,"date":"2018-01-17T13:32:26","date_gmt":"2018-01-17T12:32:26","guid":{"rendered":"https:\/\/www.annaps.com\/?page_id=28013"},"modified":"2018-01-17T13:32:26","modified_gmt":"2018-01-17T12:32:26","slug":"start-ab","status":"publish","type":"page","link":"https:\/\/annaps.com\/sv\/start-ab\/","title":{"rendered":"Start AB"},"content":{"rendered":"<p>Diabetesv\u00e4rlden \u00e4r st\u00e4ndigt f\u00f6r\u00e4nderlig, och p\u00e5 AnnaPS\u00a0f\u00f6rs\u00f6ker vi alltid h\u00e5lla oss uppdaterade med ny fakta, nya h\u00e4ndelser och\u00a0ny teknologi. Vi intervjuar diabetiker fr\u00e5n hela v\u00e4rlden, delar med oss av\u00a0v\u00e5ra diabetestips och avsl\u00f6jar v\u00e5ra b\u00e4sta sockerfria recept. H\u00e4ng med!<\/p>\n","protected":false},"excerpt":{"rendered":"<p>Diabetesv\u00e4rlden \u00e4r st\u00e4ndigt f\u00f6r\u00e4nderlig, och p\u00e5 AnnaPS\u00a0f\u00f6rs\u00f6ker vi alltid h\u00e5lla oss uppdaterade med ny fakta, nya h\u00e4ndelser och\u00a0ny teknologi. Vi intervjuar diabetiker fr\u00e5n hela v\u00e4rlden, delar med oss av\u00a0v\u00e5ra diabetestips och avsl\u00f6jar v\u00e5ra b\u00e4sta sockerfria recept. H\u00e4ng med!<\/p>\n","protected":false},"author":1,"featured_media":0,"parent":0,"menu_order":115,"comment_status":"closed","ping_status":"closed","template":"index-ab.php","meta":{"_acf_changed":false,"footnotes":""},"class_list":["post-28013","page","type-page","status-publish","hentry"],"acf":[],"yoast_head":"<!-- This site is optimized with the Yoast SEO plugin v27.1.1 - https:\/\/yoast.com\/product\/yoast-seo-wordpress\/ -->\n<title>V\u00e4lkommen till AnnaPS - Produkter f\u00f6r diabetiker<\/title>\n<meta name=\"description\" content=\"Vi p\u00e5 AnnaPS str\u00e4var alltid efter att g\u00f6ra vardagslivet enklare f\u00f6r dig med som lever med diabetes. H\u00e4r hittar du information och produkter f\u00f6r diabetiker.\" \/>\n<meta name=\"robots\" content=\"index, follow, max-snippet:-1, max-image-preview:large, max-video-preview:-1\" \/>\n<link rel=\"canonical\" href=\"https:\/\/annaps.com\/sv\/start-ab\/\" \/>\n<meta property=\"og:locale\" content=\"sv_SE\" \/>\n<meta property=\"og:type\" content=\"article\" \/>\n<meta property=\"og:title\" content=\"AnnaPS\" \/>\n<meta property=\"og:description\" content=\"AnnaPS g\u00f6r kl\u00e4der med integrerade fickor f\u00f6r att b\u00e4ra diabeteshj\u00e4lpmedel som insulinpump.\" \/>\n<meta property=\"og:url\" content=\"https:\/\/annaps.com\/sv\/start-ab\/\" \/>\n<meta property=\"og:site_name\" content=\"AnnaPS\" \/>\n<meta property=\"article:publisher\" content=\"https:\/\/www.facebook.com\/annaps.scandinavia\/\" \/>\n<meta property=\"og:image\" content=\"https:\/\/annaps.com\/content\/uploads\/2017\/02\/MENVitT-shirtHope7.jpg\" \/>\n\t<meta property=\"og:image:width\" content=\"709\" \/>\n\t<meta property=\"og:image:height\" content=\"945\" \/>\n\t<meta property=\"og:image:type\" content=\"image\/jpeg\" \/>\n<meta name=\"twitter:card\" content=\"summary_large_image\" \/>\n<script type=\"application\/ld+json\" class=\"yoast-schema-graph\">{\"@context\":\"https:\/\/schema.org\",\"@graph\":[{\"@type\":\"WebPage\",\"@id\":\"https:\/\/annaps.com\/sv\/start-ab\/\",\"url\":\"https:\/\/annaps.com\/sv\/start-ab\/\",\"name\":\"V\u00e4lkommen till AnnaPS - Produkter f\u00f6r diabetiker\",\"isPartOf\":{\"@id\":\"https:\/\/annaps.com\/de\/#website\"},\"datePublished\":\"2018-01-17T12:32:26+00:00\",\"description\":\"Vi p\u00e5 AnnaPS str\u00e4var alltid efter att g\u00f6ra vardagslivet enklare f\u00f6r dig med som lever med diabetes. H\u00e4r hittar du information och produkter f\u00f6r diabetiker.\",\"breadcrumb\":{\"@id\":\"https:\/\/annaps.com\/sv\/start-ab\/#breadcrumb\"},\"inLanguage\":\"sv-SE\",\"potentialAction\":[{\"@type\":\"ReadAction\",\"target\":[\"https:\/\/annaps.com\/sv\/start-ab\/\"]}]},{\"@type\":\"BreadcrumbList\",\"@id\":\"https:\/\/annaps.com\/sv\/start-ab\/#breadcrumb\",\"itemListElement\":[{\"@type\":\"ListItem\",\"position\":1,\"name\":\"Hem\",\"item\":\"https:\/\/annaps.com\/sv\/\"},{\"@type\":\"ListItem\",\"position\":2,\"name\":\"Start AB\"}]},{\"@type\":\"WebSite\",\"@id\":\"https:\/\/annaps.com\/de\/#website\",\"url\":\"https:\/\/annaps.com\/de\/\",\"name\":\"AnnaPS\",\"description\":\"Det skall vara enkelt att b\u00e4ra!\",\"potentialAction\":[{\"@type\":\"SearchAction\",\"target\":{\"@type\":\"EntryPoint\",\"urlTemplate\":\"https:\/\/annaps.com\/de\/?s={search_term_string}\"},\"query-input\":{\"@type\":\"PropertyValueSpecification\",\"valueRequired\":true,\"valueName\":\"search_term_string\"}}],\"inLanguage\":\"sv-SE\"}]}<\/script>\n<!-- \/ Yoast SEO plugin. -->","yoast_head_json":{"title":"V\u00e4lkommen till AnnaPS - Produkter f\u00f6r diabetiker","description":"Vi p\u00e5 AnnaPS str\u00e4var alltid efter att g\u00f6ra vardagslivet enklare f\u00f6r dig med som lever med diabetes. H\u00e4r hittar du information och produkter f\u00f6r diabetiker.","robots":{"index":"index","follow":"follow","max-snippet":"max-snippet:-1","max-image-preview":"max-image-preview:large","max-video-preview":"max-video-preview:-1"},"canonical":"https:\/\/annaps.com\/sv\/start-ab\/","og_locale":"sv_SE","og_type":"article","og_title":"AnnaPS","og_description":"AnnaPS g\u00f6r kl\u00e4der med integrerade fickor f\u00f6r att b\u00e4ra diabeteshj\u00e4lpmedel som insulinpump.","og_url":"https:\/\/annaps.com\/sv\/start-ab\/","og_site_name":"AnnaPS","article_publisher":"https:\/\/www.facebook.com\/annaps.scandinavia\/","og_image":[{"width":709,"height":945,"url":"https:\/\/annaps.com\/content\/uploads\/2017\/02\/MENVitT-shirtHope7.jpg","type":"image\/jpeg"}],"twitter_card":"summary_large_image","schema":{"@context":"https:\/\/schema.org","@graph":[{"@type":"WebPage","@id":"https:\/\/annaps.com\/sv\/start-ab\/","url":"https:\/\/annaps.com\/sv\/start-ab\/","name":"V\u00e4lkommen till AnnaPS - Produkter f\u00f6r diabetiker","isPartOf":{"@id":"https:\/\/annaps.com\/de\/#website"},"datePublished":"2018-01-17T12:32:26+00:00","description":"Vi p\u00e5 AnnaPS str\u00e4var alltid efter att g\u00f6ra vardagslivet enklare f\u00f6r dig med som lever med diabetes. H\u00e4r hittar du information och produkter f\u00f6r diabetiker.","breadcrumb":{"@id":"https:\/\/annaps.com\/sv\/start-ab\/#breadcrumb"},"inLanguage":"sv-SE","potentialAction":[{"@type":"ReadAction","target":["https:\/\/annaps.com\/sv\/start-ab\/"]}]},{"@type":"BreadcrumbList","@id":"https:\/\/annaps.com\/sv\/start-ab\/#breadcrumb","itemListElement":[{"@type":"ListItem","position":1,"name":"Hem","item":"https:\/\/annaps.com\/sv\/"},{"@type":"ListItem","position":2,"name":"Start AB"}]},{"@type":"WebSite","@id":"https:\/\/annaps.com\/de\/#website","url":"https:\/\/annaps.com\/de\/","name":"AnnaPS","description":"Det skall vara enkelt att b\u00e4ra!","potentialAction":[{"@type":"SearchAction","target":{"@type":"EntryPoint","urlTemplate":"https:\/\/annaps.com\/de\/?s={search_term_string}"},"query-input":{"@type":"PropertyValueSpecification","valueRequired":true,"valueName":"search_term_string"}}],"inLanguage":"sv-SE"}]}},"_links":{"self":[{"href":"https:\/\/annaps.com\/sv\/wp-json\/wp\/v2\/pages\/28013","targetHints":{"allow":["GET"]}}],"collection":[{"href":"https:\/\/annaps.com\/sv\/wp-json\/wp\/v2\/pages"}],"about":[{"href":"https:\/\/annaps.com\/sv\/wp-json\/wp\/v2\/types\/page"}],"author":[{"embeddable":true,"href":"https:\/\/annaps.com\/sv\/wp-json\/wp\/v2\/users\/1"}],"replies":[{"embeddable":true,"href":"https:\/\/annaps.com\/sv\/wp-json\/wp\/v2\/comments?post=28013"}],"version-history":[{"count":1,"href":"https:\/\/annaps.com\/sv\/wp-json\/wp\/v2\/pages\/28013\/revisions"}],"predecessor-version":[{"id":28014,"href":"https:\/\/annaps.com\/sv\/wp-json\/wp\/v2\/pages\/28013\/revisions\/28014"}],"wp:attachment":[{"href":"https:\/\/annaps.com\/sv\/wp-json\/wp\/v2\/media?parent=28013"}],"curies":[{"name":"wp","href":"https:\/\/api.w.org\/{rel}","templated":true}]}}