{"id":267,"date":"2016-01-07T09:28:17","date_gmt":"2016-01-07T09:28:17","guid":{"rendered":"https:\/\/www.annaps.com\/?page_id=267"},"modified":"2018-05-28T09:12:15","modified_gmt":"2018-05-28T07:12:15","slug":"design-och-filosofi","status":"publish","type":"page","link":"https:\/\/annaps.com\/sv\/om-annaps\/design-och-filosofi\/","title":{"rendered":"Design och filosofi"},"content":{"rendered":"<p><span style=\"font-weight: 400;\">Hos AnnaPS l\u00e4ggs mycket tanke och energi p\u00e5 att g\u00f6ra bra val. Det innefattar design och fickplacering, materialval och produktionsprocess.<\/span><\/p>\n<p><span style=\"font-weight: 400;\">Fickorna \u00e4r placerade s\u00e5 att de burna diabeteshj\u00e4lpmedlen f\u00f6ljer kroppens naturliga r\u00f6relser utan att st\u00f6ra vardagslivet.<\/span><\/p>\n<p><span style=\"font-weight: 400;\">Materialet som anv\u00e4nds \u00e4r fr\u00e4mst Tencel &#8211; ett exklusivt material (en eco-viskos) som andas som ull, skiner som silke och \u00e4r mjukt som bomull. Det \u00e4r bekv\u00e4mt att b\u00e4ra b\u00e5de till vardags men ocks\u00e5 vid tr\u00e4ning.<\/span><\/p>\n<p><span style=\"font-weight: 400;\">Kl\u00e4derna tillverkas under schyssta f\u00f6rh\u00e5llanden &#8211; s\u00e5dana som vi sj\u00e4lva hade accepterat att jobba under &#8211; och med minsta m\u00f6jliga p\u00e5verkan p\u00e5 milj\u00f6n.<\/span><\/p>\n<p><b>Hj\u00e4lp oss att bli b\u00e4ttre<\/b><span style=\"font-weight: 400;\"> &#8211; vi kan alltid f\u00f6rb\u00e4ttra oss! Har du n\u00e5gra id\u00e9er till f\u00f6rb\u00e4ttring? H\u00f6r av dig!<\/span><\/p>\n","protected":false},"excerpt":{"rendered":"<p>Hos AnnaPS l\u00e4ggs mycket tanke och energi p\u00e5 att g\u00f6ra bra val. Det innefattar design och fickplacering, materialval och produktionsprocess. Fickorna \u00e4r placerade s\u00e5 att de burna diabeteshj\u00e4lpmedlen f\u00f6ljer kroppens naturliga r\u00f6relser utan att st\u00f6ra vardagslivet. Materialet som anv\u00e4nds \u00e4r fr\u00e4mst Tencel &#8211; ett exklusivt material (en eco-viskos) som andas som ull, skiner som silke [&hellip;]<\/p>\n","protected":false},"author":1,"featured_media":0,"parent":6436,"menu_order":6,"comment_status":"closed","ping_status":"closed","template":"","meta":{"_acf_changed":false,"footnotes":""},"class_list":["post-267","page","type-page","status-publish","hentry"],"acf":[],"yoast_head":"<!-- This site is optimized with the Yoast SEO plugin v27.1.1 - https:\/\/yoast.com\/product\/yoast-seo-wordpress\/ -->\n<title>Diabeteskl\u00e4der i bra kvalit\u00e9 hittar du hos oss | AnnaPS<\/title>\n<meta name=\"description\" content=\"Det finns en tanke bakom barje s\u00f6m i v\u00e5ra diabeteskl\u00e4der, det ska vara snyggt, sk\u00f6nt och praktiskt att b\u00e4ra v\u00e5ra smarta kl\u00e4der. F\u00f6r dig som \u00e4r diabetiker!\" \/>\n<meta name=\"robots\" content=\"index, follow, max-snippet:-1, max-image-preview:large, max-video-preview:-1\" \/>\n<link rel=\"canonical\" href=\"https:\/\/annaps.com\/sv\/om-annaps\/design-och-filosofi\/\" \/>\n<meta property=\"og:locale\" content=\"sv_SE\" \/>\n<meta property=\"og:type\" content=\"article\" \/>\n<meta property=\"og:title\" content=\"Diabeteskl\u00e4der i bra kvalit\u00e9 hittar du hos oss | AnnaPS\" \/>\n<meta property=\"og:description\" content=\"Det finns en tanke bakom barje s\u00f6m i v\u00e5ra diabeteskl\u00e4der, det ska vara snyggt, sk\u00f6nt och praktiskt att b\u00e4ra v\u00e5ra smarta kl\u00e4der. F\u00f6r dig som \u00e4r diabetiker!\" \/>\n<meta property=\"og:url\" content=\"https:\/\/annaps.com\/sv\/om-annaps\/design-och-filosofi\/\" \/>\n<meta property=\"og:site_name\" content=\"AnnaPS\" \/>\n<meta property=\"article:publisher\" content=\"https:\/\/www.facebook.com\/annaps.scandinavia\/\" \/>\n<meta property=\"article:modified_time\" content=\"2018-05-28T07:12:15+00:00\" \/>\n<meta name=\"twitter:card\" content=\"summary_large_image\" \/>\n<meta name=\"twitter:label1\" content=\"Ber\u00e4knad l\u00e4stid\" \/>\n\t<meta name=\"twitter:data1\" content=\"1 minut\" \/>\n<script type=\"application\/ld+json\" class=\"yoast-schema-graph\">{\"@context\":\"https:\/\/schema.org\",\"@graph\":[{\"@type\":\"WebPage\",\"@id\":\"https:\/\/annaps.com\/sv\/om-annaps\/design-och-filosofi\/\",\"url\":\"https:\/\/annaps.com\/sv\/om-annaps\/design-och-filosofi\/\",\"name\":\"Diabeteskl\u00e4der i bra kvalit\u00e9 hittar du hos oss | AnnaPS\",\"isPartOf\":{\"@id\":\"https:\/\/annaps.com\/de\/#website\"},\"datePublished\":\"2016-01-07T09:28:17+00:00\",\"dateModified\":\"2018-05-28T07:12:15+00:00\",\"description\":\"Det finns en tanke bakom barje s\u00f6m i v\u00e5ra diabeteskl\u00e4der, det ska vara snyggt, sk\u00f6nt och praktiskt att b\u00e4ra v\u00e5ra smarta kl\u00e4der. F\u00f6r dig som \u00e4r diabetiker!\",\"breadcrumb\":{\"@id\":\"https:\/\/annaps.com\/sv\/om-annaps\/design-och-filosofi\/#breadcrumb\"},\"inLanguage\":\"sv-SE\",\"potentialAction\":[{\"@type\":\"ReadAction\",\"target\":[\"https:\/\/annaps.com\/sv\/om-annaps\/design-och-filosofi\/\"]}]},{\"@type\":\"BreadcrumbList\",\"@id\":\"https:\/\/annaps.com\/sv\/om-annaps\/design-och-filosofi\/#breadcrumb\",\"itemListElement\":[{\"@type\":\"ListItem\",\"position\":1,\"name\":\"Hem\",\"item\":\"https:\/\/annaps.com\/sv\/\"},{\"@type\":\"ListItem\",\"position\":2,\"name\":\"Om AnnaPS\",\"item\":\"https:\/\/annaps.com\/sv\/om-annaps\/\"},{\"@type\":\"ListItem\",\"position\":3,\"name\":\"Design och filosofi\"}]},{\"@type\":\"WebSite\",\"@id\":\"https:\/\/annaps.com\/de\/#website\",\"url\":\"https:\/\/annaps.com\/de\/\",\"name\":\"AnnaPS\",\"description\":\"Det skall vara enkelt att b\u00e4ra!\",\"potentialAction\":[{\"@type\":\"SearchAction\",\"target\":{\"@type\":\"EntryPoint\",\"urlTemplate\":\"https:\/\/annaps.com\/de\/?s={search_term_string}\"},\"query-input\":{\"@type\":\"PropertyValueSpecification\",\"valueRequired\":true,\"valueName\":\"search_term_string\"}}],\"inLanguage\":\"sv-SE\"}]}<\/script>\n<!-- \/ Yoast SEO plugin. -->","yoast_head_json":{"title":"Diabeteskl\u00e4der i bra kvalit\u00e9 hittar du hos oss | AnnaPS","description":"Det finns en tanke bakom barje s\u00f6m i v\u00e5ra diabeteskl\u00e4der, det ska vara snyggt, sk\u00f6nt och praktiskt att b\u00e4ra v\u00e5ra smarta kl\u00e4der. F\u00f6r dig som \u00e4r diabetiker!","robots":{"index":"index","follow":"follow","max-snippet":"max-snippet:-1","max-image-preview":"max-image-preview:large","max-video-preview":"max-video-preview:-1"},"canonical":"https:\/\/annaps.com\/sv\/om-annaps\/design-och-filosofi\/","og_locale":"sv_SE","og_type":"article","og_title":"Diabeteskl\u00e4der i bra kvalit\u00e9 hittar du hos oss | AnnaPS","og_description":"Det finns en tanke bakom barje s\u00f6m i v\u00e5ra diabeteskl\u00e4der, det ska vara snyggt, sk\u00f6nt och praktiskt att b\u00e4ra v\u00e5ra smarta kl\u00e4der. F\u00f6r dig som \u00e4r diabetiker!","og_url":"https:\/\/annaps.com\/sv\/om-annaps\/design-och-filosofi\/","og_site_name":"AnnaPS","article_publisher":"https:\/\/www.facebook.com\/annaps.scandinavia\/","article_modified_time":"2018-05-28T07:12:15+00:00","twitter_card":"summary_large_image","twitter_misc":{"Ber\u00e4knad l\u00e4stid":"1 minut"},"schema":{"@context":"https:\/\/schema.org","@graph":[{"@type":"WebPage","@id":"https:\/\/annaps.com\/sv\/om-annaps\/design-och-filosofi\/","url":"https:\/\/annaps.com\/sv\/om-annaps\/design-och-filosofi\/","name":"Diabeteskl\u00e4der i bra kvalit\u00e9 hittar du hos oss | AnnaPS","isPartOf":{"@id":"https:\/\/annaps.com\/de\/#website"},"datePublished":"2016-01-07T09:28:17+00:00","dateModified":"2018-05-28T07:12:15+00:00","description":"Det finns en tanke bakom barje s\u00f6m i v\u00e5ra diabeteskl\u00e4der, det ska vara snyggt, sk\u00f6nt och praktiskt att b\u00e4ra v\u00e5ra smarta kl\u00e4der. F\u00f6r dig som \u00e4r diabetiker!","breadcrumb":{"@id":"https:\/\/annaps.com\/sv\/om-annaps\/design-och-filosofi\/#breadcrumb"},"inLanguage":"sv-SE","potentialAction":[{"@type":"ReadAction","target":["https:\/\/annaps.com\/sv\/om-annaps\/design-och-filosofi\/"]}]},{"@type":"BreadcrumbList","@id":"https:\/\/annaps.com\/sv\/om-annaps\/design-och-filosofi\/#breadcrumb","itemListElement":[{"@type":"ListItem","position":1,"name":"Hem","item":"https:\/\/annaps.com\/sv\/"},{"@type":"ListItem","position":2,"name":"Om AnnaPS","item":"https:\/\/annaps.com\/sv\/om-annaps\/"},{"@type":"ListItem","position":3,"name":"Design och filosofi"}]},{"@type":"WebSite","@id":"https:\/\/annaps.com\/de\/#website","url":"https:\/\/annaps.com\/de\/","name":"AnnaPS","description":"Det skall vara enkelt att b\u00e4ra!","potentialAction":[{"@type":"SearchAction","target":{"@type":"EntryPoint","urlTemplate":"https:\/\/annaps.com\/de\/?s={search_term_string}"},"query-input":{"@type":"PropertyValueSpecification","valueRequired":true,"valueName":"search_term_string"}}],"inLanguage":"sv-SE"}]}},"_links":{"self":[{"href":"https:\/\/annaps.com\/sv\/wp-json\/wp\/v2\/pages\/267","targetHints":{"allow":["GET"]}}],"collection":[{"href":"https:\/\/annaps.com\/sv\/wp-json\/wp\/v2\/pages"}],"about":[{"href":"https:\/\/annaps.com\/sv\/wp-json\/wp\/v2\/types\/page"}],"author":[{"embeddable":true,"href":"https:\/\/annaps.com\/sv\/wp-json\/wp\/v2\/users\/1"}],"replies":[{"embeddable":true,"href":"https:\/\/annaps.com\/sv\/wp-json\/wp\/v2\/comments?post=267"}],"version-history":[{"count":1,"href":"https:\/\/annaps.com\/sv\/wp-json\/wp\/v2\/pages\/267\/revisions"}],"predecessor-version":[{"id":29178,"href":"https:\/\/annaps.com\/sv\/wp-json\/wp\/v2\/pages\/267\/revisions\/29178"}],"up":[{"embeddable":true,"href":"https:\/\/annaps.com\/sv\/wp-json\/wp\/v2\/pages\/6436"}],"wp:attachment":[{"href":"https:\/\/annaps.com\/sv\/wp-json\/wp\/v2\/media?parent=267"}],"curies":[{"name":"wp","href":"https:\/\/api.w.org\/{rel}","templated":true}]}}