{"id":265,"date":"2016-01-07T09:27:26","date_gmt":"2016-01-07T09:27:26","guid":{"rendered":"https:\/\/www.annaps.com\/?page_id=265"},"modified":"2018-05-28T09:14:59","modified_gmt":"2018-05-28T07:14:59","slug":"vaar-historia-och-vaar-framtid","status":"publish","type":"page","link":"https:\/\/annaps.com\/sv\/om-annaps\/vaar-historia-och-vaar-framtid\/","title":{"rendered":"V\u00e5r historia och v\u00e5r framtid"},"content":{"rendered":"<p><strong>AnnaPS \u00e4r ett relativt ungt f\u00f6retag, men vi v\u00e4xer oss\u00a0st\u00f6rre f\u00f6r varje dag som g\u00e5r. H\u00e4r \u00e4r en glimt av v\u00e5r historia &#8211; \u00adf\u00f6r vi har inte alltid varit d\u00e4r vi \u00e4r idag!<\/strong><\/p>\n<p>N\u00e4r Anna diagnosticerades med typ 1-\u00addiabetes och fick sin f\u00f6rsta insulinpump, ins\u00e5g\u00a0hon snabbt att det inte fanns n\u00e5got bra, bekv\u00e4ma och diskreta s\u00e4tt att b\u00e4ra den p\u00e5;\u00a0marknaden erbj\u00f6d endast insulinpumpsv\u00e4skor. I b\u00f6rjan hj\u00e4lpte hennes\u00a0diabetessjuksk\u00f6terska p\u00e5 Akademiska i Uppsala, tillsammans med en\u00a0Medtronicrepresentant, Anna att k\u00e4nna sig mer trygg i sin diabetes och att utveckla den f\u00f6rsta AnnaPS produkten.<\/p>\n<p>Med \u00f6nskan om\u00a0att hitta l\u00f6sningen p\u00e5 b\u00e4rproblemet, utan att ha med sig en diabetesv\u00e4ska, grundade\u00a0hon AnnaPS. Kl\u00e4dm\u00e4rket skapades i samarbete med diabetiker, en testgrupp p\u00e5 45\u00a0personer totalt, samt v\u00e5rdpersonal och pumptillverkaren Medtronic.<\/p>\n<p>Den f\u00f6rsta\u00a0produkt AnnaPS utvecklade var en trosa med integrerade fickor som testades av\u00a0testgruppen \u00e5r 2010, och sedan dess har AnnaPS utvecklat mer och mer produkter\u00a0med integrerade fickor. Den f\u00f6rsta produkten p\u00e5 marknaden lanserades \u00e5r 2011, och\u00a0samma \u00e5r p\u00e5b\u00f6rjades testperioden f\u00f6r barn\u00ad och m\u00e4nkollektionen.<\/p>\n<p>Dessa produkter var sedan tillg\u00e4ngliga i webshopen under h\u00f6sten \u00e5r 2012.\u00a0Sedan dess har vi kunnat\u00a0erbjuda produkter, att ers\u00e4tta diabetesv\u00e4skan med, f\u00f6r alla; barn som vuxna, kvinnor\u00a0som m\u00e4n.<\/p>\n<p>\u00c5ldersstorlekarna hos AnnaPS b\u00f6rjar p\u00e5 tre \u00e5r g\u00e5r upp till en vuxen XXL.\u00a0Alla produkter har integrerade fickor f\u00f6r diabeteshj\u00e4lpmedel.<\/p>\n<p>Vi \u00e4r v\u00e4ldigt stolta \u00f6ver\u00a0v\u00e5ra produkter, men aldrig n\u00f6jda. Vi kan alltid f\u00f6rb\u00e4ttra oss, och utvecklar d\u00e4rf\u00f6r alltid\u00a0nya produkter.\u00a0Om du har n\u00e5gon id\u00e9, tveka inte p\u00e5 att h\u00f6ra av dig!<\/p>\n<p>Skippa\u00a0diabetesv\u00e4skan och b\u00e4r allt du beh\u00f6ver i kl\u00e4der med fickor fr\u00e5n AnnaPS!<\/p>\n","protected":false},"excerpt":{"rendered":"<p>AnnaPS \u00e4r ett relativt ungt f\u00f6retag, men vi v\u00e4xer oss\u00a0st\u00f6rre f\u00f6r varje dag som g\u00e5r. H\u00e4r \u00e4r en glimt av v\u00e5r historia &#8211; \u00adf\u00f6r vi har inte alltid varit d\u00e4r vi \u00e4r idag! N\u00e4r Anna diagnosticerades med typ 1-\u00addiabetes och fick sin f\u00f6rsta insulinpump, ins\u00e5g\u00a0hon snabbt att det inte fanns n\u00e5got bra, bekv\u00e4ma och diskreta [&hellip;]<\/p>\n","protected":false},"author":1,"featured_media":0,"parent":6436,"menu_order":9,"comment_status":"closed","ping_status":"closed","template":"","meta":{"_acf_changed":false,"footnotes":""},"class_list":["post-265","page","type-page","status-publish","hentry"],"acf":[],"yoast_head":"<!-- This site is optimized with the Yoast SEO plugin v27.1.1 - https:\/\/yoast.com\/product\/yoast-seo-wordpress\/ -->\n<title>Kl\u00e4der f\u00f6r diabetiker - framtagna av en diabetiker | AnnaPS<\/title>\n<meta name=\"description\" content=\"Av diabetiker, f\u00f6r diabetiker. Skippa diabetesv\u00e4skan och b\u00e4r allt du beh\u00f6ver i kl\u00e4der med fickor fr\u00e5n AnnaPS! Kolla in v\u00e5ra produkter i webbshopen!\" \/>\n<meta name=\"robots\" content=\"index, follow, max-snippet:-1, max-image-preview:large, max-video-preview:-1\" \/>\n<link rel=\"canonical\" href=\"https:\/\/annaps.com\/sv\/om-annaps\/vaar-historia-och-vaar-framtid\/\" \/>\n<meta property=\"og:locale\" content=\"sv_SE\" \/>\n<meta property=\"og:type\" content=\"article\" \/>\n<meta property=\"og:title\" content=\"Kl\u00e4der f\u00f6r diabetiker - framtagna av en diabetiker | AnnaPS\" \/>\n<meta property=\"og:description\" content=\"Av diabetiker, f\u00f6r diabetiker. Skippa diabetesv\u00e4skan och b\u00e4r allt du beh\u00f6ver i kl\u00e4der med fickor fr\u00e5n AnnaPS! Kolla in v\u00e5ra produkter i webbshopen!\" \/>\n<meta property=\"og:url\" content=\"https:\/\/annaps.com\/sv\/om-annaps\/vaar-historia-och-vaar-framtid\/\" \/>\n<meta property=\"og:site_name\" content=\"AnnaPS\" \/>\n<meta property=\"article:publisher\" content=\"https:\/\/www.facebook.com\/annaps.scandinavia\/\" \/>\n<meta property=\"article:modified_time\" content=\"2018-05-28T07:14:59+00:00\" \/>\n<meta name=\"twitter:card\" content=\"summary_large_image\" \/>\n<meta name=\"twitter:label1\" content=\"Ber\u00e4knad l\u00e4stid\" \/>\n\t<meta name=\"twitter:data1\" content=\"2 minuter\" \/>\n<script type=\"application\/ld+json\" class=\"yoast-schema-graph\">{\"@context\":\"https:\/\/schema.org\",\"@graph\":[{\"@type\":\"WebPage\",\"@id\":\"https:\/\/annaps.com\/sv\/om-annaps\/vaar-historia-och-vaar-framtid\/\",\"url\":\"https:\/\/annaps.com\/sv\/om-annaps\/vaar-historia-och-vaar-framtid\/\",\"name\":\"Kl\u00e4der f\u00f6r diabetiker - framtagna av en diabetiker | AnnaPS\",\"isPartOf\":{\"@id\":\"https:\/\/annaps.com\/de\/#website\"},\"datePublished\":\"2016-01-07T09:27:26+00:00\",\"dateModified\":\"2018-05-28T07:14:59+00:00\",\"description\":\"Av diabetiker, f\u00f6r diabetiker. Skippa diabetesv\u00e4skan och b\u00e4r allt du beh\u00f6ver i kl\u00e4der med fickor fr\u00e5n AnnaPS! Kolla in v\u00e5ra produkter i webbshopen!\",\"breadcrumb\":{\"@id\":\"https:\/\/annaps.com\/sv\/om-annaps\/vaar-historia-och-vaar-framtid\/#breadcrumb\"},\"inLanguage\":\"sv-SE\",\"potentialAction\":[{\"@type\":\"ReadAction\",\"target\":[\"https:\/\/annaps.com\/sv\/om-annaps\/vaar-historia-och-vaar-framtid\/\"]}]},{\"@type\":\"BreadcrumbList\",\"@id\":\"https:\/\/annaps.com\/sv\/om-annaps\/vaar-historia-och-vaar-framtid\/#breadcrumb\",\"itemListElement\":[{\"@type\":\"ListItem\",\"position\":1,\"name\":\"Hem\",\"item\":\"https:\/\/annaps.com\/sv\/\"},{\"@type\":\"ListItem\",\"position\":2,\"name\":\"Om AnnaPS\",\"item\":\"https:\/\/annaps.com\/sv\/om-annaps\/\"},{\"@type\":\"ListItem\",\"position\":3,\"name\":\"V\u00e5r historia och v\u00e5r framtid\"}]},{\"@type\":\"WebSite\",\"@id\":\"https:\/\/annaps.com\/de\/#website\",\"url\":\"https:\/\/annaps.com\/de\/\",\"name\":\"AnnaPS\",\"description\":\"Det skall vara enkelt att b\u00e4ra!\",\"potentialAction\":[{\"@type\":\"SearchAction\",\"target\":{\"@type\":\"EntryPoint\",\"urlTemplate\":\"https:\/\/annaps.com\/de\/?s={search_term_string}\"},\"query-input\":{\"@type\":\"PropertyValueSpecification\",\"valueRequired\":true,\"valueName\":\"search_term_string\"}}],\"inLanguage\":\"sv-SE\"}]}<\/script>\n<!-- \/ Yoast SEO plugin. -->","yoast_head_json":{"title":"Kl\u00e4der f\u00f6r diabetiker - framtagna av en diabetiker | AnnaPS","description":"Av diabetiker, f\u00f6r diabetiker. Skippa diabetesv\u00e4skan och b\u00e4r allt du beh\u00f6ver i kl\u00e4der med fickor fr\u00e5n AnnaPS! Kolla in v\u00e5ra produkter i webbshopen!","robots":{"index":"index","follow":"follow","max-snippet":"max-snippet:-1","max-image-preview":"max-image-preview:large","max-video-preview":"max-video-preview:-1"},"canonical":"https:\/\/annaps.com\/sv\/om-annaps\/vaar-historia-och-vaar-framtid\/","og_locale":"sv_SE","og_type":"article","og_title":"Kl\u00e4der f\u00f6r diabetiker - framtagna av en diabetiker | AnnaPS","og_description":"Av diabetiker, f\u00f6r diabetiker. Skippa diabetesv\u00e4skan och b\u00e4r allt du beh\u00f6ver i kl\u00e4der med fickor fr\u00e5n AnnaPS! Kolla in v\u00e5ra produkter i webbshopen!","og_url":"https:\/\/annaps.com\/sv\/om-annaps\/vaar-historia-och-vaar-framtid\/","og_site_name":"AnnaPS","article_publisher":"https:\/\/www.facebook.com\/annaps.scandinavia\/","article_modified_time":"2018-05-28T07:14:59+00:00","twitter_card":"summary_large_image","twitter_misc":{"Ber\u00e4knad l\u00e4stid":"2 minuter"},"schema":{"@context":"https:\/\/schema.org","@graph":[{"@type":"WebPage","@id":"https:\/\/annaps.com\/sv\/om-annaps\/vaar-historia-och-vaar-framtid\/","url":"https:\/\/annaps.com\/sv\/om-annaps\/vaar-historia-och-vaar-framtid\/","name":"Kl\u00e4der f\u00f6r diabetiker - framtagna av en diabetiker | AnnaPS","isPartOf":{"@id":"https:\/\/annaps.com\/de\/#website"},"datePublished":"2016-01-07T09:27:26+00:00","dateModified":"2018-05-28T07:14:59+00:00","description":"Av diabetiker, f\u00f6r diabetiker. Skippa diabetesv\u00e4skan och b\u00e4r allt du beh\u00f6ver i kl\u00e4der med fickor fr\u00e5n AnnaPS! Kolla in v\u00e5ra produkter i webbshopen!","breadcrumb":{"@id":"https:\/\/annaps.com\/sv\/om-annaps\/vaar-historia-och-vaar-framtid\/#breadcrumb"},"inLanguage":"sv-SE","potentialAction":[{"@type":"ReadAction","target":["https:\/\/annaps.com\/sv\/om-annaps\/vaar-historia-och-vaar-framtid\/"]}]},{"@type":"BreadcrumbList","@id":"https:\/\/annaps.com\/sv\/om-annaps\/vaar-historia-och-vaar-framtid\/#breadcrumb","itemListElement":[{"@type":"ListItem","position":1,"name":"Hem","item":"https:\/\/annaps.com\/sv\/"},{"@type":"ListItem","position":2,"name":"Om AnnaPS","item":"https:\/\/annaps.com\/sv\/om-annaps\/"},{"@type":"ListItem","position":3,"name":"V\u00e5r historia och v\u00e5r framtid"}]},{"@type":"WebSite","@id":"https:\/\/annaps.com\/de\/#website","url":"https:\/\/annaps.com\/de\/","name":"AnnaPS","description":"Det skall vara enkelt att b\u00e4ra!","potentialAction":[{"@type":"SearchAction","target":{"@type":"EntryPoint","urlTemplate":"https:\/\/annaps.com\/de\/?s={search_term_string}"},"query-input":{"@type":"PropertyValueSpecification","valueRequired":true,"valueName":"search_term_string"}}],"inLanguage":"sv-SE"}]}},"_links":{"self":[{"href":"https:\/\/annaps.com\/sv\/wp-json\/wp\/v2\/pages\/265","targetHints":{"allow":["GET"]}}],"collection":[{"href":"https:\/\/annaps.com\/sv\/wp-json\/wp\/v2\/pages"}],"about":[{"href":"https:\/\/annaps.com\/sv\/wp-json\/wp\/v2\/types\/page"}],"author":[{"embeddable":true,"href":"https:\/\/annaps.com\/sv\/wp-json\/wp\/v2\/users\/1"}],"replies":[{"embeddable":true,"href":"https:\/\/annaps.com\/sv\/wp-json\/wp\/v2\/comments?post=265"}],"version-history":[{"count":1,"href":"https:\/\/annaps.com\/sv\/wp-json\/wp\/v2\/pages\/265\/revisions"}],"predecessor-version":[{"id":29180,"href":"https:\/\/annaps.com\/sv\/wp-json\/wp\/v2\/pages\/265\/revisions\/29180"}],"up":[{"embeddable":true,"href":"https:\/\/annaps.com\/sv\/wp-json\/wp\/v2\/pages\/6436"}],"wp:attachment":[{"href":"https:\/\/annaps.com\/sv\/wp-json\/wp\/v2\/media?parent=265"}],"curies":[{"name":"wp","href":"https:\/\/api.w.org\/{rel}","templated":true}]}}