{"id":259,"date":"2016-01-07T09:23:50","date_gmt":"2016-01-07T09:23:50","guid":{"rendered":"https:\/\/www.annaps.com\/?page_id=259"},"modified":"2018-05-28T09:19:46","modified_gmt":"2018-05-28T07:19:46","slug":"annaps%c2%adfamiljen-vaexer","status":"publish","type":"page","link":"https:\/\/annaps.com\/sv\/om-annaps\/vilka-aer-vi\/annaps%c2%adfamiljen-vaexer\/","title":{"rendered":"AnnaPS\u00ad familjen v\u00e4xer"},"content":{"rendered":"<p>Vi p\u00e5 AnnaPS letar vi alltid efter nya och\u00a0sp\u00e4nnande kontakter inom diabetesv\u00e4rlden. Kanske \u00e4r du en av dem? Tveka inte att kontakta oss.<\/p>\n","protected":false},"excerpt":{"rendered":"<p>Vi p\u00e5 AnnaPS letar vi alltid efter nya och\u00a0sp\u00e4nnande kontakter inom diabetesv\u00e4rlden. Kanske \u00e4r du en av dem? Tveka inte att kontakta oss.<\/p>\n","protected":false},"author":1,"featured_media":0,"parent":247,"menu_order":6,"comment_status":"closed","ping_status":"closed","template":"","meta":{"_acf_changed":false,"footnotes":""},"class_list":["post-259","page","type-page","status-publish","hentry"],"acf":[],"yoast_head":"<!-- This site is optimized with the Yoast SEO plugin v27.1.1 - https:\/\/yoast.com\/product\/yoast-seo-wordpress\/ -->\n<title>Str\u00e4var du efter att f\u00f6renkla f\u00f6r diabetiker? Jobba med oss | AnnaPS<\/title>\n<meta name=\"description\" content=\"Vi v\u00e4xer och blir st\u00f6rre och vi s\u00f6ker alltid nya kontakter inom diabetesv\u00e4rlden! AnnaPS - kl\u00e4der f\u00f6r diabetiker. Bes\u00f6k v\u00e5r webbplats f\u00f6r mer information!\" \/>\n<meta name=\"robots\" content=\"index, follow, max-snippet:-1, max-image-preview:large, max-video-preview:-1\" \/>\n<link rel=\"canonical\" href=\"https:\/\/annaps.com\/sv\/om-annaps\/vilka-aer-vi\/annaps\u00adfamiljen-vaexer\/\" \/>\n<meta property=\"og:locale\" content=\"sv_SE\" \/>\n<meta property=\"og:type\" content=\"article\" \/>\n<meta property=\"og:title\" content=\"Str\u00e4var du efter att f\u00f6renkla f\u00f6r diabetiker? Jobba med oss | AnnaPS\" \/>\n<meta property=\"og:description\" content=\"Vi v\u00e4xer och blir st\u00f6rre och vi s\u00f6ker alltid nya kontakter inom diabetesv\u00e4rlden! AnnaPS - kl\u00e4der f\u00f6r diabetiker. Bes\u00f6k v\u00e5r webbplats f\u00f6r mer information!\" \/>\n<meta property=\"og:url\" content=\"https:\/\/annaps.com\/sv\/om-annaps\/vilka-aer-vi\/annaps\u00adfamiljen-vaexer\/\" \/>\n<meta property=\"og:site_name\" content=\"AnnaPS\" \/>\n<meta property=\"article:publisher\" content=\"https:\/\/www.facebook.com\/annaps.scandinavia\/\" \/>\n<meta property=\"article:modified_time\" content=\"2018-05-28T07:19:46+00:00\" \/>\n<meta name=\"twitter:card\" content=\"summary_large_image\" \/>\n<script type=\"application\/ld+json\" class=\"yoast-schema-graph\">{\"@context\":\"https:\/\/schema.org\",\"@graph\":[{\"@type\":\"WebPage\",\"@id\":\"https:\/\/annaps.com\/sv\/om-annaps\/vilka-aer-vi\/annaps%c2%adfamiljen-vaexer\/\",\"url\":\"https:\/\/annaps.com\/sv\/om-annaps\/vilka-aer-vi\/annaps%c2%adfamiljen-vaexer\/\",\"name\":\"Str\u00e4var du efter att f\u00f6renkla f\u00f6r diabetiker? Jobba med oss | AnnaPS\",\"isPartOf\":{\"@id\":\"https:\/\/annaps.com\/de\/#website\"},\"datePublished\":\"2016-01-07T09:23:50+00:00\",\"dateModified\":\"2018-05-28T07:19:46+00:00\",\"description\":\"Vi v\u00e4xer och blir st\u00f6rre och vi s\u00f6ker alltid nya kontakter inom diabetesv\u00e4rlden! AnnaPS - kl\u00e4der f\u00f6r diabetiker. Bes\u00f6k v\u00e5r webbplats f\u00f6r mer information!\",\"breadcrumb\":{\"@id\":\"https:\/\/annaps.com\/sv\/om-annaps\/vilka-aer-vi\/annaps%c2%adfamiljen-vaexer\/#breadcrumb\"},\"inLanguage\":\"sv-SE\",\"potentialAction\":[{\"@type\":\"ReadAction\",\"target\":[\"https:\/\/annaps.com\/sv\/om-annaps\/vilka-aer-vi\/annaps%c2%adfamiljen-vaexer\/\"]}]},{\"@type\":\"BreadcrumbList\",\"@id\":\"https:\/\/annaps.com\/sv\/om-annaps\/vilka-aer-vi\/annaps%c2%adfamiljen-vaexer\/#breadcrumb\",\"itemListElement\":[{\"@type\":\"ListItem\",\"position\":1,\"name\":\"Hem\",\"item\":\"https:\/\/annaps.com\/sv\/\"},{\"@type\":\"ListItem\",\"position\":2,\"name\":\"Om AnnaPS\",\"item\":\"https:\/\/annaps.com\/sv\/om-annaps\/\"},{\"@type\":\"ListItem\",\"position\":3,\"name\":\"Vilka \u00e4r vi?\",\"item\":\"https:\/\/annaps.com\/sv\/om-annaps\/vilka-aer-vi\/\"},{\"@type\":\"ListItem\",\"position\":4,\"name\":\"AnnaPS\u00ad familjen v\u00e4xer\"}]},{\"@type\":\"WebSite\",\"@id\":\"https:\/\/annaps.com\/de\/#website\",\"url\":\"https:\/\/annaps.com\/de\/\",\"name\":\"AnnaPS\",\"description\":\"Det skall vara enkelt att b\u00e4ra!\",\"potentialAction\":[{\"@type\":\"SearchAction\",\"target\":{\"@type\":\"EntryPoint\",\"urlTemplate\":\"https:\/\/annaps.com\/de\/?s={search_term_string}\"},\"query-input\":{\"@type\":\"PropertyValueSpecification\",\"valueRequired\":true,\"valueName\":\"search_term_string\"}}],\"inLanguage\":\"sv-SE\"}]}<\/script>\n<!-- \/ Yoast SEO plugin. -->","yoast_head_json":{"title":"Str\u00e4var du efter att f\u00f6renkla f\u00f6r diabetiker? Jobba med oss | AnnaPS","description":"Vi v\u00e4xer och blir st\u00f6rre och vi s\u00f6ker alltid nya kontakter inom diabetesv\u00e4rlden! AnnaPS - kl\u00e4der f\u00f6r diabetiker. Bes\u00f6k v\u00e5r webbplats f\u00f6r mer information!","robots":{"index":"index","follow":"follow","max-snippet":"max-snippet:-1","max-image-preview":"max-image-preview:large","max-video-preview":"max-video-preview:-1"},"canonical":"https:\/\/annaps.com\/sv\/om-annaps\/vilka-aer-vi\/annaps\u00adfamiljen-vaexer\/","og_locale":"sv_SE","og_type":"article","og_title":"Str\u00e4var du efter att f\u00f6renkla f\u00f6r diabetiker? Jobba med oss | AnnaPS","og_description":"Vi v\u00e4xer och blir st\u00f6rre och vi s\u00f6ker alltid nya kontakter inom diabetesv\u00e4rlden! AnnaPS - kl\u00e4der f\u00f6r diabetiker. Bes\u00f6k v\u00e5r webbplats f\u00f6r mer information!","og_url":"https:\/\/annaps.com\/sv\/om-annaps\/vilka-aer-vi\/annaps\u00adfamiljen-vaexer\/","og_site_name":"AnnaPS","article_publisher":"https:\/\/www.facebook.com\/annaps.scandinavia\/","article_modified_time":"2018-05-28T07:19:46+00:00","twitter_card":"summary_large_image","schema":{"@context":"https:\/\/schema.org","@graph":[{"@type":"WebPage","@id":"https:\/\/annaps.com\/sv\/om-annaps\/vilka-aer-vi\/annaps%c2%adfamiljen-vaexer\/","url":"https:\/\/annaps.com\/sv\/om-annaps\/vilka-aer-vi\/annaps%c2%adfamiljen-vaexer\/","name":"Str\u00e4var du efter att f\u00f6renkla f\u00f6r diabetiker? Jobba med oss | AnnaPS","isPartOf":{"@id":"https:\/\/annaps.com\/de\/#website"},"datePublished":"2016-01-07T09:23:50+00:00","dateModified":"2018-05-28T07:19:46+00:00","description":"Vi v\u00e4xer och blir st\u00f6rre och vi s\u00f6ker alltid nya kontakter inom diabetesv\u00e4rlden! AnnaPS - kl\u00e4der f\u00f6r diabetiker. Bes\u00f6k v\u00e5r webbplats f\u00f6r mer information!","breadcrumb":{"@id":"https:\/\/annaps.com\/sv\/om-annaps\/vilka-aer-vi\/annaps%c2%adfamiljen-vaexer\/#breadcrumb"},"inLanguage":"sv-SE","potentialAction":[{"@type":"ReadAction","target":["https:\/\/annaps.com\/sv\/om-annaps\/vilka-aer-vi\/annaps%c2%adfamiljen-vaexer\/"]}]},{"@type":"BreadcrumbList","@id":"https:\/\/annaps.com\/sv\/om-annaps\/vilka-aer-vi\/annaps%c2%adfamiljen-vaexer\/#breadcrumb","itemListElement":[{"@type":"ListItem","position":1,"name":"Hem","item":"https:\/\/annaps.com\/sv\/"},{"@type":"ListItem","position":2,"name":"Om AnnaPS","item":"https:\/\/annaps.com\/sv\/om-annaps\/"},{"@type":"ListItem","position":3,"name":"Vilka \u00e4r vi?","item":"https:\/\/annaps.com\/sv\/om-annaps\/vilka-aer-vi\/"},{"@type":"ListItem","position":4,"name":"AnnaPS\u00ad familjen v\u00e4xer"}]},{"@type":"WebSite","@id":"https:\/\/annaps.com\/de\/#website","url":"https:\/\/annaps.com\/de\/","name":"AnnaPS","description":"Det skall vara enkelt att b\u00e4ra!","potentialAction":[{"@type":"SearchAction","target":{"@type":"EntryPoint","urlTemplate":"https:\/\/annaps.com\/de\/?s={search_term_string}"},"query-input":{"@type":"PropertyValueSpecification","valueRequired":true,"valueName":"search_term_string"}}],"inLanguage":"sv-SE"}]}},"_links":{"self":[{"href":"https:\/\/annaps.com\/sv\/wp-json\/wp\/v2\/pages\/259","targetHints":{"allow":["GET"]}}],"collection":[{"href":"https:\/\/annaps.com\/sv\/wp-json\/wp\/v2\/pages"}],"about":[{"href":"https:\/\/annaps.com\/sv\/wp-json\/wp\/v2\/types\/page"}],"author":[{"embeddable":true,"href":"https:\/\/annaps.com\/sv\/wp-json\/wp\/v2\/users\/1"}],"replies":[{"embeddable":true,"href":"https:\/\/annaps.com\/sv\/wp-json\/wp\/v2\/comments?post=259"}],"version-history":[{"count":1,"href":"https:\/\/annaps.com\/sv\/wp-json\/wp\/v2\/pages\/259\/revisions"}],"predecessor-version":[{"id":29182,"href":"https:\/\/annaps.com\/sv\/wp-json\/wp\/v2\/pages\/259\/revisions\/29182"}],"up":[{"embeddable":true,"href":"https:\/\/annaps.com\/sv\/wp-json\/wp\/v2\/pages\/247"}],"wp:attachment":[{"href":"https:\/\/annaps.com\/sv\/wp-json\/wp\/v2\/media?parent=259"}],"curies":[{"name":"wp","href":"https:\/\/api.w.org\/{rel}","templated":true}]}}